{"id":5229,"date":"2015-05-20T10:35:13","date_gmt":"2015-05-20T10:35:13","guid":{"rendered":"http:\/\/wordpress.magikthemes.com\/fabia\/?post_type=product&#038;p=732"},"modified":"2024-12-19T18:24:56","modified_gmt":"2024-12-19T17:24:56","slug":"full-coverage-concealer-06-caramel","status":"publish","type":"product","link":"https:\/\/labemacosmetics.com\/en\/product\/full-coverage-concealer-06-caramel\/","title":{"rendered":"KIKO Concealer Full Coverage 06 Caramel"},"content":{"rendered":"<h5>description du full coverage concealer<\/h5>\n<p>Anti-cernes cr\u00e9meux au pouvoir couvrant total. Alors le full coverage concealer est sp\u00e9cialement con\u00e7u pour les probl\u00e8mes d&rsquo;imperfections de la peau. Ainsi il est id\u00e9al pour minimiser les imperfections moyennes \u00e0 graves comme les taches de vieillesse, les grains de beaut\u00e9, la rosac\u00e9e et les cicatrices. Son haut pouvoir couvrant a une consistance \u00e9tonnamment l\u00e9g\u00e8re, il est non gras et facile \u00e0 appliquer gr\u00e2ce \u00e0 des pigments anti-\u00e9paisseur. Le complexe absorbeur de s\u00e9bum rend cette formule parfaite, m\u00eame pour les peaux tr\u00e8s grasses. Le r\u00e9sultat donne une correction uniforme et naturelle qui reste en place toute la journ\u00e9e. Contenu dans un mini-bo\u00eetier avec miroir, <strong>Full Coverage Concealer<\/strong> a une taille parfaite pour votre sac.<\/p>\n<div id=\"titlediv\">\n<div class=\"inside\">\n<div id=\"edit-slug-box\" class=\"hide-if-no-js\"><\/div>\n<\/div>\n<\/div>\n<div id=\"postdivrich\" class=\"postarea wp-editor-expand\">\n<div id=\"wp-content-wrap\" class=\"wp-core-ui wp-editor-wrap tmce-active has-dfw\">\n<div id=\"wp-content-editor-tools\" class=\"wp-editor-tools hide-if-no-js\">\n<div id=\"wp-content-media-buttons\" class=\"wp-media-buttons\"><\/div>\n<\/div>\n<\/div>\n<\/div>\n<div class=\"wp-editor-tabs\"><\/div>\n<p>Disponible en 8 r\u00e9f\u00e9rences couleurs.<\/p>","protected":false},"excerpt":{"rendered":"<p>Anti-cernes cr\u00e9meux au pouvoir couvrant total. Alors le full coverage concealer est sp\u00e9cialement con\u00e7u pour les probl\u00e8mes d&rsquo;imperfections de la peau. Ainsi il est id\u00e9al pour minimiser les imperfections moyennes \u00e0 graves comme les taches de vieillesse, les grains de beaut\u00e9, la rosac\u00e9e et les cicatrices.<\/p>","protected":false},"featured_media":2130,"comment_status":"closed","ping_status":"closed","template":"","meta":{"om_disable_all_campaigns":false,"_mi_skip_tracking":false,"_monsterinsights_sitenote_active":false,"_monsterinsights_sitenote_note":"","_monsterinsights_sitenote_category":0},"product_brand":[],"product_cat":[120,127,103,108],"product_tag":[222,223,224,225,226,168,142],"class_list":{"0":"post-5229","1":"product","2":"type-product","3":"status-publish","4":"has-post-thumbnail","6":"product_cat-anticernes","7":"product_cat-boutique","8":"product_cat-maquillage","9":"product_cat-teint","10":"product_tag-anti-cernes","11":"product_tag-caramel","12":"product_tag-concealer","13":"product_tag-coverage","14":"product_tag-sebum","15":"product_tag-skin","16":"product_tag-teint","17":"yith_product_brand-kiko","19":"first","20":"instock","21":"shipping-taxable","22":"purchasable","23":"product-type-simple"},"yoast_head":"<!-- This site is optimized with the Yoast SEO Premium plugin v20.8 (Yoast SEO v27.4) - https:\/\/yoast.com\/product\/yoast-seo-premium-wordpress\/ -->\n<title>KIKO Concealer Full Coverage 06 Caramel | Dakar - S\u00e9n\u00e9gal<\/title>\n<meta name=\"description\" content=\"Anti-cernes cr\u00e9meux au pouvoir couvrant total.Le full coverage concealer est sp\u00e9cialement con\u00e7u pour les probl\u00e8mes d&#039;imperfections de la peau\" \/>\n<meta name=\"robots\" content=\"index, follow, max-snippet:-1, max-image-preview:large, max-video-preview:-1\" \/>\n<link rel=\"canonical\" href=\"https:\/\/labemacosmetics.com\/en\/product\/full-coverage-concealer-06-caramel\/\" \/>\n<meta property=\"og:locale\" content=\"en_GB\" \/>\n<meta property=\"og:type\" content=\"article\" \/>\n<meta property=\"og:title\" content=\"KIKO Concealer Full Coverage 06 Caramel\" \/>\n<meta property=\"og:description\" content=\"Anti-cernes cr\u00e9meux au pouvoir couvrant total.Le full coverage concealer est sp\u00e9cialement con\u00e7u pour les probl\u00e8mes d&#039;imperfections de la peau\" \/>\n<meta property=\"og:url\" content=\"https:\/\/labemacosmetics.com\/en\/product\/full-coverage-concealer-06-caramel\/\" \/>\n<meta property=\"og:site_name\" content=\"Lab&eacute;ma Cosmetics\" \/>\n<meta property=\"article:publisher\" content=\"http:\/\/www.facebook.com\/labemacosmetics\" \/>\n<meta property=\"article:modified_time\" content=\"2024-12-19T17:24:56+00:00\" \/>\n<meta property=\"og:image\" content=\"https:\/\/labemacosmetics.com\/wp-content\/uploads\/2015\/05\/KM0010200900600principale_900Wx900H-1.jpg\" \/>\n\t<meta property=\"og:image:width\" content=\"900\" \/>\n\t<meta property=\"og:image:height\" content=\"900\" \/>\n\t<meta property=\"og:image:type\" content=\"image\/jpeg\" \/>\n<meta name=\"twitter:card\" content=\"summary_large_image\" \/>\n<meta name=\"twitter:site\" content=\"@Labemasn\" \/>\n<meta name=\"twitter:label1\" content=\"Price\" \/>\n\t<meta name=\"twitter:data1\" content=\"7 000&nbsp;CFA\" \/>\n\t<meta name=\"twitter:label2\" content=\"Availability\" \/>\n\t<meta name=\"twitter:data2\" content=\"In stock\" \/>\n<script type=\"application\/ld+json\" class=\"yoast-schema-graph\">{\"@context\":\"https:\\\/\\\/schema.org\",\"@graph\":[{\"@type\":\"WebPage\",\"@id\":\"https:\\\/\\\/labemacosmetics.com\\\/produit\\\/full-coverage-concealer-06-caramel\\\/\",\"url\":\"https:\\\/\\\/labemacosmetics.com\\\/produit\\\/full-coverage-concealer-06-caramel\\\/\",\"name\":\"KIKO Concealer Full Coverage 06 Caramel | Dakar - S\u00e9n\u00e9gal\",\"isPartOf\":{\"@id\":\"https:\\\/\\\/labemacosmetics.com\\\/#website\"},\"primaryImageOfPage\":{\"@id\":\"https:\\\/\\\/labemacosmetics.com\\\/produit\\\/full-coverage-concealer-06-caramel\\\/#primaryimage\"},\"image\":{\"@id\":\"https:\\\/\\\/labemacosmetics.com\\\/produit\\\/full-coverage-concealer-06-caramel\\\/#primaryimage\"},\"thumbnailUrl\":\"https:\\\/\\\/labemacosmetics.com\\\/wp-content\\\/uploads\\\/2015\\\/05\\\/KM0010200900600principale_900Wx900H-1.jpg\",\"datePublished\":\"2015-05-20T10:35:13+00:00\",\"dateModified\":\"2024-12-19T17:24:56+00:00\",\"description\":\"Anti-cernes cr\u00e9meux au pouvoir couvrant total.Le full coverage concealer est sp\u00e9cialement con\u00e7u pour les probl\u00e8mes d'imperfections de la peau\",\"breadcrumb\":{\"@id\":\"https:\\\/\\\/labemacosmetics.com\\\/produit\\\/full-coverage-concealer-06-caramel\\\/#breadcrumb\"},\"inLanguage\":\"en-GB\",\"potentialAction\":[{\"@type\":\"ReadAction\",\"target\":[\"https:\\\/\\\/labemacosmetics.com\\\/produit\\\/full-coverage-concealer-06-caramel\\\/\"]}]},{\"@type\":\"ImageObject\",\"inLanguage\":\"en-GB\",\"@id\":\"https:\\\/\\\/labemacosmetics.com\\\/produit\\\/full-coverage-concealer-06-caramel\\\/#primaryimage\",\"url\":\"https:\\\/\\\/labemacosmetics.com\\\/wp-content\\\/uploads\\\/2015\\\/05\\\/KM0010200900600principale_900Wx900H-1.jpg\",\"contentUrl\":\"https:\\\/\\\/labemacosmetics.com\\\/wp-content\\\/uploads\\\/2015\\\/05\\\/KM0010200900600principale_900Wx900H-1.jpg\",\"width\":900,\"height\":900,\"caption\":\"Full Coverage Concealer 06\"},{\"@type\":\"BreadcrumbList\",\"@id\":\"https:\\\/\\\/labemacosmetics.com\\\/produit\\\/full-coverage-concealer-06-caramel\\\/#breadcrumb\",\"itemListElement\":[{\"@type\":\"ListItem\",\"position\":1,\"name\":\"Accueil\",\"item\":\"https:\\\/\\\/labemacosmetics.com\\\/\"},{\"@type\":\"ListItem\",\"position\":2,\"name\":\"Produits\",\"item\":\"https:\\\/\\\/labemacosmetics.com\\\/shop\\\/\"},{\"@type\":\"ListItem\",\"position\":3,\"name\":\"KIKO Concealer Full Coverage 06 Caramel\"}]},{\"@type\":\"WebSite\",\"@id\":\"https:\\\/\\\/labemacosmetics.com\\\/#website\",\"url\":\"https:\\\/\\\/labemacosmetics.com\\\/\",\"name\":\"Lab&eacute;ma Cosmetics\",\"description\":\"\",\"potentialAction\":[{\"@type\":\"SearchAction\",\"target\":{\"@type\":\"EntryPoint\",\"urlTemplate\":\"https:\\\/\\\/labemacosmetics.com\\\/?s={search_term_string}\"},\"query-input\":{\"@type\":\"PropertyValueSpecification\",\"valueRequired\":true,\"valueName\":\"search_term_string\"}}],\"inLanguage\":\"en-GB\"}]}<\/script>\n<meta property=\"product:brand\" content=\"Kiko\" \/>\n<meta property=\"product:price:amount\" content=\"7000\" \/>\n<meta property=\"product:price:currency\" content=\"XOF\" \/>\n<meta property=\"og:availability\" content=\"instock\" \/>\n<meta property=\"product:availability\" content=\"instock\" \/>\n<meta property=\"product:retailer_item_id\" content=\"KM63404007\" \/>\n<meta property=\"product:condition\" content=\"new\" \/>\n<!-- \/ Yoast SEO Premium plugin. -->","yoast_head_json":{"title":"KIKO Concealer Full Coverage 06 Caramel | Dakar - S\u00e9n\u00e9gal","description":"Anti-cernes cr\u00e9meux au pouvoir couvrant total.Le full coverage concealer est sp\u00e9cialement con\u00e7u pour les probl\u00e8mes d'imperfections de la peau","robots":{"index":"index","follow":"follow","max-snippet":"max-snippet:-1","max-image-preview":"max-image-preview:large","max-video-preview":"max-video-preview:-1"},"canonical":"https:\/\/labemacosmetics.com\/en\/product\/full-coverage-concealer-06-caramel\/","og_locale":"en_GB","og_type":"article","og_title":"KIKO Concealer Full Coverage 06 Caramel","og_description":"Anti-cernes cr\u00e9meux au pouvoir couvrant total.Le full coverage concealer est sp\u00e9cialement con\u00e7u pour les probl\u00e8mes d'imperfections de la peau","og_url":"https:\/\/labemacosmetics.com\/en\/product\/full-coverage-concealer-06-caramel\/","og_site_name":"Lab&eacute;ma Cosmetics","article_publisher":"http:\/\/www.facebook.com\/labemacosmetics","article_modified_time":"2024-12-19T17:24:56+00:00","og_image":[{"width":900,"height":900,"url":"https:\/\/labemacosmetics.com\/wp-content\/uploads\/2015\/05\/KM0010200900600principale_900Wx900H-1.jpg","type":"image\/jpeg"}],"twitter_card":"summary_large_image","twitter_site":"@Labemasn","twitter_misc":{"Price":"7 000&nbsp;CFA","Availability":"In stock"},"schema":{"@context":"https:\/\/schema.org","@graph":[{"@type":"WebPage","@id":"https:\/\/labemacosmetics.com\/produit\/full-coverage-concealer-06-caramel\/","url":"https:\/\/labemacosmetics.com\/produit\/full-coverage-concealer-06-caramel\/","name":"KIKO Concealer Full Coverage 06 Caramel | Dakar - S\u00e9n\u00e9gal","isPartOf":{"@id":"https:\/\/labemacosmetics.com\/#website"},"primaryImageOfPage":{"@id":"https:\/\/labemacosmetics.com\/produit\/full-coverage-concealer-06-caramel\/#primaryimage"},"image":{"@id":"https:\/\/labemacosmetics.com\/produit\/full-coverage-concealer-06-caramel\/#primaryimage"},"thumbnailUrl":"https:\/\/labemacosmetics.com\/wp-content\/uploads\/2015\/05\/KM0010200900600principale_900Wx900H-1.jpg","datePublished":"2015-05-20T10:35:13+00:00","dateModified":"2024-12-19T17:24:56+00:00","description":"Anti-cernes cr\u00e9meux au pouvoir couvrant total.Le full coverage concealer est sp\u00e9cialement con\u00e7u pour les probl\u00e8mes d'imperfections de la peau","breadcrumb":{"@id":"https:\/\/labemacosmetics.com\/produit\/full-coverage-concealer-06-caramel\/#breadcrumb"},"inLanguage":"en-GB","potentialAction":[{"@type":"ReadAction","target":["https:\/\/labemacosmetics.com\/produit\/full-coverage-concealer-06-caramel\/"]}]},{"@type":"ImageObject","inLanguage":"en-GB","@id":"https:\/\/labemacosmetics.com\/produit\/full-coverage-concealer-06-caramel\/#primaryimage","url":"https:\/\/labemacosmetics.com\/wp-content\/uploads\/2015\/05\/KM0010200900600principale_900Wx900H-1.jpg","contentUrl":"https:\/\/labemacosmetics.com\/wp-content\/uploads\/2015\/05\/KM0010200900600principale_900Wx900H-1.jpg","width":900,"height":900,"caption":"Full Coverage Concealer 06"},{"@type":"BreadcrumbList","@id":"https:\/\/labemacosmetics.com\/produit\/full-coverage-concealer-06-caramel\/#breadcrumb","itemListElement":[{"@type":"ListItem","position":1,"name":"Accueil","item":"https:\/\/labemacosmetics.com\/"},{"@type":"ListItem","position":2,"name":"Produits","item":"https:\/\/labemacosmetics.com\/shop\/"},{"@type":"ListItem","position":3,"name":"KIKO Concealer Full Coverage 06 Caramel"}]},{"@type":"WebSite","@id":"https:\/\/labemacosmetics.com\/#website","url":"https:\/\/labemacosmetics.com\/","name":"Lab&eacute;ma Cosmetics","description":"","potentialAction":[{"@type":"SearchAction","target":{"@type":"EntryPoint","urlTemplate":"https:\/\/labemacosmetics.com\/?s={search_term_string}"},"query-input":{"@type":"PropertyValueSpecification","valueRequired":true,"valueName":"search_term_string"}}],"inLanguage":"en-GB"}]},"product_brand":"Kiko","product_price_amount":"7000","product_price_currency":"XOF","og_availability":"instock","product_availability":"instock","product_retailer_item_id":"KM63404007","product_condition":"new"},"_links":{"self":[{"href":"https:\/\/labemacosmetics.com\/en\/wp-json\/wp\/v2\/product\/5229","targetHints":{"allow":["GET"]}}],"collection":[{"href":"https:\/\/labemacosmetics.com\/en\/wp-json\/wp\/v2\/product"}],"about":[{"href":"https:\/\/labemacosmetics.com\/en\/wp-json\/wp\/v2\/types\/product"}],"replies":[{"embeddable":true,"href":"https:\/\/labemacosmetics.com\/en\/wp-json\/wp\/v2\/comments?post=5229"}],"version-history":[{"count":0,"href":"https:\/\/labemacosmetics.com\/en\/wp-json\/wp\/v2\/product\/5229\/revisions"}],"wp:featuredmedia":[{"embeddable":true,"href":"https:\/\/labemacosmetics.com\/en\/wp-json\/wp\/v2\/media\/2130"}],"wp:attachment":[{"href":"https:\/\/labemacosmetics.com\/en\/wp-json\/wp\/v2\/media?parent=5229"}],"wp:term":[{"taxonomy":"product_brand","embeddable":true,"href":"https:\/\/labemacosmetics.com\/en\/wp-json\/wp\/v2\/product_brand?post=5229"},{"taxonomy":"product_cat","embeddable":true,"href":"https:\/\/labemacosmetics.com\/en\/wp-json\/wp\/v2\/product_cat?post=5229"},{"taxonomy":"product_tag","embeddable":true,"href":"https:\/\/labemacosmetics.com\/en\/wp-json\/wp\/v2\/product_tag?post=5229"}],"curies":[{"name":"wp","href":"https:\/\/api.w.org\/{rel}","templated":true}]}}