{"id":4236,"date":"2019-11-01T19:01:47","date_gmt":"2019-11-01T18:01:47","guid":{"rendered":"https:\/\/www.labemacosmetics.com\/?post_type=product&#038;p=4236"},"modified":"2023-07-13T18:30:18","modified_gmt":"2023-07-13T17:30:18","slug":"rouge-a-levres-liquide-megalast-petal-poison-wet-n-wild","status":"publish","type":"product","link":"https:\/\/labemacosmetics.com\/en\/product\/rouge-a-levres-liquide-megalast-petal-poison-wet-n-wild\/","title":{"rendered":"WET N WILD Rouge \u00e0 l\u00e8vres liquide MegaLast Petal Poison"},"content":{"rendered":"<h1 id=\"title\">Rouge \u00e0 l\u00e8vres liquide MegaLast Petal Poison<\/h1>\n<div class=\"grep_description\">Faites sensation avec ce rouge \u00e0 l\u00e8vres liquide ! Sa texture velout\u00e9e habille vos l\u00e8vres d&rsquo;une couleur soyeuse ultra-glamour qui glisse sur vos l\u00e8vres, et sa pigmentation offre une bouche impeccable ! Vous \u00eates sublime !<\/div>\n<div class=\"features attributs\"><\/div>\n<div class=\"clear\"><\/div>\n<div class=\"purchase\">\n<form id=\"form-cart-open\" class=\"\" role=\"\" action=\"https:\/\/www.beauteprivee.fr\/wet-n-wild_b1673\/rouge-a-levres-liquide-megalast-petal-poison_85784\" method=\"post\" name=\"form-cart\">\n<div>\n<div class=\"quantity\"><\/div>\n<\/div>\n<\/form>\n<\/div>","protected":false},"excerpt":{"rendered":"<p>Faites sensation avec ce rouge \u00e0 l\u00e8vres liquide ! Sa texture velout\u00e9e habille vos l\u00e8vres d&rsquo;une couleur soyeuse ultra-glamour qui glisse sur vos l\u00e8vres, et sa pigmentation offre une bouche impeccable ! Vous \u00eates sublime<\/p>","protected":false},"featured_media":5473,"comment_status":"closed","ping_status":"closed","template":"","meta":{"om_disable_all_campaigns":false,"_mi_skip_tracking":false,"_monsterinsights_sitenote_active":false,"_monsterinsights_sitenote_note":"","_monsterinsights_sitenote_category":0},"product_brand":[],"product_cat":[127,123,110,103,122],"product_tag":[],"class_list":{"0":"post-4236","1":"product","2":"type-product","3":"status-publish","4":"has-post-thumbnail","6":"product_cat-boutique","7":"product_cat-gloss","8":"product_cat-levres","9":"product_cat-maquillage","10":"product_cat-rouge-a-levres","11":"yith_product_brand-wet-and-wild","13":"first","14":"outofstock","15":"shipping-taxable","16":"purchasable","17":"product-type-simple"},"yoast_head":"<!-- This site is optimized with the Yoast SEO Premium plugin v20.8 (Yoast SEO v27.4) - https:\/\/yoast.com\/product\/yoast-seo-premium-wordpress\/ -->\n<title>WET N WILD Rouge \u00e0 l\u00e8vres liquide MegaLast Petal Poison - Lab&eacute;ma Cosmetics<\/title>\n<meta name=\"robots\" content=\"index, follow, max-snippet:-1, max-image-preview:large, max-video-preview:-1\" \/>\n<link rel=\"canonical\" href=\"https:\/\/labemacosmetics.com\/en\/product\/rouge-a-levres-liquide-megalast-petal-poison-wet-n-wild\/\" \/>\n<meta property=\"og:locale\" content=\"en_GB\" \/>\n<meta property=\"og:type\" content=\"article\" \/>\n<meta property=\"og:title\" content=\"WET N WILD Rouge \u00e0 l\u00e8vres liquide MegaLast Petal Poison\" \/>\n<meta property=\"og:description\" content=\"Faites sensation avec ce rouge \u00e0 l\u00e8vres liquide ! Sa texture velout\u00e9e habille vos l\u00e8vres d&#039;une couleur soyeuse ultra-glamour qui glisse sur vos l\u00e8vres, et sa pigmentation offre une bouche impeccable ! Vous \u00eates sublime\" \/>\n<meta property=\"og:url\" content=\"https:\/\/labemacosmetics.com\/en\/product\/rouge-a-levres-liquide-megalast-petal-poison-wet-n-wild\/\" \/>\n<meta property=\"og:site_name\" content=\"Lab&eacute;ma Cosmetics\" \/>\n<meta property=\"article:publisher\" content=\"http:\/\/www.facebook.com\/labemacosmetics\" \/>\n<meta property=\"article:modified_time\" content=\"2023-07-13T17:30:18+00:00\" \/>\n<meta property=\"og:image\" content=\"https:\/\/labemacosmetics.com\/wp-content\/uploads\/2019\/11\/lbm_liquide_Petal_Poison_WetNWild.png\" \/>\n\t<meta property=\"og:image:width\" content=\"600\" \/>\n\t<meta property=\"og:image:height\" content=\"726\" \/>\n\t<meta property=\"og:image:type\" content=\"image\/png\" \/>\n<meta name=\"twitter:card\" content=\"summary_large_image\" \/>\n<meta name=\"twitter:site\" content=\"@Labemasn\" \/>\n<meta name=\"twitter:label1\" content=\"Price\" \/>\n\t<meta name=\"twitter:data1\" content=\"5 000&nbsp;CFA\" \/>\n\t<meta name=\"twitter:label2\" content=\"Availability\" \/>\n\t<meta name=\"twitter:data2\" content=\"Out of stock\" \/>\n<script type=\"application\/ld+json\" class=\"yoast-schema-graph\">{\"@context\":\"https:\\\/\\\/schema.org\",\"@graph\":[{\"@type\":\"WebPage\",\"@id\":\"https:\\\/\\\/labemacosmetics.com\\\/produit\\\/rouge-a-levres-liquide-megalast-petal-poison-wet-n-wild\\\/\",\"url\":\"https:\\\/\\\/labemacosmetics.com\\\/produit\\\/rouge-a-levres-liquide-megalast-petal-poison-wet-n-wild\\\/\",\"name\":\"WET N WILD Rouge \u00e0 l\u00e8vres liquide MegaLast Petal Poison - Lab&eacute;ma Cosmetics\",\"isPartOf\":{\"@id\":\"https:\\\/\\\/labemacosmetics.com\\\/#website\"},\"primaryImageOfPage\":{\"@id\":\"https:\\\/\\\/labemacosmetics.com\\\/produit\\\/rouge-a-levres-liquide-megalast-petal-poison-wet-n-wild\\\/#primaryimage\"},\"image\":{\"@id\":\"https:\\\/\\\/labemacosmetics.com\\\/produit\\\/rouge-a-levres-liquide-megalast-petal-poison-wet-n-wild\\\/#primaryimage\"},\"thumbnailUrl\":\"https:\\\/\\\/labemacosmetics.com\\\/wp-content\\\/uploads\\\/2019\\\/11\\\/lbm_liquide_Petal_Poison_WetNWild.png\",\"datePublished\":\"2019-11-01T18:01:47+00:00\",\"dateModified\":\"2023-07-13T17:30:18+00:00\",\"breadcrumb\":{\"@id\":\"https:\\\/\\\/labemacosmetics.com\\\/produit\\\/rouge-a-levres-liquide-megalast-petal-poison-wet-n-wild\\\/#breadcrumb\"},\"inLanguage\":\"en-GB\",\"potentialAction\":[{\"@type\":\"ReadAction\",\"target\":[\"https:\\\/\\\/labemacosmetics.com\\\/produit\\\/rouge-a-levres-liquide-megalast-petal-poison-wet-n-wild\\\/\"]}]},{\"@type\":\"ImageObject\",\"inLanguage\":\"en-GB\",\"@id\":\"https:\\\/\\\/labemacosmetics.com\\\/produit\\\/rouge-a-levres-liquide-megalast-petal-poison-wet-n-wild\\\/#primaryimage\",\"url\":\"https:\\\/\\\/labemacosmetics.com\\\/wp-content\\\/uploads\\\/2019\\\/11\\\/lbm_liquide_Petal_Poison_WetNWild.png\",\"contentUrl\":\"https:\\\/\\\/labemacosmetics.com\\\/wp-content\\\/uploads\\\/2019\\\/11\\\/lbm_liquide_Petal_Poison_WetNWild.png\",\"width\":600,\"height\":726,\"caption\":\"https:\\\/\\\/www.beauteprivee.fr\\\/wet-n-wild_b1673\\\/rouge-a-levres-liquide-megalast-petal-poison_85784\"},{\"@type\":\"BreadcrumbList\",\"@id\":\"https:\\\/\\\/labemacosmetics.com\\\/produit\\\/rouge-a-levres-liquide-megalast-petal-poison-wet-n-wild\\\/#breadcrumb\",\"itemListElement\":[{\"@type\":\"ListItem\",\"position\":1,\"name\":\"Accueil\",\"item\":\"https:\\\/\\\/labemacosmetics.com\\\/\"},{\"@type\":\"ListItem\",\"position\":2,\"name\":\"Produits\",\"item\":\"https:\\\/\\\/labemacosmetics.com\\\/shop\\\/\"},{\"@type\":\"ListItem\",\"position\":3,\"name\":\"WET N WILD Rouge \u00e0 l\u00e8vres liquide MegaLast Petal Poison\"}]},{\"@type\":\"WebSite\",\"@id\":\"https:\\\/\\\/labemacosmetics.com\\\/#website\",\"url\":\"https:\\\/\\\/labemacosmetics.com\\\/\",\"name\":\"Lab&eacute;ma Cosmetics\",\"description\":\"\",\"potentialAction\":[{\"@type\":\"SearchAction\",\"target\":{\"@type\":\"EntryPoint\",\"urlTemplate\":\"https:\\\/\\\/labemacosmetics.com\\\/?s={search_term_string}\"},\"query-input\":{\"@type\":\"PropertyValueSpecification\",\"valueRequired\":true,\"valueName\":\"search_term_string\"}}],\"inLanguage\":\"en-GB\"}]}<\/script>\n<meta property=\"product:brand\" content=\"Wet and Wild\" \/>\n<meta property=\"product:price:amount\" content=\"5000\" \/>\n<meta property=\"product:price:currency\" content=\"XOF\" \/>\n<meta property=\"og:availability\" content=\"out of stock\" \/>\n<meta property=\"product:availability\" content=\"out of stock\" \/>\n<meta property=\"product:condition\" content=\"new\" \/>\n<!-- \/ Yoast SEO Premium plugin. -->","yoast_head_json":{"title":"WET N WILD Rouge \u00e0 l\u00e8vres liquide MegaLast Petal Poison - Lab&eacute;ma Cosmetics","robots":{"index":"index","follow":"follow","max-snippet":"max-snippet:-1","max-image-preview":"max-image-preview:large","max-video-preview":"max-video-preview:-1"},"canonical":"https:\/\/labemacosmetics.com\/en\/product\/rouge-a-levres-liquide-megalast-petal-poison-wet-n-wild\/","og_locale":"en_GB","og_type":"article","og_title":"WET N WILD Rouge \u00e0 l\u00e8vres liquide MegaLast Petal Poison","og_description":"Faites sensation avec ce rouge \u00e0 l\u00e8vres liquide ! Sa texture velout\u00e9e habille vos l\u00e8vres d'une couleur soyeuse ultra-glamour qui glisse sur vos l\u00e8vres, et sa pigmentation offre une bouche impeccable ! Vous \u00eates sublime","og_url":"https:\/\/labemacosmetics.com\/en\/product\/rouge-a-levres-liquide-megalast-petal-poison-wet-n-wild\/","og_site_name":"Lab&eacute;ma Cosmetics","article_publisher":"http:\/\/www.facebook.com\/labemacosmetics","article_modified_time":"2023-07-13T17:30:18+00:00","og_image":[{"width":600,"height":726,"url":"https:\/\/labemacosmetics.com\/wp-content\/uploads\/2019\/11\/lbm_liquide_Petal_Poison_WetNWild.png","type":"image\/png"}],"twitter_card":"summary_large_image","twitter_site":"@Labemasn","twitter_misc":{"Price":"5 000&nbsp;CFA","Availability":"Out of stock"},"schema":{"@context":"https:\/\/schema.org","@graph":[{"@type":"WebPage","@id":"https:\/\/labemacosmetics.com\/produit\/rouge-a-levres-liquide-megalast-petal-poison-wet-n-wild\/","url":"https:\/\/labemacosmetics.com\/produit\/rouge-a-levres-liquide-megalast-petal-poison-wet-n-wild\/","name":"WET N WILD Rouge \u00e0 l\u00e8vres liquide MegaLast Petal Poison - Lab&eacute;ma Cosmetics","isPartOf":{"@id":"https:\/\/labemacosmetics.com\/#website"},"primaryImageOfPage":{"@id":"https:\/\/labemacosmetics.com\/produit\/rouge-a-levres-liquide-megalast-petal-poison-wet-n-wild\/#primaryimage"},"image":{"@id":"https:\/\/labemacosmetics.com\/produit\/rouge-a-levres-liquide-megalast-petal-poison-wet-n-wild\/#primaryimage"},"thumbnailUrl":"https:\/\/labemacosmetics.com\/wp-content\/uploads\/2019\/11\/lbm_liquide_Petal_Poison_WetNWild.png","datePublished":"2019-11-01T18:01:47+00:00","dateModified":"2023-07-13T17:30:18+00:00","breadcrumb":{"@id":"https:\/\/labemacosmetics.com\/produit\/rouge-a-levres-liquide-megalast-petal-poison-wet-n-wild\/#breadcrumb"},"inLanguage":"en-GB","potentialAction":[{"@type":"ReadAction","target":["https:\/\/labemacosmetics.com\/produit\/rouge-a-levres-liquide-megalast-petal-poison-wet-n-wild\/"]}]},{"@type":"ImageObject","inLanguage":"en-GB","@id":"https:\/\/labemacosmetics.com\/produit\/rouge-a-levres-liquide-megalast-petal-poison-wet-n-wild\/#primaryimage","url":"https:\/\/labemacosmetics.com\/wp-content\/uploads\/2019\/11\/lbm_liquide_Petal_Poison_WetNWild.png","contentUrl":"https:\/\/labemacosmetics.com\/wp-content\/uploads\/2019\/11\/lbm_liquide_Petal_Poison_WetNWild.png","width":600,"height":726,"caption":"https:\/\/www.beauteprivee.fr\/wet-n-wild_b1673\/rouge-a-levres-liquide-megalast-petal-poison_85784"},{"@type":"BreadcrumbList","@id":"https:\/\/labemacosmetics.com\/produit\/rouge-a-levres-liquide-megalast-petal-poison-wet-n-wild\/#breadcrumb","itemListElement":[{"@type":"ListItem","position":1,"name":"Accueil","item":"https:\/\/labemacosmetics.com\/"},{"@type":"ListItem","position":2,"name":"Produits","item":"https:\/\/labemacosmetics.com\/shop\/"},{"@type":"ListItem","position":3,"name":"WET N WILD Rouge \u00e0 l\u00e8vres liquide MegaLast Petal Poison"}]},{"@type":"WebSite","@id":"https:\/\/labemacosmetics.com\/#website","url":"https:\/\/labemacosmetics.com\/","name":"Lab&eacute;ma Cosmetics","description":"","potentialAction":[{"@type":"SearchAction","target":{"@type":"EntryPoint","urlTemplate":"https:\/\/labemacosmetics.com\/?s={search_term_string}"},"query-input":{"@type":"PropertyValueSpecification","valueRequired":true,"valueName":"search_term_string"}}],"inLanguage":"en-GB"}]},"product_brand":"Wet and Wild","product_price_amount":"5000","product_price_currency":"XOF","og_availability":"out of stock","product_availability":"out of stock","product_condition":"new"},"_links":{"self":[{"href":"https:\/\/labemacosmetics.com\/en\/wp-json\/wp\/v2\/product\/4236","targetHints":{"allow":["GET"]}}],"collection":[{"href":"https:\/\/labemacosmetics.com\/en\/wp-json\/wp\/v2\/product"}],"about":[{"href":"https:\/\/labemacosmetics.com\/en\/wp-json\/wp\/v2\/types\/product"}],"replies":[{"embeddable":true,"href":"https:\/\/labemacosmetics.com\/en\/wp-json\/wp\/v2\/comments?post=4236"}],"version-history":[{"count":0,"href":"https:\/\/labemacosmetics.com\/en\/wp-json\/wp\/v2\/product\/4236\/revisions"}],"wp:featuredmedia":[{"embeddable":true,"href":"https:\/\/labemacosmetics.com\/en\/wp-json\/wp\/v2\/media\/5473"}],"wp:attachment":[{"href":"https:\/\/labemacosmetics.com\/en\/wp-json\/wp\/v2\/media?parent=4236"}],"wp:term":[{"taxonomy":"product_brand","embeddable":true,"href":"https:\/\/labemacosmetics.com\/en\/wp-json\/wp\/v2\/product_brand?post=4236"},{"taxonomy":"product_cat","embeddable":true,"href":"https:\/\/labemacosmetics.com\/en\/wp-json\/wp\/v2\/product_cat?post=4236"},{"taxonomy":"product_tag","embeddable":true,"href":"https:\/\/labemacosmetics.com\/en\/wp-json\/wp\/v2\/product_tag?post=4236"}],"curies":[{"name":"wp","href":"https:\/\/api.w.org\/{rel}","templated":true}]}}