{"id":4198,"date":"2019-09-04T14:16:05","date_gmt":"2019-09-04T12:16:05","guid":{"rendered":"https:\/\/www.labemacosmetics.com\/?post_type=product&#038;p=4198"},"modified":"2023-09-26T11:06:41","modified_gmt":"2023-09-26T10:06:41","slug":"keratine","status":"publish","type":"product","link":"https:\/\/labemacosmetics.com\/en\/product\/keratine\/","title":{"rendered":"K\u00e9ralissium &#8211; Lissage Br\u00e9silien \u00e0 la K\u00e9ratine"},"content":{"rendered":"<h1 id=\"title\">K\u00e9ralissium &#8211; lissage br\u00e9silien \u00e0 la k\u00e9ratine &#8211; Usage unique &#8211; 3 x 60 ml<\/h1>\n<div class=\"grep_description\">Unique sur le march\u00e9, ce kit a \u00e9t\u00e9 sp\u00e9cialement con\u00e7u pour que vous puissiez r\u00e9aliser vous-m\u00eame votre lissage. Gr\u00e2ce \u00e0 sa formule tr\u00e8s concentr\u00e9e en k\u00e9ratine, ce kit vous assure un lissage parfait pour une dur\u00e9e 4 \u00e0 6 mois.\u00a0Le shampoing Clarifiant Keralissium a \u00e9t\u00e9 sp\u00e9cialement con\u00e7u pour pr\u00e9parer vos cheveux au lissage br\u00e9silien. Alors en ouvrant les \u00e9cailles, il facilite la p\u00e9n\u00e9tration de la k\u00e9ratine, et nettoie en profondeur vos cheveux en les d\u00e9barrassant de toutes impuret\u00e9s et r\u00e9sidus.\u00a0Le soin de Keralissium est issu d\u2019une nouvelle formule unique et innovante, garantie sans formol. Donc ce soin ,\u00a0enrichi en silicones, collag\u00e8ne, beurre de karit\u00e9, Aloe V\u00e9ra et prot\u00e9ines de soie garantit un lissage parfait tout en nourrissant les cheveux en profondeur afin d\u2019assurer un effet longue dur\u00e9e. Vos cheveux sont plus r\u00e9sistants.<a href=\"https:\/\/labemacosmetics.com\/en\/?post_type=product&amp;p=4198&amp;preview=true\" target=\"wp-preview-4198\" rel=\"noopener noreferrer\">https:\/\/www.labemacosmetics.com\/shop\/non class\u00e9\/<span id=\"editable-post-name\">k\u00e9ratine<\/span>\/<\/a><\/div>\n<div><strong>Pour qui ?<\/strong><br \/>\nPour tous les types de cheveux, color\u00e9s, d\u00e9color\u00e9s, fris\u00e9s<\/div>","protected":false},"excerpt":{"rendered":"<h1 id=\"title\"><\/h1>\n<div class=\"grep_description\">Unique sur le march\u00e9, ce kit a \u00e9t\u00e9 sp\u00e9cialement con\u00e7u pour que vous puissiez r\u00e9aliser vous-m\u00eame votre lissage. Gr\u00e2ce \u00e0 sa formule tr\u00e8s concentr\u00e9e en k\u00e9ratine, ce kit vous assure un lissage parfait pour une dur\u00e9e 4 \u00e0 6 mois.<\/div>","protected":false},"featured_media":6634,"comment_status":"closed","ping_status":"closed","template":"","meta":{"om_disable_all_campaigns":false,"_mi_skip_tracking":false,"_monsterinsights_sitenote_active":false,"_monsterinsights_sitenote_note":"","_monsterinsights_sitenote_category":0},"product_brand":[],"product_cat":[127,131,133],"product_tag":[],"class_list":{"0":"post-4198","1":"product","2":"type-product","3":"status-publish","4":"has-post-thumbnail","6":"product_cat-boutique","7":"product_cat-corps-cheveux","8":"product_cat-lissage-cheveux","9":"yith_product_brand-keralissium","10":"yith_product_brand-all-brands","12":"first","13":"outofstock","14":"sale","15":"shipping-taxable","16":"purchasable","17":"product-type-simple"},"yoast_head":"<!-- This site is optimized with the Yoast SEO Premium plugin v20.8 (Yoast SEO v27.4) - https:\/\/yoast.com\/product\/yoast-seo-premium-wordpress\/ -->\n<title>K\u00e9ralissium - lissage br\u00e9silien \u00e0 la k\u00e9ratine - Usage unique - 3 x 60 ml - Lab\u00e9ma Cosmetics | Dakar - S\u00e9n\u00e9gal<\/title>\n<meta name=\"description\" content=\"Unique sur le march\u00e9, ce kit k\u00e9ratine a \u00e9t\u00e9 sp\u00e9cialement con\u00e7u pour que vous puissiez r\u00e9aliser vous-m\u00eame votre lissage.\" \/>\n<meta name=\"robots\" content=\"index, follow, max-snippet:-1, max-image-preview:large, max-video-preview:-1\" \/>\n<link rel=\"canonical\" href=\"https:\/\/labemacosmetics.com\/en\/product\/keratine\/\" \/>\n<meta property=\"og:locale\" content=\"en_GB\" \/>\n<meta property=\"og:type\" content=\"article\" \/>\n<meta property=\"og:title\" content=\"K\u00e9ralissium - Lissage Br\u00e9silien \u00e0 la K\u00e9ratine\" \/>\n<meta property=\"og:description\" content=\"Unique sur le march\u00e9, ce kit k\u00e9ratine a \u00e9t\u00e9 sp\u00e9cialement con\u00e7u pour que vous puissiez r\u00e9aliser vous-m\u00eame votre lissage.\" \/>\n<meta property=\"og:url\" content=\"https:\/\/labemacosmetics.com\/en\/product\/keratine\/\" \/>\n<meta property=\"og:site_name\" content=\"Lab&eacute;ma Cosmetics\" \/>\n<meta property=\"article:publisher\" content=\"http:\/\/www.facebook.com\/labemacosmetics\" \/>\n<meta property=\"article:modified_time\" content=\"2023-09-26T10:06:41+00:00\" \/>\n<meta property=\"og:image\" content=\"https:\/\/labemacosmetics.com\/wp-content\/uploads\/2022\/01\/keralissium-lissage-bresilien-nouvelle-generation.jpg\" \/>\n\t<meta property=\"og:image:width\" content=\"800\" \/>\n\t<meta property=\"og:image:height\" content=\"800\" \/>\n\t<meta property=\"og:image:type\" content=\"image\/jpeg\" \/>\n<meta name=\"twitter:card\" content=\"summary_large_image\" \/>\n<meta name=\"twitter:site\" content=\"@Labemasn\" \/>\n<meta name=\"twitter:label1\" content=\"Price\" \/>\n\t<meta name=\"twitter:data1\" content=\"40 000&nbsp;CFA\" \/>\n\t<meta name=\"twitter:label2\" content=\"Availability\" \/>\n\t<meta name=\"twitter:data2\" content=\"Out of stock\" \/>\n<script type=\"application\/ld+json\" class=\"yoast-schema-graph\">{\"@context\":\"https:\\\/\\\/schema.org\",\"@graph\":[{\"@type\":\"WebPage\",\"@id\":\"https:\\\/\\\/labemacosmetics.com\\\/produit\\\/keratine\\\/\",\"url\":\"https:\\\/\\\/labemacosmetics.com\\\/produit\\\/keratine\\\/\",\"name\":\"K\u00e9ralissium - lissage br\u00e9silien \u00e0 la k\u00e9ratine - Usage unique - 3 x 60 ml - Lab\u00e9ma Cosmetics | Dakar - S\u00e9n\u00e9gal\",\"isPartOf\":{\"@id\":\"https:\\\/\\\/labemacosmetics.com\\\/#website\"},\"primaryImageOfPage\":{\"@id\":\"https:\\\/\\\/labemacosmetics.com\\\/produit\\\/keratine\\\/#primaryimage\"},\"image\":{\"@id\":\"https:\\\/\\\/labemacosmetics.com\\\/produit\\\/keratine\\\/#primaryimage\"},\"thumbnailUrl\":\"https:\\\/\\\/labemacosmetics.com\\\/wp-content\\\/uploads\\\/2022\\\/01\\\/keralissium-lissage-bresilien-nouvelle-generation.jpg\",\"datePublished\":\"2019-09-04T12:16:05+00:00\",\"dateModified\":\"2023-09-26T10:06:41+00:00\",\"description\":\"Unique sur le march\u00e9, ce kit k\u00e9ratine a \u00e9t\u00e9 sp\u00e9cialement con\u00e7u pour que vous puissiez r\u00e9aliser vous-m\u00eame votre lissage.\",\"breadcrumb\":{\"@id\":\"https:\\\/\\\/labemacosmetics.com\\\/produit\\\/keratine\\\/#breadcrumb\"},\"inLanguage\":\"en-GB\",\"potentialAction\":[{\"@type\":\"ReadAction\",\"target\":[\"https:\\\/\\\/labemacosmetics.com\\\/produit\\\/keratine\\\/\"]}]},{\"@type\":\"ImageObject\",\"inLanguage\":\"en-GB\",\"@id\":\"https:\\\/\\\/labemacosmetics.com\\\/produit\\\/keratine\\\/#primaryimage\",\"url\":\"https:\\\/\\\/labemacosmetics.com\\\/wp-content\\\/uploads\\\/2022\\\/01\\\/keralissium-lissage-bresilien-nouvelle-generation.jpg\",\"contentUrl\":\"https:\\\/\\\/labemacosmetics.com\\\/wp-content\\\/uploads\\\/2022\\\/01\\\/keralissium-lissage-bresilien-nouvelle-generation.jpg\",\"width\":800,\"height\":800,\"caption\":\"keraissium\"},{\"@type\":\"BreadcrumbList\",\"@id\":\"https:\\\/\\\/labemacosmetics.com\\\/produit\\\/keratine\\\/#breadcrumb\",\"itemListElement\":[{\"@type\":\"ListItem\",\"position\":1,\"name\":\"Accueil\",\"item\":\"https:\\\/\\\/labemacosmetics.com\\\/\"},{\"@type\":\"ListItem\",\"position\":2,\"name\":\"Produits\",\"item\":\"https:\\\/\\\/labemacosmetics.com\\\/shop\\\/\"},{\"@type\":\"ListItem\",\"position\":3,\"name\":\"K\u00e9ralissium &#8211; Lissage Br\u00e9silien \u00e0 la K\u00e9ratine\"}]},{\"@type\":\"WebSite\",\"@id\":\"https:\\\/\\\/labemacosmetics.com\\\/#website\",\"url\":\"https:\\\/\\\/labemacosmetics.com\\\/\",\"name\":\"Lab&eacute;ma Cosmetics\",\"description\":\"\",\"potentialAction\":[{\"@type\":\"SearchAction\",\"target\":{\"@type\":\"EntryPoint\",\"urlTemplate\":\"https:\\\/\\\/labemacosmetics.com\\\/?s={search_term_string}\"},\"query-input\":{\"@type\":\"PropertyValueSpecification\",\"valueRequired\":true,\"valueName\":\"search_term_string\"}}],\"inLanguage\":\"en-GB\"}]}<\/script>\n<meta property=\"product:brand\" content=\"Keralissium\" \/>\n<meta property=\"product:price:amount\" content=\"40000\" \/>\n<meta property=\"product:price:currency\" content=\"XOF\" \/>\n<meta property=\"og:availability\" content=\"out of stock\" \/>\n<meta property=\"product:availability\" content=\"out of stock\" \/>\n<meta property=\"product:condition\" content=\"new\" \/>\n<!-- \/ Yoast SEO Premium plugin. -->","yoast_head_json":{"title":"K\u00e9ralissium - lissage br\u00e9silien \u00e0 la k\u00e9ratine - Usage unique - 3 x 60 ml - Lab\u00e9ma Cosmetics | Dakar - S\u00e9n\u00e9gal","description":"Unique sur le march\u00e9, ce kit k\u00e9ratine a \u00e9t\u00e9 sp\u00e9cialement con\u00e7u pour que vous puissiez r\u00e9aliser vous-m\u00eame votre lissage.","robots":{"index":"index","follow":"follow","max-snippet":"max-snippet:-1","max-image-preview":"max-image-preview:large","max-video-preview":"max-video-preview:-1"},"canonical":"https:\/\/labemacosmetics.com\/en\/product\/keratine\/","og_locale":"en_GB","og_type":"article","og_title":"K\u00e9ralissium - Lissage Br\u00e9silien \u00e0 la K\u00e9ratine","og_description":"Unique sur le march\u00e9, ce kit k\u00e9ratine a \u00e9t\u00e9 sp\u00e9cialement con\u00e7u pour que vous puissiez r\u00e9aliser vous-m\u00eame votre lissage.","og_url":"https:\/\/labemacosmetics.com\/en\/product\/keratine\/","og_site_name":"Lab&eacute;ma Cosmetics","article_publisher":"http:\/\/www.facebook.com\/labemacosmetics","article_modified_time":"2023-09-26T10:06:41+00:00","og_image":[{"width":800,"height":800,"url":"https:\/\/labemacosmetics.com\/wp-content\/uploads\/2022\/01\/keralissium-lissage-bresilien-nouvelle-generation.jpg","type":"image\/jpeg"}],"twitter_card":"summary_large_image","twitter_site":"@Labemasn","twitter_misc":{"Price":"40 000&nbsp;CFA","Availability":"Out of stock"},"schema":{"@context":"https:\/\/schema.org","@graph":[{"@type":"WebPage","@id":"https:\/\/labemacosmetics.com\/produit\/keratine\/","url":"https:\/\/labemacosmetics.com\/produit\/keratine\/","name":"K\u00e9ralissium - lissage br\u00e9silien \u00e0 la k\u00e9ratine - Usage unique - 3 x 60 ml - Lab\u00e9ma Cosmetics | Dakar - S\u00e9n\u00e9gal","isPartOf":{"@id":"https:\/\/labemacosmetics.com\/#website"},"primaryImageOfPage":{"@id":"https:\/\/labemacosmetics.com\/produit\/keratine\/#primaryimage"},"image":{"@id":"https:\/\/labemacosmetics.com\/produit\/keratine\/#primaryimage"},"thumbnailUrl":"https:\/\/labemacosmetics.com\/wp-content\/uploads\/2022\/01\/keralissium-lissage-bresilien-nouvelle-generation.jpg","datePublished":"2019-09-04T12:16:05+00:00","dateModified":"2023-09-26T10:06:41+00:00","description":"Unique sur le march\u00e9, ce kit k\u00e9ratine a \u00e9t\u00e9 sp\u00e9cialement con\u00e7u pour que vous puissiez r\u00e9aliser vous-m\u00eame votre lissage.","breadcrumb":{"@id":"https:\/\/labemacosmetics.com\/produit\/keratine\/#breadcrumb"},"inLanguage":"en-GB","potentialAction":[{"@type":"ReadAction","target":["https:\/\/labemacosmetics.com\/produit\/keratine\/"]}]},{"@type":"ImageObject","inLanguage":"en-GB","@id":"https:\/\/labemacosmetics.com\/produit\/keratine\/#primaryimage","url":"https:\/\/labemacosmetics.com\/wp-content\/uploads\/2022\/01\/keralissium-lissage-bresilien-nouvelle-generation.jpg","contentUrl":"https:\/\/labemacosmetics.com\/wp-content\/uploads\/2022\/01\/keralissium-lissage-bresilien-nouvelle-generation.jpg","width":800,"height":800,"caption":"keraissium"},{"@type":"BreadcrumbList","@id":"https:\/\/labemacosmetics.com\/produit\/keratine\/#breadcrumb","itemListElement":[{"@type":"ListItem","position":1,"name":"Accueil","item":"https:\/\/labemacosmetics.com\/"},{"@type":"ListItem","position":2,"name":"Produits","item":"https:\/\/labemacosmetics.com\/shop\/"},{"@type":"ListItem","position":3,"name":"K\u00e9ralissium &#8211; Lissage Br\u00e9silien \u00e0 la K\u00e9ratine"}]},{"@type":"WebSite","@id":"https:\/\/labemacosmetics.com\/#website","url":"https:\/\/labemacosmetics.com\/","name":"Lab&eacute;ma Cosmetics","description":"","potentialAction":[{"@type":"SearchAction","target":{"@type":"EntryPoint","urlTemplate":"https:\/\/labemacosmetics.com\/?s={search_term_string}"},"query-input":{"@type":"PropertyValueSpecification","valueRequired":true,"valueName":"search_term_string"}}],"inLanguage":"en-GB"}]},"product_brand":"Keralissium","product_price_amount":"40000","product_price_currency":"XOF","og_availability":"out of stock","product_availability":"out of stock","product_condition":"new"},"_links":{"self":[{"href":"https:\/\/labemacosmetics.com\/en\/wp-json\/wp\/v2\/product\/4198","targetHints":{"allow":["GET"]}}],"collection":[{"href":"https:\/\/labemacosmetics.com\/en\/wp-json\/wp\/v2\/product"}],"about":[{"href":"https:\/\/labemacosmetics.com\/en\/wp-json\/wp\/v2\/types\/product"}],"replies":[{"embeddable":true,"href":"https:\/\/labemacosmetics.com\/en\/wp-json\/wp\/v2\/comments?post=4198"}],"version-history":[{"count":0,"href":"https:\/\/labemacosmetics.com\/en\/wp-json\/wp\/v2\/product\/4198\/revisions"}],"wp:featuredmedia":[{"embeddable":true,"href":"https:\/\/labemacosmetics.com\/en\/wp-json\/wp\/v2\/media\/6634"}],"wp:attachment":[{"href":"https:\/\/labemacosmetics.com\/en\/wp-json\/wp\/v2\/media?parent=4198"}],"wp:term":[{"taxonomy":"product_brand","embeddable":true,"href":"https:\/\/labemacosmetics.com\/en\/wp-json\/wp\/v2\/product_brand?post=4198"},{"taxonomy":"product_cat","embeddable":true,"href":"https:\/\/labemacosmetics.com\/en\/wp-json\/wp\/v2\/product_cat?post=4198"},{"taxonomy":"product_tag","embeddable":true,"href":"https:\/\/labemacosmetics.com\/en\/wp-json\/wp\/v2\/product_tag?post=4198"}],"curies":[{"name":"wp","href":"https:\/\/api.w.org\/{rel}","templated":true}]}}