{"id":4190,"date":"2019-09-04T14:23:57","date_gmt":"2019-09-04T13:23:57","guid":{"rendered":"https:\/\/www.labemacosmetics.com\/?post_type=product&#038;p=4190"},"modified":"2025-02-09T13:46:14","modified_gmt":"2025-02-09T12:46:14","slug":"fond-de-teint-mousse-dream-mat-mousse-40-cannelle-18-ml-maybelline-new-york","status":"publish","type":"product","link":"https:\/\/labemacosmetics.com\/en\/product\/fond-de-teint-mousse-dream-mat-mousse-40-cannelle-18-ml-maybelline-new-york\/","title":{"rendered":"MAYBELLINE Fond de teint Dream Mat Mousse &#8211; 40 Canelle"},"content":{"rendered":"<p>Maybelline Dream mat mousse fond de teint de maybelline a une mousse micro-a\u00e9r\u00e9e et l\u00e9g\u00e8re r\u00e9volutionnaire qui s&rsquo;applique tr\u00e8s facilement et laisse respirer la peau. Ainsi sa formule brevet\u00e9e qui se transforme en poudre sur la peau pour unifier et\u00a0 gras. Ne bouche pas les pores. Le 1er fond de teint mousse unifiant effet peau de p\u00eache La formule brevet\u00e9e de Dream Mat Mousse se transforme en poudre sur la peau. Elle matifie votre teint en effet peau de p\u00eache et une peau incroyablement plus douce. Elle vous donne un teint irr\u00e9prochable et se fond sur la peau en un fini poudr\u00e9 sans faute. Donc le fond de teint mousse matifiant Formule fouett\u00e9e \u00e0 l&rsquo;air pour un teint mat ultra l\u00e9ger Texture mousse a\u00e9rienne pour une recouvrance parfaite qui laisse respirer la peau Micro-poudres matifiantes en suspens dans une mousse fouett\u00e9e \u00e0 l&rsquo;air. la texture mat mousse ultra-l\u00e9g\u00e8re aux pigments fouett\u00e9s \u00e0 l\u2019air pour un teint sublim\u00e9 naturellement, et aussi une sensation de l\u00e9g\u00e8ret\u00e9 incroyable sur la peau<\/p>\n<p>Application: D\u00e9posez quelques noisettes sur la zone m\u00e9diane et \u00e9tirez vers l\u2019ext\u00e9rieur du visage.<\/p>","protected":false},"excerpt":{"rendered":"<p>mat mousse Sa mousse micro-a\u00e9r\u00e9e et l\u00e9g\u00e8re r\u00e9volutionnaire qui s&rsquo;applique tr\u00e8s facilement et laisse respirer la peau. Sa formule brevet\u00e9e qui se transforme en poudre sur la peau pour unifier et\u00a0 gras. Ne bouche pas les pores.<\/p>","protected":false},"featured_media":5944,"comment_status":"closed","ping_status":"closed","template":"","meta":{"om_disable_all_campaigns":false,"_mi_skip_tracking":false,"_monsterinsights_sitenote_active":false,"_monsterinsights_sitenote_note":"","_monsterinsights_sitenote_category":0},"product_brand":[],"product_cat":[127,117,103,108],"product_tag":[],"class_list":{"0":"post-4190","1":"product","2":"type-product","3":"status-publish","4":"has-post-thumbnail","6":"product_cat-boutique","7":"product_cat-fond-de-teint","8":"product_cat-maquillage","9":"product_cat-teint","10":"yith_product_brand-maybelline","12":"first","13":"outofstock","14":"shipping-taxable","15":"purchasable","16":"product-type-simple"},"yoast_head":"<!-- This site is optimized with the Yoast SEO Premium plugin v20.8 (Yoast SEO v27.4) - https:\/\/yoast.com\/product\/yoast-seo-premium-wordpress\/ -->\n<title>Maybelline MAYBELLINE Fond de teint Dream Mat Mousse - 40 Canelle Lab&eacute;ma Cosmetics | Dakar<\/title>\n<meta name=\"description\" content=\"Maybelline Dream mat mousse fond de teint de maybelline a une mousse micro-a\u00e9r\u00e9e et l\u00e9g\u00e8re r\u00e9volutionnaire qui s&#039;applique tr\u00e8s facilement et laisse ...\" \/>\n<meta name=\"robots\" content=\"index, follow, max-snippet:-1, max-image-preview:large, max-video-preview:-1\" \/>\n<link rel=\"canonical\" href=\"https:\/\/labemacosmetics.com\/en\/product\/fond-de-teint-mousse-dream-mat-mousse-40-cannelle-18-ml-maybelline-new-york\/\" \/>\n<meta property=\"og:locale\" content=\"en_GB\" \/>\n<meta property=\"og:type\" content=\"article\" \/>\n<meta property=\"og:title\" content=\"MAYBELLINE Fond de teint Dream Mat Mousse - 40 Canelle\" \/>\n<meta property=\"og:description\" content=\"Maybelline Dream mat mousse fond de teint de maybelline a une mousse micro-a\u00e9r\u00e9e et l\u00e9g\u00e8re r\u00e9volutionnaire qui s&#039;applique tr\u00e8s facilement et laisse ...\" \/>\n<meta property=\"og:url\" content=\"https:\/\/labemacosmetics.com\/en\/product\/fond-de-teint-mousse-dream-mat-mousse-40-cannelle-18-ml-maybelline-new-york\/\" \/>\n<meta property=\"og:site_name\" content=\"Lab&eacute;ma Cosmetics\" \/>\n<meta property=\"article:publisher\" content=\"http:\/\/www.facebook.com\/labemacosmetics\" \/>\n<meta property=\"article:modified_time\" content=\"2025-02-09T12:46:14+00:00\" \/>\n<meta property=\"og:image\" content=\"https:\/\/labemacosmetics.com\/wp-content\/uploads\/2019\/09\/Maybelline-Fond-teint-_Cannelle.png\" \/>\n\t<meta property=\"og:image:width\" content=\"600\" \/>\n\t<meta property=\"og:image:height\" content=\"726\" \/>\n\t<meta property=\"og:image:type\" content=\"image\/png\" \/>\n<meta name=\"twitter:card\" content=\"summary_large_image\" \/>\n<meta name=\"twitter:site\" content=\"@Labemasn\" \/>\n<meta name=\"twitter:label1\" content=\"Price\" \/>\n\t<meta name=\"twitter:data1\" content=\"8 000&nbsp;CFA\" \/>\n\t<meta name=\"twitter:label2\" content=\"Availability\" \/>\n\t<meta name=\"twitter:data2\" content=\"Out of stock\" \/>\n<script type=\"application\/ld+json\" class=\"yoast-schema-graph\">{\"@context\":\"https:\\\/\\\/schema.org\",\"@graph\":[{\"@type\":\"WebPage\",\"@id\":\"https:\\\/\\\/labemacosmetics.com\\\/en\\\/product\\\/fond-de-teint-mousse-dream-mat-mousse-40-cannelle-18-ml-maybelline-new-york\\\/\",\"url\":\"https:\\\/\\\/labemacosmetics.com\\\/en\\\/product\\\/fond-de-teint-mousse-dream-mat-mousse-40-cannelle-18-ml-maybelline-new-york\\\/\",\"name\":\"Maybelline MAYBELLINE Fond de teint Dream Mat Mousse - 40 Canelle Lab&eacute;ma Cosmetics | Dakar\",\"isPartOf\":{\"@id\":\"https:\\\/\\\/labemacosmetics.com\\\/#website\"},\"primaryImageOfPage\":{\"@id\":\"https:\\\/\\\/labemacosmetics.com\\\/en\\\/product\\\/fond-de-teint-mousse-dream-mat-mousse-40-cannelle-18-ml-maybelline-new-york\\\/#primaryimage\"},\"image\":{\"@id\":\"https:\\\/\\\/labemacosmetics.com\\\/en\\\/product\\\/fond-de-teint-mousse-dream-mat-mousse-40-cannelle-18-ml-maybelline-new-york\\\/#primaryimage\"},\"thumbnailUrl\":\"https:\\\/\\\/labemacosmetics.com\\\/wp-content\\\/uploads\\\/2019\\\/09\\\/Maybelline-Fond-teint-_Cannelle.png\",\"datePublished\":\"2019-09-04T13:23:57+00:00\",\"dateModified\":\"2025-02-09T12:46:14+00:00\",\"description\":\"Maybelline Dream mat mousse fond de teint de maybelline a une mousse micro-a\u00e9r\u00e9e et l\u00e9g\u00e8re r\u00e9volutionnaire qui s'applique tr\u00e8s facilement et laisse ...\",\"breadcrumb\":{\"@id\":\"https:\\\/\\\/labemacosmetics.com\\\/en\\\/product\\\/fond-de-teint-mousse-dream-mat-mousse-40-cannelle-18-ml-maybelline-new-york\\\/#breadcrumb\"},\"inLanguage\":\"en-GB\",\"potentialAction\":[{\"@type\":\"ReadAction\",\"target\":[\"https:\\\/\\\/labemacosmetics.com\\\/en\\\/product\\\/fond-de-teint-mousse-dream-mat-mousse-40-cannelle-18-ml-maybelline-new-york\\\/\"]}]},{\"@type\":\"ImageObject\",\"inLanguage\":\"en-GB\",\"@id\":\"https:\\\/\\\/labemacosmetics.com\\\/en\\\/product\\\/fond-de-teint-mousse-dream-mat-mousse-40-cannelle-18-ml-maybelline-new-york\\\/#primaryimage\",\"url\":\"https:\\\/\\\/labemacosmetics.com\\\/wp-content\\\/uploads\\\/2019\\\/09\\\/Maybelline-Fond-teint-_Cannelle.png\",\"contentUrl\":\"https:\\\/\\\/labemacosmetics.com\\\/wp-content\\\/uploads\\\/2019\\\/09\\\/Maybelline-Fond-teint-_Cannelle.png\",\"width\":600,\"height\":726,\"caption\":\"Maybelline Fond teint Cannelle\"},{\"@type\":\"BreadcrumbList\",\"@id\":\"https:\\\/\\\/labemacosmetics.com\\\/en\\\/product\\\/fond-de-teint-mousse-dream-mat-mousse-40-cannelle-18-ml-maybelline-new-york\\\/#breadcrumb\",\"itemListElement\":[{\"@type\":\"ListItem\",\"position\":1,\"name\":\"Accueil\",\"item\":\"https:\\\/\\\/labemacosmetics.com\\\/\"},{\"@type\":\"ListItem\",\"position\":2,\"name\":\"Produits\",\"item\":\"https:\\\/\\\/labemacosmetics.com\\\/shop\\\/\"},{\"@type\":\"ListItem\",\"position\":3,\"name\":\"MAYBELLINE Fond de teint Dream Mat Mousse &#8211; 40 Canelle\"}]},{\"@type\":\"WebSite\",\"@id\":\"https:\\\/\\\/labemacosmetics.com\\\/#website\",\"url\":\"https:\\\/\\\/labemacosmetics.com\\\/\",\"name\":\"Lab&eacute;ma Cosmetics\",\"description\":\"\",\"potentialAction\":[{\"@type\":\"SearchAction\",\"target\":{\"@type\":\"EntryPoint\",\"urlTemplate\":\"https:\\\/\\\/labemacosmetics.com\\\/?s={search_term_string}\"},\"query-input\":{\"@type\":\"PropertyValueSpecification\",\"valueRequired\":true,\"valueName\":\"search_term_string\"}}],\"inLanguage\":\"en-GB\"}]}<\/script>\n<meta property=\"product:brand\" content=\"Maybelline\" \/>\n<meta property=\"product:price:amount\" content=\"8000\" \/>\n<meta property=\"product:price:currency\" content=\"XOF\" \/>\n<meta property=\"og:availability\" content=\"out of stock\" \/>\n<meta property=\"product:availability\" content=\"out of stock\" \/>\n<meta property=\"product:condition\" content=\"new\" \/>\n<!-- \/ Yoast SEO Premium plugin. -->","yoast_head_json":{"title":"Maybelline MAYBELLINE Fond de teint Dream Mat Mousse - 40 Canelle Lab&eacute;ma Cosmetics | Dakar","description":"Maybelline Dream mat mousse fond de teint de maybelline a une mousse micro-a\u00e9r\u00e9e et l\u00e9g\u00e8re r\u00e9volutionnaire qui s'applique tr\u00e8s facilement et laisse ...","robots":{"index":"index","follow":"follow","max-snippet":"max-snippet:-1","max-image-preview":"max-image-preview:large","max-video-preview":"max-video-preview:-1"},"canonical":"https:\/\/labemacosmetics.com\/en\/product\/fond-de-teint-mousse-dream-mat-mousse-40-cannelle-18-ml-maybelline-new-york\/","og_locale":"en_GB","og_type":"article","og_title":"MAYBELLINE Fond de teint Dream Mat Mousse - 40 Canelle","og_description":"Maybelline Dream mat mousse fond de teint de maybelline a une mousse micro-a\u00e9r\u00e9e et l\u00e9g\u00e8re r\u00e9volutionnaire qui s'applique tr\u00e8s facilement et laisse ...","og_url":"https:\/\/labemacosmetics.com\/en\/product\/fond-de-teint-mousse-dream-mat-mousse-40-cannelle-18-ml-maybelline-new-york\/","og_site_name":"Lab&eacute;ma Cosmetics","article_publisher":"http:\/\/www.facebook.com\/labemacosmetics","article_modified_time":"2025-02-09T12:46:14+00:00","og_image":[{"width":600,"height":726,"url":"https:\/\/labemacosmetics.com\/wp-content\/uploads\/2019\/09\/Maybelline-Fond-teint-_Cannelle.png","type":"image\/png"}],"twitter_card":"summary_large_image","twitter_site":"@Labemasn","twitter_misc":{"Price":"8 000&nbsp;CFA","Availability":"Out of stock"},"schema":{"@context":"https:\/\/schema.org","@graph":[{"@type":"WebPage","@id":"https:\/\/labemacosmetics.com\/en\/product\/fond-de-teint-mousse-dream-mat-mousse-40-cannelle-18-ml-maybelline-new-york\/","url":"https:\/\/labemacosmetics.com\/en\/product\/fond-de-teint-mousse-dream-mat-mousse-40-cannelle-18-ml-maybelline-new-york\/","name":"Maybelline MAYBELLINE Fond de teint Dream Mat Mousse - 40 Canelle Lab&eacute;ma Cosmetics | Dakar","isPartOf":{"@id":"https:\/\/labemacosmetics.com\/#website"},"primaryImageOfPage":{"@id":"https:\/\/labemacosmetics.com\/en\/product\/fond-de-teint-mousse-dream-mat-mousse-40-cannelle-18-ml-maybelline-new-york\/#primaryimage"},"image":{"@id":"https:\/\/labemacosmetics.com\/en\/product\/fond-de-teint-mousse-dream-mat-mousse-40-cannelle-18-ml-maybelline-new-york\/#primaryimage"},"thumbnailUrl":"https:\/\/labemacosmetics.com\/wp-content\/uploads\/2019\/09\/Maybelline-Fond-teint-_Cannelle.png","datePublished":"2019-09-04T13:23:57+00:00","dateModified":"2025-02-09T12:46:14+00:00","description":"Maybelline Dream mat mousse fond de teint de maybelline a une mousse micro-a\u00e9r\u00e9e et l\u00e9g\u00e8re r\u00e9volutionnaire qui s'applique tr\u00e8s facilement et laisse ...","breadcrumb":{"@id":"https:\/\/labemacosmetics.com\/en\/product\/fond-de-teint-mousse-dream-mat-mousse-40-cannelle-18-ml-maybelline-new-york\/#breadcrumb"},"inLanguage":"en-GB","potentialAction":[{"@type":"ReadAction","target":["https:\/\/labemacosmetics.com\/en\/product\/fond-de-teint-mousse-dream-mat-mousse-40-cannelle-18-ml-maybelline-new-york\/"]}]},{"@type":"ImageObject","inLanguage":"en-GB","@id":"https:\/\/labemacosmetics.com\/en\/product\/fond-de-teint-mousse-dream-mat-mousse-40-cannelle-18-ml-maybelline-new-york\/#primaryimage","url":"https:\/\/labemacosmetics.com\/wp-content\/uploads\/2019\/09\/Maybelline-Fond-teint-_Cannelle.png","contentUrl":"https:\/\/labemacosmetics.com\/wp-content\/uploads\/2019\/09\/Maybelline-Fond-teint-_Cannelle.png","width":600,"height":726,"caption":"Maybelline Fond teint Cannelle"},{"@type":"BreadcrumbList","@id":"https:\/\/labemacosmetics.com\/en\/product\/fond-de-teint-mousse-dream-mat-mousse-40-cannelle-18-ml-maybelline-new-york\/#breadcrumb","itemListElement":[{"@type":"ListItem","position":1,"name":"Accueil","item":"https:\/\/labemacosmetics.com\/"},{"@type":"ListItem","position":2,"name":"Produits","item":"https:\/\/labemacosmetics.com\/shop\/"},{"@type":"ListItem","position":3,"name":"MAYBELLINE Fond de teint Dream Mat Mousse &#8211; 40 Canelle"}]},{"@type":"WebSite","@id":"https:\/\/labemacosmetics.com\/#website","url":"https:\/\/labemacosmetics.com\/","name":"Lab&eacute;ma Cosmetics","description":"","potentialAction":[{"@type":"SearchAction","target":{"@type":"EntryPoint","urlTemplate":"https:\/\/labemacosmetics.com\/?s={search_term_string}"},"query-input":{"@type":"PropertyValueSpecification","valueRequired":true,"valueName":"search_term_string"}}],"inLanguage":"en-GB"}]},"product_brand":"Maybelline","product_price_amount":"8000","product_price_currency":"XOF","og_availability":"out of stock","product_availability":"out of stock","product_condition":"new"},"_links":{"self":[{"href":"https:\/\/labemacosmetics.com\/en\/wp-json\/wp\/v2\/product\/4190","targetHints":{"allow":["GET"]}}],"collection":[{"href":"https:\/\/labemacosmetics.com\/en\/wp-json\/wp\/v2\/product"}],"about":[{"href":"https:\/\/labemacosmetics.com\/en\/wp-json\/wp\/v2\/types\/product"}],"replies":[{"embeddable":true,"href":"https:\/\/labemacosmetics.com\/en\/wp-json\/wp\/v2\/comments?post=4190"}],"version-history":[{"count":0,"href":"https:\/\/labemacosmetics.com\/en\/wp-json\/wp\/v2\/product\/4190\/revisions"}],"wp:featuredmedia":[{"embeddable":true,"href":"https:\/\/labemacosmetics.com\/en\/wp-json\/wp\/v2\/media\/5944"}],"wp:attachment":[{"href":"https:\/\/labemacosmetics.com\/en\/wp-json\/wp\/v2\/media?parent=4190"}],"wp:term":[{"taxonomy":"product_brand","embeddable":true,"href":"https:\/\/labemacosmetics.com\/en\/wp-json\/wp\/v2\/product_brand?post=4190"},{"taxonomy":"product_cat","embeddable":true,"href":"https:\/\/labemacosmetics.com\/en\/wp-json\/wp\/v2\/product_cat?post=4190"},{"taxonomy":"product_tag","embeddable":true,"href":"https:\/\/labemacosmetics.com\/en\/wp-json\/wp\/v2\/product_tag?post=4190"}],"curies":[{"name":"wp","href":"https:\/\/api.w.org\/{rel}","templated":true}]}}