{"id":4188,"date":"2019-09-04T14:23:48","date_gmt":"2019-09-04T12:23:48","guid":{"rendered":"https:\/\/www.labemacosmetics.com\/?post_type=product&#038;p=4188"},"modified":"2023-05-21T14:13:19","modified_gmt":"2023-05-21T13:13:19","slug":"rouge-a-levres-liquide-porte-baisers-fini-mat-true-blood-etam","status":"publish","type":"product","link":"https:\/\/labemacosmetics.com\/en\/product\/rouge-a-levres-liquide-porte-baisers-fini-mat-true-blood-etam\/","title":{"rendered":"ETAM Rouge \u00e0 l\u00e8vres liquide &#8211; Porte baisers &#8211; Fini mat"},"content":{"rendered":"<h6 id=\"title\">rouge \u00e0 l\u00e8vres liquide &#8211; Porte-baisers &#8211; Fini mat &#8211; True blood<\/h6>\n<div class=\"grep_description\">Ainsi en chacune de nous sommeille une femme fatale qui ne demande qu&rsquo;\u00e0 s&rsquo;affirmer&#8230; Avec ce rouge \u00e0 l\u00e8vres liquide, c&rsquo;est chose faite\u00a0! Alors il r\u00e9v\u00e8le tout le glamour de votre sourire gr\u00e2ce \u00e0 sa texture ultra-couvrante, ses pigments intenses et son fini mat des plus tendance. Donc une arme de s\u00e9duction massive\u00a0!<\/div>\n<div><strong>On aime<\/strong><br \/>\n&#8211; Son fini mat tendance<br \/>\n&#8211; Sa tenue longue dur\u00e9e et sans transfert<br \/>\n&#8211; Sa pigmentation intense<\/div>\n<div><\/div>","protected":false},"excerpt":{"rendered":"<h6 id=\"title\"><\/h6>\n<div class=\"grep_description\">En chacune de nous sommeille une femme fatale qui ne demande qu&rsquo;\u00e0 s&rsquo;affirmer&#8230; Avec ce rouge \u00e0 l\u00e8vres liquide, c&rsquo;est chose faite\u00a0! Il r\u00e9v\u00e8le tout le glamour de votre sourire gr\u00e2ce \u00e0 sa texture ultra-couvrante, ses pigments intenses et son fini mat des plus tendance. Une arme de s\u00e9duction massive\u00a0!<\/div>","protected":false},"featured_media":5912,"comment_status":"closed","ping_status":"closed","template":"","meta":{"om_disable_all_campaigns":false,"_mi_skip_tracking":false,"_monsterinsights_sitenote_active":false,"_monsterinsights_sitenote_note":"","_monsterinsights_sitenote_category":0},"product_brand":[],"product_cat":[127,123,110,103,122],"product_tag":[],"class_list":{"0":"post-4188","1":"product","2":"type-product","3":"status-publish","4":"has-post-thumbnail","6":"product_cat-boutique","7":"product_cat-gloss","8":"product_cat-levres","9":"product_cat-maquillage","10":"product_cat-rouge-a-levres","11":"yith_product_brand-etam","13":"first","14":"instock","15":"sale","16":"shipping-taxable","17":"purchasable","18":"product-type-simple"},"yoast_head":"<!-- This site is optimized with the Yoast SEO Premium plugin v20.8 (Yoast SEO v27.4) - https:\/\/yoast.com\/product\/yoast-seo-premium-wordpress\/ -->\n<title>rouge \u00e0 l\u00e8vres liquide - Porte-baisers - Fini mat - True blood - Etam - Lab\u00e9ma Cosmetics | Dakar - S\u00e9n\u00e9gal<\/title>\n<meta name=\"description\" content=\"En chacune de nous sommeille une femme fatale qui ne demande qu&#039;\u00e0 s&#039;affirmer... Avec ce rouge \u00e0 l\u00e8vres liquide, c&#039;est chose faite\" \/>\n<meta name=\"robots\" content=\"index, follow, max-snippet:-1, max-image-preview:large, max-video-preview:-1\" \/>\n<link rel=\"canonical\" href=\"https:\/\/labemacosmetics.com\/en\/product\/rouge-a-levres-liquide-porte-baisers-fini-mat-true-blood-etam\/\" \/>\n<meta property=\"og:locale\" content=\"en_GB\" \/>\n<meta property=\"og:type\" content=\"article\" \/>\n<meta property=\"og:title\" content=\"ETAM Rouge \u00e0 l\u00e8vres liquide - Porte baisers - Fini mat\" \/>\n<meta property=\"og:description\" content=\"En chacune de nous sommeille une femme fatale qui ne demande qu&#039;\u00e0 s&#039;affirmer... Avec ce rouge \u00e0 l\u00e8vres liquide, c&#039;est chose faite\" \/>\n<meta property=\"og:url\" content=\"https:\/\/labemacosmetics.com\/en\/product\/rouge-a-levres-liquide-porte-baisers-fini-mat-true-blood-etam\/\" \/>\n<meta property=\"og:site_name\" content=\"Lab&eacute;ma Cosmetics\" \/>\n<meta property=\"article:publisher\" content=\"http:\/\/www.facebook.com\/labemacosmetics\" \/>\n<meta property=\"article:modified_time\" content=\"2023-05-21T13:13:19+00:00\" \/>\n<meta property=\"og:image\" content=\"https:\/\/labemacosmetics.com\/wp-content\/uploads\/2019\/09\/Gloss_Mat_Porte_Baisers.png\" \/>\n\t<meta property=\"og:image:width\" content=\"600\" \/>\n\t<meta property=\"og:image:height\" content=\"726\" \/>\n\t<meta property=\"og:image:type\" content=\"image\/png\" \/>\n<meta name=\"twitter:card\" content=\"summary_large_image\" \/>\n<meta name=\"twitter:site\" content=\"@Labemasn\" \/>\n<meta name=\"twitter:label1\" content=\"Price\" \/>\n\t<meta name=\"twitter:data1\" content=\"6 000&nbsp;CFA\" \/>\n\t<meta name=\"twitter:label2\" content=\"Availability\" \/>\n\t<meta name=\"twitter:data2\" content=\"In stock\" \/>\n<script type=\"application\/ld+json\" class=\"yoast-schema-graph\">{\"@context\":\"https:\\\/\\\/schema.org\",\"@graph\":[{\"@type\":\"WebPage\",\"@id\":\"https:\\\/\\\/labemacosmetics.com\\\/en\\\/product\\\/rouge-a-levres-liquide-porte-baisers-fini-mat-true-blood-etam\\\/\",\"url\":\"https:\\\/\\\/labemacosmetics.com\\\/en\\\/product\\\/rouge-a-levres-liquide-porte-baisers-fini-mat-true-blood-etam\\\/\",\"name\":\"rouge \u00e0 l\u00e8vres liquide - Porte-baisers - Fini mat - True blood - Etam - Lab\u00e9ma Cosmetics | Dakar - S\u00e9n\u00e9gal\",\"isPartOf\":{\"@id\":\"https:\\\/\\\/labemacosmetics.com\\\/#website\"},\"primaryImageOfPage\":{\"@id\":\"https:\\\/\\\/labemacosmetics.com\\\/en\\\/product\\\/rouge-a-levres-liquide-porte-baisers-fini-mat-true-blood-etam\\\/#primaryimage\"},\"image\":{\"@id\":\"https:\\\/\\\/labemacosmetics.com\\\/en\\\/product\\\/rouge-a-levres-liquide-porte-baisers-fini-mat-true-blood-etam\\\/#primaryimage\"},\"thumbnailUrl\":\"https:\\\/\\\/labemacosmetics.com\\\/wp-content\\\/uploads\\\/2019\\\/09\\\/Gloss_Mat_Porte_Baisers.png\",\"datePublished\":\"2019-09-04T12:23:48+00:00\",\"dateModified\":\"2023-05-21T13:13:19+00:00\",\"description\":\"En chacune de nous sommeille une femme fatale qui ne demande qu'\u00e0 s'affirmer... Avec ce rouge \u00e0 l\u00e8vres liquide, c'est chose faite\",\"breadcrumb\":{\"@id\":\"https:\\\/\\\/labemacosmetics.com\\\/en\\\/product\\\/rouge-a-levres-liquide-porte-baisers-fini-mat-true-blood-etam\\\/#breadcrumb\"},\"inLanguage\":\"en-GB\",\"potentialAction\":[{\"@type\":\"ReadAction\",\"target\":[\"https:\\\/\\\/labemacosmetics.com\\\/en\\\/product\\\/rouge-a-levres-liquide-porte-baisers-fini-mat-true-blood-etam\\\/\"]}]},{\"@type\":\"ImageObject\",\"inLanguage\":\"en-GB\",\"@id\":\"https:\\\/\\\/labemacosmetics.com\\\/en\\\/product\\\/rouge-a-levres-liquide-porte-baisers-fini-mat-true-blood-etam\\\/#primaryimage\",\"url\":\"https:\\\/\\\/labemacosmetics.com\\\/wp-content\\\/uploads\\\/2019\\\/09\\\/Gloss_Mat_Porte_Baisers.png\",\"contentUrl\":\"https:\\\/\\\/labemacosmetics.com\\\/wp-content\\\/uploads\\\/2019\\\/09\\\/Gloss_Mat_Porte_Baisers.png\",\"width\":600,\"height\":726,\"caption\":\"Gloss Mat porte baisers\"},{\"@type\":\"BreadcrumbList\",\"@id\":\"https:\\\/\\\/labemacosmetics.com\\\/en\\\/product\\\/rouge-a-levres-liquide-porte-baisers-fini-mat-true-blood-etam\\\/#breadcrumb\",\"itemListElement\":[{\"@type\":\"ListItem\",\"position\":1,\"name\":\"Accueil\",\"item\":\"https:\\\/\\\/labemacosmetics.com\\\/\"},{\"@type\":\"ListItem\",\"position\":2,\"name\":\"Produits\",\"item\":\"https:\\\/\\\/labemacosmetics.com\\\/shop\\\/\"},{\"@type\":\"ListItem\",\"position\":3,\"name\":\"ETAM Rouge \u00e0 l\u00e8vres liquide &#8211; Porte baisers &#8211; Fini mat\"}]},{\"@type\":\"WebSite\",\"@id\":\"https:\\\/\\\/labemacosmetics.com\\\/#website\",\"url\":\"https:\\\/\\\/labemacosmetics.com\\\/\",\"name\":\"Lab&eacute;ma Cosmetics\",\"description\":\"\",\"potentialAction\":[{\"@type\":\"SearchAction\",\"target\":{\"@type\":\"EntryPoint\",\"urlTemplate\":\"https:\\\/\\\/labemacosmetics.com\\\/?s={search_term_string}\"},\"query-input\":{\"@type\":\"PropertyValueSpecification\",\"valueRequired\":true,\"valueName\":\"search_term_string\"}}],\"inLanguage\":\"en-GB\"}]}<\/script>\n<meta property=\"product:brand\" content=\"Etam\" \/>\n<meta property=\"product:price:amount\" content=\"6000\" \/>\n<meta property=\"product:price:currency\" content=\"XOF\" \/>\n<meta property=\"og:availability\" content=\"instock\" \/>\n<meta property=\"product:availability\" content=\"instock\" \/>\n<meta property=\"product:condition\" content=\"new\" \/>\n<!-- \/ Yoast SEO Premium plugin. -->","yoast_head_json":{"title":"rouge \u00e0 l\u00e8vres liquide - Porte-baisers - Fini mat - True blood - Etam - Lab\u00e9ma Cosmetics | Dakar - S\u00e9n\u00e9gal","description":"En chacune de nous sommeille une femme fatale qui ne demande qu'\u00e0 s'affirmer... Avec ce rouge \u00e0 l\u00e8vres liquide, c'est chose faite","robots":{"index":"index","follow":"follow","max-snippet":"max-snippet:-1","max-image-preview":"max-image-preview:large","max-video-preview":"max-video-preview:-1"},"canonical":"https:\/\/labemacosmetics.com\/en\/product\/rouge-a-levres-liquide-porte-baisers-fini-mat-true-blood-etam\/","og_locale":"en_GB","og_type":"article","og_title":"ETAM Rouge \u00e0 l\u00e8vres liquide - Porte baisers - Fini mat","og_description":"En chacune de nous sommeille une femme fatale qui ne demande qu'\u00e0 s'affirmer... Avec ce rouge \u00e0 l\u00e8vres liquide, c'est chose faite","og_url":"https:\/\/labemacosmetics.com\/en\/product\/rouge-a-levres-liquide-porte-baisers-fini-mat-true-blood-etam\/","og_site_name":"Lab&eacute;ma Cosmetics","article_publisher":"http:\/\/www.facebook.com\/labemacosmetics","article_modified_time":"2023-05-21T13:13:19+00:00","og_image":[{"width":600,"height":726,"url":"https:\/\/labemacosmetics.com\/wp-content\/uploads\/2019\/09\/Gloss_Mat_Porte_Baisers.png","type":"image\/png"}],"twitter_card":"summary_large_image","twitter_site":"@Labemasn","twitter_misc":{"Price":"6 000&nbsp;CFA","Availability":"In stock"},"schema":{"@context":"https:\/\/schema.org","@graph":[{"@type":"WebPage","@id":"https:\/\/labemacosmetics.com\/en\/product\/rouge-a-levres-liquide-porte-baisers-fini-mat-true-blood-etam\/","url":"https:\/\/labemacosmetics.com\/en\/product\/rouge-a-levres-liquide-porte-baisers-fini-mat-true-blood-etam\/","name":"rouge \u00e0 l\u00e8vres liquide - Porte-baisers - Fini mat - True blood - Etam - Lab\u00e9ma Cosmetics | Dakar - S\u00e9n\u00e9gal","isPartOf":{"@id":"https:\/\/labemacosmetics.com\/#website"},"primaryImageOfPage":{"@id":"https:\/\/labemacosmetics.com\/en\/product\/rouge-a-levres-liquide-porte-baisers-fini-mat-true-blood-etam\/#primaryimage"},"image":{"@id":"https:\/\/labemacosmetics.com\/en\/product\/rouge-a-levres-liquide-porte-baisers-fini-mat-true-blood-etam\/#primaryimage"},"thumbnailUrl":"https:\/\/labemacosmetics.com\/wp-content\/uploads\/2019\/09\/Gloss_Mat_Porte_Baisers.png","datePublished":"2019-09-04T12:23:48+00:00","dateModified":"2023-05-21T13:13:19+00:00","description":"En chacune de nous sommeille une femme fatale qui ne demande qu'\u00e0 s'affirmer... Avec ce rouge \u00e0 l\u00e8vres liquide, c'est chose faite","breadcrumb":{"@id":"https:\/\/labemacosmetics.com\/en\/product\/rouge-a-levres-liquide-porte-baisers-fini-mat-true-blood-etam\/#breadcrumb"},"inLanguage":"en-GB","potentialAction":[{"@type":"ReadAction","target":["https:\/\/labemacosmetics.com\/en\/product\/rouge-a-levres-liquide-porte-baisers-fini-mat-true-blood-etam\/"]}]},{"@type":"ImageObject","inLanguage":"en-GB","@id":"https:\/\/labemacosmetics.com\/en\/product\/rouge-a-levres-liquide-porte-baisers-fini-mat-true-blood-etam\/#primaryimage","url":"https:\/\/labemacosmetics.com\/wp-content\/uploads\/2019\/09\/Gloss_Mat_Porte_Baisers.png","contentUrl":"https:\/\/labemacosmetics.com\/wp-content\/uploads\/2019\/09\/Gloss_Mat_Porte_Baisers.png","width":600,"height":726,"caption":"Gloss Mat porte baisers"},{"@type":"BreadcrumbList","@id":"https:\/\/labemacosmetics.com\/en\/product\/rouge-a-levres-liquide-porte-baisers-fini-mat-true-blood-etam\/#breadcrumb","itemListElement":[{"@type":"ListItem","position":1,"name":"Accueil","item":"https:\/\/labemacosmetics.com\/"},{"@type":"ListItem","position":2,"name":"Produits","item":"https:\/\/labemacosmetics.com\/shop\/"},{"@type":"ListItem","position":3,"name":"ETAM Rouge \u00e0 l\u00e8vres liquide &#8211; Porte baisers &#8211; Fini mat"}]},{"@type":"WebSite","@id":"https:\/\/labemacosmetics.com\/#website","url":"https:\/\/labemacosmetics.com\/","name":"Lab&eacute;ma Cosmetics","description":"","potentialAction":[{"@type":"SearchAction","target":{"@type":"EntryPoint","urlTemplate":"https:\/\/labemacosmetics.com\/?s={search_term_string}"},"query-input":{"@type":"PropertyValueSpecification","valueRequired":true,"valueName":"search_term_string"}}],"inLanguage":"en-GB"}]},"product_brand":"Etam","product_price_amount":"6000","product_price_currency":"XOF","og_availability":"instock","product_availability":"instock","product_condition":"new"},"_links":{"self":[{"href":"https:\/\/labemacosmetics.com\/en\/wp-json\/wp\/v2\/product\/4188","targetHints":{"allow":["GET"]}}],"collection":[{"href":"https:\/\/labemacosmetics.com\/en\/wp-json\/wp\/v2\/product"}],"about":[{"href":"https:\/\/labemacosmetics.com\/en\/wp-json\/wp\/v2\/types\/product"}],"replies":[{"embeddable":true,"href":"https:\/\/labemacosmetics.com\/en\/wp-json\/wp\/v2\/comments?post=4188"}],"version-history":[{"count":0,"href":"https:\/\/labemacosmetics.com\/en\/wp-json\/wp\/v2\/product\/4188\/revisions"}],"wp:featuredmedia":[{"embeddable":true,"href":"https:\/\/labemacosmetics.com\/en\/wp-json\/wp\/v2\/media\/5912"}],"wp:attachment":[{"href":"https:\/\/labemacosmetics.com\/en\/wp-json\/wp\/v2\/media?parent=4188"}],"wp:term":[{"taxonomy":"product_brand","embeddable":true,"href":"https:\/\/labemacosmetics.com\/en\/wp-json\/wp\/v2\/product_brand?post=4188"},{"taxonomy":"product_cat","embeddable":true,"href":"https:\/\/labemacosmetics.com\/en\/wp-json\/wp\/v2\/product_cat?post=4188"},{"taxonomy":"product_tag","embeddable":true,"href":"https:\/\/labemacosmetics.com\/en\/wp-json\/wp\/v2\/product_tag?post=4188"}],"curies":[{"name":"wp","href":"https:\/\/api.w.org\/{rel}","templated":true}]}}