{"id":4174,"date":"2019-09-04T14:46:47","date_gmt":"2019-09-04T13:46:47","guid":{"rendered":"https:\/\/www.labemacosmetics.com\/?post_type=product&#038;p=4174"},"modified":"2023-06-05T20:56:52","modified_gmt":"2023-06-05T19:56:52","slug":"byphasse-masque-a-largile-nutritif-visage-a-largile-nutritif-150ml","status":"publish","type":"product","link":"https:\/\/labemacosmetics.com\/en\/product\/byphasse-masque-a-largile-nutritif-visage-a-largile-nutritif-150ml\/","title":{"rendered":"BYPHASSE Masque \u00e0 l&rsquo;argile Nutritif"},"content":{"rendered":"<h6><strong>Description masque \u00e0 l&rsquo;argile<\/strong><\/h6>\n<div id=\"presContent\" class=\"fpBlk testSep extCode\">Le masque \u00e0 l&rsquo;argile Nutritif Byphasse, r\u00e9g\u00e9n\u00e8re et nourrit la peau en la laissant douce et revitalis\u00e9e par sa formule \u00e0 l&rsquo;allanto\u00efne, connue pour ses propri\u00e9t\u00e9s r\u00e9g\u00e9n\u00e9ratrices. Ainsi la provitamine B5 et la gel\u00e9e royale nourrissent et stimulent le renouvellement cellulaire. Donc le r\u00e9sultat beaut\u00e9 : Une\u00a0peau douce et nourrie\u2022 90% de la formule avec des ingr\u00e9dients d&rsquo;origine naturelle\u2022 Tol\u00e9rance test\u00e9e sous contr\u00f4le dermatologique<\/div>\n<div id=\"desc\" class=\"anchor\"><\/div>\n<div id=\"descContent\" class=\"fpBlk testSep\" data-cs-override-id=\"Descriptif\">\n<p class=\"fpMb\">Conseil\u00a0d&rsquo;utilisation :\u00a0 Appliquer\u00a0masque \u00e0 l&rsquo;argile sur le visage sur une peau propre et s\u00e8che. Laisser agir pendant 15 \u00e0 20 minutes jusqu&rsquo;\u00e0 ce qu&rsquo;il durcisse. ALors rincer \u00e0 l&rsquo;eau ti\u00e8de jusqu&rsquo;\u00e0 ce qu&rsquo;il n&rsquo;y ait plus de r\u00e9sidus<\/p>\n<\/div>\n<p><strong>R\u00e9sultat beaut\u00e9 :\u00a0<\/strong>Une<strong>\u00a0<\/strong>peau douce et nourrie<\/p>\n<p><strong>Ingr\u00e9dients :\u00a0<\/strong>Aqua (Water), Kaolin, Titanium Dioxide, Propylene Glycol, Cetearyl Alcohol, Glycerin, Benzyl Alcohol, Glyceryl Stearate, PEG-100 Stearate, Stearic Acid, Allantoin, Panthenol, Royal Jelly, Sodium Polyacrylate, Dicaprylyl Carbonate, Parfum (Fragrance), Sodium Hydroxide, Ethylhexylglycerin, Montmorillonite, Polyglyceryl-3 Caprate, Tetrasodium Glutamate Diacetate, Illite, Tocopherol, CI 77492 (Iron Oxide Yellow).<\/p>\n<h6><strong>Conditions d\u2019utilisation\u00a0<\/strong><\/h6>\n<p>Appliquer le masque \u00e0 argile sur le visage sur une peau propre et s\u00e8che. Laisser agir pendant 15 \u00e0 20 minutes jusqu\u2019\u00e0 ce qu\u2019il durcisse. Rincer \u00e0 l\u2019eau ti\u00e8de jusqu\u2019\u00e0 ce qu\u2019il n\u2019y ait plus de r\u00e9sidus.<\/p>","protected":false},"excerpt":{"rendered":"<p>Le masque \u00e0 l\u2019argile Nutritif Byphasse, r\u00e9g\u00e9n\u00e8re et nourrit la peau en la laissant douce et revitalis\u00e9e par sa formule \u00e0 l\u2019allanto\u00efne<\/p>","protected":false},"featured_media":5821,"comment_status":"closed","ping_status":"closed","template":"","meta":{"om_disable_all_campaigns":false,"_mi_skip_tracking":false,"_monsterinsights_sitenote_active":false,"_monsterinsights_sitenote_note":"","_monsterinsights_sitenote_category":0},"product_brand":[],"product_cat":[127,1742,515,512,128,513],"product_tag":[],"class_list":{"0":"post-4174","1":"product","2":"type-product","3":"status-publish","4":"has-post-thumbnail","6":"product_cat-boutique","7":"product_cat-masques","8":"product_cat-peaux-mixtes-a-grasses","9":"product_cat-produits-par-besoin","10":"product_cat-soin-de-visage","11":"product_cat-type-de-peau","12":"yith_product_brand-byphasse","14":"first","15":"outofstock","16":"shipping-taxable","17":"purchasable","18":"product-type-simple"},"yoast_head":"<!-- This site is optimized with the Yoast SEO Premium plugin v20.8 (Yoast SEO v27.4) - https:\/\/yoast.com\/product\/yoast-seo-premium-wordpress\/ -->\n<title>Byphasse masque \u00e0 l&#039;argile nutritif - Lab\u00e9ma Cosmetics | Dakar - S\u00e9n\u00e9gal<\/title>\n<meta name=\"description\" content=\"masque \u00e0 l&#039;argile Nutritif Byphasse, r\u00e9g\u00e9n\u00e8re et nourrit la peau en la laissant douce et revitalis\u00e9e par sa formule \u00e0 l\u2019allanto\u00efne\" \/>\n<meta name=\"robots\" content=\"index, follow, max-snippet:-1, max-image-preview:large, max-video-preview:-1\" \/>\n<link rel=\"canonical\" href=\"https:\/\/labemacosmetics.com\/en\/product\/byphasse-masque-a-largile-nutritif-visage-a-largile-nutritif-150ml\/\" \/>\n<meta property=\"og:locale\" content=\"en_GB\" \/>\n<meta property=\"og:type\" content=\"article\" \/>\n<meta property=\"og:title\" content=\"BYPHASSE Masque \u00e0 l&#039;argile Nutritif\" \/>\n<meta property=\"og:description\" content=\"masque \u00e0 l&#039;argile Nutritif Byphasse, r\u00e9g\u00e9n\u00e8re et nourrit la peau en la laissant douce et revitalis\u00e9e par sa formule \u00e0 l\u2019allanto\u00efne\" \/>\n<meta property=\"og:url\" content=\"https:\/\/labemacosmetics.com\/en\/product\/byphasse-masque-a-largile-nutritif-visage-a-largile-nutritif-150ml\/\" \/>\n<meta property=\"og:site_name\" content=\"Lab&eacute;ma Cosmetics\" \/>\n<meta property=\"article:publisher\" content=\"http:\/\/www.facebook.com\/labemacosmetics\" \/>\n<meta property=\"article:modified_time\" content=\"2023-06-05T19:56:52+00:00\" \/>\n<meta property=\"og:image\" content=\"https:\/\/labemacosmetics.com\/wp-content\/uploads\/2019\/09\/Masque-Byphasse.png\" \/>\n\t<meta property=\"og:image:width\" content=\"600\" \/>\n\t<meta property=\"og:image:height\" content=\"726\" \/>\n\t<meta property=\"og:image:type\" content=\"image\/png\" \/>\n<meta name=\"twitter:card\" content=\"summary_large_image\" \/>\n<meta name=\"twitter:site\" content=\"@Labemasn\" \/>\n<meta name=\"twitter:label1\" content=\"Price\" \/>\n\t<meta name=\"twitter:data1\" content=\"3 500&nbsp;CFA\" \/>\n\t<meta name=\"twitter:label2\" content=\"Availability\" \/>\n\t<meta name=\"twitter:data2\" content=\"Out of stock\" \/>\n<script type=\"application\/ld+json\" class=\"yoast-schema-graph\">{\"@context\":\"https:\\\/\\\/schema.org\",\"@graph\":[{\"@type\":\"WebPage\",\"@id\":\"https:\\\/\\\/labemacosmetics.com\\\/en\\\/product\\\/byphasse-masque-a-largile-nutritif-visage-a-largile-nutritif-150ml\\\/\",\"url\":\"https:\\\/\\\/labemacosmetics.com\\\/en\\\/product\\\/byphasse-masque-a-largile-nutritif-visage-a-largile-nutritif-150ml\\\/\",\"name\":\"Byphasse masque \u00e0 l'argile nutritif - Lab\u00e9ma Cosmetics | Dakar - S\u00e9n\u00e9gal\",\"isPartOf\":{\"@id\":\"https:\\\/\\\/labemacosmetics.com\\\/#website\"},\"primaryImageOfPage\":{\"@id\":\"https:\\\/\\\/labemacosmetics.com\\\/en\\\/product\\\/byphasse-masque-a-largile-nutritif-visage-a-largile-nutritif-150ml\\\/#primaryimage\"},\"image\":{\"@id\":\"https:\\\/\\\/labemacosmetics.com\\\/en\\\/product\\\/byphasse-masque-a-largile-nutritif-visage-a-largile-nutritif-150ml\\\/#primaryimage\"},\"thumbnailUrl\":\"https:\\\/\\\/labemacosmetics.com\\\/wp-content\\\/uploads\\\/2019\\\/09\\\/Masque-Byphasse.png\",\"datePublished\":\"2019-09-04T13:46:47+00:00\",\"dateModified\":\"2023-06-05T19:56:52+00:00\",\"description\":\"masque \u00e0 l'argile Nutritif Byphasse, r\u00e9g\u00e9n\u00e8re et nourrit la peau en la laissant douce et revitalis\u00e9e par sa formule \u00e0 l\u2019allanto\u00efne\",\"breadcrumb\":{\"@id\":\"https:\\\/\\\/labemacosmetics.com\\\/en\\\/product\\\/byphasse-masque-a-largile-nutritif-visage-a-largile-nutritif-150ml\\\/#breadcrumb\"},\"inLanguage\":\"en-GB\",\"potentialAction\":[{\"@type\":\"ReadAction\",\"target\":[\"https:\\\/\\\/labemacosmetics.com\\\/en\\\/product\\\/byphasse-masque-a-largile-nutritif-visage-a-largile-nutritif-150ml\\\/\"]}]},{\"@type\":\"ImageObject\",\"inLanguage\":\"en-GB\",\"@id\":\"https:\\\/\\\/labemacosmetics.com\\\/en\\\/product\\\/byphasse-masque-a-largile-nutritif-visage-a-largile-nutritif-150ml\\\/#primaryimage\",\"url\":\"https:\\\/\\\/labemacosmetics.com\\\/wp-content\\\/uploads\\\/2019\\\/09\\\/Masque-Byphasse.png\",\"contentUrl\":\"https:\\\/\\\/labemacosmetics.com\\\/wp-content\\\/uploads\\\/2019\\\/09\\\/Masque-Byphasse.png\",\"width\":600,\"height\":726,\"caption\":\"Masque Byphasse\"},{\"@type\":\"BreadcrumbList\",\"@id\":\"https:\\\/\\\/labemacosmetics.com\\\/en\\\/product\\\/byphasse-masque-a-largile-nutritif-visage-a-largile-nutritif-150ml\\\/#breadcrumb\",\"itemListElement\":[{\"@type\":\"ListItem\",\"position\":1,\"name\":\"Accueil\",\"item\":\"https:\\\/\\\/labemacosmetics.com\\\/\"},{\"@type\":\"ListItem\",\"position\":2,\"name\":\"Produits\",\"item\":\"https:\\\/\\\/labemacosmetics.com\\\/shop\\\/\"},{\"@type\":\"ListItem\",\"position\":3,\"name\":\"BYPHASSE Masque \u00e0 l&rsquo;argile Nutritif\"}]},{\"@type\":\"WebSite\",\"@id\":\"https:\\\/\\\/labemacosmetics.com\\\/#website\",\"url\":\"https:\\\/\\\/labemacosmetics.com\\\/\",\"name\":\"Lab&eacute;ma Cosmetics\",\"description\":\"\",\"potentialAction\":[{\"@type\":\"SearchAction\",\"target\":{\"@type\":\"EntryPoint\",\"urlTemplate\":\"https:\\\/\\\/labemacosmetics.com\\\/?s={search_term_string}\"},\"query-input\":{\"@type\":\"PropertyValueSpecification\",\"valueRequired\":true,\"valueName\":\"search_term_string\"}}],\"inLanguage\":\"en-GB\"}]}<\/script>\n<meta property=\"product:brand\" content=\"Byphasse\" \/>\n<meta property=\"product:price:amount\" content=\"3500\" \/>\n<meta property=\"product:price:currency\" content=\"XOF\" \/>\n<meta property=\"og:availability\" content=\"out of stock\" \/>\n<meta property=\"product:availability\" content=\"out of stock\" \/>\n<meta property=\"product:condition\" content=\"new\" \/>\n<!-- \/ Yoast SEO Premium plugin. -->","yoast_head_json":{"title":"Byphasse masque \u00e0 l'argile nutritif - Lab\u00e9ma Cosmetics | Dakar - S\u00e9n\u00e9gal","description":"masque \u00e0 l'argile Nutritif Byphasse, r\u00e9g\u00e9n\u00e8re et nourrit la peau en la laissant douce et revitalis\u00e9e par sa formule \u00e0 l\u2019allanto\u00efne","robots":{"index":"index","follow":"follow","max-snippet":"max-snippet:-1","max-image-preview":"max-image-preview:large","max-video-preview":"max-video-preview:-1"},"canonical":"https:\/\/labemacosmetics.com\/en\/product\/byphasse-masque-a-largile-nutritif-visage-a-largile-nutritif-150ml\/","og_locale":"en_GB","og_type":"article","og_title":"BYPHASSE Masque \u00e0 l'argile Nutritif","og_description":"masque \u00e0 l'argile Nutritif Byphasse, r\u00e9g\u00e9n\u00e8re et nourrit la peau en la laissant douce et revitalis\u00e9e par sa formule \u00e0 l\u2019allanto\u00efne","og_url":"https:\/\/labemacosmetics.com\/en\/product\/byphasse-masque-a-largile-nutritif-visage-a-largile-nutritif-150ml\/","og_site_name":"Lab&eacute;ma Cosmetics","article_publisher":"http:\/\/www.facebook.com\/labemacosmetics","article_modified_time":"2023-06-05T19:56:52+00:00","og_image":[{"width":600,"height":726,"url":"https:\/\/labemacosmetics.com\/wp-content\/uploads\/2019\/09\/Masque-Byphasse.png","type":"image\/png"}],"twitter_card":"summary_large_image","twitter_site":"@Labemasn","twitter_misc":{"Price":"3 500&nbsp;CFA","Availability":"Out of stock"},"schema":{"@context":"https:\/\/schema.org","@graph":[{"@type":"WebPage","@id":"https:\/\/labemacosmetics.com\/en\/product\/byphasse-masque-a-largile-nutritif-visage-a-largile-nutritif-150ml\/","url":"https:\/\/labemacosmetics.com\/en\/product\/byphasse-masque-a-largile-nutritif-visage-a-largile-nutritif-150ml\/","name":"Byphasse masque \u00e0 l'argile nutritif - Lab\u00e9ma Cosmetics | Dakar - S\u00e9n\u00e9gal","isPartOf":{"@id":"https:\/\/labemacosmetics.com\/#website"},"primaryImageOfPage":{"@id":"https:\/\/labemacosmetics.com\/en\/product\/byphasse-masque-a-largile-nutritif-visage-a-largile-nutritif-150ml\/#primaryimage"},"image":{"@id":"https:\/\/labemacosmetics.com\/en\/product\/byphasse-masque-a-largile-nutritif-visage-a-largile-nutritif-150ml\/#primaryimage"},"thumbnailUrl":"https:\/\/labemacosmetics.com\/wp-content\/uploads\/2019\/09\/Masque-Byphasse.png","datePublished":"2019-09-04T13:46:47+00:00","dateModified":"2023-06-05T19:56:52+00:00","description":"masque \u00e0 l'argile Nutritif Byphasse, r\u00e9g\u00e9n\u00e8re et nourrit la peau en la laissant douce et revitalis\u00e9e par sa formule \u00e0 l\u2019allanto\u00efne","breadcrumb":{"@id":"https:\/\/labemacosmetics.com\/en\/product\/byphasse-masque-a-largile-nutritif-visage-a-largile-nutritif-150ml\/#breadcrumb"},"inLanguage":"en-GB","potentialAction":[{"@type":"ReadAction","target":["https:\/\/labemacosmetics.com\/en\/product\/byphasse-masque-a-largile-nutritif-visage-a-largile-nutritif-150ml\/"]}]},{"@type":"ImageObject","inLanguage":"en-GB","@id":"https:\/\/labemacosmetics.com\/en\/product\/byphasse-masque-a-largile-nutritif-visage-a-largile-nutritif-150ml\/#primaryimage","url":"https:\/\/labemacosmetics.com\/wp-content\/uploads\/2019\/09\/Masque-Byphasse.png","contentUrl":"https:\/\/labemacosmetics.com\/wp-content\/uploads\/2019\/09\/Masque-Byphasse.png","width":600,"height":726,"caption":"Masque Byphasse"},{"@type":"BreadcrumbList","@id":"https:\/\/labemacosmetics.com\/en\/product\/byphasse-masque-a-largile-nutritif-visage-a-largile-nutritif-150ml\/#breadcrumb","itemListElement":[{"@type":"ListItem","position":1,"name":"Accueil","item":"https:\/\/labemacosmetics.com\/"},{"@type":"ListItem","position":2,"name":"Produits","item":"https:\/\/labemacosmetics.com\/shop\/"},{"@type":"ListItem","position":3,"name":"BYPHASSE Masque \u00e0 l&rsquo;argile Nutritif"}]},{"@type":"WebSite","@id":"https:\/\/labemacosmetics.com\/#website","url":"https:\/\/labemacosmetics.com\/","name":"Lab&eacute;ma Cosmetics","description":"","potentialAction":[{"@type":"SearchAction","target":{"@type":"EntryPoint","urlTemplate":"https:\/\/labemacosmetics.com\/?s={search_term_string}"},"query-input":{"@type":"PropertyValueSpecification","valueRequired":true,"valueName":"search_term_string"}}],"inLanguage":"en-GB"}]},"product_brand":"Byphasse","product_price_amount":"3500","product_price_currency":"XOF","og_availability":"out of stock","product_availability":"out of stock","product_condition":"new"},"_links":{"self":[{"href":"https:\/\/labemacosmetics.com\/en\/wp-json\/wp\/v2\/product\/4174","targetHints":{"allow":["GET"]}}],"collection":[{"href":"https:\/\/labemacosmetics.com\/en\/wp-json\/wp\/v2\/product"}],"about":[{"href":"https:\/\/labemacosmetics.com\/en\/wp-json\/wp\/v2\/types\/product"}],"replies":[{"embeddable":true,"href":"https:\/\/labemacosmetics.com\/en\/wp-json\/wp\/v2\/comments?post=4174"}],"version-history":[{"count":0,"href":"https:\/\/labemacosmetics.com\/en\/wp-json\/wp\/v2\/product\/4174\/revisions"}],"wp:featuredmedia":[{"embeddable":true,"href":"https:\/\/labemacosmetics.com\/en\/wp-json\/wp\/v2\/media\/5821"}],"wp:attachment":[{"href":"https:\/\/labemacosmetics.com\/en\/wp-json\/wp\/v2\/media?parent=4174"}],"wp:term":[{"taxonomy":"product_brand","embeddable":true,"href":"https:\/\/labemacosmetics.com\/en\/wp-json\/wp\/v2\/product_brand?post=4174"},{"taxonomy":"product_cat","embeddable":true,"href":"https:\/\/labemacosmetics.com\/en\/wp-json\/wp\/v2\/product_cat?post=4174"},{"taxonomy":"product_tag","embeddable":true,"href":"https:\/\/labemacosmetics.com\/en\/wp-json\/wp\/v2\/product_tag?post=4174"}],"curies":[{"name":"wp","href":"https:\/\/api.w.org\/{rel}","templated":true}]}}