{"id":4172,"date":"2020-02-21T22:52:17","date_gmt":"2020-02-21T21:52:17","guid":{"rendered":"https:\/\/www.labemacosmetics.com\/?post_type=product&#038;p=4172"},"modified":"2023-05-21T13:50:20","modified_gmt":"2023-05-21T12:50:20","slug":"lait-hydra-repulpant-lierac","status":"publish","type":"product","link":"https:\/\/labemacosmetics.com\/en\/product\/lait-hydra-repulpant-lierac\/","title":{"rendered":"LIERAC Lait De Corps Hydra Repulpant"},"content":{"rendered":"<div class=\"product-tabs\">\n<div class=\"std new-std\">\n<div>Le 1er lait corps\u00a0double hydratation repulpante.<\/div>\n<div>comme son nom l&rsquo;indique le lait hydra repulpant R\u00e9hydrate 48h &#8211; repulpe &#8211; tonifie.<\/div>\n<div>Alors voici le lait concentr\u00e9 en complexe hydra-repulpant, qui combine l&rsquo;action de deux acides hyaluroniques : l&rsquo;un pour une action r\u00e9hydratante imm\u00e9diate en surface, l&rsquo;autre \u00e0 lib\u00e9ration progressive pour une action repulpante longue dur\u00e9e en profondeur<sup>(2)<\/sup>.<\/div>\n<div>Avec la formule est enrichie en silicium et extrait d&rsquo;hibiscus, aux pouvoirs tonifiants et lissants.<\/div>\n<div>Alors sa texture active fra\u00eeche et ultra-l\u00e9g\u00e8re forme un maillage \u00e0 la surface de l&rsquo;\u00e9piderme pour une hydratation performante et longue dur\u00e9e et une peau imm\u00e9diatement repulp\u00e9e .<\/div>\n<div><\/div>\n<\/div>\n<\/div>\n<div class=\"product-tabs\">\n<h2 class=\"tabs-title\">Utilisation du lait hydra repulpant<\/h2>\n<div class=\"std new-std\">\n<div class=\"richtext ng-binding ng-scope\" data-ng-if=\"isHtml()\" data-ng-bind-html=\"trustHtml(attribute.value)\">\n<div>Appliquer ainsi matin et soir sur l&rsquo;ensemble du corps.<\/div>\n<div>A utiliser en association avec le gommage Sensoriel pour un r\u00e9sultat optimal.<\/div>\n<\/div>\n<\/div>\n<\/div>\n<div class=\"product-tabs\">\n<h2 class=\"tabs-title\">Ingr\u00e9dients<\/h2>\n<div class=\"std new-std\">\n<p>Formule INCI : Eau, glyc\u00e9rin, cetyl alcohol, coco-caprylate, dimethicone,\u00a0isostearyl alcohol, hydrogenated polydecene, butylene glycol cocoate, butyrospermium parkii (ishea) butter, c10-18 triglycerides, punica granatum seed extract, hibiscus sabdariffa flower extract, helianthus anuus (sunflower) seed oil, stearic acid, ceteareth -30, palmitic acid,\u00a0polyamide -5,\u00a0caprylyl glycol, carbomer, tromethamine, ethylcellulose,\u00a0 xanthan gum,\u00a0tocopherol, sodium hyaluronate, sodium phytate, sucrose palmitate, methylsilanol mannuronate, propylene glycol, tocopheryl acetate, glyceryl linoleate, sorbic acid, citric acid, chlorphenesin, potassium sorbate, phenoxyethanol, ci 14700\/red 4, ci 17200\/red 33, parfum\/fragrance.<\/p>\n<\/div>\n<\/div>","protected":false},"excerpt":{"rendered":"<div>Le 1er lait corps\u00a0double hydratation repulpante.<\/div>\n<div>comme son nom l&rsquo;indique le lait hydra repulpant R\u00e9hydrate 48h &#8211; repulpe &#8211; tonifie.<\/div>","protected":false},"featured_media":4170,"comment_status":"closed","ping_status":"closed","template":"","meta":{"om_disable_all_campaigns":false,"_mi_skip_tracking":false,"_monsterinsights_sitenote_active":false,"_monsterinsights_sitenote_note":"","_monsterinsights_sitenote_category":0},"product_brand":[],"product_cat":[127,131,550],"product_tag":[],"class_list":{"0":"post-4172","1":"product","2":"type-product","3":"status-publish","4":"has-post-thumbnail","6":"product_cat-boutique","7":"product_cat-corps-cheveux","8":"product_cat-laits","9":"yith_product_brand-lierac","11":"first","12":"instock","13":"shipping-taxable","14":"purchasable","15":"product-type-simple"},"yoast_head":"<!-- This site is optimized with the Yoast SEO Premium plugin v20.8 (Yoast SEO v27.4) - https:\/\/yoast.com\/product\/yoast-seo-premium-wordpress\/ -->\n<title>lait de corps hydra repulpant Lierac- Lab\u00e9ma Cosmetics | Dakar - S\u00e9n\u00e9gal<\/title>\n<meta name=\"description\" content=\"Le 1er lait corps\u00a0double hydratation repulpante. comme son nom l&#039;indique le lait hydra repulpant R\u00e9hydrate 48h - repulpe - tonifie.\" \/>\n<meta name=\"robots\" content=\"index, follow, max-snippet:-1, max-image-preview:large, max-video-preview:-1\" \/>\n<link rel=\"canonical\" href=\"https:\/\/labemacosmetics.com\/en\/product\/lait-hydra-repulpant-lierac\/\" \/>\n<meta property=\"og:locale\" content=\"en_GB\" \/>\n<meta property=\"og:type\" content=\"article\" \/>\n<meta property=\"og:title\" content=\"LIERAC Lait De Corps Hydra Repulpant\" \/>\n<meta property=\"og:description\" content=\"Le 1er lait corps\u00a0double hydratation repulpante. comme son nom l&#039;indique le lait hydra repulpant R\u00e9hydrate 48h - repulpe - tonifie.\" \/>\n<meta property=\"og:url\" content=\"https:\/\/labemacosmetics.com\/en\/product\/lait-hydra-repulpant-lierac\/\" \/>\n<meta property=\"og:site_name\" content=\"Lab&eacute;ma Cosmetics\" \/>\n<meta property=\"article:publisher\" content=\"http:\/\/www.facebook.com\/labemacosmetics\" \/>\n<meta property=\"article:modified_time\" content=\"2023-05-21T12:50:20+00:00\" \/>\n<meta property=\"og:image\" content=\"https:\/\/labemacosmetics.com\/wp-content\/uploads\/2019\/08\/lierac-body-hydra-lait-hydra-48h-z-1.jpg\" \/>\n\t<meta property=\"og:image:width\" content=\"500\" \/>\n\t<meta property=\"og:image:height\" content=\"500\" \/>\n\t<meta property=\"og:image:type\" content=\"image\/jpeg\" \/>\n<meta name=\"twitter:card\" content=\"summary_large_image\" \/>\n<meta name=\"twitter:site\" content=\"@Labemasn\" \/>\n<meta name=\"twitter:label1\" content=\"Price\" \/>\n\t<meta name=\"twitter:data1\" content=\"9 000&nbsp;CFA\" \/>\n\t<meta name=\"twitter:label2\" content=\"Availability\" \/>\n\t<meta name=\"twitter:data2\" content=\"In stock\" \/>\n<script type=\"application\/ld+json\" class=\"yoast-schema-graph\">{\"@context\":\"https:\\\/\\\/schema.org\",\"@graph\":[{\"@type\":\"WebPage\",\"@id\":\"https:\\\/\\\/labemacosmetics.com\\\/en\\\/product\\\/lait-hydra-repulpant-lierac\\\/\",\"url\":\"https:\\\/\\\/labemacosmetics.com\\\/en\\\/product\\\/lait-hydra-repulpant-lierac\\\/\",\"name\":\"lait de corps hydra repulpant Lierac- Lab\u00e9ma Cosmetics | Dakar - S\u00e9n\u00e9gal\",\"isPartOf\":{\"@id\":\"https:\\\/\\\/labemacosmetics.com\\\/#website\"},\"primaryImageOfPage\":{\"@id\":\"https:\\\/\\\/labemacosmetics.com\\\/en\\\/product\\\/lait-hydra-repulpant-lierac\\\/#primaryimage\"},\"image\":{\"@id\":\"https:\\\/\\\/labemacosmetics.com\\\/en\\\/product\\\/lait-hydra-repulpant-lierac\\\/#primaryimage\"},\"thumbnailUrl\":\"https:\\\/\\\/labemacosmetics.com\\\/wp-content\\\/uploads\\\/2019\\\/08\\\/lierac-body-hydra-lait-hydra-48h-z-1.jpg\",\"datePublished\":\"2020-02-21T21:52:17+00:00\",\"dateModified\":\"2023-05-21T12:50:20+00:00\",\"description\":\"Le 1er lait corps\u00a0double hydratation repulpante. comme son nom l'indique le lait hydra repulpant R\u00e9hydrate 48h - repulpe - tonifie.\",\"breadcrumb\":{\"@id\":\"https:\\\/\\\/labemacosmetics.com\\\/en\\\/product\\\/lait-hydra-repulpant-lierac\\\/#breadcrumb\"},\"inLanguage\":\"en-GB\",\"potentialAction\":[{\"@type\":\"ReadAction\",\"target\":[\"https:\\\/\\\/labemacosmetics.com\\\/en\\\/product\\\/lait-hydra-repulpant-lierac\\\/\"]}]},{\"@type\":\"ImageObject\",\"inLanguage\":\"en-GB\",\"@id\":\"https:\\\/\\\/labemacosmetics.com\\\/en\\\/product\\\/lait-hydra-repulpant-lierac\\\/#primaryimage\",\"url\":\"https:\\\/\\\/labemacosmetics.com\\\/wp-content\\\/uploads\\\/2019\\\/08\\\/lierac-body-hydra-lait-hydra-48h-z-1.jpg\",\"contentUrl\":\"https:\\\/\\\/labemacosmetics.com\\\/wp-content\\\/uploads\\\/2019\\\/08\\\/lierac-body-hydra-lait-hydra-48h-z-1.jpg\",\"width\":500,\"height\":500,\"caption\":\"lait hydra repulpant\"},{\"@type\":\"BreadcrumbList\",\"@id\":\"https:\\\/\\\/labemacosmetics.com\\\/en\\\/product\\\/lait-hydra-repulpant-lierac\\\/#breadcrumb\",\"itemListElement\":[{\"@type\":\"ListItem\",\"position\":1,\"name\":\"Accueil\",\"item\":\"https:\\\/\\\/labemacosmetics.com\\\/\"},{\"@type\":\"ListItem\",\"position\":2,\"name\":\"Produits\",\"item\":\"https:\\\/\\\/labemacosmetics.com\\\/shop\\\/\"},{\"@type\":\"ListItem\",\"position\":3,\"name\":\"LIERAC Lait De Corps Hydra Repulpant\"}]},{\"@type\":\"WebSite\",\"@id\":\"https:\\\/\\\/labemacosmetics.com\\\/#website\",\"url\":\"https:\\\/\\\/labemacosmetics.com\\\/\",\"name\":\"Lab&eacute;ma Cosmetics\",\"description\":\"\",\"potentialAction\":[{\"@type\":\"SearchAction\",\"target\":{\"@type\":\"EntryPoint\",\"urlTemplate\":\"https:\\\/\\\/labemacosmetics.com\\\/?s={search_term_string}\"},\"query-input\":{\"@type\":\"PropertyValueSpecification\",\"valueRequired\":true,\"valueName\":\"search_term_string\"}}],\"inLanguage\":\"en-GB\"}]}<\/script>\n<meta property=\"product:brand\" content=\"Lierac\" \/>\n<meta property=\"product:price:amount\" content=\"9000\" \/>\n<meta property=\"product:price:currency\" content=\"XOF\" \/>\n<meta property=\"og:availability\" content=\"instock\" \/>\n<meta property=\"product:availability\" content=\"instock\" \/>\n<meta property=\"product:condition\" content=\"new\" \/>\n<!-- \/ Yoast SEO Premium plugin. -->","yoast_head_json":{"title":"lait de corps hydra repulpant Lierac- Lab\u00e9ma Cosmetics | Dakar - S\u00e9n\u00e9gal","description":"Le 1er lait corps\u00a0double hydratation repulpante. comme son nom l'indique le lait hydra repulpant R\u00e9hydrate 48h - repulpe - tonifie.","robots":{"index":"index","follow":"follow","max-snippet":"max-snippet:-1","max-image-preview":"max-image-preview:large","max-video-preview":"max-video-preview:-1"},"canonical":"https:\/\/labemacosmetics.com\/en\/product\/lait-hydra-repulpant-lierac\/","og_locale":"en_GB","og_type":"article","og_title":"LIERAC Lait De Corps Hydra Repulpant","og_description":"Le 1er lait corps\u00a0double hydratation repulpante. comme son nom l'indique le lait hydra repulpant R\u00e9hydrate 48h - repulpe - tonifie.","og_url":"https:\/\/labemacosmetics.com\/en\/product\/lait-hydra-repulpant-lierac\/","og_site_name":"Lab&eacute;ma Cosmetics","article_publisher":"http:\/\/www.facebook.com\/labemacosmetics","article_modified_time":"2023-05-21T12:50:20+00:00","og_image":[{"width":500,"height":500,"url":"https:\/\/labemacosmetics.com\/wp-content\/uploads\/2019\/08\/lierac-body-hydra-lait-hydra-48h-z-1.jpg","type":"image\/jpeg"}],"twitter_card":"summary_large_image","twitter_site":"@Labemasn","twitter_misc":{"Price":"9 000&nbsp;CFA","Availability":"In stock"},"schema":{"@context":"https:\/\/schema.org","@graph":[{"@type":"WebPage","@id":"https:\/\/labemacosmetics.com\/en\/product\/lait-hydra-repulpant-lierac\/","url":"https:\/\/labemacosmetics.com\/en\/product\/lait-hydra-repulpant-lierac\/","name":"lait de corps hydra repulpant Lierac- Lab\u00e9ma Cosmetics | Dakar - S\u00e9n\u00e9gal","isPartOf":{"@id":"https:\/\/labemacosmetics.com\/#website"},"primaryImageOfPage":{"@id":"https:\/\/labemacosmetics.com\/en\/product\/lait-hydra-repulpant-lierac\/#primaryimage"},"image":{"@id":"https:\/\/labemacosmetics.com\/en\/product\/lait-hydra-repulpant-lierac\/#primaryimage"},"thumbnailUrl":"https:\/\/labemacosmetics.com\/wp-content\/uploads\/2019\/08\/lierac-body-hydra-lait-hydra-48h-z-1.jpg","datePublished":"2020-02-21T21:52:17+00:00","dateModified":"2023-05-21T12:50:20+00:00","description":"Le 1er lait corps\u00a0double hydratation repulpante. comme son nom l'indique le lait hydra repulpant R\u00e9hydrate 48h - repulpe - tonifie.","breadcrumb":{"@id":"https:\/\/labemacosmetics.com\/en\/product\/lait-hydra-repulpant-lierac\/#breadcrumb"},"inLanguage":"en-GB","potentialAction":[{"@type":"ReadAction","target":["https:\/\/labemacosmetics.com\/en\/product\/lait-hydra-repulpant-lierac\/"]}]},{"@type":"ImageObject","inLanguage":"en-GB","@id":"https:\/\/labemacosmetics.com\/en\/product\/lait-hydra-repulpant-lierac\/#primaryimage","url":"https:\/\/labemacosmetics.com\/wp-content\/uploads\/2019\/08\/lierac-body-hydra-lait-hydra-48h-z-1.jpg","contentUrl":"https:\/\/labemacosmetics.com\/wp-content\/uploads\/2019\/08\/lierac-body-hydra-lait-hydra-48h-z-1.jpg","width":500,"height":500,"caption":"lait hydra repulpant"},{"@type":"BreadcrumbList","@id":"https:\/\/labemacosmetics.com\/en\/product\/lait-hydra-repulpant-lierac\/#breadcrumb","itemListElement":[{"@type":"ListItem","position":1,"name":"Accueil","item":"https:\/\/labemacosmetics.com\/"},{"@type":"ListItem","position":2,"name":"Produits","item":"https:\/\/labemacosmetics.com\/shop\/"},{"@type":"ListItem","position":3,"name":"LIERAC Lait De Corps Hydra Repulpant"}]},{"@type":"WebSite","@id":"https:\/\/labemacosmetics.com\/#website","url":"https:\/\/labemacosmetics.com\/","name":"Lab&eacute;ma Cosmetics","description":"","potentialAction":[{"@type":"SearchAction","target":{"@type":"EntryPoint","urlTemplate":"https:\/\/labemacosmetics.com\/?s={search_term_string}"},"query-input":{"@type":"PropertyValueSpecification","valueRequired":true,"valueName":"search_term_string"}}],"inLanguage":"en-GB"}]},"product_brand":"Lierac","product_price_amount":"9000","product_price_currency":"XOF","og_availability":"instock","product_availability":"instock","product_condition":"new"},"_links":{"self":[{"href":"https:\/\/labemacosmetics.com\/en\/wp-json\/wp\/v2\/product\/4172","targetHints":{"allow":["GET"]}}],"collection":[{"href":"https:\/\/labemacosmetics.com\/en\/wp-json\/wp\/v2\/product"}],"about":[{"href":"https:\/\/labemacosmetics.com\/en\/wp-json\/wp\/v2\/types\/product"}],"replies":[{"embeddable":true,"href":"https:\/\/labemacosmetics.com\/en\/wp-json\/wp\/v2\/comments?post=4172"}],"version-history":[{"count":0,"href":"https:\/\/labemacosmetics.com\/en\/wp-json\/wp\/v2\/product\/4172\/revisions"}],"wp:featuredmedia":[{"embeddable":true,"href":"https:\/\/labemacosmetics.com\/en\/wp-json\/wp\/v2\/media\/4170"}],"wp:attachment":[{"href":"https:\/\/labemacosmetics.com\/en\/wp-json\/wp\/v2\/media?parent=4172"}],"wp:term":[{"taxonomy":"product_brand","embeddable":true,"href":"https:\/\/labemacosmetics.com\/en\/wp-json\/wp\/v2\/product_brand?post=4172"},{"taxonomy":"product_cat","embeddable":true,"href":"https:\/\/labemacosmetics.com\/en\/wp-json\/wp\/v2\/product_cat?post=4172"},{"taxonomy":"product_tag","embeddable":true,"href":"https:\/\/labemacosmetics.com\/en\/wp-json\/wp\/v2\/product_tag?post=4172"}],"curies":[{"name":"wp","href":"https:\/\/api.w.org\/{rel}","templated":true}]}}