{"id":4167,"date":"2019-09-04T14:02:03","date_gmt":"2019-09-04T13:02:03","guid":{"rendered":"https:\/\/www.labemacosmetics.com\/?post_type=product&#038;p=4167"},"modified":"2023-05-21T14:14:46","modified_gmt":"2023-05-21T13:14:46","slug":"soin-intensif-vergetures-mixa","status":"publish","type":"product","link":"https:\/\/labemacosmetics.com\/en\/product\/soin-intensif-vergetures-mixa\/","title":{"rendered":"Mixa Soin Intensif Vergetures"},"content":{"rendered":"<div>Parce que les vergetures nous m\u00e8nent la vie dure, il fallait trouver un soin qui assure\u00a0! C\u2019est chose faite avec Mixa et son\u00a0<b>Soin Intensif Vergetures. A<\/b>insi une nouveaut\u00e9 qui lisse et r\u00e9duit nos z\u00e9brures en quelques semaines. Ainsi ce\u00a0lait concentr\u00e9 en complexe hydra-repulpant anti vergetures, qui combine l&rsquo;action de deux acides hyaluroniques : l&rsquo;un pour une action r\u00e9hydratante imm\u00e9diate en surface, l&rsquo;autre \u00e0 lib\u00e9ration progressive pour une action repulpante longue dur\u00e9e en profondeur. Alors sa formule est enrichie en silicium et extrait d&rsquo;hibiscus, aux pouvoirs tonifiants et lissants.<\/div>\n<div>Donc sa texture active fra\u00eeche et ultra-l\u00e9g\u00e8re forme un maillage \u00e0 la surface de l&rsquo;\u00e9piderme pour une hydratation performante et longue dur\u00e9e et une peau imm\u00e9diatement repulp\u00e9e .<\/div>\n<div><\/div>\n<div>\n<div class=\"row row__spacer\">\n<div class=\"col-xs-12\">\n<h6>Conseils d&rsquo;utilisation<\/h6>\n<p>Utilisable le Soin intensif vergetures Mixa en p\u00e9riode d&rsquo;allaitement en respectant les r\u00e8gles d&rsquo;hygi\u00e8ne suivantes : se laver les seins avant d&rsquo;allaiter, ne pas<\/p>\n<p>appliquer sur les seins juste avant l&rsquo;allaitement. Ne pas appliquer sur les seins en cas de crevasses et\/ou fendillements.<\/p>\n<\/div>\n<\/div>\n<div class=\"row row__spacer\">\n<div class=\"col-xs-12\"><\/div>\n<\/div>\n<\/div>","protected":false},"excerpt":{"rendered":"<p>Parce que les vergetures nous m\u00e8nent la vie dure, il fallait trouver un soin qui assure\u00a0! C\u2019est chose faite avec Mixa et son\u00a0<b>Soin Intensif Vergetures<\/b>,<\/p>","protected":false},"featured_media":4171,"comment_status":"closed","ping_status":"closed","template":"","meta":{"om_disable_all_campaigns":false,"_mi_skip_tracking":false,"_monsterinsights_sitenote_active":false,"_monsterinsights_sitenote_note":"","_monsterinsights_sitenote_category":0},"product_brand":[],"product_cat":[127,131,527],"product_tag":[],"class_list":{"0":"post-4167","1":"product","2":"type-product","3":"status-publish","4":"has-post-thumbnail","6":"product_cat-boutique","7":"product_cat-corps-cheveux","8":"product_cat-anti-vergeture","9":"yith_product_brand-mixa","11":"first","12":"instock","13":"shipping-taxable","14":"purchasable","15":"product-type-simple"},"yoast_head":"<!-- This site is optimized with the Yoast SEO Premium plugin v20.8 (Yoast SEO v27.4) - https:\/\/yoast.com\/product\/yoast-seo-premium-wordpress\/ -->\n<title>Soin intensif vergetures Mixa - Lab\u00e9ma Cosmetics | Dakar - S\u00e9n\u00e9gal<\/title>\n<meta name=\"description\" content=\"les vergetures nous m\u00e8nent la vie dure, il fallait trouver un soin qui assure\u00a0! C\u2019est chose faite avec Mixa et son\u00a0Soin Intensif Vergetures\" \/>\n<meta name=\"robots\" content=\"index, follow, max-snippet:-1, max-image-preview:large, max-video-preview:-1\" \/>\n<link rel=\"canonical\" href=\"https:\/\/labemacosmetics.com\/en\/product\/soin-intensif-vergetures-mixa\/\" \/>\n<meta property=\"og:locale\" content=\"en_GB\" \/>\n<meta property=\"og:type\" content=\"article\" \/>\n<meta property=\"og:title\" content=\"Mixa Soin Intensif Vergetures\" \/>\n<meta property=\"og:description\" content=\"les vergetures nous m\u00e8nent la vie dure, il fallait trouver un soin qui assure\u00a0! C\u2019est chose faite avec Mixa et son\u00a0Soin Intensif Vergetures\" \/>\n<meta property=\"og:url\" content=\"https:\/\/labemacosmetics.com\/en\/product\/soin-intensif-vergetures-mixa\/\" \/>\n<meta property=\"og:site_name\" content=\"Lab&eacute;ma Cosmetics\" \/>\n<meta property=\"article:publisher\" content=\"http:\/\/www.facebook.com\/labemacosmetics\" \/>\n<meta property=\"article:modified_time\" content=\"2023-05-21T13:14:46+00:00\" \/>\n<meta property=\"og:image\" content=\"https:\/\/labemacosmetics.com\/wp-content\/uploads\/2019\/08\/mixa-soin-intensif-vergetures-post-grossesse-1.png\" \/>\n\t<meta property=\"og:image:width\" content=\"564\" \/>\n\t<meta property=\"og:image:height\" content=\"690\" \/>\n\t<meta property=\"og:image:type\" content=\"image\/png\" \/>\n<meta name=\"twitter:card\" content=\"summary_large_image\" \/>\n<meta name=\"twitter:site\" content=\"@Labemasn\" \/>\n<meta name=\"twitter:label1\" content=\"Price\" \/>\n\t<meta name=\"twitter:data1\" content=\"3 800&nbsp;CFA\" \/>\n\t<meta name=\"twitter:label2\" content=\"Availability\" \/>\n\t<meta name=\"twitter:data2\" content=\"In stock\" \/>\n<script type=\"application\/ld+json\" class=\"yoast-schema-graph\">{\"@context\":\"https:\\\/\\\/schema.org\",\"@graph\":[{\"@type\":\"WebPage\",\"@id\":\"https:\\\/\\\/labemacosmetics.com\\\/en\\\/product\\\/soin-intensif-vergetures-mixa\\\/\",\"url\":\"https:\\\/\\\/labemacosmetics.com\\\/en\\\/product\\\/soin-intensif-vergetures-mixa\\\/\",\"name\":\"Soin intensif vergetures Mixa - Lab\u00e9ma Cosmetics | Dakar - S\u00e9n\u00e9gal\",\"isPartOf\":{\"@id\":\"https:\\\/\\\/labemacosmetics.com\\\/#website\"},\"primaryImageOfPage\":{\"@id\":\"https:\\\/\\\/labemacosmetics.com\\\/en\\\/product\\\/soin-intensif-vergetures-mixa\\\/#primaryimage\"},\"image\":{\"@id\":\"https:\\\/\\\/labemacosmetics.com\\\/en\\\/product\\\/soin-intensif-vergetures-mixa\\\/#primaryimage\"},\"thumbnailUrl\":\"https:\\\/\\\/labemacosmetics.com\\\/wp-content\\\/uploads\\\/2019\\\/08\\\/mixa-soin-intensif-vergetures-post-grossesse-1.png\",\"datePublished\":\"2019-09-04T13:02:03+00:00\",\"dateModified\":\"2023-05-21T13:14:46+00:00\",\"description\":\"les vergetures nous m\u00e8nent la vie dure, il fallait trouver un soin qui assure\u00a0! C\u2019est chose faite avec Mixa et son\u00a0Soin Intensif Vergetures\",\"breadcrumb\":{\"@id\":\"https:\\\/\\\/labemacosmetics.com\\\/en\\\/product\\\/soin-intensif-vergetures-mixa\\\/#breadcrumb\"},\"inLanguage\":\"en-GB\",\"potentialAction\":[{\"@type\":\"ReadAction\",\"target\":[\"https:\\\/\\\/labemacosmetics.com\\\/en\\\/product\\\/soin-intensif-vergetures-mixa\\\/\"]}]},{\"@type\":\"ImageObject\",\"inLanguage\":\"en-GB\",\"@id\":\"https:\\\/\\\/labemacosmetics.com\\\/en\\\/product\\\/soin-intensif-vergetures-mixa\\\/#primaryimage\",\"url\":\"https:\\\/\\\/labemacosmetics.com\\\/wp-content\\\/uploads\\\/2019\\\/08\\\/mixa-soin-intensif-vergetures-post-grossesse-1.png\",\"contentUrl\":\"https:\\\/\\\/labemacosmetics.com\\\/wp-content\\\/uploads\\\/2019\\\/08\\\/mixa-soin-intensif-vergetures-post-grossesse-1.png\",\"width\":564,\"height\":690,\"caption\":\"vergetures\"},{\"@type\":\"BreadcrumbList\",\"@id\":\"https:\\\/\\\/labemacosmetics.com\\\/en\\\/product\\\/soin-intensif-vergetures-mixa\\\/#breadcrumb\",\"itemListElement\":[{\"@type\":\"ListItem\",\"position\":1,\"name\":\"Accueil\",\"item\":\"https:\\\/\\\/labemacosmetics.com\\\/\"},{\"@type\":\"ListItem\",\"position\":2,\"name\":\"Produits\",\"item\":\"https:\\\/\\\/labemacosmetics.com\\\/shop\\\/\"},{\"@type\":\"ListItem\",\"position\":3,\"name\":\"Mixa Soin Intensif Vergetures\"}]},{\"@type\":\"WebSite\",\"@id\":\"https:\\\/\\\/labemacosmetics.com\\\/#website\",\"url\":\"https:\\\/\\\/labemacosmetics.com\\\/\",\"name\":\"Lab&eacute;ma Cosmetics\",\"description\":\"\",\"potentialAction\":[{\"@type\":\"SearchAction\",\"target\":{\"@type\":\"EntryPoint\",\"urlTemplate\":\"https:\\\/\\\/labemacosmetics.com\\\/?s={search_term_string}\"},\"query-input\":{\"@type\":\"PropertyValueSpecification\",\"valueRequired\":true,\"valueName\":\"search_term_string\"}}],\"inLanguage\":\"en-GB\"}]}<\/script>\n<meta property=\"product:brand\" content=\"Mixa\" \/>\n<meta property=\"product:price:amount\" content=\"3800\" \/>\n<meta property=\"product:price:currency\" content=\"XOF\" \/>\n<meta property=\"og:availability\" content=\"instock\" \/>\n<meta property=\"product:availability\" content=\"instock\" \/>\n<meta property=\"product:condition\" content=\"new\" \/>\n<!-- \/ Yoast SEO Premium plugin. -->","yoast_head_json":{"title":"Soin intensif vergetures Mixa - Lab\u00e9ma Cosmetics | Dakar - S\u00e9n\u00e9gal","description":"les vergetures nous m\u00e8nent la vie dure, il fallait trouver un soin qui assure\u00a0! C\u2019est chose faite avec Mixa et son\u00a0Soin Intensif Vergetures","robots":{"index":"index","follow":"follow","max-snippet":"max-snippet:-1","max-image-preview":"max-image-preview:large","max-video-preview":"max-video-preview:-1"},"canonical":"https:\/\/labemacosmetics.com\/en\/product\/soin-intensif-vergetures-mixa\/","og_locale":"en_GB","og_type":"article","og_title":"Mixa Soin Intensif Vergetures","og_description":"les vergetures nous m\u00e8nent la vie dure, il fallait trouver un soin qui assure\u00a0! C\u2019est chose faite avec Mixa et son\u00a0Soin Intensif Vergetures","og_url":"https:\/\/labemacosmetics.com\/en\/product\/soin-intensif-vergetures-mixa\/","og_site_name":"Lab&eacute;ma Cosmetics","article_publisher":"http:\/\/www.facebook.com\/labemacosmetics","article_modified_time":"2023-05-21T13:14:46+00:00","og_image":[{"width":564,"height":690,"url":"https:\/\/labemacosmetics.com\/wp-content\/uploads\/2019\/08\/mixa-soin-intensif-vergetures-post-grossesse-1.png","type":"image\/png"}],"twitter_card":"summary_large_image","twitter_site":"@Labemasn","twitter_misc":{"Price":"3 800&nbsp;CFA","Availability":"In stock"},"schema":{"@context":"https:\/\/schema.org","@graph":[{"@type":"WebPage","@id":"https:\/\/labemacosmetics.com\/en\/product\/soin-intensif-vergetures-mixa\/","url":"https:\/\/labemacosmetics.com\/en\/product\/soin-intensif-vergetures-mixa\/","name":"Soin intensif vergetures Mixa - Lab\u00e9ma Cosmetics | Dakar - S\u00e9n\u00e9gal","isPartOf":{"@id":"https:\/\/labemacosmetics.com\/#website"},"primaryImageOfPage":{"@id":"https:\/\/labemacosmetics.com\/en\/product\/soin-intensif-vergetures-mixa\/#primaryimage"},"image":{"@id":"https:\/\/labemacosmetics.com\/en\/product\/soin-intensif-vergetures-mixa\/#primaryimage"},"thumbnailUrl":"https:\/\/labemacosmetics.com\/wp-content\/uploads\/2019\/08\/mixa-soin-intensif-vergetures-post-grossesse-1.png","datePublished":"2019-09-04T13:02:03+00:00","dateModified":"2023-05-21T13:14:46+00:00","description":"les vergetures nous m\u00e8nent la vie dure, il fallait trouver un soin qui assure\u00a0! C\u2019est chose faite avec Mixa et son\u00a0Soin Intensif Vergetures","breadcrumb":{"@id":"https:\/\/labemacosmetics.com\/en\/product\/soin-intensif-vergetures-mixa\/#breadcrumb"},"inLanguage":"en-GB","potentialAction":[{"@type":"ReadAction","target":["https:\/\/labemacosmetics.com\/en\/product\/soin-intensif-vergetures-mixa\/"]}]},{"@type":"ImageObject","inLanguage":"en-GB","@id":"https:\/\/labemacosmetics.com\/en\/product\/soin-intensif-vergetures-mixa\/#primaryimage","url":"https:\/\/labemacosmetics.com\/wp-content\/uploads\/2019\/08\/mixa-soin-intensif-vergetures-post-grossesse-1.png","contentUrl":"https:\/\/labemacosmetics.com\/wp-content\/uploads\/2019\/08\/mixa-soin-intensif-vergetures-post-grossesse-1.png","width":564,"height":690,"caption":"vergetures"},{"@type":"BreadcrumbList","@id":"https:\/\/labemacosmetics.com\/en\/product\/soin-intensif-vergetures-mixa\/#breadcrumb","itemListElement":[{"@type":"ListItem","position":1,"name":"Accueil","item":"https:\/\/labemacosmetics.com\/"},{"@type":"ListItem","position":2,"name":"Produits","item":"https:\/\/labemacosmetics.com\/shop\/"},{"@type":"ListItem","position":3,"name":"Mixa Soin Intensif Vergetures"}]},{"@type":"WebSite","@id":"https:\/\/labemacosmetics.com\/#website","url":"https:\/\/labemacosmetics.com\/","name":"Lab&eacute;ma Cosmetics","description":"","potentialAction":[{"@type":"SearchAction","target":{"@type":"EntryPoint","urlTemplate":"https:\/\/labemacosmetics.com\/?s={search_term_string}"},"query-input":{"@type":"PropertyValueSpecification","valueRequired":true,"valueName":"search_term_string"}}],"inLanguage":"en-GB"}]},"product_brand":"Mixa","product_price_amount":"3800","product_price_currency":"XOF","og_availability":"instock","product_availability":"instock","product_condition":"new"},"_links":{"self":[{"href":"https:\/\/labemacosmetics.com\/en\/wp-json\/wp\/v2\/product\/4167","targetHints":{"allow":["GET"]}}],"collection":[{"href":"https:\/\/labemacosmetics.com\/en\/wp-json\/wp\/v2\/product"}],"about":[{"href":"https:\/\/labemacosmetics.com\/en\/wp-json\/wp\/v2\/types\/product"}],"replies":[{"embeddable":true,"href":"https:\/\/labemacosmetics.com\/en\/wp-json\/wp\/v2\/comments?post=4167"}],"version-history":[{"count":0,"href":"https:\/\/labemacosmetics.com\/en\/wp-json\/wp\/v2\/product\/4167\/revisions"}],"wp:featuredmedia":[{"embeddable":true,"href":"https:\/\/labemacosmetics.com\/en\/wp-json\/wp\/v2\/media\/4171"}],"wp:attachment":[{"href":"https:\/\/labemacosmetics.com\/en\/wp-json\/wp\/v2\/media?parent=4167"}],"wp:term":[{"taxonomy":"product_brand","embeddable":true,"href":"https:\/\/labemacosmetics.com\/en\/wp-json\/wp\/v2\/product_brand?post=4167"},{"taxonomy":"product_cat","embeddable":true,"href":"https:\/\/labemacosmetics.com\/en\/wp-json\/wp\/v2\/product_cat?post=4167"},{"taxonomy":"product_tag","embeddable":true,"href":"https:\/\/labemacosmetics.com\/en\/wp-json\/wp\/v2\/product_tag?post=4167"}],"curies":[{"name":"wp","href":"https:\/\/api.w.org\/{rel}","templated":true}]}}