{"id":4111,"date":"2019-07-12T19:07:24","date_gmt":"2019-07-12T18:07:24","guid":{"rendered":"https:\/\/www.labemacosmetics.com\/?post_type=product&#038;p=4111"},"modified":"2023-05-21T14:15:18","modified_gmt":"2023-05-21T13:15:18","slug":"garnier-pure-active-masque-charbon","status":"publish","type":"product","link":"https:\/\/labemacosmetics.com\/en\/product\/garnier-pure-active-masque-charbon\/","title":{"rendered":"GARNIER Pure Active Masque au Charbon"},"content":{"rendered":"<h1>description\u00a0Garnier Pure Active charbon masque charbon<\/h1>\n<p>Cette masque charbon formule innovante est enrichie en charbon d\u2019origine v\u00e9g\u00e9tale ultra-absorbant. Donc elle s\u2019utilise \u00e0 la fois comme nettoyant, aussi exfoliant et masque pour visiblement r\u00e9duire les points noirs et aider \u00e0 pr\u00e9venir leur r\u00e9apparition.<\/p>\n<h6>Une texture cr\u00e9meuse noire du masque charbon, aux exfoliants d&rsquo;origine naturelle<\/h6>\n<p>Ce nettoyant 3en1 offre une texture cr\u00e9meuse noire, couleur du charbon. Ainsi cette masque charbon contient 2 tailles diff\u00e9rentes de pierre ponce qui agissent comme des exfoliants naturels. Facile \u00e0 rincer, alors il laisse une sensation de peau fra\u00eeche et propre. Ainsi cette formule innovante de masque charbon est enrichie en charbon d\u2019origine v\u00e9g\u00e9tale ultra-absorbant. Alors elle s\u2019utilise \u00e0 la fois comme nettoyant, exfoliant et masque pour visiblement r\u00e9duire les points noirs et aider \u00e0 pr\u00e9venir leur r\u00e9apparition.<\/p>\n<ul>\n<li>1. NETTOYANT Appliquez quotidiennement\u00a0 sur visage humide. Rincez abondamment.<\/li>\n<li>2. EXFOLIANT Chaque jour, massez l\u00e9g\u00e8rement pour exfolier la peau. Rincez abondamment.<\/li>\n<li>3. MASQUE Jusqu\u2019\u00e0 3 fois par semaine, appliquez sur le visage. Laissez poser 5 minutes. Rincez abondamment.<span id=\"sample-permalink\"><\/span><\/li>\n<\/ul>\n<p>&nbsp;<\/p>","protected":false},"excerpt":{"rendered":"<h6><\/h6>\n<p>Cette masque charbon formule innovante est enrichie en charbon d\u2019origine v\u00e9g\u00e9tale ultra-absorbant. Elle s\u2019utilise \u00e0 la fois comme nettoyant, exfoliant et masque pour visiblement r\u00e9duire les points noirs et aider \u00e0 pr\u00e9venir leur r\u00e9apparition.<\/p>","protected":false},"featured_media":6258,"comment_status":"closed","ping_status":"closed","template":"","meta":{"om_disable_all_campaigns":false,"_mi_skip_tracking":false,"_monsterinsights_sitenote_active":false,"_monsterinsights_sitenote_note":"","_monsterinsights_sitenote_category":0},"product_brand":[],"product_cat":[127,520,515,128,513],"product_tag":[398,441,389,407],"class_list":{"0":"post-4111","1":"product","2":"type-product","3":"status-publish","4":"has-post-thumbnail","6":"product_cat-boutique","7":"product_cat-gommage-peeling","8":"product_cat-peaux-mixtes-a-grasses","9":"product_cat-soin-de-visage","10":"product_cat-type-de-peau","11":"product_tag-anti-acne","12":"product_tag-exfoliant","13":"product_tag-gommage","14":"product_tag-masque","15":"yith_product_brand-garnier","17":"first","18":"outofstock","19":"shipping-taxable","20":"purchasable","21":"product-type-simple"},"yoast_head":"<!-- This site is optimized with the Yoast SEO Premium plugin v20.8 (Yoast SEO v27.4) - https:\/\/yoast.com\/product\/yoast-seo-premium-wordpress\/ -->\n<title>Garnier Pure Active charbon masque charbon - Lab\u00e9ma Cosmetics | Dakar - S\u00e9n\u00e9gal<\/title>\n<meta name=\"description\" content=\"Cette masque charbon est enrichie en charbon d\u2019origine v\u00e9g\u00e9tale ultra-absorbant. Elle s\u2019utilise comme nettoyant, exfoliant et masque\" \/>\n<meta name=\"robots\" content=\"index, follow, max-snippet:-1, max-image-preview:large, max-video-preview:-1\" \/>\n<link rel=\"canonical\" href=\"https:\/\/labemacosmetics.com\/en\/product\/garnier-pure-active-masque-charbon\/\" \/>\n<meta property=\"og:locale\" content=\"en_GB\" \/>\n<meta property=\"og:type\" content=\"article\" \/>\n<meta property=\"og:title\" content=\"GARNIER Pure Active Masque au Charbon\" \/>\n<meta property=\"og:description\" content=\"Cette masque charbon est enrichie en charbon d\u2019origine v\u00e9g\u00e9tale ultra-absorbant. Elle s\u2019utilise comme nettoyant, exfoliant et masque\" \/>\n<meta property=\"og:url\" content=\"https:\/\/labemacosmetics.com\/en\/product\/garnier-pure-active-masque-charbon\/\" \/>\n<meta property=\"og:site_name\" content=\"Lab&eacute;ma Cosmetics\" \/>\n<meta property=\"article:publisher\" content=\"http:\/\/www.facebook.com\/labemacosmetics\" \/>\n<meta property=\"article:modified_time\" content=\"2023-05-21T13:15:18+00:00\" \/>\n<meta property=\"og:image\" content=\"https:\/\/labemacosmetics.com\/wp-content\/uploads\/2020\/03\/4.png\" \/>\n\t<meta property=\"og:image:width\" content=\"600\" \/>\n\t<meta property=\"og:image:height\" content=\"726\" \/>\n\t<meta property=\"og:image:type\" content=\"image\/png\" \/>\n<meta name=\"twitter:card\" content=\"summary_large_image\" \/>\n<meta name=\"twitter:site\" content=\"@Labemasn\" \/>\n<meta name=\"twitter:label1\" content=\"Price\" \/>\n\t<meta name=\"twitter:data1\" content=\"6 000&nbsp;CFA\" \/>\n\t<meta name=\"twitter:label2\" content=\"Availability\" \/>\n\t<meta name=\"twitter:data2\" content=\"Out of stock\" \/>\n<script type=\"application\/ld+json\" class=\"yoast-schema-graph\">{\"@context\":\"https:\\\/\\\/schema.org\",\"@graph\":[{\"@type\":\"WebPage\",\"@id\":\"https:\\\/\\\/labemacosmetics.com\\\/produit\\\/garnier-pure-active-masque-charbon\\\/\",\"url\":\"https:\\\/\\\/labemacosmetics.com\\\/produit\\\/garnier-pure-active-masque-charbon\\\/\",\"name\":\"Garnier Pure Active charbon masque charbon - Lab\u00e9ma Cosmetics | Dakar - S\u00e9n\u00e9gal\",\"isPartOf\":{\"@id\":\"https:\\\/\\\/labemacosmetics.com\\\/#website\"},\"primaryImageOfPage\":{\"@id\":\"https:\\\/\\\/labemacosmetics.com\\\/produit\\\/garnier-pure-active-masque-charbon\\\/#primaryimage\"},\"image\":{\"@id\":\"https:\\\/\\\/labemacosmetics.com\\\/produit\\\/garnier-pure-active-masque-charbon\\\/#primaryimage\"},\"thumbnailUrl\":\"https:\\\/\\\/labemacosmetics.com\\\/wp-content\\\/uploads\\\/2020\\\/03\\\/4.png\",\"datePublished\":\"2019-07-12T18:07:24+00:00\",\"dateModified\":\"2023-05-21T13:15:18+00:00\",\"description\":\"Cette masque charbon est enrichie en charbon d\u2019origine v\u00e9g\u00e9tale ultra-absorbant. Elle s\u2019utilise comme nettoyant, exfoliant et masque\",\"breadcrumb\":{\"@id\":\"https:\\\/\\\/labemacosmetics.com\\\/produit\\\/garnier-pure-active-masque-charbon\\\/#breadcrumb\"},\"inLanguage\":\"en-GB\",\"potentialAction\":[{\"@type\":\"ReadAction\",\"target\":[\"https:\\\/\\\/labemacosmetics.com\\\/produit\\\/garnier-pure-active-masque-charbon\\\/\"]}]},{\"@type\":\"ImageObject\",\"inLanguage\":\"en-GB\",\"@id\":\"https:\\\/\\\/labemacosmetics.com\\\/produit\\\/garnier-pure-active-masque-charbon\\\/#primaryimage\",\"url\":\"https:\\\/\\\/labemacosmetics.com\\\/wp-content\\\/uploads\\\/2020\\\/03\\\/4.png\",\"contentUrl\":\"https:\\\/\\\/labemacosmetics.com\\\/wp-content\\\/uploads\\\/2020\\\/03\\\/4.png\",\"width\":600,\"height\":726},{\"@type\":\"BreadcrumbList\",\"@id\":\"https:\\\/\\\/labemacosmetics.com\\\/produit\\\/garnier-pure-active-masque-charbon\\\/#breadcrumb\",\"itemListElement\":[{\"@type\":\"ListItem\",\"position\":1,\"name\":\"Accueil\",\"item\":\"https:\\\/\\\/labemacosmetics.com\\\/\"},{\"@type\":\"ListItem\",\"position\":2,\"name\":\"Produits\",\"item\":\"https:\\\/\\\/labemacosmetics.com\\\/shop\\\/\"},{\"@type\":\"ListItem\",\"position\":3,\"name\":\"GARNIER Pure Active Masque au Charbon\"}]},{\"@type\":\"WebSite\",\"@id\":\"https:\\\/\\\/labemacosmetics.com\\\/#website\",\"url\":\"https:\\\/\\\/labemacosmetics.com\\\/\",\"name\":\"Lab&eacute;ma Cosmetics\",\"description\":\"\",\"potentialAction\":[{\"@type\":\"SearchAction\",\"target\":{\"@type\":\"EntryPoint\",\"urlTemplate\":\"https:\\\/\\\/labemacosmetics.com\\\/?s={search_term_string}\"},\"query-input\":{\"@type\":\"PropertyValueSpecification\",\"valueRequired\":true,\"valueName\":\"search_term_string\"}}],\"inLanguage\":\"en-GB\"}]}<\/script>\n<meta property=\"product:brand\" content=\"Garnier\" \/>\n<meta property=\"product:price:amount\" content=\"6000\" \/>\n<meta property=\"product:price:currency\" content=\"XOF\" \/>\n<meta property=\"og:availability\" content=\"out of stock\" \/>\n<meta property=\"product:availability\" content=\"out of stock\" \/>\n<meta property=\"product:condition\" content=\"new\" \/>\n<!-- \/ Yoast SEO Premium plugin. -->","yoast_head_json":{"title":"Garnier Pure Active charbon masque charbon - Lab\u00e9ma Cosmetics | Dakar - S\u00e9n\u00e9gal","description":"Cette masque charbon est enrichie en charbon d\u2019origine v\u00e9g\u00e9tale ultra-absorbant. Elle s\u2019utilise comme nettoyant, exfoliant et masque","robots":{"index":"index","follow":"follow","max-snippet":"max-snippet:-1","max-image-preview":"max-image-preview:large","max-video-preview":"max-video-preview:-1"},"canonical":"https:\/\/labemacosmetics.com\/en\/product\/garnier-pure-active-masque-charbon\/","og_locale":"en_GB","og_type":"article","og_title":"GARNIER Pure Active Masque au Charbon","og_description":"Cette masque charbon est enrichie en charbon d\u2019origine v\u00e9g\u00e9tale ultra-absorbant. Elle s\u2019utilise comme nettoyant, exfoliant et masque","og_url":"https:\/\/labemacosmetics.com\/en\/product\/garnier-pure-active-masque-charbon\/","og_site_name":"Lab&eacute;ma Cosmetics","article_publisher":"http:\/\/www.facebook.com\/labemacosmetics","article_modified_time":"2023-05-21T13:15:18+00:00","og_image":[{"width":600,"height":726,"url":"https:\/\/labemacosmetics.com\/wp-content\/uploads\/2020\/03\/4.png","type":"image\/png"}],"twitter_card":"summary_large_image","twitter_site":"@Labemasn","twitter_misc":{"Price":"6 000&nbsp;CFA","Availability":"Out of stock"},"schema":{"@context":"https:\/\/schema.org","@graph":[{"@type":"WebPage","@id":"https:\/\/labemacosmetics.com\/produit\/garnier-pure-active-masque-charbon\/","url":"https:\/\/labemacosmetics.com\/produit\/garnier-pure-active-masque-charbon\/","name":"Garnier Pure Active charbon masque charbon - Lab\u00e9ma Cosmetics | Dakar - S\u00e9n\u00e9gal","isPartOf":{"@id":"https:\/\/labemacosmetics.com\/#website"},"primaryImageOfPage":{"@id":"https:\/\/labemacosmetics.com\/produit\/garnier-pure-active-masque-charbon\/#primaryimage"},"image":{"@id":"https:\/\/labemacosmetics.com\/produit\/garnier-pure-active-masque-charbon\/#primaryimage"},"thumbnailUrl":"https:\/\/labemacosmetics.com\/wp-content\/uploads\/2020\/03\/4.png","datePublished":"2019-07-12T18:07:24+00:00","dateModified":"2023-05-21T13:15:18+00:00","description":"Cette masque charbon est enrichie en charbon d\u2019origine v\u00e9g\u00e9tale ultra-absorbant. Elle s\u2019utilise comme nettoyant, exfoliant et masque","breadcrumb":{"@id":"https:\/\/labemacosmetics.com\/produit\/garnier-pure-active-masque-charbon\/#breadcrumb"},"inLanguage":"en-GB","potentialAction":[{"@type":"ReadAction","target":["https:\/\/labemacosmetics.com\/produit\/garnier-pure-active-masque-charbon\/"]}]},{"@type":"ImageObject","inLanguage":"en-GB","@id":"https:\/\/labemacosmetics.com\/produit\/garnier-pure-active-masque-charbon\/#primaryimage","url":"https:\/\/labemacosmetics.com\/wp-content\/uploads\/2020\/03\/4.png","contentUrl":"https:\/\/labemacosmetics.com\/wp-content\/uploads\/2020\/03\/4.png","width":600,"height":726},{"@type":"BreadcrumbList","@id":"https:\/\/labemacosmetics.com\/produit\/garnier-pure-active-masque-charbon\/#breadcrumb","itemListElement":[{"@type":"ListItem","position":1,"name":"Accueil","item":"https:\/\/labemacosmetics.com\/"},{"@type":"ListItem","position":2,"name":"Produits","item":"https:\/\/labemacosmetics.com\/shop\/"},{"@type":"ListItem","position":3,"name":"GARNIER Pure Active Masque au Charbon"}]},{"@type":"WebSite","@id":"https:\/\/labemacosmetics.com\/#website","url":"https:\/\/labemacosmetics.com\/","name":"Lab&eacute;ma Cosmetics","description":"","potentialAction":[{"@type":"SearchAction","target":{"@type":"EntryPoint","urlTemplate":"https:\/\/labemacosmetics.com\/?s={search_term_string}"},"query-input":{"@type":"PropertyValueSpecification","valueRequired":true,"valueName":"search_term_string"}}],"inLanguage":"en-GB"}]},"product_brand":"Garnier","product_price_amount":"6000","product_price_currency":"XOF","og_availability":"out of stock","product_availability":"out of stock","product_condition":"new"},"_links":{"self":[{"href":"https:\/\/labemacosmetics.com\/en\/wp-json\/wp\/v2\/product\/4111","targetHints":{"allow":["GET"]}}],"collection":[{"href":"https:\/\/labemacosmetics.com\/en\/wp-json\/wp\/v2\/product"}],"about":[{"href":"https:\/\/labemacosmetics.com\/en\/wp-json\/wp\/v2\/types\/product"}],"replies":[{"embeddable":true,"href":"https:\/\/labemacosmetics.com\/en\/wp-json\/wp\/v2\/comments?post=4111"}],"version-history":[{"count":0,"href":"https:\/\/labemacosmetics.com\/en\/wp-json\/wp\/v2\/product\/4111\/revisions"}],"wp:featuredmedia":[{"embeddable":true,"href":"https:\/\/labemacosmetics.com\/en\/wp-json\/wp\/v2\/media\/6258"}],"wp:attachment":[{"href":"https:\/\/labemacosmetics.com\/en\/wp-json\/wp\/v2\/media?parent=4111"}],"wp:term":[{"taxonomy":"product_brand","embeddable":true,"href":"https:\/\/labemacosmetics.com\/en\/wp-json\/wp\/v2\/product_brand?post=4111"},{"taxonomy":"product_cat","embeddable":true,"href":"https:\/\/labemacosmetics.com\/en\/wp-json\/wp\/v2\/product_cat?post=4111"},{"taxonomy":"product_tag","embeddable":true,"href":"https:\/\/labemacosmetics.com\/en\/wp-json\/wp\/v2\/product_tag?post=4111"}],"curies":[{"name":"wp","href":"https:\/\/api.w.org\/{rel}","templated":true}]}}