{"id":4052,"date":"2019-03-28T10:02:05","date_gmt":"2019-03-28T09:02:05","guid":{"rendered":"https:\/\/www.labemacosmetics.com\/?post_type=product&#038;p=4052"},"modified":"2025-01-13T23:49:44","modified_gmt":"2025-01-13T22:49:44","slug":"pro-matte-la-girl","status":"publish","type":"product","link":"https:\/\/labemacosmetics.com\/en\/product\/pro-matte-la-girl\/","title":{"rendered":"LA GIRL Fond de Teint Pro Mat"},"content":{"rendered":"<h6 id=\"tw-target-text\" class=\"tw-data-text tw-ta tw-text-small\" dir=\"ltr\" data-placeholder=\"Traduction\">description\u00a0pro matte la girl<\/h6>\n<p class=\"tw-data-text tw-ta tw-text-small\" dir=\"ltr\" data-placeholder=\"Traduction\"><span lang=\"fr\" tabindex=\"0\">Vous ne trouvez toujours pas votre couleur, consultez les pigments de m\u00e9lange de base PRO.color con\u00e7us pour \u00eatre utilis\u00e9s avec la formule de base pro matte la girl pour des options infinies et un contr\u00f4le ultime. Avec une finition douce et semblable au daim. Ainsi ce fond de teint vous couvrira et ne brillera pas toute la journ\u00e9e. La formule liquide et cr\u00e9meuse offre une couverture lisse et adaptable pour une tenue de jour comme de nuit. Alors minimisez l&rsquo;apparence des pores et des ridules pour un effet de flou uniforme. D\u2019o\u00f9 la formule sans paraben avec addition de vitamine E, B5 et huile de tournesol.<\/span><\/p>\n<p dir=\"ltr\" data-placeholder=\"Traduction\"><a href=\"https:\/\/labemacosmetics.com\/en\/shop\/all-categories\/maquillage\/teint\/pro-matte-la-girl\/\">https:\/\/www.labemacosmetics.com\/shop\/all-categories\/maquillage\/teint\/pro-matte-la-girl\/<\/a><\/p>","protected":false},"excerpt":{"rendered":"<p><span lang=\"fr\" tabindex=\"0\">Vous ne trouvez toujours pas votre couleur, consultez les pigments de m\u00e9lange de base PRO.color con\u00e7us pour \u00eatre utilis\u00e9s avec la formule de base pro matte la girl pour des options infinies et un contr\u00f4le ultime.\u00a0<\/span><\/p>","protected":false},"featured_media":4056,"comment_status":"open","ping_status":"closed","template":"","meta":{"om_disable_all_campaigns":false,"_mi_skip_tracking":false,"_monsterinsights_sitenote_active":false,"_monsterinsights_sitenote_note":"","_monsterinsights_sitenote_category":0},"product_brand":[],"product_cat":[127,117,103,108],"product_tag":[165,405,355,436,135,402,142,437,438,155],"class_list":{"0":"post-4052","1":"product","2":"type-product","3":"status-publish","4":"has-post-thumbnail","6":"product_cat-boutique","7":"product_cat-fond-de-teint","8":"product_cat-maquillage","9":"product_cat-teint","10":"product_tag-beaute","11":"product_tag-beaute-africaine","12":"product_tag-fond-de-teint","13":"product_tag-la-girl","14":"product_tag-maquillage","15":"product_tag-routine","16":"product_tag-teint","17":"product_tag-teint-clair","18":"product_tag-teint-fonce","19":"product_tag-visage","20":"yith_product_brand-la-girl","22":"first","23":"instock","24":"shipping-taxable","25":"purchasable","26":"product-type-variable"},"yoast_head":"<!-- This site is optimized with the Yoast SEO Premium plugin v20.8 (Yoast SEO v27.4) - https:\/\/yoast.com\/product\/yoast-seo-premium-wordpress\/ -->\n<title>fond de teint pro matte la girl - Lab\u00e9ma Cosmetics | Dakar - S\u00e9n\u00e9gal<\/title>\n<meta name=\"description\" content=\"PRO.color con\u00e7us pour \u00eatre utilis\u00e9s avec la formule de base pro matte la girl pour des options infinies et un contr\u00f4le ultime.\" \/>\n<meta name=\"robots\" content=\"index, follow, max-snippet:-1, max-image-preview:large, max-video-preview:-1\" \/>\n<link rel=\"canonical\" href=\"https:\/\/labemacosmetics.com\/en\/product\/pro-matte-la-girl\/\" \/>\n<meta property=\"og:locale\" content=\"en_GB\" \/>\n<meta property=\"og:type\" content=\"article\" \/>\n<meta property=\"og:title\" content=\"LA GIRL Fond de Teint Pro Mat\" \/>\n<meta property=\"og:description\" content=\"PRO.color con\u00e7us pour \u00eatre utilis\u00e9s avec la formule de base pro matte la girl pour des options infinies et un contr\u00f4le ultime.\" \/>\n<meta property=\"og:url\" content=\"https:\/\/labemacosmetics.com\/en\/product\/pro-matte-la-girl\/\" \/>\n<meta property=\"og:site_name\" content=\"Lab&eacute;ma Cosmetics\" \/>\n<meta property=\"article:publisher\" content=\"http:\/\/www.facebook.com\/labemacosmetics\" \/>\n<meta property=\"article:modified_time\" content=\"2025-01-13T22:49:44+00:00\" \/>\n<meta property=\"og:image\" content=\"https:\/\/labemacosmetics.com\/wp-content\/uploads\/2019\/03\/lagirlpromattehdfoundation_1_GL-1.jpg\" \/>\n\t<meta property=\"og:image:width\" content=\"500\" \/>\n\t<meta property=\"og:image:height\" content=\"500\" \/>\n\t<meta property=\"og:image:type\" content=\"image\/jpeg\" \/>\n<meta name=\"twitter:card\" content=\"summary_large_image\" \/>\n<meta name=\"twitter:site\" content=\"@Labemasn\" \/>\n<meta name=\"twitter:label1\" content=\"Availability\" \/>\n\t<meta name=\"twitter:data1\" content=\"In stock\" \/>\n<script type=\"application\/ld+json\" class=\"yoast-schema-graph\">{\"@context\":\"https:\\\/\\\/schema.org\",\"@graph\":[{\"@type\":\"WebPage\",\"@id\":\"https:\\\/\\\/labemacosmetics.com\\\/produit\\\/pro-matte-la-girl\\\/\",\"url\":\"https:\\\/\\\/labemacosmetics.com\\\/produit\\\/pro-matte-la-girl\\\/\",\"name\":\"fond de teint pro matte la girl - Lab\u00e9ma Cosmetics | Dakar - S\u00e9n\u00e9gal\",\"isPartOf\":{\"@id\":\"https:\\\/\\\/labemacosmetics.com\\\/#website\"},\"primaryImageOfPage\":{\"@id\":\"https:\\\/\\\/labemacosmetics.com\\\/produit\\\/pro-matte-la-girl\\\/#primaryimage\"},\"image\":{\"@id\":\"https:\\\/\\\/labemacosmetics.com\\\/produit\\\/pro-matte-la-girl\\\/#primaryimage\"},\"thumbnailUrl\":\"https:\\\/\\\/labemacosmetics.com\\\/wp-content\\\/uploads\\\/2019\\\/03\\\/lagirlpromattehdfoundation_1_GL-1.jpg\",\"datePublished\":\"2019-03-28T09:02:05+00:00\",\"dateModified\":\"2025-01-13T22:49:44+00:00\",\"description\":\"PRO.color con\u00e7us pour \u00eatre utilis\u00e9s avec la formule de base pro matte la girl pour des options infinies et un contr\u00f4le ultime.\",\"breadcrumb\":{\"@id\":\"https:\\\/\\\/labemacosmetics.com\\\/produit\\\/pro-matte-la-girl\\\/#breadcrumb\"},\"inLanguage\":\"en-GB\",\"potentialAction\":[{\"@type\":\"ReadAction\",\"target\":[\"https:\\\/\\\/labemacosmetics.com\\\/produit\\\/pro-matte-la-girl\\\/\"]}]},{\"@type\":\"ImageObject\",\"inLanguage\":\"en-GB\",\"@id\":\"https:\\\/\\\/labemacosmetics.com\\\/produit\\\/pro-matte-la-girl\\\/#primaryimage\",\"url\":\"https:\\\/\\\/labemacosmetics.com\\\/wp-content\\\/uploads\\\/2019\\\/03\\\/lagirlpromattehdfoundation_1_GL-1.jpg\",\"contentUrl\":\"https:\\\/\\\/labemacosmetics.com\\\/wp-content\\\/uploads\\\/2019\\\/03\\\/lagirlpromattehdfoundation_1_GL-1.jpg\",\"width\":500,\"height\":500,\"caption\":\"pro matte la girl\"},{\"@type\":\"BreadcrumbList\",\"@id\":\"https:\\\/\\\/labemacosmetics.com\\\/produit\\\/pro-matte-la-girl\\\/#breadcrumb\",\"itemListElement\":[{\"@type\":\"ListItem\",\"position\":1,\"name\":\"Accueil\",\"item\":\"https:\\\/\\\/labemacosmetics.com\\\/\"},{\"@type\":\"ListItem\",\"position\":2,\"name\":\"Produits\",\"item\":\"https:\\\/\\\/labemacosmetics.com\\\/shop\\\/\"},{\"@type\":\"ListItem\",\"position\":3,\"name\":\"LA GIRL Fond de Teint Pro Mat\"}]},{\"@type\":\"WebSite\",\"@id\":\"https:\\\/\\\/labemacosmetics.com\\\/#website\",\"url\":\"https:\\\/\\\/labemacosmetics.com\\\/\",\"name\":\"Lab&eacute;ma Cosmetics\",\"description\":\"\",\"potentialAction\":[{\"@type\":\"SearchAction\",\"target\":{\"@type\":\"EntryPoint\",\"urlTemplate\":\"https:\\\/\\\/labemacosmetics.com\\\/?s={search_term_string}\"},\"query-input\":{\"@type\":\"PropertyValueSpecification\",\"valueRequired\":true,\"valueName\":\"search_term_string\"}}],\"inLanguage\":\"en-GB\"}]}<\/script>\n<meta property=\"product:brand\" content=\"LA Girl\" \/>\n<meta property=\"og:availability\" content=\"instock\" \/>\n<meta property=\"product:availability\" content=\"instock\" \/>\n<meta property=\"product:condition\" content=\"new\" \/>\n<!-- \/ Yoast SEO Premium plugin. -->","yoast_head_json":{"title":"fond de teint pro matte la girl - Lab\u00e9ma Cosmetics | Dakar - S\u00e9n\u00e9gal","description":"PRO.color con\u00e7us pour \u00eatre utilis\u00e9s avec la formule de base pro matte la girl pour des options infinies et un contr\u00f4le ultime.","robots":{"index":"index","follow":"follow","max-snippet":"max-snippet:-1","max-image-preview":"max-image-preview:large","max-video-preview":"max-video-preview:-1"},"canonical":"https:\/\/labemacosmetics.com\/en\/product\/pro-matte-la-girl\/","og_locale":"en_GB","og_type":"article","og_title":"LA GIRL Fond de Teint Pro Mat","og_description":"PRO.color con\u00e7us pour \u00eatre utilis\u00e9s avec la formule de base pro matte la girl pour des options infinies et un contr\u00f4le ultime.","og_url":"https:\/\/labemacosmetics.com\/en\/product\/pro-matte-la-girl\/","og_site_name":"Lab&eacute;ma Cosmetics","article_publisher":"http:\/\/www.facebook.com\/labemacosmetics","article_modified_time":"2025-01-13T22:49:44+00:00","og_image":[{"width":500,"height":500,"url":"https:\/\/labemacosmetics.com\/wp-content\/uploads\/2019\/03\/lagirlpromattehdfoundation_1_GL-1.jpg","type":"image\/jpeg"}],"twitter_card":"summary_large_image","twitter_site":"@Labemasn","twitter_misc":{"Availability":"In stock"},"schema":{"@context":"https:\/\/schema.org","@graph":[{"@type":"WebPage","@id":"https:\/\/labemacosmetics.com\/produit\/pro-matte-la-girl\/","url":"https:\/\/labemacosmetics.com\/produit\/pro-matte-la-girl\/","name":"fond de teint pro matte la girl - Lab\u00e9ma Cosmetics | Dakar - S\u00e9n\u00e9gal","isPartOf":{"@id":"https:\/\/labemacosmetics.com\/#website"},"primaryImageOfPage":{"@id":"https:\/\/labemacosmetics.com\/produit\/pro-matte-la-girl\/#primaryimage"},"image":{"@id":"https:\/\/labemacosmetics.com\/produit\/pro-matte-la-girl\/#primaryimage"},"thumbnailUrl":"https:\/\/labemacosmetics.com\/wp-content\/uploads\/2019\/03\/lagirlpromattehdfoundation_1_GL-1.jpg","datePublished":"2019-03-28T09:02:05+00:00","dateModified":"2025-01-13T22:49:44+00:00","description":"PRO.color con\u00e7us pour \u00eatre utilis\u00e9s avec la formule de base pro matte la girl pour des options infinies et un contr\u00f4le ultime.","breadcrumb":{"@id":"https:\/\/labemacosmetics.com\/produit\/pro-matte-la-girl\/#breadcrumb"},"inLanguage":"en-GB","potentialAction":[{"@type":"ReadAction","target":["https:\/\/labemacosmetics.com\/produit\/pro-matte-la-girl\/"]}]},{"@type":"ImageObject","inLanguage":"en-GB","@id":"https:\/\/labemacosmetics.com\/produit\/pro-matte-la-girl\/#primaryimage","url":"https:\/\/labemacosmetics.com\/wp-content\/uploads\/2019\/03\/lagirlpromattehdfoundation_1_GL-1.jpg","contentUrl":"https:\/\/labemacosmetics.com\/wp-content\/uploads\/2019\/03\/lagirlpromattehdfoundation_1_GL-1.jpg","width":500,"height":500,"caption":"pro matte la girl"},{"@type":"BreadcrumbList","@id":"https:\/\/labemacosmetics.com\/produit\/pro-matte-la-girl\/#breadcrumb","itemListElement":[{"@type":"ListItem","position":1,"name":"Accueil","item":"https:\/\/labemacosmetics.com\/"},{"@type":"ListItem","position":2,"name":"Produits","item":"https:\/\/labemacosmetics.com\/shop\/"},{"@type":"ListItem","position":3,"name":"LA GIRL Fond de Teint Pro Mat"}]},{"@type":"WebSite","@id":"https:\/\/labemacosmetics.com\/#website","url":"https:\/\/labemacosmetics.com\/","name":"Lab&eacute;ma Cosmetics","description":"","potentialAction":[{"@type":"SearchAction","target":{"@type":"EntryPoint","urlTemplate":"https:\/\/labemacosmetics.com\/?s={search_term_string}"},"query-input":{"@type":"PropertyValueSpecification","valueRequired":true,"valueName":"search_term_string"}}],"inLanguage":"en-GB"}]},"product_brand":"LA Girl","og_availability":"instock","product_availability":"instock","product_condition":"new"},"_links":{"self":[{"href":"https:\/\/labemacosmetics.com\/en\/wp-json\/wp\/v2\/product\/4052","targetHints":{"allow":["GET"]}}],"collection":[{"href":"https:\/\/labemacosmetics.com\/en\/wp-json\/wp\/v2\/product"}],"about":[{"href":"https:\/\/labemacosmetics.com\/en\/wp-json\/wp\/v2\/types\/product"}],"replies":[{"embeddable":true,"href":"https:\/\/labemacosmetics.com\/en\/wp-json\/wp\/v2\/comments?post=4052"}],"version-history":[{"count":0,"href":"https:\/\/labemacosmetics.com\/en\/wp-json\/wp\/v2\/product\/4052\/revisions"}],"wp:featuredmedia":[{"embeddable":true,"href":"https:\/\/labemacosmetics.com\/en\/wp-json\/wp\/v2\/media\/4056"}],"wp:attachment":[{"href":"https:\/\/labemacosmetics.com\/en\/wp-json\/wp\/v2\/media?parent=4052"}],"wp:term":[{"taxonomy":"product_brand","embeddable":true,"href":"https:\/\/labemacosmetics.com\/en\/wp-json\/wp\/v2\/product_brand?post=4052"},{"taxonomy":"product_cat","embeddable":true,"href":"https:\/\/labemacosmetics.com\/en\/wp-json\/wp\/v2\/product_cat?post=4052"},{"taxonomy":"product_tag","embeddable":true,"href":"https:\/\/labemacosmetics.com\/en\/wp-json\/wp\/v2\/product_tag?post=4052"}],"curies":[{"name":"wp","href":"https:\/\/api.w.org\/{rel}","templated":true}]}}