{"id":4020,"date":"2019-02-07T00:59:01","date_gmt":"2019-02-06T23:59:01","guid":{"rendered":"https:\/\/www.labemacosmetics.com\/?post_type=product&#038;p=4020"},"modified":"2023-05-21T14:17:36","modified_gmt":"2023-05-21T13:17:36","slug":"pro-powder-banana-920-girl","status":"publish","type":"product","link":"https:\/\/labemacosmetics.com\/en\/product\/pro-powder-banana-920-girl\/","title":{"rendered":"LA GIRL Pro Powder banana 920"},"content":{"rendered":"<h6><\/h6>\n<p>pro powder banana. HD Pro Setting Powder\u00a0 LA Girl est une poudre de finition ultra-fine. Con\u00e7ue pour fixer le maquillage et matifier le teint. Ainsi De composition 100% min\u00e9rale, cette poudre fixe durablement le teint tout en floutant les imperfections et petites ridules. Alors Elle s\u2019adapte \u00e0 toutes les carnations. Donc Appliquez la poudre HD Pro Setting Powder pour fixer votre fond de teint, insister sur la zone T pour un teint lumineux sans brillance et peut\u00a0\u00eatre appliqu\u00e9e sur une peau nue pour un teint naturellement radieux.<\/p>\n<p id=\"tw-target-text\" class=\"tw-data-text tw-ta tw-text-small\" dir=\"ltr\" data-placeholder=\"Traduction\"><span lang=\"fr\" tabindex=\"0\">-Fournit une finition naturelle, mate et sans faille<\/span><\/p>\n<p class=\"tw-data-text tw-ta tw-text-small\" dir=\"ltr\" data-placeholder=\"Traduction\"><span lang=\"fr\" tabindex=\"0\">-Set maquillage pour une longue p\u00e9riode <\/span><\/p>\n<p class=\"tw-data-text tw-ta tw-text-small\" dir=\"ltr\" data-placeholder=\"Traduction\"><span lang=\"fr\" tabindex=\"0\">-Preps et primes -Traitement du teint<\/span><\/p>\n<h6><strong>CONSEIL d&rsquo;application pro powder banana :<\/strong><\/h6>\n<p>Appliquez sur une peau apr\u00e8s le fond de teint ou sur la peau nue \u00e0 l&rsquo;aide d&rsquo;un pinceau.<\/p>","protected":false},"excerpt":{"rendered":"<h6>description pro powder banana<\/h6>\n<p>pro powder banana HD Pro Setting Powder\u00a0 LA Girl est une poudre de finition ultra-fine.Con\u00e7ue pour fixer le maquillage et matifier le teint. De composition 100% min\u00e9rale, cette poudre fixe durablement le teint tout en floutant les imperfections et petites ridules.<\/p>","protected":false},"featured_media":4021,"comment_status":"closed","ping_status":"closed","template":"","meta":{"om_disable_all_campaigns":false,"_mi_skip_tracking":false,"_monsterinsights_sitenote_active":false,"_monsterinsights_sitenote_note":"","_monsterinsights_sitenote_category":0},"product_brand":[],"product_cat":[127,103,118,108],"product_tag":[],"class_list":{"0":"post-4020","1":"product","2":"type-product","3":"status-publish","4":"has-post-thumbnail","6":"product_cat-boutique","7":"product_cat-maquillage","8":"product_cat-poudre","9":"product_cat-teint","10":"yith_product_brand-la-girl","12":"first","13":"instock","14":"shipping-taxable","15":"purchasable","16":"product-type-simple"},"yoast_head":"<!-- This site is optimized with the Yoast SEO Premium plugin v20.8 (Yoast SEO v27.4) - https:\/\/yoast.com\/product\/yoast-seo-premium-wordpress\/ -->\n<title>pro powder banana 920 - Lab\u00e9ma Cosmetics | Dakar - S\u00e9n\u00e9gal<\/title>\n<meta name=\"description\" content=\"pro powder banana. HD Pro Setting Powder\u00a0 LA Girl est une poudre de finition ultra-fine. Con\u00e7ue pour fixer le maquillage et matifier le teint.\" \/>\n<meta name=\"robots\" content=\"index, follow, max-snippet:-1, max-image-preview:large, max-video-preview:-1\" \/>\n<link rel=\"canonical\" href=\"https:\/\/labemacosmetics.com\/en\/product\/pro-powder-banana-920-girl\/\" \/>\n<meta property=\"og:locale\" content=\"en_GB\" \/>\n<meta property=\"og:type\" content=\"article\" \/>\n<meta property=\"og:title\" content=\"LA GIRL Pro Powder banana 920\" \/>\n<meta property=\"og:description\" content=\"pro powder banana. HD Pro Setting Powder\u00a0 LA Girl est une poudre de finition ultra-fine. Con\u00e7ue pour fixer le maquillage et matifier le teint.\" \/>\n<meta property=\"og:url\" content=\"https:\/\/labemacosmetics.com\/en\/product\/pro-powder-banana-920-girl\/\" \/>\n<meta property=\"og:site_name\" content=\"Lab&eacute;ma Cosmetics\" \/>\n<meta property=\"article:publisher\" content=\"http:\/\/www.facebook.com\/labemacosmetics\" \/>\n<meta property=\"article:modified_time\" content=\"2023-05-21T13:17:36+00:00\" \/>\n<meta property=\"og:image\" content=\"https:\/\/labemacosmetics.com\/wp-content\/uploads\/2019\/02\/920-1.jpg\" \/>\n\t<meta property=\"og:image:width\" content=\"425\" \/>\n\t<meta property=\"og:image:height\" content=\"425\" \/>\n\t<meta property=\"og:image:type\" content=\"image\/jpeg\" \/>\n<meta name=\"twitter:card\" content=\"summary_large_image\" \/>\n<meta name=\"twitter:site\" content=\"@Labemasn\" \/>\n<meta name=\"twitter:label1\" content=\"Price\" \/>\n\t<meta name=\"twitter:data1\" content=\"5 000&nbsp;CFA\" \/>\n\t<meta name=\"twitter:label2\" content=\"Availability\" \/>\n\t<meta name=\"twitter:data2\" content=\"In stock\" \/>\n<script type=\"application\/ld+json\" class=\"yoast-schema-graph\">{\"@context\":\"https:\\\/\\\/schema.org\",\"@graph\":[{\"@type\":\"WebPage\",\"@id\":\"https:\\\/\\\/labemacosmetics.com\\\/produit\\\/pro-powder-banana-920-girl\\\/\",\"url\":\"https:\\\/\\\/labemacosmetics.com\\\/produit\\\/pro-powder-banana-920-girl\\\/\",\"name\":\"pro powder banana 920 - Lab\u00e9ma Cosmetics | Dakar - S\u00e9n\u00e9gal\",\"isPartOf\":{\"@id\":\"https:\\\/\\\/labemacosmetics.com\\\/#website\"},\"primaryImageOfPage\":{\"@id\":\"https:\\\/\\\/labemacosmetics.com\\\/produit\\\/pro-powder-banana-920-girl\\\/#primaryimage\"},\"image\":{\"@id\":\"https:\\\/\\\/labemacosmetics.com\\\/produit\\\/pro-powder-banana-920-girl\\\/#primaryimage\"},\"thumbnailUrl\":\"https:\\\/\\\/labemacosmetics.com\\\/wp-content\\\/uploads\\\/2019\\\/02\\\/920-1.jpg\",\"datePublished\":\"2019-02-06T23:59:01+00:00\",\"dateModified\":\"2023-05-21T13:17:36+00:00\",\"description\":\"pro powder banana. HD Pro Setting Powder\u00a0 LA Girl est une poudre de finition ultra-fine. Con\u00e7ue pour fixer le maquillage et matifier le teint.\",\"breadcrumb\":{\"@id\":\"https:\\\/\\\/labemacosmetics.com\\\/produit\\\/pro-powder-banana-920-girl\\\/#breadcrumb\"},\"inLanguage\":\"en-GB\",\"potentialAction\":[{\"@type\":\"ReadAction\",\"target\":[\"https:\\\/\\\/labemacosmetics.com\\\/produit\\\/pro-powder-banana-920-girl\\\/\"]}]},{\"@type\":\"ImageObject\",\"inLanguage\":\"en-GB\",\"@id\":\"https:\\\/\\\/labemacosmetics.com\\\/produit\\\/pro-powder-banana-920-girl\\\/#primaryimage\",\"url\":\"https:\\\/\\\/labemacosmetics.com\\\/wp-content\\\/uploads\\\/2019\\\/02\\\/920-1.jpg\",\"contentUrl\":\"https:\\\/\\\/labemacosmetics.com\\\/wp-content\\\/uploads\\\/2019\\\/02\\\/920-1.jpg\",\"width\":425,\"height\":425,\"caption\":\"pro powder banana\"},{\"@type\":\"BreadcrumbList\",\"@id\":\"https:\\\/\\\/labemacosmetics.com\\\/produit\\\/pro-powder-banana-920-girl\\\/#breadcrumb\",\"itemListElement\":[{\"@type\":\"ListItem\",\"position\":1,\"name\":\"Accueil\",\"item\":\"https:\\\/\\\/labemacosmetics.com\\\/\"},{\"@type\":\"ListItem\",\"position\":2,\"name\":\"Produits\",\"item\":\"https:\\\/\\\/labemacosmetics.com\\\/shop\\\/\"},{\"@type\":\"ListItem\",\"position\":3,\"name\":\"LA GIRL Pro Powder banana 920\"}]},{\"@type\":\"WebSite\",\"@id\":\"https:\\\/\\\/labemacosmetics.com\\\/#website\",\"url\":\"https:\\\/\\\/labemacosmetics.com\\\/\",\"name\":\"Lab&eacute;ma Cosmetics\",\"description\":\"\",\"potentialAction\":[{\"@type\":\"SearchAction\",\"target\":{\"@type\":\"EntryPoint\",\"urlTemplate\":\"https:\\\/\\\/labemacosmetics.com\\\/?s={search_term_string}\"},\"query-input\":{\"@type\":\"PropertyValueSpecification\",\"valueRequired\":true,\"valueName\":\"search_term_string\"}}],\"inLanguage\":\"en-GB\"}]}<\/script>\n<meta property=\"product:brand\" content=\"LA Girl\" \/>\n<meta property=\"product:price:amount\" content=\"5000\" \/>\n<meta property=\"product:price:currency\" content=\"XOF\" \/>\n<meta property=\"og:availability\" content=\"instock\" \/>\n<meta property=\"product:availability\" content=\"instock\" \/>\n<meta property=\"product:condition\" content=\"new\" \/>\n<!-- \/ Yoast SEO Premium plugin. -->","yoast_head_json":{"title":"pro powder banana 920 - Lab\u00e9ma Cosmetics | Dakar - S\u00e9n\u00e9gal","description":"pro powder banana. HD Pro Setting Powder\u00a0 LA Girl est une poudre de finition ultra-fine. Con\u00e7ue pour fixer le maquillage et matifier le teint.","robots":{"index":"index","follow":"follow","max-snippet":"max-snippet:-1","max-image-preview":"max-image-preview:large","max-video-preview":"max-video-preview:-1"},"canonical":"https:\/\/labemacosmetics.com\/en\/product\/pro-powder-banana-920-girl\/","og_locale":"en_GB","og_type":"article","og_title":"LA GIRL Pro Powder banana 920","og_description":"pro powder banana. HD Pro Setting Powder\u00a0 LA Girl est une poudre de finition ultra-fine. Con\u00e7ue pour fixer le maquillage et matifier le teint.","og_url":"https:\/\/labemacosmetics.com\/en\/product\/pro-powder-banana-920-girl\/","og_site_name":"Lab&eacute;ma Cosmetics","article_publisher":"http:\/\/www.facebook.com\/labemacosmetics","article_modified_time":"2023-05-21T13:17:36+00:00","og_image":[{"width":425,"height":425,"url":"https:\/\/labemacosmetics.com\/wp-content\/uploads\/2019\/02\/920-1.jpg","type":"image\/jpeg"}],"twitter_card":"summary_large_image","twitter_site":"@Labemasn","twitter_misc":{"Price":"5 000&nbsp;CFA","Availability":"In stock"},"schema":{"@context":"https:\/\/schema.org","@graph":[{"@type":"WebPage","@id":"https:\/\/labemacosmetics.com\/produit\/pro-powder-banana-920-girl\/","url":"https:\/\/labemacosmetics.com\/produit\/pro-powder-banana-920-girl\/","name":"pro powder banana 920 - Lab\u00e9ma Cosmetics | Dakar - S\u00e9n\u00e9gal","isPartOf":{"@id":"https:\/\/labemacosmetics.com\/#website"},"primaryImageOfPage":{"@id":"https:\/\/labemacosmetics.com\/produit\/pro-powder-banana-920-girl\/#primaryimage"},"image":{"@id":"https:\/\/labemacosmetics.com\/produit\/pro-powder-banana-920-girl\/#primaryimage"},"thumbnailUrl":"https:\/\/labemacosmetics.com\/wp-content\/uploads\/2019\/02\/920-1.jpg","datePublished":"2019-02-06T23:59:01+00:00","dateModified":"2023-05-21T13:17:36+00:00","description":"pro powder banana. HD Pro Setting Powder\u00a0 LA Girl est une poudre de finition ultra-fine. Con\u00e7ue pour fixer le maquillage et matifier le teint.","breadcrumb":{"@id":"https:\/\/labemacosmetics.com\/produit\/pro-powder-banana-920-girl\/#breadcrumb"},"inLanguage":"en-GB","potentialAction":[{"@type":"ReadAction","target":["https:\/\/labemacosmetics.com\/produit\/pro-powder-banana-920-girl\/"]}]},{"@type":"ImageObject","inLanguage":"en-GB","@id":"https:\/\/labemacosmetics.com\/produit\/pro-powder-banana-920-girl\/#primaryimage","url":"https:\/\/labemacosmetics.com\/wp-content\/uploads\/2019\/02\/920-1.jpg","contentUrl":"https:\/\/labemacosmetics.com\/wp-content\/uploads\/2019\/02\/920-1.jpg","width":425,"height":425,"caption":"pro powder banana"},{"@type":"BreadcrumbList","@id":"https:\/\/labemacosmetics.com\/produit\/pro-powder-banana-920-girl\/#breadcrumb","itemListElement":[{"@type":"ListItem","position":1,"name":"Accueil","item":"https:\/\/labemacosmetics.com\/"},{"@type":"ListItem","position":2,"name":"Produits","item":"https:\/\/labemacosmetics.com\/shop\/"},{"@type":"ListItem","position":3,"name":"LA GIRL Pro Powder banana 920"}]},{"@type":"WebSite","@id":"https:\/\/labemacosmetics.com\/#website","url":"https:\/\/labemacosmetics.com\/","name":"Lab&eacute;ma Cosmetics","description":"","potentialAction":[{"@type":"SearchAction","target":{"@type":"EntryPoint","urlTemplate":"https:\/\/labemacosmetics.com\/?s={search_term_string}"},"query-input":{"@type":"PropertyValueSpecification","valueRequired":true,"valueName":"search_term_string"}}],"inLanguage":"en-GB"}]},"product_brand":"LA Girl","product_price_amount":"5000","product_price_currency":"XOF","og_availability":"instock","product_availability":"instock","product_condition":"new"},"_links":{"self":[{"href":"https:\/\/labemacosmetics.com\/en\/wp-json\/wp\/v2\/product\/4020","targetHints":{"allow":["GET"]}}],"collection":[{"href":"https:\/\/labemacosmetics.com\/en\/wp-json\/wp\/v2\/product"}],"about":[{"href":"https:\/\/labemacosmetics.com\/en\/wp-json\/wp\/v2\/types\/product"}],"replies":[{"embeddable":true,"href":"https:\/\/labemacosmetics.com\/en\/wp-json\/wp\/v2\/comments?post=4020"}],"version-history":[{"count":0,"href":"https:\/\/labemacosmetics.com\/en\/wp-json\/wp\/v2\/product\/4020\/revisions"}],"wp:featuredmedia":[{"embeddable":true,"href":"https:\/\/labemacosmetics.com\/en\/wp-json\/wp\/v2\/media\/4021"}],"wp:attachment":[{"href":"https:\/\/labemacosmetics.com\/en\/wp-json\/wp\/v2\/media?parent=4020"}],"wp:term":[{"taxonomy":"product_brand","embeddable":true,"href":"https:\/\/labemacosmetics.com\/en\/wp-json\/wp\/v2\/product_brand?post=4020"},{"taxonomy":"product_cat","embeddable":true,"href":"https:\/\/labemacosmetics.com\/en\/wp-json\/wp\/v2\/product_cat?post=4020"},{"taxonomy":"product_tag","embeddable":true,"href":"https:\/\/labemacosmetics.com\/en\/wp-json\/wp\/v2\/product_tag?post=4020"}],"curies":[{"name":"wp","href":"https:\/\/api.w.org\/{rel}","templated":true}]}}