{"id":3928,"date":"2018-09-04T00:44:33","date_gmt":"2018-09-03T22:44:33","guid":{"rendered":"https:\/\/www.labemacosmetics.com\/shop\/all-categories\/maquillage\/yeux\/la-girl-pro-primer-197\/"},"modified":"2023-05-21T14:18:56","modified_gmt":"2023-05-21T13:18:56","slug":"la-girl-pro-primer-197","status":"publish","type":"product","link":"https:\/\/labemacosmetics.com\/en\/product\/la-girl-pro-primer-197\/","title":{"rendered":"LA GIRL Pro primer Yeux 197"},"content":{"rendered":"<h6>description LA GIRL PRO Primer<\/h6>\n<p>LA GIRL PRO Primer 197 Primer Eyeshadow Stick est une amorce multit\u00e2che qui a un poids l\u00e9ger, formule non collante qui d\u00e9finit pour une application de maquillage pour les yeux longue dur\u00e9e. Ainsi la texture douce glisse sur les paupi\u00e8res pour pr\u00e9parer vos yeux pour une impeccable, m\u00eame application. Alors HD LA GIRL PRO Primer 197 Eyeshadow Stick est une amorce universelle. Ainsi qui sert de base et fonctionne sur tous les types de peau . Alors et\u00a0 vous permet de porter votre fard \u00e0 paupi\u00e8res pr\u00e9f\u00e9r\u00e9e toute la journ\u00e9e tout en am\u00e9liorant les pigments dans la plupart des fards \u00e0 paupi\u00e8res.<\/p>\n<p>&#8211; Amorce universelle qui sert de base pour ombres \u00e0 paupi\u00e8res<br \/>\n&#8211; Fournit toutes longtemps tenues de jour et am\u00e9liore les pigments de la plupart des fards \u00e0 paupi\u00e8res<br \/>\n&#8211; R\u00e9sout apparition de rougeurs et la d\u00e9coloration<br \/>\n&#8211; \u00c9quilibre la peau<\/p>\n<p>&nbsp;<\/p>","protected":false},"excerpt":{"rendered":"<p>LA GIRL PRO Primer Eyeshadow Stick est une amorce multit\u00e2che qui a un poids l\u00e9ger, formule non collante qui d\u00e9finit pour une application de maquillage pour les yeux longue dur\u00e9e[rev_slider alias=\u00a0\u00bbwoocommercesmall1&Prime;][\/rev_slider]<\/p>\n","protected":false},"featured_media":3924,"comment_status":"closed","ping_status":"closed","template":"","meta":{"om_disable_all_campaigns":false,"_mi_skip_tracking":false,"_monsterinsights_sitenote_active":false,"_monsterinsights_sitenote_note":"","_monsterinsights_sitenote_category":0},"product_brand":[],"product_cat":[551,127,103,109],"product_tag":[],"class_list":{"0":"post-3928","1":"product","2":"type-product","3":"status-publish","4":"has-post-thumbnail","6":"product_cat-base-paupiere","7":"product_cat-boutique","8":"product_cat-maquillage","9":"product_cat-yeux","10":"yith_product_brand-la-girl","12":"first","13":"instock","14":"shipping-taxable","15":"purchasable","16":"product-type-simple"},"yoast_head":"<!-- This site is optimized with the Yoast SEO Premium plugin v20.8 (Yoast SEO v27.4) - https:\/\/yoast.com\/product\/yoast-seo-premium-wordpress\/ -->\n<title>LA GIRL Pro primer Yeux 197 - Lab&eacute;ma Cosmetics<\/title>\n<meta name=\"description\" content=\"LA GIRL PRO Primer 197 Stick est une amorce multit\u00e2che la formule d\u00e9finit pour une application de maquillage pour les yeux longue dur\u00e9e\" \/>\n<meta name=\"robots\" content=\"index, follow, max-snippet:-1, max-image-preview:large, max-video-preview:-1\" \/>\n<link rel=\"canonical\" href=\"https:\/\/labemacosmetics.com\/en\/product\/la-girl-pro-primer-197\/\" \/>\n<meta property=\"og:locale\" content=\"en_GB\" \/>\n<meta property=\"og:type\" content=\"article\" \/>\n<meta property=\"og:title\" content=\"LA GIRL Pro primer Yeux 197\" \/>\n<meta property=\"og:description\" content=\"LA GIRL PRO Primer 197 Stick est une amorce multit\u00e2che la formule d\u00e9finit pour une application de maquillage pour les yeux longue dur\u00e9e\" \/>\n<meta property=\"og:url\" content=\"https:\/\/labemacosmetics.com\/en\/product\/la-girl-pro-primer-197\/\" \/>\n<meta property=\"og:site_name\" content=\"Lab&eacute;ma Cosmetics\" \/>\n<meta property=\"article:publisher\" content=\"http:\/\/www.facebook.com\/labemacosmetics\" \/>\n<meta property=\"article:modified_time\" content=\"2023-05-21T13:18:56+00:00\" \/>\n<meta property=\"og:image\" content=\"https:\/\/labemacosmetics.com\/wp-content\/uploads\/2018\/09\/base-ombre-a-paupieres-2.jpg\" \/>\n\t<meta property=\"og:image:width\" content=\"600\" \/>\n\t<meta property=\"og:image:height\" content=\"600\" \/>\n\t<meta property=\"og:image:type\" content=\"image\/jpeg\" \/>\n<meta name=\"twitter:card\" content=\"summary_large_image\" \/>\n<meta name=\"twitter:site\" content=\"@Labemasn\" \/>\n<meta name=\"twitter:label1\" content=\"Price\" \/>\n\t<meta name=\"twitter:data1\" content=\"4 000&nbsp;CFA\" \/>\n\t<meta name=\"twitter:label2\" content=\"Availability\" \/>\n\t<meta name=\"twitter:data2\" content=\"In stock\" \/>\n<script type=\"application\/ld+json\" class=\"yoast-schema-graph\">{\"@context\":\"https:\\\/\\\/schema.org\",\"@graph\":[{\"@type\":\"WebPage\",\"@id\":\"https:\\\/\\\/labemacosmetics.com\\\/produit\\\/la-girl-pro-primer-197\\\/\",\"url\":\"https:\\\/\\\/labemacosmetics.com\\\/produit\\\/la-girl-pro-primer-197\\\/\",\"name\":\"LA GIRL Pro primer Yeux 197 - Lab&eacute;ma Cosmetics\",\"isPartOf\":{\"@id\":\"https:\\\/\\\/labemacosmetics.com\\\/#website\"},\"primaryImageOfPage\":{\"@id\":\"https:\\\/\\\/labemacosmetics.com\\\/produit\\\/la-girl-pro-primer-197\\\/#primaryimage\"},\"image\":{\"@id\":\"https:\\\/\\\/labemacosmetics.com\\\/produit\\\/la-girl-pro-primer-197\\\/#primaryimage\"},\"thumbnailUrl\":\"https:\\\/\\\/labemacosmetics.com\\\/wp-content\\\/uploads\\\/2018\\\/09\\\/base-ombre-a-paupieres-2.jpg\",\"datePublished\":\"2018-09-03T22:44:33+00:00\",\"dateModified\":\"2023-05-21T13:18:56+00:00\",\"description\":\"LA GIRL PRO Primer 197 Stick est une amorce multit\u00e2che la formule d\u00e9finit pour une application de maquillage pour les yeux longue dur\u00e9e\",\"breadcrumb\":{\"@id\":\"https:\\\/\\\/labemacosmetics.com\\\/produit\\\/la-girl-pro-primer-197\\\/#breadcrumb\"},\"inLanguage\":\"en-GB\",\"potentialAction\":[{\"@type\":\"ReadAction\",\"target\":[\"https:\\\/\\\/labemacosmetics.com\\\/produit\\\/la-girl-pro-primer-197\\\/\"]}]},{\"@type\":\"ImageObject\",\"inLanguage\":\"en-GB\",\"@id\":\"https:\\\/\\\/labemacosmetics.com\\\/produit\\\/la-girl-pro-primer-197\\\/#primaryimage\",\"url\":\"https:\\\/\\\/labemacosmetics.com\\\/wp-content\\\/uploads\\\/2018\\\/09\\\/base-ombre-a-paupieres-2.jpg\",\"contentUrl\":\"https:\\\/\\\/labemacosmetics.com\\\/wp-content\\\/uploads\\\/2018\\\/09\\\/base-ombre-a-paupieres-2.jpg\",\"width\":600,\"height\":600,\"caption\":\"LA GIRL PRO Primer 197\"},{\"@type\":\"BreadcrumbList\",\"@id\":\"https:\\\/\\\/labemacosmetics.com\\\/produit\\\/la-girl-pro-primer-197\\\/#breadcrumb\",\"itemListElement\":[{\"@type\":\"ListItem\",\"position\":1,\"name\":\"Accueil\",\"item\":\"https:\\\/\\\/labemacosmetics.com\\\/\"},{\"@type\":\"ListItem\",\"position\":2,\"name\":\"Produits\",\"item\":\"https:\\\/\\\/labemacosmetics.com\\\/shop\\\/\"},{\"@type\":\"ListItem\",\"position\":3,\"name\":\"LA GIRL Pro primer Yeux 197\"}]},{\"@type\":\"WebSite\",\"@id\":\"https:\\\/\\\/labemacosmetics.com\\\/#website\",\"url\":\"https:\\\/\\\/labemacosmetics.com\\\/\",\"name\":\"Lab&eacute;ma Cosmetics\",\"description\":\"\",\"potentialAction\":[{\"@type\":\"SearchAction\",\"target\":{\"@type\":\"EntryPoint\",\"urlTemplate\":\"https:\\\/\\\/labemacosmetics.com\\\/?s={search_term_string}\"},\"query-input\":{\"@type\":\"PropertyValueSpecification\",\"valueRequired\":true,\"valueName\":\"search_term_string\"}}],\"inLanguage\":\"en-GB\"}]}<\/script>\n<meta property=\"product:brand\" content=\"LA Girl\" \/>\n<meta property=\"product:price:amount\" content=\"4000\" \/>\n<meta property=\"product:price:currency\" content=\"XOF\" \/>\n<meta property=\"og:availability\" content=\"instock\" \/>\n<meta property=\"product:availability\" content=\"instock\" \/>\n<meta property=\"product:condition\" content=\"new\" \/>\n<!-- \/ Yoast SEO Premium plugin. -->","yoast_head_json":{"title":"LA GIRL Pro primer Yeux 197 - Lab&eacute;ma Cosmetics","description":"LA GIRL PRO Primer 197 Stick est une amorce multit\u00e2che la formule d\u00e9finit pour une application de maquillage pour les yeux longue dur\u00e9e","robots":{"index":"index","follow":"follow","max-snippet":"max-snippet:-1","max-image-preview":"max-image-preview:large","max-video-preview":"max-video-preview:-1"},"canonical":"https:\/\/labemacosmetics.com\/en\/product\/la-girl-pro-primer-197\/","og_locale":"en_GB","og_type":"article","og_title":"LA GIRL Pro primer Yeux 197","og_description":"LA GIRL PRO Primer 197 Stick est une amorce multit\u00e2che la formule d\u00e9finit pour une application de maquillage pour les yeux longue dur\u00e9e","og_url":"https:\/\/labemacosmetics.com\/en\/product\/la-girl-pro-primer-197\/","og_site_name":"Lab&eacute;ma Cosmetics","article_publisher":"http:\/\/www.facebook.com\/labemacosmetics","article_modified_time":"2023-05-21T13:18:56+00:00","og_image":[{"width":600,"height":600,"url":"https:\/\/labemacosmetics.com\/wp-content\/uploads\/2018\/09\/base-ombre-a-paupieres-2.jpg","type":"image\/jpeg"}],"twitter_card":"summary_large_image","twitter_site":"@Labemasn","twitter_misc":{"Price":"4 000&nbsp;CFA","Availability":"In stock"},"schema":{"@context":"https:\/\/schema.org","@graph":[{"@type":"WebPage","@id":"https:\/\/labemacosmetics.com\/produit\/la-girl-pro-primer-197\/","url":"https:\/\/labemacosmetics.com\/produit\/la-girl-pro-primer-197\/","name":"LA GIRL Pro primer Yeux 197 - Lab&eacute;ma Cosmetics","isPartOf":{"@id":"https:\/\/labemacosmetics.com\/#website"},"primaryImageOfPage":{"@id":"https:\/\/labemacosmetics.com\/produit\/la-girl-pro-primer-197\/#primaryimage"},"image":{"@id":"https:\/\/labemacosmetics.com\/produit\/la-girl-pro-primer-197\/#primaryimage"},"thumbnailUrl":"https:\/\/labemacosmetics.com\/wp-content\/uploads\/2018\/09\/base-ombre-a-paupieres-2.jpg","datePublished":"2018-09-03T22:44:33+00:00","dateModified":"2023-05-21T13:18:56+00:00","description":"LA GIRL PRO Primer 197 Stick est une amorce multit\u00e2che la formule d\u00e9finit pour une application de maquillage pour les yeux longue dur\u00e9e","breadcrumb":{"@id":"https:\/\/labemacosmetics.com\/produit\/la-girl-pro-primer-197\/#breadcrumb"},"inLanguage":"en-GB","potentialAction":[{"@type":"ReadAction","target":["https:\/\/labemacosmetics.com\/produit\/la-girl-pro-primer-197\/"]}]},{"@type":"ImageObject","inLanguage":"en-GB","@id":"https:\/\/labemacosmetics.com\/produit\/la-girl-pro-primer-197\/#primaryimage","url":"https:\/\/labemacosmetics.com\/wp-content\/uploads\/2018\/09\/base-ombre-a-paupieres-2.jpg","contentUrl":"https:\/\/labemacosmetics.com\/wp-content\/uploads\/2018\/09\/base-ombre-a-paupieres-2.jpg","width":600,"height":600,"caption":"LA GIRL PRO Primer 197"},{"@type":"BreadcrumbList","@id":"https:\/\/labemacosmetics.com\/produit\/la-girl-pro-primer-197\/#breadcrumb","itemListElement":[{"@type":"ListItem","position":1,"name":"Accueil","item":"https:\/\/labemacosmetics.com\/"},{"@type":"ListItem","position":2,"name":"Produits","item":"https:\/\/labemacosmetics.com\/shop\/"},{"@type":"ListItem","position":3,"name":"LA GIRL Pro primer Yeux 197"}]},{"@type":"WebSite","@id":"https:\/\/labemacosmetics.com\/#website","url":"https:\/\/labemacosmetics.com\/","name":"Lab&eacute;ma Cosmetics","description":"","potentialAction":[{"@type":"SearchAction","target":{"@type":"EntryPoint","urlTemplate":"https:\/\/labemacosmetics.com\/?s={search_term_string}"},"query-input":{"@type":"PropertyValueSpecification","valueRequired":true,"valueName":"search_term_string"}}],"inLanguage":"en-GB"}]},"product_brand":"LA Girl","product_price_amount":"4000","product_price_currency":"XOF","og_availability":"instock","product_availability":"instock","product_condition":"new"},"_links":{"self":[{"href":"https:\/\/labemacosmetics.com\/en\/wp-json\/wp\/v2\/product\/3928","targetHints":{"allow":["GET"]}}],"collection":[{"href":"https:\/\/labemacosmetics.com\/en\/wp-json\/wp\/v2\/product"}],"about":[{"href":"https:\/\/labemacosmetics.com\/en\/wp-json\/wp\/v2\/types\/product"}],"replies":[{"embeddable":true,"href":"https:\/\/labemacosmetics.com\/en\/wp-json\/wp\/v2\/comments?post=3928"}],"version-history":[{"count":0,"href":"https:\/\/labemacosmetics.com\/en\/wp-json\/wp\/v2\/product\/3928\/revisions"}],"wp:featuredmedia":[{"embeddable":true,"href":"https:\/\/labemacosmetics.com\/en\/wp-json\/wp\/v2\/media\/3924"}],"wp:attachment":[{"href":"https:\/\/labemacosmetics.com\/en\/wp-json\/wp\/v2\/media?parent=3928"}],"wp:term":[{"taxonomy":"product_brand","embeddable":true,"href":"https:\/\/labemacosmetics.com\/en\/wp-json\/wp\/v2\/product_brand?post=3928"},{"taxonomy":"product_cat","embeddable":true,"href":"https:\/\/labemacosmetics.com\/en\/wp-json\/wp\/v2\/product_cat?post=3928"},{"taxonomy":"product_tag","embeddable":true,"href":"https:\/\/labemacosmetics.com\/en\/wp-json\/wp\/v2\/product_tag?post=3928"}],"curies":[{"name":"wp","href":"https:\/\/api.w.org\/{rel}","templated":true}]}}