{"id":3831,"date":"2018-07-05T13:11:11","date_gmt":"2018-07-05T11:11:11","guid":{"rendered":"https:\/\/www.labemacosmetics.com\/?post_type=product&#038;p=3831"},"modified":"2023-05-21T14:20:09","modified_gmt":"2023-05-21T13:20:09","slug":"dark-circle-correcteur-de-cernes","status":"publish","type":"product","link":"https:\/\/labemacosmetics.com\/en\/product\/dark-circle-correcteur-de-cernes\/","title":{"rendered":"KIKO Correcteur de Cernes 07 Hazelnut"},"content":{"rendered":"<h2>Dark circle correcteur de cernes<\/h2>\n<p>Correcteur fluide sp\u00e9cifique pour couvrir durablement les cernes . Alors floute les imperfections et donne de l&rsquo;\u00e9clat au contour des yeux. Ainsi sa texture, fluide et \u00e9lastique, glisse sur la peau et cr\u00e9e un film l\u00e9ger \u00e0 la couvrance modulable. Appliquer sur le contour des yeux en utilisant un pinceau sp\u00e9cifique, comme le Face . Il camoufle donc les cernes et donne un aspect repos\u00e9 au contour des yeux. Ainsi gr\u00e2ce \u00e0 l&rsquo;effet \u00ab soft focus \u00bb, les imperfections sont moins visibles. Sa texture, l\u00e9g\u00e8re et velout\u00e9e, se fond avec le teint et cr\u00e9e un film impalpable \u00e0 la couvrance modulable. Donc en cas de cernes profonds, il est conseill\u00e9 d&rsquo;appliquer d&rsquo;abord une couche de Dark Circle Tone Eraser, puis une couche de Dark Circle Concealer.<\/p>\n<ul>\n<li><span id=\"sample-permalink\">06 Honey <\/span><span id=\"sample-permalink\">07 Hazelnut<\/span><br \/>\n<span id=\"edit-slug-buttons\"><\/span><\/li>\n<\/ul>\n<div id=\"titlediv\">\n<div class=\"inside\">\n<div id=\"edit-slug-box\" class=\"hide-if-no-js\"><\/div>\n<\/div>\n<\/div>\n<div id=\"postdivrich\" class=\"postarea wp-editor-expand\">\n<div id=\"wp-content-wrap\" class=\"wp-core-ui wp-editor-wrap tmce-active has-dfw\">\n<div id=\"wp-content-editor-tools\" class=\"wp-editor-tools hide-if-no-js\">\n<div id=\"wp-content-media-buttons\" class=\"wp-media-buttons\"><\/div>\n<\/div>\n<\/div>\n<\/div>\n<div class=\"wp-editor-tabs\"><\/div>","protected":false},"excerpt":{"rendered":"<p>Correcteur anti-cernes en flacon pompe de 5ml. Dark Circle Concealer de Kiko pr\u00e9sente une texture fluide et pigment\u00e9e pour corriger et camoufler les cernes. Il apporte de l&rsquo;\u00e9clat pour illuminer le regard.<\/p>","protected":false},"featured_media":3832,"comment_status":"closed","ping_status":"closed","template":"","meta":{"om_disable_all_campaigns":false,"_mi_skip_tracking":false,"_monsterinsights_sitenote_active":false,"_monsterinsights_sitenote_note":"","_monsterinsights_sitenote_category":0},"product_brand":[],"product_cat":[120,103,108],"product_tag":[],"class_list":{"0":"post-3831","1":"product","2":"type-product","3":"status-publish","4":"has-post-thumbnail","6":"product_cat-anticernes","7":"product_cat-maquillage","8":"product_cat-teint","9":"yith_product_brand-kiko","11":"first","12":"instock","13":"shipping-taxable","14":"purchasable","15":"product-type-simple"},"yoast_head":"<!-- This site is optimized with the Yoast SEO Premium plugin v20.8 (Yoast SEO v27.4) - https:\/\/yoast.com\/product\/yoast-seo-premium-wordpress\/ -->\n<title>correcteur de cernes - Lab\u00e9ma Cosmetics | Dakar - S\u00e9n\u00e9gal<\/title>\n<meta name=\"description\" content=\"Correcteur anti-cernes en flacon pompe de 5ml. Dark Circle Concealer de Kiko pr\u00e9sente une texture fluide et pigment\u00e9e pour corriger et camoufler les cernes. Il apporte de l&#039;\u00e9clat pour illuminer le regard.\" \/>\n<meta name=\"robots\" content=\"index, follow, max-snippet:-1, max-image-preview:large, max-video-preview:-1\" \/>\n<link rel=\"canonical\" href=\"https:\/\/labemacosmetics.com\/en\/product\/dark-circle-correcteur-de-cernes\/\" \/>\n<meta property=\"og:locale\" content=\"en_GB\" \/>\n<meta property=\"og:type\" content=\"article\" \/>\n<meta property=\"og:title\" content=\"KIKO Correcteur de Cernes 07 Hazelnut\" \/>\n<meta property=\"og:description\" content=\"Correcteur anti-cernes en flacon pompe de 5ml. Dark Circle Concealer de Kiko pr\u00e9sente une texture fluide et pigment\u00e9e pour corriger et camoufler les cernes. Il apporte de l&#039;\u00e9clat pour illuminer le regard.\" \/>\n<meta property=\"og:url\" content=\"https:\/\/labemacosmetics.com\/en\/product\/dark-circle-correcteur-de-cernes\/\" \/>\n<meta property=\"og:site_name\" content=\"Lab&eacute;ma Cosmetics\" \/>\n<meta property=\"article:publisher\" content=\"http:\/\/www.facebook.com\/labemacosmetics\" \/>\n<meta property=\"article:modified_time\" content=\"2023-05-21T13:20:09+00:00\" \/>\n<meta property=\"og:image\" content=\"https:\/\/labemacosmetics.com\/wp-content\/uploads\/2018\/07\/Darkcirclecorrecteurcernes-1.jpg\" \/>\n\t<meta property=\"og:image:width\" content=\"390\" \/>\n\t<meta property=\"og:image:height\" content=\"390\" \/>\n\t<meta property=\"og:image:type\" content=\"image\/jpeg\" \/>\n<meta name=\"twitter:card\" content=\"summary_large_image\" \/>\n<meta name=\"twitter:site\" content=\"@Labemasn\" \/>\n<meta name=\"twitter:label1\" content=\"Price\" \/>\n\t<meta name=\"twitter:data1\" content=\"6 500&nbsp;CFA\" \/>\n\t<meta name=\"twitter:label2\" content=\"Availability\" \/>\n\t<meta name=\"twitter:data2\" content=\"In stock\" \/>\n<script type=\"application\/ld+json\" class=\"yoast-schema-graph\">{\"@context\":\"https:\\\/\\\/schema.org\",\"@graph\":[{\"@type\":\"WebPage\",\"@id\":\"https:\\\/\\\/labemacosmetics.com\\\/produit\\\/dark-circle-correcteur-de-cernes\\\/\",\"url\":\"https:\\\/\\\/labemacosmetics.com\\\/produit\\\/dark-circle-correcteur-de-cernes\\\/\",\"name\":\"correcteur de cernes - Lab\u00e9ma Cosmetics | Dakar - S\u00e9n\u00e9gal\",\"isPartOf\":{\"@id\":\"https:\\\/\\\/labemacosmetics.com\\\/#website\"},\"primaryImageOfPage\":{\"@id\":\"https:\\\/\\\/labemacosmetics.com\\\/produit\\\/dark-circle-correcteur-de-cernes\\\/#primaryimage\"},\"image\":{\"@id\":\"https:\\\/\\\/labemacosmetics.com\\\/produit\\\/dark-circle-correcteur-de-cernes\\\/#primaryimage\"},\"thumbnailUrl\":\"https:\\\/\\\/labemacosmetics.com\\\/wp-content\\\/uploads\\\/2018\\\/07\\\/Darkcirclecorrecteurcernes-1.jpg\",\"datePublished\":\"2018-07-05T11:11:11+00:00\",\"dateModified\":\"2023-05-21T13:20:09+00:00\",\"description\":\"Correcteur anti-cernes en flacon pompe de 5ml. Dark Circle Concealer de Kiko pr\u00e9sente une texture fluide et pigment\u00e9e pour corriger et camoufler les cernes. Il apporte de l'\u00e9clat pour illuminer le regard.\",\"breadcrumb\":{\"@id\":\"https:\\\/\\\/labemacosmetics.com\\\/produit\\\/dark-circle-correcteur-de-cernes\\\/#breadcrumb\"},\"inLanguage\":\"en-GB\",\"potentialAction\":[{\"@type\":\"ReadAction\",\"target\":[\"https:\\\/\\\/labemacosmetics.com\\\/produit\\\/dark-circle-correcteur-de-cernes\\\/\"]}]},{\"@type\":\"ImageObject\",\"inLanguage\":\"en-GB\",\"@id\":\"https:\\\/\\\/labemacosmetics.com\\\/produit\\\/dark-circle-correcteur-de-cernes\\\/#primaryimage\",\"url\":\"https:\\\/\\\/labemacosmetics.com\\\/wp-content\\\/uploads\\\/2018\\\/07\\\/Darkcirclecorrecteurcernes-1.jpg\",\"contentUrl\":\"https:\\\/\\\/labemacosmetics.com\\\/wp-content\\\/uploads\\\/2018\\\/07\\\/Darkcirclecorrecteurcernes-1.jpg\",\"width\":390,\"height\":390,\"caption\":\"correcteur de cernes\"},{\"@type\":\"BreadcrumbList\",\"@id\":\"https:\\\/\\\/labemacosmetics.com\\\/produit\\\/dark-circle-correcteur-de-cernes\\\/#breadcrumb\",\"itemListElement\":[{\"@type\":\"ListItem\",\"position\":1,\"name\":\"Accueil\",\"item\":\"https:\\\/\\\/labemacosmetics.com\\\/\"},{\"@type\":\"ListItem\",\"position\":2,\"name\":\"Produits\",\"item\":\"https:\\\/\\\/labemacosmetics.com\\\/shop\\\/\"},{\"@type\":\"ListItem\",\"position\":3,\"name\":\"KIKO Correcteur de Cernes 07 Hazelnut\"}]},{\"@type\":\"WebSite\",\"@id\":\"https:\\\/\\\/labemacosmetics.com\\\/#website\",\"url\":\"https:\\\/\\\/labemacosmetics.com\\\/\",\"name\":\"Lab&eacute;ma Cosmetics\",\"description\":\"\",\"potentialAction\":[{\"@type\":\"SearchAction\",\"target\":{\"@type\":\"EntryPoint\",\"urlTemplate\":\"https:\\\/\\\/labemacosmetics.com\\\/?s={search_term_string}\"},\"query-input\":{\"@type\":\"PropertyValueSpecification\",\"valueRequired\":true,\"valueName\":\"search_term_string\"}}],\"inLanguage\":\"en-GB\"}]}<\/script>\n<meta property=\"product:brand\" content=\"Kiko\" \/>\n<meta property=\"product:price:amount\" content=\"6500\" \/>\n<meta property=\"product:price:currency\" content=\"XOF\" \/>\n<meta property=\"og:availability\" content=\"instock\" \/>\n<meta property=\"product:availability\" content=\"instock\" \/>\n<meta property=\"product:condition\" content=\"new\" \/>\n<!-- \/ Yoast SEO Premium plugin. -->","yoast_head_json":{"title":"correcteur de cernes - Lab\u00e9ma Cosmetics | Dakar - S\u00e9n\u00e9gal","description":"Correcteur anti-cernes en flacon pompe de 5ml. Dark Circle Concealer de Kiko pr\u00e9sente une texture fluide et pigment\u00e9e pour corriger et camoufler les cernes. Il apporte de l'\u00e9clat pour illuminer le regard.","robots":{"index":"index","follow":"follow","max-snippet":"max-snippet:-1","max-image-preview":"max-image-preview:large","max-video-preview":"max-video-preview:-1"},"canonical":"https:\/\/labemacosmetics.com\/en\/product\/dark-circle-correcteur-de-cernes\/","og_locale":"en_GB","og_type":"article","og_title":"KIKO Correcteur de Cernes 07 Hazelnut","og_description":"Correcteur anti-cernes en flacon pompe de 5ml. Dark Circle Concealer de Kiko pr\u00e9sente une texture fluide et pigment\u00e9e pour corriger et camoufler les cernes. Il apporte de l'\u00e9clat pour illuminer le regard.","og_url":"https:\/\/labemacosmetics.com\/en\/product\/dark-circle-correcteur-de-cernes\/","og_site_name":"Lab&eacute;ma Cosmetics","article_publisher":"http:\/\/www.facebook.com\/labemacosmetics","article_modified_time":"2023-05-21T13:20:09+00:00","og_image":[{"width":390,"height":390,"url":"https:\/\/labemacosmetics.com\/wp-content\/uploads\/2018\/07\/Darkcirclecorrecteurcernes-1.jpg","type":"image\/jpeg"}],"twitter_card":"summary_large_image","twitter_site":"@Labemasn","twitter_misc":{"Price":"6 500&nbsp;CFA","Availability":"In stock"},"schema":{"@context":"https:\/\/schema.org","@graph":[{"@type":"WebPage","@id":"https:\/\/labemacosmetics.com\/produit\/dark-circle-correcteur-de-cernes\/","url":"https:\/\/labemacosmetics.com\/produit\/dark-circle-correcteur-de-cernes\/","name":"correcteur de cernes - Lab\u00e9ma Cosmetics | Dakar - S\u00e9n\u00e9gal","isPartOf":{"@id":"https:\/\/labemacosmetics.com\/#website"},"primaryImageOfPage":{"@id":"https:\/\/labemacosmetics.com\/produit\/dark-circle-correcteur-de-cernes\/#primaryimage"},"image":{"@id":"https:\/\/labemacosmetics.com\/produit\/dark-circle-correcteur-de-cernes\/#primaryimage"},"thumbnailUrl":"https:\/\/labemacosmetics.com\/wp-content\/uploads\/2018\/07\/Darkcirclecorrecteurcernes-1.jpg","datePublished":"2018-07-05T11:11:11+00:00","dateModified":"2023-05-21T13:20:09+00:00","description":"Correcteur anti-cernes en flacon pompe de 5ml. Dark Circle Concealer de Kiko pr\u00e9sente une texture fluide et pigment\u00e9e pour corriger et camoufler les cernes. Il apporte de l'\u00e9clat pour illuminer le regard.","breadcrumb":{"@id":"https:\/\/labemacosmetics.com\/produit\/dark-circle-correcteur-de-cernes\/#breadcrumb"},"inLanguage":"en-GB","potentialAction":[{"@type":"ReadAction","target":["https:\/\/labemacosmetics.com\/produit\/dark-circle-correcteur-de-cernes\/"]}]},{"@type":"ImageObject","inLanguage":"en-GB","@id":"https:\/\/labemacosmetics.com\/produit\/dark-circle-correcteur-de-cernes\/#primaryimage","url":"https:\/\/labemacosmetics.com\/wp-content\/uploads\/2018\/07\/Darkcirclecorrecteurcernes-1.jpg","contentUrl":"https:\/\/labemacosmetics.com\/wp-content\/uploads\/2018\/07\/Darkcirclecorrecteurcernes-1.jpg","width":390,"height":390,"caption":"correcteur de cernes"},{"@type":"BreadcrumbList","@id":"https:\/\/labemacosmetics.com\/produit\/dark-circle-correcteur-de-cernes\/#breadcrumb","itemListElement":[{"@type":"ListItem","position":1,"name":"Accueil","item":"https:\/\/labemacosmetics.com\/"},{"@type":"ListItem","position":2,"name":"Produits","item":"https:\/\/labemacosmetics.com\/shop\/"},{"@type":"ListItem","position":3,"name":"KIKO Correcteur de Cernes 07 Hazelnut"}]},{"@type":"WebSite","@id":"https:\/\/labemacosmetics.com\/#website","url":"https:\/\/labemacosmetics.com\/","name":"Lab&eacute;ma Cosmetics","description":"","potentialAction":[{"@type":"SearchAction","target":{"@type":"EntryPoint","urlTemplate":"https:\/\/labemacosmetics.com\/?s={search_term_string}"},"query-input":{"@type":"PropertyValueSpecification","valueRequired":true,"valueName":"search_term_string"}}],"inLanguage":"en-GB"}]},"product_brand":"Kiko","product_price_amount":"6500","product_price_currency":"XOF","og_availability":"instock","product_availability":"instock","product_condition":"new"},"_links":{"self":[{"href":"https:\/\/labemacosmetics.com\/en\/wp-json\/wp\/v2\/product\/3831","targetHints":{"allow":["GET"]}}],"collection":[{"href":"https:\/\/labemacosmetics.com\/en\/wp-json\/wp\/v2\/product"}],"about":[{"href":"https:\/\/labemacosmetics.com\/en\/wp-json\/wp\/v2\/types\/product"}],"replies":[{"embeddable":true,"href":"https:\/\/labemacosmetics.com\/en\/wp-json\/wp\/v2\/comments?post=3831"}],"version-history":[{"count":0,"href":"https:\/\/labemacosmetics.com\/en\/wp-json\/wp\/v2\/product\/3831\/revisions"}],"wp:featuredmedia":[{"embeddable":true,"href":"https:\/\/labemacosmetics.com\/en\/wp-json\/wp\/v2\/media\/3832"}],"wp:attachment":[{"href":"https:\/\/labemacosmetics.com\/en\/wp-json\/wp\/v2\/media?parent=3831"}],"wp:term":[{"taxonomy":"product_brand","embeddable":true,"href":"https:\/\/labemacosmetics.com\/en\/wp-json\/wp\/v2\/product_brand?post=3831"},{"taxonomy":"product_cat","embeddable":true,"href":"https:\/\/labemacosmetics.com\/en\/wp-json\/wp\/v2\/product_cat?post=3831"},{"taxonomy":"product_tag","embeddable":true,"href":"https:\/\/labemacosmetics.com\/en\/wp-json\/wp\/v2\/product_tag?post=3831"}],"curies":[{"name":"wp","href":"https:\/\/api.w.org\/{rel}","templated":true}]}}