{"id":3828,"date":"2018-07-04T15:20:27","date_gmt":"2018-07-04T14:20:27","guid":{"rendered":"https:\/\/www.labemacosmetics.com\/?post_type=product&#038;p=3828"},"modified":"2024-08-04T07:08:32","modified_gmt":"2024-08-04T06:08:32","slug":"sunshine-powder-foundation","status":"publish","type":"product","link":"https:\/\/labemacosmetics.com\/en\/product\/sunshine-powder-foundation\/","title":{"rendered":"KIKO Fond de Teint Poudre Sunshine 202 Medium"},"content":{"rendered":"<h6>sunshine powder foundation<\/h6>\n<p>Fond de teint en poudre sublimant compact avec fini mat et protection solaire SPF 50, le\u00a0sunshine powder foundation est id\u00e9al pour les peaux normales \u00e0 mixtes. Ainsi ce fond de teint \u00e0 couvrance modulable unifie le teint tout en le prot\u00e9geant des rayons solaires UVA\/UVB. Alors\u00a0 gr\u00e2ce \u00e0 son indice de protection \u00e9lev\u00e9. R\u00e9sistant \u00e0 l\u2019eau, il peut \u00eatre utilis\u00e9 aussi bien sec que mouill\u00e9. Ainsi dot\u00e9 d&rsquo;un miroir int\u00e9gr\u00e9 pratique et d&rsquo;une petite \u00e9ponge pour les retouches. C\u2019est un accessoire pr\u00e9cieux \u00e0 avoir toujours sur vous. Disponible en six teintes diff\u00e9rentes pour s\u2019adapter \u00e0 toutes les carnations. Donc la Mineral Powder Foundation a l&rsquo;opacit\u00e9 d&rsquo;un fond de teint classique ainsi que la consistance mate et soyeuse d&rsquo;une poudre libre. EIle offre un teint parfait, avec un look tr\u00e8s naturel, frais, revitalis\u00e9 et radieux.<\/p>\n<p><span id=\"sample-permalink\"><\/span><br \/>\n<span id=\"edit-slug-buttons\"><\/span><\/p>\n<div id=\"titlediv\">\n<div class=\"inside\">\n<div id=\"edit-slug-box\" class=\"hide-if-no-js\"><\/div>\n<\/div>\n<\/div>\n<div id=\"postdivrich\" class=\"postarea wp-editor-expand\">\n<div id=\"wp-content-wrap\" class=\"wp-core-ui wp-editor-wrap tmce-active has-dfw\">\n<div id=\"wp-content-editor-tools\" class=\"wp-editor-tools hide-if-no-js\">\n<div id=\"wp-content-media-buttons\" class=\"wp-media-buttons\"><\/div>\n<\/div>\n<\/div>\n<\/div>\n<div class=\"wp-editor-tabs\"><\/div>","protected":false},"excerpt":{"rendered":"<p>Fond de teint en poudre sublimant compact avec fini mat et protection solaire SPF 50, le\u00a0sunshine powder foundation est id\u00e9al pour les peaux normales \u00e0 mixtes. Ainsi ce fond de teint \u00e0 couvrance modulable unifie le teint tout en le prot\u00e9geant des rayons solaires UVA\/UVB.<\/p>","protected":false},"featured_media":5526,"comment_status":"closed","ping_status":"closed","template":"","meta":{"om_disable_all_campaigns":false,"_mi_skip_tracking":false,"_monsterinsights_sitenote_active":false,"_monsterinsights_sitenote_note":"","_monsterinsights_sitenote_category":0},"product_brand":[],"product_cat":[127,117,103,118,108],"product_tag":[],"class_list":{"0":"post-3828","1":"product","2":"type-product","3":"status-publish","4":"has-post-thumbnail","6":"product_cat-boutique","7":"product_cat-fond-de-teint","8":"product_cat-maquillage","9":"product_cat-poudre","10":"product_cat-teint","11":"yith_product_brand-kiko","13":"first","14":"outofstock","15":"shipping-taxable","16":"purchasable","17":"product-type-simple"},"yoast_head":"<!-- This site is optimized with the Yoast SEO Premium plugin v20.8 (Yoast SEO v27.4) - https:\/\/yoast.com\/product\/yoast-seo-premium-wordpress\/ -->\n<title>sunshine powder foundation - Lab\u00e9ma Cosmetics | Dakar - S\u00e9n\u00e9gal<\/title>\n<meta name=\"description\" content=\"Fond de teint en poudre sublimant compact avec fini mat . le sunshine powder foundation est id\u00e9al pour les peaux normales \u00e0 mixtes.\" \/>\n<meta name=\"robots\" content=\"index, follow, max-snippet:-1, max-image-preview:large, max-video-preview:-1\" \/>\n<link rel=\"canonical\" href=\"https:\/\/labemacosmetics.com\/en\/product\/sunshine-powder-foundation\/\" \/>\n<meta property=\"og:locale\" content=\"en_GB\" \/>\n<meta property=\"og:type\" content=\"article\" \/>\n<meta property=\"og:title\" content=\"KIKO Fond de Teint Poudre Sunshine 202 Medium\" \/>\n<meta property=\"og:description\" content=\"Fond de teint en poudre sublimant compact avec fini mat . le sunshine powder foundation est id\u00e9al pour les peaux normales \u00e0 mixtes.\" \/>\n<meta property=\"og:url\" content=\"https:\/\/labemacosmetics.com\/en\/product\/sunshine-powder-foundation\/\" \/>\n<meta property=\"og:site_name\" content=\"Lab&eacute;ma Cosmetics\" \/>\n<meta property=\"article:publisher\" content=\"http:\/\/www.facebook.com\/labemacosmetics\" \/>\n<meta property=\"article:modified_time\" content=\"2024-08-04T06:08:32+00:00\" \/>\n<meta property=\"og:image\" content=\"https:\/\/labemacosmetics.com\/wp-content\/uploads\/2018\/07\/sunchine-powder.jpg\" \/>\n\t<meta property=\"og:image:width\" content=\"260\" \/>\n\t<meta property=\"og:image:height\" content=\"263\" \/>\n\t<meta property=\"og:image:type\" content=\"image\/jpeg\" \/>\n<meta name=\"twitter:card\" content=\"summary_large_image\" \/>\n<meta name=\"twitter:site\" content=\"@Labemasn\" \/>\n<meta name=\"twitter:label1\" content=\"Price\" \/>\n\t<meta name=\"twitter:data1\" content=\"10 000&nbsp;CFA\" \/>\n\t<meta name=\"twitter:label2\" content=\"Availability\" \/>\n\t<meta name=\"twitter:data2\" content=\"Out of stock\" \/>\n<script type=\"application\/ld+json\" class=\"yoast-schema-graph\">{\"@context\":\"https:\\\/\\\/schema.org\",\"@graph\":[{\"@type\":\"WebPage\",\"@id\":\"https:\\\/\\\/labemacosmetics.com\\\/en\\\/product\\\/sunshine-powder-foundation\\\/\",\"url\":\"https:\\\/\\\/labemacosmetics.com\\\/en\\\/product\\\/sunshine-powder-foundation\\\/\",\"name\":\"sunshine powder foundation - Lab\u00e9ma Cosmetics | Dakar - S\u00e9n\u00e9gal\",\"isPartOf\":{\"@id\":\"https:\\\/\\\/labemacosmetics.com\\\/#website\"},\"primaryImageOfPage\":{\"@id\":\"https:\\\/\\\/labemacosmetics.com\\\/en\\\/product\\\/sunshine-powder-foundation\\\/#primaryimage\"},\"image\":{\"@id\":\"https:\\\/\\\/labemacosmetics.com\\\/en\\\/product\\\/sunshine-powder-foundation\\\/#primaryimage\"},\"thumbnailUrl\":\"https:\\\/\\\/labemacosmetics.com\\\/wp-content\\\/uploads\\\/2018\\\/07\\\/sunchine-powder.jpg\",\"datePublished\":\"2018-07-04T14:20:27+00:00\",\"dateModified\":\"2024-08-04T06:08:32+00:00\",\"description\":\"Fond de teint en poudre sublimant compact avec fini mat . le sunshine powder foundation est id\u00e9al pour les peaux normales \u00e0 mixtes.\",\"breadcrumb\":{\"@id\":\"https:\\\/\\\/labemacosmetics.com\\\/en\\\/product\\\/sunshine-powder-foundation\\\/#breadcrumb\"},\"inLanguage\":\"en-GB\",\"potentialAction\":[{\"@type\":\"ReadAction\",\"target\":[\"https:\\\/\\\/labemacosmetics.com\\\/en\\\/product\\\/sunshine-powder-foundation\\\/\"]}]},{\"@type\":\"ImageObject\",\"inLanguage\":\"en-GB\",\"@id\":\"https:\\\/\\\/labemacosmetics.com\\\/en\\\/product\\\/sunshine-powder-foundation\\\/#primaryimage\",\"url\":\"https:\\\/\\\/labemacosmetics.com\\\/wp-content\\\/uploads\\\/2018\\\/07\\\/sunchine-powder.jpg\",\"contentUrl\":\"https:\\\/\\\/labemacosmetics.com\\\/wp-content\\\/uploads\\\/2018\\\/07\\\/sunchine-powder.jpg\",\"width\":260,\"height\":263,\"caption\":\"kiko sunshine powder\"},{\"@type\":\"BreadcrumbList\",\"@id\":\"https:\\\/\\\/labemacosmetics.com\\\/en\\\/product\\\/sunshine-powder-foundation\\\/#breadcrumb\",\"itemListElement\":[{\"@type\":\"ListItem\",\"position\":1,\"name\":\"Accueil\",\"item\":\"https:\\\/\\\/labemacosmetics.com\\\/\"},{\"@type\":\"ListItem\",\"position\":2,\"name\":\"Produits\",\"item\":\"https:\\\/\\\/labemacosmetics.com\\\/shop\\\/\"},{\"@type\":\"ListItem\",\"position\":3,\"name\":\"KIKO Fond de Teint Poudre Sunshine 202 Medium\"}]},{\"@type\":\"WebSite\",\"@id\":\"https:\\\/\\\/labemacosmetics.com\\\/#website\",\"url\":\"https:\\\/\\\/labemacosmetics.com\\\/\",\"name\":\"Lab&eacute;ma Cosmetics\",\"description\":\"\",\"potentialAction\":[{\"@type\":\"SearchAction\",\"target\":{\"@type\":\"EntryPoint\",\"urlTemplate\":\"https:\\\/\\\/labemacosmetics.com\\\/?s={search_term_string}\"},\"query-input\":{\"@type\":\"PropertyValueSpecification\",\"valueRequired\":true,\"valueName\":\"search_term_string\"}}],\"inLanguage\":\"en-GB\"}]}<\/script>\n<meta property=\"product:brand\" content=\"Kiko\" \/>\n<meta property=\"product:price:amount\" content=\"10000\" \/>\n<meta property=\"product:price:currency\" content=\"XOF\" \/>\n<meta property=\"og:availability\" content=\"out of stock\" \/>\n<meta property=\"product:availability\" content=\"out of stock\" \/>\n<meta property=\"product:condition\" content=\"new\" \/>\n<!-- \/ Yoast SEO Premium plugin. -->","yoast_head_json":{"title":"sunshine powder foundation - Lab\u00e9ma Cosmetics | Dakar - S\u00e9n\u00e9gal","description":"Fond de teint en poudre sublimant compact avec fini mat . le sunshine powder foundation est id\u00e9al pour les peaux normales \u00e0 mixtes.","robots":{"index":"index","follow":"follow","max-snippet":"max-snippet:-1","max-image-preview":"max-image-preview:large","max-video-preview":"max-video-preview:-1"},"canonical":"https:\/\/labemacosmetics.com\/en\/product\/sunshine-powder-foundation\/","og_locale":"en_GB","og_type":"article","og_title":"KIKO Fond de Teint Poudre Sunshine 202 Medium","og_description":"Fond de teint en poudre sublimant compact avec fini mat . le sunshine powder foundation est id\u00e9al pour les peaux normales \u00e0 mixtes.","og_url":"https:\/\/labemacosmetics.com\/en\/product\/sunshine-powder-foundation\/","og_site_name":"Lab&eacute;ma Cosmetics","article_publisher":"http:\/\/www.facebook.com\/labemacosmetics","article_modified_time":"2024-08-04T06:08:32+00:00","og_image":[{"width":260,"height":263,"url":"https:\/\/labemacosmetics.com\/wp-content\/uploads\/2018\/07\/sunchine-powder.jpg","type":"image\/jpeg"}],"twitter_card":"summary_large_image","twitter_site":"@Labemasn","twitter_misc":{"Price":"10 000&nbsp;CFA","Availability":"Out of stock"},"schema":{"@context":"https:\/\/schema.org","@graph":[{"@type":"WebPage","@id":"https:\/\/labemacosmetics.com\/en\/product\/sunshine-powder-foundation\/","url":"https:\/\/labemacosmetics.com\/en\/product\/sunshine-powder-foundation\/","name":"sunshine powder foundation - Lab\u00e9ma Cosmetics | Dakar - S\u00e9n\u00e9gal","isPartOf":{"@id":"https:\/\/labemacosmetics.com\/#website"},"primaryImageOfPage":{"@id":"https:\/\/labemacosmetics.com\/en\/product\/sunshine-powder-foundation\/#primaryimage"},"image":{"@id":"https:\/\/labemacosmetics.com\/en\/product\/sunshine-powder-foundation\/#primaryimage"},"thumbnailUrl":"https:\/\/labemacosmetics.com\/wp-content\/uploads\/2018\/07\/sunchine-powder.jpg","datePublished":"2018-07-04T14:20:27+00:00","dateModified":"2024-08-04T06:08:32+00:00","description":"Fond de teint en poudre sublimant compact avec fini mat . le sunshine powder foundation est id\u00e9al pour les peaux normales \u00e0 mixtes.","breadcrumb":{"@id":"https:\/\/labemacosmetics.com\/en\/product\/sunshine-powder-foundation\/#breadcrumb"},"inLanguage":"en-GB","potentialAction":[{"@type":"ReadAction","target":["https:\/\/labemacosmetics.com\/en\/product\/sunshine-powder-foundation\/"]}]},{"@type":"ImageObject","inLanguage":"en-GB","@id":"https:\/\/labemacosmetics.com\/en\/product\/sunshine-powder-foundation\/#primaryimage","url":"https:\/\/labemacosmetics.com\/wp-content\/uploads\/2018\/07\/sunchine-powder.jpg","contentUrl":"https:\/\/labemacosmetics.com\/wp-content\/uploads\/2018\/07\/sunchine-powder.jpg","width":260,"height":263,"caption":"kiko sunshine powder"},{"@type":"BreadcrumbList","@id":"https:\/\/labemacosmetics.com\/en\/product\/sunshine-powder-foundation\/#breadcrumb","itemListElement":[{"@type":"ListItem","position":1,"name":"Accueil","item":"https:\/\/labemacosmetics.com\/"},{"@type":"ListItem","position":2,"name":"Produits","item":"https:\/\/labemacosmetics.com\/shop\/"},{"@type":"ListItem","position":3,"name":"KIKO Fond de Teint Poudre Sunshine 202 Medium"}]},{"@type":"WebSite","@id":"https:\/\/labemacosmetics.com\/#website","url":"https:\/\/labemacosmetics.com\/","name":"Lab&eacute;ma Cosmetics","description":"","potentialAction":[{"@type":"SearchAction","target":{"@type":"EntryPoint","urlTemplate":"https:\/\/labemacosmetics.com\/?s={search_term_string}"},"query-input":{"@type":"PropertyValueSpecification","valueRequired":true,"valueName":"search_term_string"}}],"inLanguage":"en-GB"}]},"product_brand":"Kiko","product_price_amount":"10000","product_price_currency":"XOF","og_availability":"out of stock","product_availability":"out of stock","product_condition":"new"},"_links":{"self":[{"href":"https:\/\/labemacosmetics.com\/en\/wp-json\/wp\/v2\/product\/3828","targetHints":{"allow":["GET"]}}],"collection":[{"href":"https:\/\/labemacosmetics.com\/en\/wp-json\/wp\/v2\/product"}],"about":[{"href":"https:\/\/labemacosmetics.com\/en\/wp-json\/wp\/v2\/types\/product"}],"replies":[{"embeddable":true,"href":"https:\/\/labemacosmetics.com\/en\/wp-json\/wp\/v2\/comments?post=3828"}],"version-history":[{"count":0,"href":"https:\/\/labemacosmetics.com\/en\/wp-json\/wp\/v2\/product\/3828\/revisions"}],"wp:featuredmedia":[{"embeddable":true,"href":"https:\/\/labemacosmetics.com\/en\/wp-json\/wp\/v2\/media\/5526"}],"wp:attachment":[{"href":"https:\/\/labemacosmetics.com\/en\/wp-json\/wp\/v2\/media?parent=3828"}],"wp:term":[{"taxonomy":"product_brand","embeddable":true,"href":"https:\/\/labemacosmetics.com\/en\/wp-json\/wp\/v2\/product_brand?post=3828"},{"taxonomy":"product_cat","embeddable":true,"href":"https:\/\/labemacosmetics.com\/en\/wp-json\/wp\/v2\/product_cat?post=3828"},{"taxonomy":"product_tag","embeddable":true,"href":"https:\/\/labemacosmetics.com\/en\/wp-json\/wp\/v2\/product_tag?post=3828"}],"curies":[{"name":"wp","href":"https:\/\/api.w.org\/{rel}","templated":true}]}}