{"id":3825,"date":"2018-07-04T14:49:27","date_gmt":"2018-07-04T13:49:27","guid":{"rendered":"https:\/\/www.labemacosmetics.com\/?post_type=product&#038;p=3825"},"modified":"2023-06-25T09:51:36","modified_gmt":"2023-06-25T08:51:36","slug":"candy-split-lipstick","status":"publish","type":"product","link":"https:\/\/labemacosmetics.com\/en\/product\/candy-split-lipstick\/","title":{"rendered":"KIKO Rouge \u00e0 L\u00e8vres CAndy Lip Stick"},"content":{"rendered":"<div class=\"text producttext\">\n<h6>candy split lipstick<\/h6>\n<p>Rouge \u00e0 l\u00e8vres cr\u00e9meux\u00a0candy split lipstick parfum vanille. Sa texture cr\u00e9meuse, brillante et uniforme recouvre les l\u00e8vres d\u2019une couleur sorbet glossy. Ainsi pour un effet repulpant mettant le sourire en valeur. Alors Sa formule fondante cr\u00e9e un effet d\u2019optique repulpant imm\u00e9diat. Sa texture intense et lumineuse offre une exp\u00e9rience sensorielle agr\u00e9able et fond sur les l\u00e8vres, en y d\u00e9posant un film doux et brillant. L\u2019application est facile et parfaitement homog\u00e8ne. Donc Les teintes propos\u00e9es rev\u00eatent les l\u00e8vres de nuances pastel espi\u00e8gles et originales tout en garantissant un maquillage haute performance.<\/p>\n<p><span id=\"sample-permalink\"><\/span><br \/>\n<span id=\"edit-slug-buttons\"><\/span><\/p>\n<div id=\"titlediv\">\n<div class=\"inside\"><\/div>\n<\/div>\n<p>&nbsp;<\/p>\n<\/div>","protected":false},"excerpt":{"rendered":"<p>Rouge \u00e0 l\u00e8vres cr\u00e9meux candy split lipstick parfum vanille. Sa texture cr\u00e9meuse, brillante et uniforme recouvre les l\u00e8vres d\u2019une couleur sorbet glossy, pour un effet repulpant mettant le sourire en valeur. Sa formule fondante cr\u00e9e un effet d\u2019optique repulpant imm\u00e9diat.<\/p>","protected":false},"featured_media":3826,"comment_status":"closed","ping_status":"closed","template":"","meta":{"om_disable_all_campaigns":false,"_mi_skip_tracking":false,"_monsterinsights_sitenote_active":false,"_monsterinsights_sitenote_note":"","_monsterinsights_sitenote_category":0},"product_brand":[],"product_cat":[127,110,103,122],"product_tag":[],"class_list":{"0":"post-3825","1":"product","2":"type-product","3":"status-publish","4":"has-post-thumbnail","6":"product_cat-boutique","7":"product_cat-levres","8":"product_cat-maquillage","9":"product_cat-rouge-a-levres","10":"yith_product_brand-kiko","12":"first","13":"instock","14":"sale","15":"shipping-taxable","16":"purchasable","17":"product-type-simple"},"yoast_head":"<!-- This site is optimized with the Yoast SEO Premium plugin v20.8 (Yoast SEO v27.4) - https:\/\/yoast.com\/product\/yoast-seo-premium-wordpress\/ -->\n<title>candy split lipstick - Lab\u00e9ma Cosmetics | Dakar - S\u00e9n\u00e9gal<\/title>\n<meta name=\"description\" content=\"Rouge \u00e0 l\u00e8vres cr\u00e9meux candy split lipstick parfum vanille. Sa texture cr\u00e9meuse et brillante recouvre les l\u00e8vres d\u2019une couleur sorbet glossy\" \/>\n<meta name=\"robots\" content=\"index, follow, max-snippet:-1, max-image-preview:large, max-video-preview:-1\" \/>\n<link rel=\"canonical\" href=\"https:\/\/labemacosmetics.com\/en\/product\/candy-split-lipstick\/\" \/>\n<meta property=\"og:locale\" content=\"en_GB\" \/>\n<meta property=\"og:type\" content=\"article\" \/>\n<meta property=\"og:title\" content=\"KIKO Rouge \u00e0 L\u00e8vres CAndy Lip Stick\" \/>\n<meta property=\"og:description\" content=\"Rouge \u00e0 l\u00e8vres cr\u00e9meux candy split lipstick parfum vanille. Sa texture cr\u00e9meuse et brillante recouvre les l\u00e8vres d\u2019une couleur sorbet glossy\" \/>\n<meta property=\"og:url\" content=\"https:\/\/labemacosmetics.com\/en\/product\/candy-split-lipstick\/\" \/>\n<meta property=\"og:site_name\" content=\"Lab&eacute;ma Cosmetics\" \/>\n<meta property=\"article:publisher\" content=\"http:\/\/www.facebook.com\/labemacosmetics\" \/>\n<meta property=\"article:modified_time\" content=\"2023-06-25T08:51:36+00:00\" \/>\n<meta property=\"og:image\" content=\"https:\/\/labemacosmetics.com\/wp-content\/uploads\/2018\/07\/candylip-1.jpg\" \/>\n\t<meta property=\"og:image:width\" content=\"390\" \/>\n\t<meta property=\"og:image:height\" content=\"390\" \/>\n\t<meta property=\"og:image:type\" content=\"image\/jpeg\" \/>\n<meta name=\"twitter:card\" content=\"summary_large_image\" \/>\n<meta name=\"twitter:site\" content=\"@Labemasn\" \/>\n<meta name=\"twitter:label1\" content=\"Price\" \/>\n\t<meta name=\"twitter:data1\" content=\"4 000&nbsp;CFA\" \/>\n\t<meta name=\"twitter:label2\" content=\"Availability\" \/>\n\t<meta name=\"twitter:data2\" content=\"In stock\" \/>\n<script type=\"application\/ld+json\" class=\"yoast-schema-graph\">{\"@context\":\"https:\\\/\\\/schema.org\",\"@graph\":[{\"@type\":\"WebPage\",\"@id\":\"https:\\\/\\\/labemacosmetics.com\\\/produit\\\/candy-split-lipstick\\\/\",\"url\":\"https:\\\/\\\/labemacosmetics.com\\\/produit\\\/candy-split-lipstick\\\/\",\"name\":\"candy split lipstick - Lab\u00e9ma Cosmetics | Dakar - S\u00e9n\u00e9gal\",\"isPartOf\":{\"@id\":\"https:\\\/\\\/labemacosmetics.com\\\/#website\"},\"primaryImageOfPage\":{\"@id\":\"https:\\\/\\\/labemacosmetics.com\\\/produit\\\/candy-split-lipstick\\\/#primaryimage\"},\"image\":{\"@id\":\"https:\\\/\\\/labemacosmetics.com\\\/produit\\\/candy-split-lipstick\\\/#primaryimage\"},\"thumbnailUrl\":\"https:\\\/\\\/labemacosmetics.com\\\/wp-content\\\/uploads\\\/2018\\\/07\\\/candylip-1.jpg\",\"datePublished\":\"2018-07-04T13:49:27+00:00\",\"dateModified\":\"2023-06-25T08:51:36+00:00\",\"description\":\"Rouge \u00e0 l\u00e8vres cr\u00e9meux candy split lipstick parfum vanille. Sa texture cr\u00e9meuse et brillante recouvre les l\u00e8vres d\u2019une couleur sorbet glossy\",\"breadcrumb\":{\"@id\":\"https:\\\/\\\/labemacosmetics.com\\\/produit\\\/candy-split-lipstick\\\/#breadcrumb\"},\"inLanguage\":\"en-GB\",\"potentialAction\":[{\"@type\":\"ReadAction\",\"target\":[\"https:\\\/\\\/labemacosmetics.com\\\/produit\\\/candy-split-lipstick\\\/\"]}]},{\"@type\":\"ImageObject\",\"inLanguage\":\"en-GB\",\"@id\":\"https:\\\/\\\/labemacosmetics.com\\\/produit\\\/candy-split-lipstick\\\/#primaryimage\",\"url\":\"https:\\\/\\\/labemacosmetics.com\\\/wp-content\\\/uploads\\\/2018\\\/07\\\/candylip-1.jpg\",\"contentUrl\":\"https:\\\/\\\/labemacosmetics.com\\\/wp-content\\\/uploads\\\/2018\\\/07\\\/candylip-1.jpg\",\"width\":390,\"height\":390,\"caption\":\"CANDY SPLIT LIPSTICK 02- BLUE\"},{\"@type\":\"BreadcrumbList\",\"@id\":\"https:\\\/\\\/labemacosmetics.com\\\/produit\\\/candy-split-lipstick\\\/#breadcrumb\",\"itemListElement\":[{\"@type\":\"ListItem\",\"position\":1,\"name\":\"Accueil\",\"item\":\"https:\\\/\\\/labemacosmetics.com\\\/\"},{\"@type\":\"ListItem\",\"position\":2,\"name\":\"Produits\",\"item\":\"https:\\\/\\\/labemacosmetics.com\\\/shop\\\/\"},{\"@type\":\"ListItem\",\"position\":3,\"name\":\"KIKO Rouge \u00e0 L\u00e8vres CAndy Lip Stick\"}]},{\"@type\":\"WebSite\",\"@id\":\"https:\\\/\\\/labemacosmetics.com\\\/#website\",\"url\":\"https:\\\/\\\/labemacosmetics.com\\\/\",\"name\":\"Lab&eacute;ma Cosmetics\",\"description\":\"\",\"potentialAction\":[{\"@type\":\"SearchAction\",\"target\":{\"@type\":\"EntryPoint\",\"urlTemplate\":\"https:\\\/\\\/labemacosmetics.com\\\/?s={search_term_string}\"},\"query-input\":{\"@type\":\"PropertyValueSpecification\",\"valueRequired\":true,\"valueName\":\"search_term_string\"}}],\"inLanguage\":\"en-GB\"}]}<\/script>\n<meta property=\"product:brand\" content=\"Kiko\" \/>\n<meta property=\"product:price:amount\" content=\"4000\" \/>\n<meta property=\"product:price:currency\" content=\"XOF\" \/>\n<meta property=\"og:availability\" content=\"instock\" \/>\n<meta property=\"product:availability\" content=\"instock\" \/>\n<meta property=\"product:condition\" content=\"new\" \/>\n<!-- \/ Yoast SEO Premium plugin. -->","yoast_head_json":{"title":"candy split lipstick - Lab\u00e9ma Cosmetics | Dakar - S\u00e9n\u00e9gal","description":"Rouge \u00e0 l\u00e8vres cr\u00e9meux candy split lipstick parfum vanille. Sa texture cr\u00e9meuse et brillante recouvre les l\u00e8vres d\u2019une couleur sorbet glossy","robots":{"index":"index","follow":"follow","max-snippet":"max-snippet:-1","max-image-preview":"max-image-preview:large","max-video-preview":"max-video-preview:-1"},"canonical":"https:\/\/labemacosmetics.com\/en\/product\/candy-split-lipstick\/","og_locale":"en_GB","og_type":"article","og_title":"KIKO Rouge \u00e0 L\u00e8vres CAndy Lip Stick","og_description":"Rouge \u00e0 l\u00e8vres cr\u00e9meux candy split lipstick parfum vanille. Sa texture cr\u00e9meuse et brillante recouvre les l\u00e8vres d\u2019une couleur sorbet glossy","og_url":"https:\/\/labemacosmetics.com\/en\/product\/candy-split-lipstick\/","og_site_name":"Lab&eacute;ma Cosmetics","article_publisher":"http:\/\/www.facebook.com\/labemacosmetics","article_modified_time":"2023-06-25T08:51:36+00:00","og_image":[{"width":390,"height":390,"url":"https:\/\/labemacosmetics.com\/wp-content\/uploads\/2018\/07\/candylip-1.jpg","type":"image\/jpeg"}],"twitter_card":"summary_large_image","twitter_site":"@Labemasn","twitter_misc":{"Price":"4 000&nbsp;CFA","Availability":"In stock"},"schema":{"@context":"https:\/\/schema.org","@graph":[{"@type":"WebPage","@id":"https:\/\/labemacosmetics.com\/produit\/candy-split-lipstick\/","url":"https:\/\/labemacosmetics.com\/produit\/candy-split-lipstick\/","name":"candy split lipstick - Lab\u00e9ma Cosmetics | Dakar - S\u00e9n\u00e9gal","isPartOf":{"@id":"https:\/\/labemacosmetics.com\/#website"},"primaryImageOfPage":{"@id":"https:\/\/labemacosmetics.com\/produit\/candy-split-lipstick\/#primaryimage"},"image":{"@id":"https:\/\/labemacosmetics.com\/produit\/candy-split-lipstick\/#primaryimage"},"thumbnailUrl":"https:\/\/labemacosmetics.com\/wp-content\/uploads\/2018\/07\/candylip-1.jpg","datePublished":"2018-07-04T13:49:27+00:00","dateModified":"2023-06-25T08:51:36+00:00","description":"Rouge \u00e0 l\u00e8vres cr\u00e9meux candy split lipstick parfum vanille. Sa texture cr\u00e9meuse et brillante recouvre les l\u00e8vres d\u2019une couleur sorbet glossy","breadcrumb":{"@id":"https:\/\/labemacosmetics.com\/produit\/candy-split-lipstick\/#breadcrumb"},"inLanguage":"en-GB","potentialAction":[{"@type":"ReadAction","target":["https:\/\/labemacosmetics.com\/produit\/candy-split-lipstick\/"]}]},{"@type":"ImageObject","inLanguage":"en-GB","@id":"https:\/\/labemacosmetics.com\/produit\/candy-split-lipstick\/#primaryimage","url":"https:\/\/labemacosmetics.com\/wp-content\/uploads\/2018\/07\/candylip-1.jpg","contentUrl":"https:\/\/labemacosmetics.com\/wp-content\/uploads\/2018\/07\/candylip-1.jpg","width":390,"height":390,"caption":"CANDY SPLIT LIPSTICK 02- BLUE"},{"@type":"BreadcrumbList","@id":"https:\/\/labemacosmetics.com\/produit\/candy-split-lipstick\/#breadcrumb","itemListElement":[{"@type":"ListItem","position":1,"name":"Accueil","item":"https:\/\/labemacosmetics.com\/"},{"@type":"ListItem","position":2,"name":"Produits","item":"https:\/\/labemacosmetics.com\/shop\/"},{"@type":"ListItem","position":3,"name":"KIKO Rouge \u00e0 L\u00e8vres CAndy Lip Stick"}]},{"@type":"WebSite","@id":"https:\/\/labemacosmetics.com\/#website","url":"https:\/\/labemacosmetics.com\/","name":"Lab&eacute;ma Cosmetics","description":"","potentialAction":[{"@type":"SearchAction","target":{"@type":"EntryPoint","urlTemplate":"https:\/\/labemacosmetics.com\/?s={search_term_string}"},"query-input":{"@type":"PropertyValueSpecification","valueRequired":true,"valueName":"search_term_string"}}],"inLanguage":"en-GB"}]},"product_brand":"Kiko","product_price_amount":"4000","product_price_currency":"XOF","og_availability":"instock","product_availability":"instock","product_condition":"new"},"_links":{"self":[{"href":"https:\/\/labemacosmetics.com\/en\/wp-json\/wp\/v2\/product\/3825","targetHints":{"allow":["GET"]}}],"collection":[{"href":"https:\/\/labemacosmetics.com\/en\/wp-json\/wp\/v2\/product"}],"about":[{"href":"https:\/\/labemacosmetics.com\/en\/wp-json\/wp\/v2\/types\/product"}],"replies":[{"embeddable":true,"href":"https:\/\/labemacosmetics.com\/en\/wp-json\/wp\/v2\/comments?post=3825"}],"version-history":[{"count":0,"href":"https:\/\/labemacosmetics.com\/en\/wp-json\/wp\/v2\/product\/3825\/revisions"}],"wp:featuredmedia":[{"embeddable":true,"href":"https:\/\/labemacosmetics.com\/en\/wp-json\/wp\/v2\/media\/3826"}],"wp:attachment":[{"href":"https:\/\/labemacosmetics.com\/en\/wp-json\/wp\/v2\/media?parent=3825"}],"wp:term":[{"taxonomy":"product_brand","embeddable":true,"href":"https:\/\/labemacosmetics.com\/en\/wp-json\/wp\/v2\/product_brand?post=3825"},{"taxonomy":"product_cat","embeddable":true,"href":"https:\/\/labemacosmetics.com\/en\/wp-json\/wp\/v2\/product_cat?post=3825"},{"taxonomy":"product_tag","embeddable":true,"href":"https:\/\/labemacosmetics.com\/en\/wp-json\/wp\/v2\/product_tag?post=3825"}],"curies":[{"name":"wp","href":"https:\/\/api.w.org\/{rel}","templated":true}]}}