{"id":3589,"date":"2018-05-17T17:39:59","date_gmt":"2018-05-17T17:39:59","guid":{"rendered":"https:\/\/www.labemacosmetics.com\/?post_type=product&#038;p=3589"},"modified":"2024-12-19T18:24:57","modified_gmt":"2024-12-19T17:24:57","slug":"mascara-recourbant-kiko","status":"publish","type":"product","link":"https:\/\/labemacosmetics.com\/en\/product\/mascara-recourbant-kiko\/","title":{"rendered":"KIKO Mascara Volume &#038; Definition Top Coat Curling"},"content":{"rendered":"<p>Curling Top Coat Mascara Concentrate (Mascara recourbant kiko \u00ab top coat \u00bb)<br \/>\nAppliqu\u00e9 apr\u00e8s votre mascara habituel, il augmente la courbure des cils de 80 %.<\/p>\n<p>Sa texture velout\u00e9e est enrichie avec une r\u00e9sine sp\u00e9ciale qui discipline et conserve le galbe des cils tout au long de la journ\u00e9e.Sans les durcir ni les alourdir. Ainsi , Les particules de cire et les agents filmog\u00e8nes assouplissent encore plus la texture. Il recourbent harmonieusement vos cils gr\u00e2ce \u00e0 la brosse incurv\u00e9e. Le mascara recourbant kiko est formul\u00e9 diff\u00e9remment des mascaras classiques.De ce fait il peut donc se poser sans souci sur un mascara sans faire de paquet.Il est id\u00e9al pour augmenter la courbe des cils sans les alourdir ni laisser de petites particules.<\/p>\n<p>Sa formule se fond parfaitement avec le mascara d\u00e9j\u00e0 en place et accentue le galbe des cils gr\u00e2ce \u00e0 son effet recourbant imm\u00e9diat.<\/p>\n<h2><strong>Conseil d&rsquo;utilisation mascara recourbant kiko<br \/>\n<\/strong><\/h2>\n<p>Appliquez le apr\u00e8s le mascara classique pour garantir un effet recourbant.<span id=\"sample-permalink\"><\/span><\/p>","protected":false},"excerpt":{"rendered":"<p>Curling Top Coat Mascara &#8211; False Lashes Concentrate<br \/>\nMascara recourbant \u00ab top coat \u00bb<br \/>\nAppliqu\u00e9 apr\u00e8s votre mascara habituel, il augmente la courbure des cils de 80 %.<\/p>\n<p>&nbsp;<\/p>","protected":false},"featured_media":3590,"comment_status":"closed","ping_status":"closed","template":"","meta":{"om_disable_all_campaigns":false,"_mi_skip_tracking":false,"_monsterinsights_sitenote_active":false,"_monsterinsights_sitenote_note":"","_monsterinsights_sitenote_category":0},"product_brand":[],"product_cat":[127,103,113,109],"product_tag":[144,428,363,231,324,364,365,135,383,148,177,429,370,377,378,162],"class_list":{"0":"post-3589","1":"product","2":"type-product","3":"status-publish","4":"has-post-thumbnail","6":"product_cat-boutique","7":"product_cat-maquillage","8":"product_cat-mascaras","9":"product_cat-yeux","10":"product_tag-cils","11":"product_tag-couleur-noir","12":"product_tag-dakar","13":"product_tag-kiko","14":"product_tag-makeup","15":"product_tag-makeup-addict","16":"product_tag-makeup-artist","17":"product_tag-maquillage","18":"product_tag-maquillage-a-dakar","19":"product_tag-mascara","20":"product_tag-noir","21":"product_tag-recourbant","22":"product_tag-senegal","23":"product_tag-volume","24":"product_tag-volume-plus","25":"product_tag-yeux","26":"yith_product_brand-kiko","28":"first","29":"outofstock","30":"shipping-taxable","31":"purchasable","32":"product-type-simple"},"yoast_head":"<!-- This site is optimized with the Yoast SEO Premium plugin v20.8 (Yoast SEO v27.4) - https:\/\/yoast.com\/product\/yoast-seo-premium-wordpress\/ -->\n<title>Mascara recourbant KIKO - Lab\u00e9ma Cosmetics | Dakar - S\u00e9n\u00e9gal<\/title>\n<meta name=\"description\" content=\"Mascara recourbant kiko \u00ab top coat \u00bb Appliqu\u00e9 apr\u00e8s votre mascara habituel, il augmente la courbure des cils de 80 %.\" \/>\n<meta name=\"robots\" content=\"index, follow, max-snippet:-1, max-image-preview:large, max-video-preview:-1\" \/>\n<link rel=\"canonical\" href=\"https:\/\/labemacosmetics.com\/en\/product\/mascara-recourbant-kiko\/\" \/>\n<meta property=\"og:locale\" content=\"en_GB\" \/>\n<meta property=\"og:type\" content=\"article\" \/>\n<meta property=\"og:title\" content=\"KIKO Mascara Volume &amp; Definition Top Coat Curling\" \/>\n<meta property=\"og:description\" content=\"Mascara recourbant kiko \u00ab top coat \u00bb Appliqu\u00e9 apr\u00e8s votre mascara habituel, il augmente la courbure des cils de 80 %.\" \/>\n<meta property=\"og:url\" content=\"https:\/\/labemacosmetics.com\/en\/product\/mascara-recourbant-kiko\/\" \/>\n<meta property=\"og:site_name\" content=\"Lab&eacute;ma Cosmetics\" \/>\n<meta property=\"article:publisher\" content=\"http:\/\/www.facebook.com\/labemacosmetics\" \/>\n<meta property=\"article:modified_time\" content=\"2024-12-19T17:24:57+00:00\" \/>\n<meta property=\"og:image\" content=\"https:\/\/labemacosmetics.com\/wp-content\/uploads\/2018\/05\/KM0030101200300secondario_900Wx900H__66538.1416221210.380.380-1.jpg\" \/>\n\t<meta property=\"og:image:width\" content=\"380\" \/>\n\t<meta property=\"og:image:height\" content=\"380\" \/>\n\t<meta property=\"og:image:type\" content=\"image\/jpeg\" \/>\n<meta name=\"twitter:card\" content=\"summary_large_image\" \/>\n<meta name=\"twitter:site\" content=\"@Labemasn\" \/>\n<meta name=\"twitter:label1\" content=\"Price\" \/>\n\t<meta name=\"twitter:data1\" content=\"7 000&nbsp;CFA\" \/>\n\t<meta name=\"twitter:label2\" content=\"Availability\" \/>\n\t<meta name=\"twitter:data2\" content=\"Out of stock\" \/>\n<script type=\"application\/ld+json\" class=\"yoast-schema-graph\">{\"@context\":\"https:\\\/\\\/schema.org\",\"@graph\":[{\"@type\":\"WebPage\",\"@id\":\"https:\\\/\\\/labemacosmetics.com\\\/produit\\\/mascara-recourbant-kiko\\\/\",\"url\":\"https:\\\/\\\/labemacosmetics.com\\\/produit\\\/mascara-recourbant-kiko\\\/\",\"name\":\"Mascara recourbant KIKO - Lab\u00e9ma Cosmetics | Dakar - S\u00e9n\u00e9gal\",\"isPartOf\":{\"@id\":\"https:\\\/\\\/labemacosmetics.com\\\/#website\"},\"primaryImageOfPage\":{\"@id\":\"https:\\\/\\\/labemacosmetics.com\\\/produit\\\/mascara-recourbant-kiko\\\/#primaryimage\"},\"image\":{\"@id\":\"https:\\\/\\\/labemacosmetics.com\\\/produit\\\/mascara-recourbant-kiko\\\/#primaryimage\"},\"thumbnailUrl\":\"https:\\\/\\\/labemacosmetics.com\\\/wp-content\\\/uploads\\\/2018\\\/05\\\/KM0030101200300secondario_900Wx900H__66538.1416221210.380.380-1.jpg\",\"datePublished\":\"2018-05-17T17:39:59+00:00\",\"dateModified\":\"2024-12-19T17:24:57+00:00\",\"description\":\"Mascara recourbant kiko \u00ab top coat \u00bb Appliqu\u00e9 apr\u00e8s votre mascara habituel, il augmente la courbure des cils de 80 %.\",\"breadcrumb\":{\"@id\":\"https:\\\/\\\/labemacosmetics.com\\\/produit\\\/mascara-recourbant-kiko\\\/#breadcrumb\"},\"inLanguage\":\"en-GB\",\"potentialAction\":[{\"@type\":\"ReadAction\",\"target\":[\"https:\\\/\\\/labemacosmetics.com\\\/produit\\\/mascara-recourbant-kiko\\\/\"]}]},{\"@type\":\"ImageObject\",\"inLanguage\":\"en-GB\",\"@id\":\"https:\\\/\\\/labemacosmetics.com\\\/produit\\\/mascara-recourbant-kiko\\\/#primaryimage\",\"url\":\"https:\\\/\\\/labemacosmetics.com\\\/wp-content\\\/uploads\\\/2018\\\/05\\\/KM0030101200300secondario_900Wx900H__66538.1416221210.380.380-1.jpg\",\"contentUrl\":\"https:\\\/\\\/labemacosmetics.com\\\/wp-content\\\/uploads\\\/2018\\\/05\\\/KM0030101200300secondario_900Wx900H__66538.1416221210.380.380-1.jpg\",\"width\":380,\"height\":380,\"caption\":\"macara recourbant kiko top coat mascara curling top coat mascara\"},{\"@type\":\"BreadcrumbList\",\"@id\":\"https:\\\/\\\/labemacosmetics.com\\\/produit\\\/mascara-recourbant-kiko\\\/#breadcrumb\",\"itemListElement\":[{\"@type\":\"ListItem\",\"position\":1,\"name\":\"Accueil\",\"item\":\"https:\\\/\\\/labemacosmetics.com\\\/\"},{\"@type\":\"ListItem\",\"position\":2,\"name\":\"Produits\",\"item\":\"https:\\\/\\\/labemacosmetics.com\\\/shop\\\/\"},{\"@type\":\"ListItem\",\"position\":3,\"name\":\"KIKO Mascara Volume &#038; Definition Top Coat Curling\"}]},{\"@type\":\"WebSite\",\"@id\":\"https:\\\/\\\/labemacosmetics.com\\\/#website\",\"url\":\"https:\\\/\\\/labemacosmetics.com\\\/\",\"name\":\"Lab&eacute;ma Cosmetics\",\"description\":\"\",\"potentialAction\":[{\"@type\":\"SearchAction\",\"target\":{\"@type\":\"EntryPoint\",\"urlTemplate\":\"https:\\\/\\\/labemacosmetics.com\\\/?s={search_term_string}\"},\"query-input\":{\"@type\":\"PropertyValueSpecification\",\"valueRequired\":true,\"valueName\":\"search_term_string\"}}],\"inLanguage\":\"en-GB\"}]}<\/script>\n<meta property=\"product:brand\" content=\"Kiko\" \/>\n<meta property=\"product:price:amount\" content=\"7000\" \/>\n<meta property=\"product:price:currency\" content=\"XOF\" \/>\n<meta property=\"og:availability\" content=\"out of stock\" \/>\n<meta property=\"product:availability\" content=\"out of stock\" \/>\n<meta property=\"product:condition\" content=\"new\" \/>\n<!-- \/ Yoast SEO Premium plugin. -->","yoast_head_json":{"title":"Mascara recourbant KIKO - Lab\u00e9ma Cosmetics | Dakar - S\u00e9n\u00e9gal","description":"Mascara recourbant kiko \u00ab top coat \u00bb Appliqu\u00e9 apr\u00e8s votre mascara habituel, il augmente la courbure des cils de 80 %.","robots":{"index":"index","follow":"follow","max-snippet":"max-snippet:-1","max-image-preview":"max-image-preview:large","max-video-preview":"max-video-preview:-1"},"canonical":"https:\/\/labemacosmetics.com\/en\/product\/mascara-recourbant-kiko\/","og_locale":"en_GB","og_type":"article","og_title":"KIKO Mascara Volume & Definition Top Coat Curling","og_description":"Mascara recourbant kiko \u00ab top coat \u00bb Appliqu\u00e9 apr\u00e8s votre mascara habituel, il augmente la courbure des cils de 80 %.","og_url":"https:\/\/labemacosmetics.com\/en\/product\/mascara-recourbant-kiko\/","og_site_name":"Lab&eacute;ma Cosmetics","article_publisher":"http:\/\/www.facebook.com\/labemacosmetics","article_modified_time":"2024-12-19T17:24:57+00:00","og_image":[{"width":380,"height":380,"url":"https:\/\/labemacosmetics.com\/wp-content\/uploads\/2018\/05\/KM0030101200300secondario_900Wx900H__66538.1416221210.380.380-1.jpg","type":"image\/jpeg"}],"twitter_card":"summary_large_image","twitter_site":"@Labemasn","twitter_misc":{"Price":"7 000&nbsp;CFA","Availability":"Out of stock"},"schema":{"@context":"https:\/\/schema.org","@graph":[{"@type":"WebPage","@id":"https:\/\/labemacosmetics.com\/produit\/mascara-recourbant-kiko\/","url":"https:\/\/labemacosmetics.com\/produit\/mascara-recourbant-kiko\/","name":"Mascara recourbant KIKO - Lab\u00e9ma Cosmetics | Dakar - S\u00e9n\u00e9gal","isPartOf":{"@id":"https:\/\/labemacosmetics.com\/#website"},"primaryImageOfPage":{"@id":"https:\/\/labemacosmetics.com\/produit\/mascara-recourbant-kiko\/#primaryimage"},"image":{"@id":"https:\/\/labemacosmetics.com\/produit\/mascara-recourbant-kiko\/#primaryimage"},"thumbnailUrl":"https:\/\/labemacosmetics.com\/wp-content\/uploads\/2018\/05\/KM0030101200300secondario_900Wx900H__66538.1416221210.380.380-1.jpg","datePublished":"2018-05-17T17:39:59+00:00","dateModified":"2024-12-19T17:24:57+00:00","description":"Mascara recourbant kiko \u00ab top coat \u00bb Appliqu\u00e9 apr\u00e8s votre mascara habituel, il augmente la courbure des cils de 80 %.","breadcrumb":{"@id":"https:\/\/labemacosmetics.com\/produit\/mascara-recourbant-kiko\/#breadcrumb"},"inLanguage":"en-GB","potentialAction":[{"@type":"ReadAction","target":["https:\/\/labemacosmetics.com\/produit\/mascara-recourbant-kiko\/"]}]},{"@type":"ImageObject","inLanguage":"en-GB","@id":"https:\/\/labemacosmetics.com\/produit\/mascara-recourbant-kiko\/#primaryimage","url":"https:\/\/labemacosmetics.com\/wp-content\/uploads\/2018\/05\/KM0030101200300secondario_900Wx900H__66538.1416221210.380.380-1.jpg","contentUrl":"https:\/\/labemacosmetics.com\/wp-content\/uploads\/2018\/05\/KM0030101200300secondario_900Wx900H__66538.1416221210.380.380-1.jpg","width":380,"height":380,"caption":"macara recourbant kiko top coat mascara curling top coat mascara"},{"@type":"BreadcrumbList","@id":"https:\/\/labemacosmetics.com\/produit\/mascara-recourbant-kiko\/#breadcrumb","itemListElement":[{"@type":"ListItem","position":1,"name":"Accueil","item":"https:\/\/labemacosmetics.com\/"},{"@type":"ListItem","position":2,"name":"Produits","item":"https:\/\/labemacosmetics.com\/shop\/"},{"@type":"ListItem","position":3,"name":"KIKO Mascara Volume &#038; Definition Top Coat Curling"}]},{"@type":"WebSite","@id":"https:\/\/labemacosmetics.com\/#website","url":"https:\/\/labemacosmetics.com\/","name":"Lab&eacute;ma Cosmetics","description":"","potentialAction":[{"@type":"SearchAction","target":{"@type":"EntryPoint","urlTemplate":"https:\/\/labemacosmetics.com\/?s={search_term_string}"},"query-input":{"@type":"PropertyValueSpecification","valueRequired":true,"valueName":"search_term_string"}}],"inLanguage":"en-GB"}]},"product_brand":"Kiko","product_price_amount":"7000","product_price_currency":"XOF","og_availability":"out of stock","product_availability":"out of stock","product_condition":"new"},"_links":{"self":[{"href":"https:\/\/labemacosmetics.com\/en\/wp-json\/wp\/v2\/product\/3589","targetHints":{"allow":["GET"]}}],"collection":[{"href":"https:\/\/labemacosmetics.com\/en\/wp-json\/wp\/v2\/product"}],"about":[{"href":"https:\/\/labemacosmetics.com\/en\/wp-json\/wp\/v2\/types\/product"}],"replies":[{"embeddable":true,"href":"https:\/\/labemacosmetics.com\/en\/wp-json\/wp\/v2\/comments?post=3589"}],"version-history":[{"count":0,"href":"https:\/\/labemacosmetics.com\/en\/wp-json\/wp\/v2\/product\/3589\/revisions"}],"wp:featuredmedia":[{"embeddable":true,"href":"https:\/\/labemacosmetics.com\/en\/wp-json\/wp\/v2\/media\/3590"}],"wp:attachment":[{"href":"https:\/\/labemacosmetics.com\/en\/wp-json\/wp\/v2\/media?parent=3589"}],"wp:term":[{"taxonomy":"product_brand","embeddable":true,"href":"https:\/\/labemacosmetics.com\/en\/wp-json\/wp\/v2\/product_brand?post=3589"},{"taxonomy":"product_cat","embeddable":true,"href":"https:\/\/labemacosmetics.com\/en\/wp-json\/wp\/v2\/product_cat?post=3589"},{"taxonomy":"product_tag","embeddable":true,"href":"https:\/\/labemacosmetics.com\/en\/wp-json\/wp\/v2\/product_tag?post=3589"}],"curies":[{"name":"wp","href":"https:\/\/api.w.org\/{rel}","templated":true}]}}