{"id":3539,"date":"2018-04-04T22:18:16","date_gmt":"2018-04-04T21:18:16","guid":{"rendered":"https:\/\/www.labemacosmetics.com\/?post_type=product&#038;p=3539"},"modified":"2024-07-30T20:50:12","modified_gmt":"2024-07-30T19:50:12","slug":"nyx-contour-and-highlight-pro","status":"publish","type":"product","link":"https:\/\/labemacosmetics.com\/en\/product\/nyx-contour-and-highlight-pro\/","title":{"rendered":"Nyx Contour and Highlight Pro"},"content":{"rendered":"<h4>NYX CONTOUR AND HIGHLIGHT PRO<\/h4>\n<p>Soulignez vos traits comme une pro gr\u00e2ce \u00e0 la la palette NYX Contour and Highlight PRO rechargeable. En effet, chaque palette contient 8 teintes sp\u00e9cial highlight et contouring au choix pour vous aider \u00e0 mettre en valeur les atouts de votre visage. Ainsi, d\u00e9finissez vos caract\u00e8res comme une pro avec notre palette NYX contour rechargeable !<\/p>\n<div id=\"gt-src-c\" class=\"g-unit\"><\/div>\n<div class=\"almost_half_cell\">\n<div dir=\"ltr\"><span id=\"result_box\" lang=\"fr\" xml:lang=\"fr\"><span class=\"hps\">1<\/span>) Tout d&rsquo;abord,\u00a0 a<span class=\"hps\">ppliquer<\/span> les couleurs <span class=\"hps\">claires (lumi\u00e8re) <\/span><span class=\"hps\">sur<\/span> <span class=\"hps\">les pommettes<\/span>, <span class=\"hps\">milieu du<\/span> <span class=\"hps\">front,<\/span> <span class=\"hps\">sous les yeux<\/span>, <span class=\"hps\">au centre<\/span> <span class=\"hps\">de votre nez<\/span>, \u00e0 <span class=\"hps\">l&rsquo;arcade sourcili\u00e8re<\/span> <span class=\"hps\">et<\/span> <span class=\"hps\">le long de la<\/span> <span class=\"hps\">ligne de la m\u00e2choire<\/span>.<\/span><\/div>\n<div dir=\"ltr\"><span lang=\"fr\" xml:lang=\"fr\"><br \/>\n<span class=\"hps\">2<\/span>) Ensuite, a<span class=\"hps\">ppliquer<\/span> <span class=\"hps\">les couleurs fonc\u00e9es (contour) sur le<\/span> <span class=\"hps\">haut de<\/span> <span class=\"hps\">front<\/span> <span class=\"hps\">et le long de<\/span> <span class=\"hps\">la racine des cheveux<\/span>, sous <span class=\"hps\">les pommettes<\/span>, <span class=\"hps\">les deux c\u00f4t\u00e9s<\/span> <span class=\"hps\">de votre nez, s<\/span><span class=\"hps\">ous la<\/span> <span class=\"hps\">m\u00e2choire<\/span> <span class=\"hps\">et le menton<\/span>.<\/span><\/div>\n<div dir=\"ltr\"><span lang=\"fr\" xml:lang=\"fr\"><br \/>\n<span class=\"hps\">3<\/span>)<em>\u00a0Et enfin, Estompez, estompez, estompez&#8230;<\/em><\/span><em><span lang=\"fr\" xml:lang=\"fr\"><span class=\"hps\"><br \/>\n<\/span><\/span><\/em><\/div>\n<\/div>","protected":false},"excerpt":{"rendered":"<p>Soulignez vos traits comme une pro gr\u00e2ce \u00e0 la la palette NYX Contour and Highlight PRO rechargeable !<\/p>","protected":false},"featured_media":5510,"comment_status":"closed","ping_status":"closed","template":"","meta":{"om_disable_all_campaigns":false,"_mi_skip_tracking":false,"_monsterinsights_sitenote_active":false,"_monsterinsights_sitenote_note":"","_monsterinsights_sitenote_category":0},"product_brand":[],"product_cat":[127,1749,103,108],"product_tag":[417,165,156,224,418,270,351,363,419,420,421,422,356,324,365,135,384,423,236,424,358,425,426,181,370,142,408,427],"class_list":{"0":"post-3539","1":"product","2":"type-product","3":"status-publish","4":"has-post-thumbnail","6":"product_cat-boutique","7":"product_cat-contouring","8":"product_cat-maquillage","9":"product_cat-teint","10":"product_tag-anticerne","11":"product_tag-beaute","12":"product_tag-brillance","13":"product_tag-concealer","14":"product_tag-contour","15":"product_tag-contouring","16":"product_tag-cosmetiques","17":"product_tag-dakar","18":"product_tag-dakr","19":"product_tag-ebene","20":"product_tag-highlight","21":"product_tag-jolie","22":"product_tag-labema","23":"product_tag-makeup","24":"product_tag-makeup-artist","25":"product_tag-maquillage","26":"product_tag-maquillage-professionnel","27":"product_tag-noirceur","28":"product_tag-nyx","29":"product_tag-nyx-cosmetics","30":"product_tag-parfait","31":"product_tag-peau-noire","32":"product_tag-pro","33":"product_tag-professionnel","34":"product_tag-senegal","35":"product_tag-teint","36":"product_tag-teint-noir","37":"product_tag-teint-parfait","38":"yith_product_brand-nyx","40":"first","41":"instock","42":"sale","43":"shipping-taxable","44":"purchasable","45":"product-type-simple"},"yoast_head":"<!-- This site is optimized with the Yoast SEO Premium plugin v20.8 (Yoast SEO v27.4) - https:\/\/yoast.com\/product\/yoast-seo-premium-wordpress\/ -->\n<title>NYX CONTOUR AND HIGHLIGHT PRO - Lab\u00e9ma Cosmetics | Dakar - S\u00e9n\u00e9gal<\/title>\n<meta name=\"description\" content=\"Soulignez vos traits comme une pro gr\u00e2ce \u00e0 la la palette NYX Contour and Highlight PRO rechargeable ! Plus besoin d&#039;\u00eatre une pro du maquillage\" \/>\n<meta name=\"robots\" content=\"index, follow, max-snippet:-1, max-image-preview:large, max-video-preview:-1\" \/>\n<link rel=\"canonical\" href=\"https:\/\/labemacosmetics.com\/en\/product\/nyx-contour-and-highlight-pro\/\" \/>\n<meta property=\"og:locale\" content=\"en_GB\" \/>\n<meta property=\"og:type\" content=\"article\" \/>\n<meta property=\"og:title\" content=\"Nyx Contour and Highlight Pro\" \/>\n<meta property=\"og:description\" content=\"Soulignez vos traits comme une pro gr\u00e2ce \u00e0 la la palette NYX Contour and Highlight PRO rechargeable ! Plus besoin d&#039;\u00eatre une pro du maquillage\" \/>\n<meta property=\"og:url\" content=\"https:\/\/labemacosmetics.com\/en\/product\/nyx-contour-and-highlight-pro\/\" \/>\n<meta property=\"og:site_name\" content=\"Lab&eacute;ma Cosmetics\" \/>\n<meta property=\"article:publisher\" content=\"http:\/\/www.facebook.com\/labemacosmetics\" \/>\n<meta property=\"article:modified_time\" content=\"2024-07-30T19:50:12+00:00\" \/>\n<meta property=\"og:image\" content=\"https:\/\/labemacosmetics.com\/wp-content\/uploads\/2018\/04\/Nyx_Contour.png\" \/>\n\t<meta property=\"og:image:width\" content=\"600\" \/>\n\t<meta property=\"og:image:height\" content=\"726\" \/>\n\t<meta property=\"og:image:type\" content=\"image\/png\" \/>\n<meta name=\"twitter:card\" content=\"summary_large_image\" \/>\n<meta name=\"twitter:site\" content=\"@Labemasn\" \/>\n<meta name=\"twitter:label1\" content=\"Price\" \/>\n\t<meta name=\"twitter:data1\" content=\"15 000&nbsp;CFA\" \/>\n\t<meta name=\"twitter:label2\" content=\"Availability\" \/>\n\t<meta name=\"twitter:data2\" content=\"In stock\" \/>\n<script type=\"application\/ld+json\" class=\"yoast-schema-graph\">{\"@context\":\"https:\\\/\\\/schema.org\",\"@graph\":[{\"@type\":\"WebPage\",\"@id\":\"https:\\\/\\\/labemacosmetics.com\\\/produit\\\/nyx-contour-and-highlight-pro\\\/\",\"url\":\"https:\\\/\\\/labemacosmetics.com\\\/produit\\\/nyx-contour-and-highlight-pro\\\/\",\"name\":\"NYX CONTOUR AND HIGHLIGHT PRO - Lab\u00e9ma Cosmetics | Dakar - S\u00e9n\u00e9gal\",\"isPartOf\":{\"@id\":\"https:\\\/\\\/labemacosmetics.com\\\/#website\"},\"primaryImageOfPage\":{\"@id\":\"https:\\\/\\\/labemacosmetics.com\\\/produit\\\/nyx-contour-and-highlight-pro\\\/#primaryimage\"},\"image\":{\"@id\":\"https:\\\/\\\/labemacosmetics.com\\\/produit\\\/nyx-contour-and-highlight-pro\\\/#primaryimage\"},\"thumbnailUrl\":\"https:\\\/\\\/labemacosmetics.com\\\/wp-content\\\/uploads\\\/2018\\\/04\\\/Nyx_Contour.png\",\"datePublished\":\"2018-04-04T21:18:16+00:00\",\"dateModified\":\"2024-07-30T19:50:12+00:00\",\"description\":\"Soulignez vos traits comme une pro gr\u00e2ce \u00e0 la la palette NYX Contour and Highlight PRO rechargeable ! Plus besoin d'\u00eatre une pro du maquillage\",\"breadcrumb\":{\"@id\":\"https:\\\/\\\/labemacosmetics.com\\\/produit\\\/nyx-contour-and-highlight-pro\\\/#breadcrumb\"},\"inLanguage\":\"en-GB\",\"potentialAction\":[{\"@type\":\"ReadAction\",\"target\":[\"https:\\\/\\\/labemacosmetics.com\\\/produit\\\/nyx-contour-and-highlight-pro\\\/\"]}]},{\"@type\":\"ImageObject\",\"inLanguage\":\"en-GB\",\"@id\":\"https:\\\/\\\/labemacosmetics.com\\\/produit\\\/nyx-contour-and-highlight-pro\\\/#primaryimage\",\"url\":\"https:\\\/\\\/labemacosmetics.com\\\/wp-content\\\/uploads\\\/2018\\\/04\\\/Nyx_Contour.png\",\"contentUrl\":\"https:\\\/\\\/labemacosmetics.com\\\/wp-content\\\/uploads\\\/2018\\\/04\\\/Nyx_Contour.png\",\"width\":600,\"height\":726,\"caption\":\"Nyx Contour\"},{\"@type\":\"BreadcrumbList\",\"@id\":\"https:\\\/\\\/labemacosmetics.com\\\/produit\\\/nyx-contour-and-highlight-pro\\\/#breadcrumb\",\"itemListElement\":[{\"@type\":\"ListItem\",\"position\":1,\"name\":\"Accueil\",\"item\":\"https:\\\/\\\/labemacosmetics.com\\\/\"},{\"@type\":\"ListItem\",\"position\":2,\"name\":\"Produits\",\"item\":\"https:\\\/\\\/labemacosmetics.com\\\/shop\\\/\"},{\"@type\":\"ListItem\",\"position\":3,\"name\":\"Nyx Contour and Highlight Pro\"}]},{\"@type\":\"WebSite\",\"@id\":\"https:\\\/\\\/labemacosmetics.com\\\/#website\",\"url\":\"https:\\\/\\\/labemacosmetics.com\\\/\",\"name\":\"Lab&eacute;ma Cosmetics\",\"description\":\"\",\"potentialAction\":[{\"@type\":\"SearchAction\",\"target\":{\"@type\":\"EntryPoint\",\"urlTemplate\":\"https:\\\/\\\/labemacosmetics.com\\\/?s={search_term_string}\"},\"query-input\":{\"@type\":\"PropertyValueSpecification\",\"valueRequired\":true,\"valueName\":\"search_term_string\"}}],\"inLanguage\":\"en-GB\"}]}<\/script>\n<meta property=\"product:brand\" content=\"Nyx\" \/>\n<meta property=\"product:price:amount\" content=\"15000\" \/>\n<meta property=\"product:price:currency\" content=\"XOF\" \/>\n<meta property=\"og:availability\" content=\"instock\" \/>\n<meta property=\"product:availability\" content=\"instock\" \/>\n<meta property=\"product:retailer_item_id\" content=\"NyxContour\" \/>\n<meta property=\"product:condition\" content=\"new\" \/>\n<!-- \/ Yoast SEO Premium plugin. -->","yoast_head_json":{"title":"NYX CONTOUR AND HIGHLIGHT PRO - Lab\u00e9ma Cosmetics | Dakar - S\u00e9n\u00e9gal","description":"Soulignez vos traits comme une pro gr\u00e2ce \u00e0 la la palette NYX Contour and Highlight PRO rechargeable ! Plus besoin d'\u00eatre une pro du maquillage","robots":{"index":"index","follow":"follow","max-snippet":"max-snippet:-1","max-image-preview":"max-image-preview:large","max-video-preview":"max-video-preview:-1"},"canonical":"https:\/\/labemacosmetics.com\/en\/product\/nyx-contour-and-highlight-pro\/","og_locale":"en_GB","og_type":"article","og_title":"Nyx Contour and Highlight Pro","og_description":"Soulignez vos traits comme une pro gr\u00e2ce \u00e0 la la palette NYX Contour and Highlight PRO rechargeable ! Plus besoin d'\u00eatre une pro du maquillage","og_url":"https:\/\/labemacosmetics.com\/en\/product\/nyx-contour-and-highlight-pro\/","og_site_name":"Lab&eacute;ma Cosmetics","article_publisher":"http:\/\/www.facebook.com\/labemacosmetics","article_modified_time":"2024-07-30T19:50:12+00:00","og_image":[{"width":600,"height":726,"url":"https:\/\/labemacosmetics.com\/wp-content\/uploads\/2018\/04\/Nyx_Contour.png","type":"image\/png"}],"twitter_card":"summary_large_image","twitter_site":"@Labemasn","twitter_misc":{"Price":"15 000&nbsp;CFA","Availability":"In stock"},"schema":{"@context":"https:\/\/schema.org","@graph":[{"@type":"WebPage","@id":"https:\/\/labemacosmetics.com\/produit\/nyx-contour-and-highlight-pro\/","url":"https:\/\/labemacosmetics.com\/produit\/nyx-contour-and-highlight-pro\/","name":"NYX CONTOUR AND HIGHLIGHT PRO - Lab\u00e9ma Cosmetics | Dakar - S\u00e9n\u00e9gal","isPartOf":{"@id":"https:\/\/labemacosmetics.com\/#website"},"primaryImageOfPage":{"@id":"https:\/\/labemacosmetics.com\/produit\/nyx-contour-and-highlight-pro\/#primaryimage"},"image":{"@id":"https:\/\/labemacosmetics.com\/produit\/nyx-contour-and-highlight-pro\/#primaryimage"},"thumbnailUrl":"https:\/\/labemacosmetics.com\/wp-content\/uploads\/2018\/04\/Nyx_Contour.png","datePublished":"2018-04-04T21:18:16+00:00","dateModified":"2024-07-30T19:50:12+00:00","description":"Soulignez vos traits comme une pro gr\u00e2ce \u00e0 la la palette NYX Contour and Highlight PRO rechargeable ! Plus besoin d'\u00eatre une pro du maquillage","breadcrumb":{"@id":"https:\/\/labemacosmetics.com\/produit\/nyx-contour-and-highlight-pro\/#breadcrumb"},"inLanguage":"en-GB","potentialAction":[{"@type":"ReadAction","target":["https:\/\/labemacosmetics.com\/produit\/nyx-contour-and-highlight-pro\/"]}]},{"@type":"ImageObject","inLanguage":"en-GB","@id":"https:\/\/labemacosmetics.com\/produit\/nyx-contour-and-highlight-pro\/#primaryimage","url":"https:\/\/labemacosmetics.com\/wp-content\/uploads\/2018\/04\/Nyx_Contour.png","contentUrl":"https:\/\/labemacosmetics.com\/wp-content\/uploads\/2018\/04\/Nyx_Contour.png","width":600,"height":726,"caption":"Nyx Contour"},{"@type":"BreadcrumbList","@id":"https:\/\/labemacosmetics.com\/produit\/nyx-contour-and-highlight-pro\/#breadcrumb","itemListElement":[{"@type":"ListItem","position":1,"name":"Accueil","item":"https:\/\/labemacosmetics.com\/"},{"@type":"ListItem","position":2,"name":"Produits","item":"https:\/\/labemacosmetics.com\/shop\/"},{"@type":"ListItem","position":3,"name":"Nyx Contour and Highlight Pro"}]},{"@type":"WebSite","@id":"https:\/\/labemacosmetics.com\/#website","url":"https:\/\/labemacosmetics.com\/","name":"Lab&eacute;ma Cosmetics","description":"","potentialAction":[{"@type":"SearchAction","target":{"@type":"EntryPoint","urlTemplate":"https:\/\/labemacosmetics.com\/?s={search_term_string}"},"query-input":{"@type":"PropertyValueSpecification","valueRequired":true,"valueName":"search_term_string"}}],"inLanguage":"en-GB"}]},"product_brand":"Nyx","product_price_amount":"15000","product_price_currency":"XOF","og_availability":"instock","product_availability":"instock","product_retailer_item_id":"NyxContour","product_condition":"new"},"_links":{"self":[{"href":"https:\/\/labemacosmetics.com\/en\/wp-json\/wp\/v2\/product\/3539","targetHints":{"allow":["GET"]}}],"collection":[{"href":"https:\/\/labemacosmetics.com\/en\/wp-json\/wp\/v2\/product"}],"about":[{"href":"https:\/\/labemacosmetics.com\/en\/wp-json\/wp\/v2\/types\/product"}],"replies":[{"embeddable":true,"href":"https:\/\/labemacosmetics.com\/en\/wp-json\/wp\/v2\/comments?post=3539"}],"version-history":[{"count":2,"href":"https:\/\/labemacosmetics.com\/en\/wp-json\/wp\/v2\/product\/3539\/revisions"}],"predecessor-version":[{"id":9621,"href":"https:\/\/labemacosmetics.com\/en\/wp-json\/wp\/v2\/product\/3539\/revisions\/9621"}],"wp:featuredmedia":[{"embeddable":true,"href":"https:\/\/labemacosmetics.com\/en\/wp-json\/wp\/v2\/media\/5510"}],"wp:attachment":[{"href":"https:\/\/labemacosmetics.com\/en\/wp-json\/wp\/v2\/media?parent=3539"}],"wp:term":[{"taxonomy":"product_brand","embeddable":true,"href":"https:\/\/labemacosmetics.com\/en\/wp-json\/wp\/v2\/product_brand?post=3539"},{"taxonomy":"product_cat","embeddable":true,"href":"https:\/\/labemacosmetics.com\/en\/wp-json\/wp\/v2\/product_cat?post=3539"},{"taxonomy":"product_tag","embeddable":true,"href":"https:\/\/labemacosmetics.com\/en\/wp-json\/wp\/v2\/product_tag?post=3539"}],"curies":[{"name":"wp","href":"https:\/\/api.w.org\/{rel}","templated":true}]}}