{"id":3535,"date":"2018-03-27T17:28:43","date_gmt":"2018-03-27T16:28:43","guid":{"rendered":"https:\/\/www.labemacosmetics.com\/shop\/all-categories\/beauty\/eau-micellaire-garnier\/"},"modified":"2023-05-21T14:24:48","modified_gmt":"2023-05-21T13:24:48","slug":"eau-micellaire-garnier","status":"publish","type":"product","link":"https:\/\/labemacosmetics.com\/en\/product\/eau-micellaire-garnier\/","title":{"rendered":"GARNIER Eau Micellaire Peaux Sensibles"},"content":{"rendered":"<h1>Eau micellaire Garnier<\/h1>\n<p class=\"mbxxl\">L&rsquo;eau micellaire Garnier tous les bienfaits de l&rsquo;eau micellaire pour peaux sensibles dans un flacon de 400\u00a0ml.<br \/>\nElle nettoie, \u00e9limine le maquillage et apaise votre peau sans rin\u00e7age, pour \u00e9viter toute irritation.<\/p>\n<p class=\"mbxxl\">\u00a0Le secret\u00a0?<br \/>\nEn effet, la Solution Micellaire Tout en 1 a un secret\u00a0: une formule haute tol\u00e9rance sans parfum et sans rin\u00e7age.<\/p>\n<p><span id=\"aggregateRatings\">Ainsi, la Biphase eau Micellaire garnier Tout en 1 est fait pour vous si vous cherchez une solution ultra-efficace pour nettoyer la peau, la d\u00e9barrasser de tous les types de maquillages, m\u00eame tenaces (waterproof, longue tenue\u2026) et \u00e9liminer impuret\u00e9s et pollutions. Convient \u00e0 tous les types de peaux, m\u00eame les plus sensibles. actifs nettoyants qui capturent les impuret\u00e9s comme des aimants, et en huiles d\u00e9maquillantes et huile d\u2019argan ultra efficaces. Une fois m\u00e9lang\u00e9es, les 2 phases s\u2019activent pour dissoudre instantan\u00e9ment tous les types de maquillages, impuret\u00e9s et pollution. <\/span><\/p>","protected":false},"excerpt":{"rendered":"<p>L&rsquo;eau micellaire Garnier tous les bienfaits de l&rsquo;eau micellaire pour peaux sensibles dans un flacon de 400\u00a0ml.<br \/>\nNettoie, \u00e9limine le maquillage et apaise votre peau sans rin\u00e7age, pour \u00e9viter toute irritation.<\/p>","protected":false},"featured_media":3536,"comment_status":"closed","ping_status":"closed","template":"","meta":{"om_disable_all_campaigns":false,"_mi_skip_tracking":false,"_monsterinsights_sitenote_active":false,"_monsterinsights_sitenote_note":"","_monsterinsights_sitenote_category":0},"product_brand":[],"product_cat":[127,1774,517,128,513],"product_tag":[275,276,165,259,363,272,277,260,273,135,383,384,261,262,263,402,244,370,404,234,155],"class_list":{"0":"post-3535","1":"product","2":"type-product","3":"status-publish","4":"has-post-thumbnail","6":"product_cat-boutique","7":"product_cat-demaquillants-eaux-micellaires","8":"product_cat-peaux-sensibles","9":"product_cat-soin-de-visage","10":"product_cat-type-de-peau","11":"product_tag-2-en-1","12":"product_tag-2-en-1-demaquillant-et-tonique","13":"product_tag-beaute","14":"product_tag-bonne-odeur","15":"product_tag-dakar","16":"product_tag-demaquillant","17":"product_tag-demaquillant-et-tonique","18":"product_tag-fragrance","19":"product_tag-lait-demaquillant","20":"product_tag-maquillage","21":"product_tag-maquillage-a-dakar","22":"product_tag-maquillage-professionnel","23":"product_tag-odeur","24":"product_tag-parfum","25":"product_tag-parfumerie","26":"product_tag-routine","27":"product_tag-seduction","28":"product_tag-senegal","29":"product_tag-skincare","30":"product_tag-soin","31":"product_tag-visage","32":"yith_product_brand-garnier","34":"first","35":"instock","36":"sale","37":"shipping-taxable","38":"purchasable","39":"product-type-simple"},"yoast_head":"<!-- This site is optimized with the Yoast SEO Premium plugin v20.8 (Yoast SEO v27.4) - https:\/\/yoast.com\/product\/yoast-seo-premium-wordpress\/ -->\n<title>Eau micellaire Garnier - Lab\u00e9ma Cosmetics | Dakar - S\u00e9n\u00e9gal<\/title>\n<meta name=\"description\" content=\"L&#039;eau micellaire Garnier tous les bienfaits de l&#039;eau micellaire pour peaux sensibles dans un flacon de 400\u00a0ml\" \/>\n<meta name=\"robots\" content=\"index, follow, max-snippet:-1, max-image-preview:large, max-video-preview:-1\" \/>\n<link rel=\"canonical\" href=\"https:\/\/labemacosmetics.com\/en\/product\/eau-micellaire-garnier\/\" \/>\n<meta property=\"og:locale\" content=\"en_GB\" \/>\n<meta property=\"og:type\" content=\"article\" \/>\n<meta property=\"og:title\" content=\"GARNIER Eau Micellaire Peaux Sensibles\" \/>\n<meta property=\"og:description\" content=\"L&#039;eau micellaire Garnier tous les bienfaits de l&#039;eau micellaire pour peaux sensibles dans un flacon de 400\u00a0ml\" \/>\n<meta property=\"og:url\" content=\"https:\/\/labemacosmetics.com\/en\/product\/eau-micellaire-garnier\/\" \/>\n<meta property=\"og:site_name\" content=\"Lab&eacute;ma Cosmetics\" \/>\n<meta property=\"article:publisher\" content=\"http:\/\/www.facebook.com\/labemacosmetics\" \/>\n<meta property=\"article:modified_time\" content=\"2023-05-21T13:24:48+00:00\" \/>\n<meta name=\"twitter:card\" content=\"summary_large_image\" \/>\n<meta name=\"twitter:image\" content=\"https:\/\/labemacosmetics.com\/wp-content\/uploads\/2018\/03\/prod-P11147-big-1.png\" \/>\n<meta name=\"twitter:site\" content=\"@Labemasn\" \/>\n<meta name=\"twitter:label1\" content=\"Price\" \/>\n\t<meta name=\"twitter:data1\" content=\"6 000&nbsp;CFA\" \/>\n\t<meta name=\"twitter:label2\" content=\"Availability\" \/>\n\t<meta name=\"twitter:data2\" content=\"In stock\" \/>\n<script type=\"application\/ld+json\" class=\"yoast-schema-graph\">{\"@context\":\"https:\\\/\\\/schema.org\",\"@graph\":[{\"@type\":\"WebPage\",\"@id\":\"https:\\\/\\\/labemacosmetics.com\\\/produit\\\/eau-micellaire-garnier\\\/\",\"url\":\"https:\\\/\\\/labemacosmetics.com\\\/produit\\\/eau-micellaire-garnier\\\/\",\"name\":\"Eau micellaire Garnier - Lab\u00e9ma Cosmetics | Dakar - S\u00e9n\u00e9gal\",\"isPartOf\":{\"@id\":\"https:\\\/\\\/labemacosmetics.com\\\/#website\"},\"primaryImageOfPage\":{\"@id\":\"https:\\\/\\\/labemacosmetics.com\\\/produit\\\/eau-micellaire-garnier\\\/#primaryimage\"},\"image\":{\"@id\":\"https:\\\/\\\/labemacosmetics.com\\\/produit\\\/eau-micellaire-garnier\\\/#primaryimage\"},\"thumbnailUrl\":\"https:\\\/\\\/labemacosmetics.com\\\/wp-content\\\/uploads\\\/2018\\\/03\\\/prod-P11147-big-1.png\",\"datePublished\":\"2018-03-27T16:28:43+00:00\",\"dateModified\":\"2023-05-21T13:24:48+00:00\",\"description\":\"L'eau micellaire Garnier tous les bienfaits de l'eau micellaire pour peaux sensibles dans un flacon de 400\u00a0ml\",\"breadcrumb\":{\"@id\":\"https:\\\/\\\/labemacosmetics.com\\\/produit\\\/eau-micellaire-garnier\\\/#breadcrumb\"},\"inLanguage\":\"en-GB\",\"potentialAction\":[{\"@type\":\"ReadAction\",\"target\":[\"https:\\\/\\\/labemacosmetics.com\\\/produit\\\/eau-micellaire-garnier\\\/\"]}]},{\"@type\":\"ImageObject\",\"inLanguage\":\"en-GB\",\"@id\":\"https:\\\/\\\/labemacosmetics.com\\\/produit\\\/eau-micellaire-garnier\\\/#primaryimage\",\"url\":\"https:\\\/\\\/labemacosmetics.com\\\/wp-content\\\/uploads\\\/2018\\\/03\\\/prod-P11147-big-1.png\",\"contentUrl\":\"https:\\\/\\\/labemacosmetics.com\\\/wp-content\\\/uploads\\\/2018\\\/03\\\/prod-P11147-big-1.png\",\"width\":275,\"height\":360},{\"@type\":\"BreadcrumbList\",\"@id\":\"https:\\\/\\\/labemacosmetics.com\\\/produit\\\/eau-micellaire-garnier\\\/#breadcrumb\",\"itemListElement\":[{\"@type\":\"ListItem\",\"position\":1,\"name\":\"Accueil\",\"item\":\"https:\\\/\\\/labemacosmetics.com\\\/\"},{\"@type\":\"ListItem\",\"position\":2,\"name\":\"Produits\",\"item\":\"https:\\\/\\\/labemacosmetics.com\\\/shop\\\/\"},{\"@type\":\"ListItem\",\"position\":3,\"name\":\"GARNIER Eau Micellaire Peaux Sensibles\"}]},{\"@type\":\"WebSite\",\"@id\":\"https:\\\/\\\/labemacosmetics.com\\\/#website\",\"url\":\"https:\\\/\\\/labemacosmetics.com\\\/\",\"name\":\"Lab&eacute;ma Cosmetics\",\"description\":\"\",\"potentialAction\":[{\"@type\":\"SearchAction\",\"target\":{\"@type\":\"EntryPoint\",\"urlTemplate\":\"https:\\\/\\\/labemacosmetics.com\\\/?s={search_term_string}\"},\"query-input\":{\"@type\":\"PropertyValueSpecification\",\"valueRequired\":true,\"valueName\":\"search_term_string\"}}],\"inLanguage\":\"en-GB\"}]}<\/script>\n<meta property=\"product:brand\" content=\"Garnier\" \/>\n<meta property=\"product:price:amount\" content=\"6000\" \/>\n<meta property=\"product:price:currency\" content=\"XOF\" \/>\n<meta property=\"og:availability\" content=\"instock\" \/>\n<meta property=\"product:availability\" content=\"instock\" \/>\n<meta property=\"product:retailer_item_id\" content=\"GRNeaumicellaire\" \/>\n<meta property=\"product:condition\" content=\"new\" \/>\n<!-- \/ Yoast SEO Premium plugin. -->","yoast_head_json":{"title":"Eau micellaire Garnier - Lab\u00e9ma Cosmetics | Dakar - S\u00e9n\u00e9gal","description":"L'eau micellaire Garnier tous les bienfaits de l'eau micellaire pour peaux sensibles dans un flacon de 400\u00a0ml","robots":{"index":"index","follow":"follow","max-snippet":"max-snippet:-1","max-image-preview":"max-image-preview:large","max-video-preview":"max-video-preview:-1"},"canonical":"https:\/\/labemacosmetics.com\/en\/product\/eau-micellaire-garnier\/","og_locale":"en_GB","og_type":"article","og_title":"GARNIER Eau Micellaire Peaux Sensibles","og_description":"L'eau micellaire Garnier tous les bienfaits de l'eau micellaire pour peaux sensibles dans un flacon de 400\u00a0ml","og_url":"https:\/\/labemacosmetics.com\/en\/product\/eau-micellaire-garnier\/","og_site_name":"Lab&eacute;ma Cosmetics","article_publisher":"http:\/\/www.facebook.com\/labemacosmetics","article_modified_time":"2023-05-21T13:24:48+00:00","twitter_card":"summary_large_image","twitter_image":"https:\/\/labemacosmetics.com\/wp-content\/uploads\/2018\/03\/prod-P11147-big-1.png","twitter_site":"@Labemasn","twitter_misc":{"Price":"6 000&nbsp;CFA","Availability":"In stock"},"schema":{"@context":"https:\/\/schema.org","@graph":[{"@type":"WebPage","@id":"https:\/\/labemacosmetics.com\/produit\/eau-micellaire-garnier\/","url":"https:\/\/labemacosmetics.com\/produit\/eau-micellaire-garnier\/","name":"Eau micellaire Garnier - Lab\u00e9ma Cosmetics | Dakar - S\u00e9n\u00e9gal","isPartOf":{"@id":"https:\/\/labemacosmetics.com\/#website"},"primaryImageOfPage":{"@id":"https:\/\/labemacosmetics.com\/produit\/eau-micellaire-garnier\/#primaryimage"},"image":{"@id":"https:\/\/labemacosmetics.com\/produit\/eau-micellaire-garnier\/#primaryimage"},"thumbnailUrl":"https:\/\/labemacosmetics.com\/wp-content\/uploads\/2018\/03\/prod-P11147-big-1.png","datePublished":"2018-03-27T16:28:43+00:00","dateModified":"2023-05-21T13:24:48+00:00","description":"L'eau micellaire Garnier tous les bienfaits de l'eau micellaire pour peaux sensibles dans un flacon de 400\u00a0ml","breadcrumb":{"@id":"https:\/\/labemacosmetics.com\/produit\/eau-micellaire-garnier\/#breadcrumb"},"inLanguage":"en-GB","potentialAction":[{"@type":"ReadAction","target":["https:\/\/labemacosmetics.com\/produit\/eau-micellaire-garnier\/"]}]},{"@type":"ImageObject","inLanguage":"en-GB","@id":"https:\/\/labemacosmetics.com\/produit\/eau-micellaire-garnier\/#primaryimage","url":"https:\/\/labemacosmetics.com\/wp-content\/uploads\/2018\/03\/prod-P11147-big-1.png","contentUrl":"https:\/\/labemacosmetics.com\/wp-content\/uploads\/2018\/03\/prod-P11147-big-1.png","width":275,"height":360},{"@type":"BreadcrumbList","@id":"https:\/\/labemacosmetics.com\/produit\/eau-micellaire-garnier\/#breadcrumb","itemListElement":[{"@type":"ListItem","position":1,"name":"Accueil","item":"https:\/\/labemacosmetics.com\/"},{"@type":"ListItem","position":2,"name":"Produits","item":"https:\/\/labemacosmetics.com\/shop\/"},{"@type":"ListItem","position":3,"name":"GARNIER Eau Micellaire Peaux Sensibles"}]},{"@type":"WebSite","@id":"https:\/\/labemacosmetics.com\/#website","url":"https:\/\/labemacosmetics.com\/","name":"Lab&eacute;ma Cosmetics","description":"","potentialAction":[{"@type":"SearchAction","target":{"@type":"EntryPoint","urlTemplate":"https:\/\/labemacosmetics.com\/?s={search_term_string}"},"query-input":{"@type":"PropertyValueSpecification","valueRequired":true,"valueName":"search_term_string"}}],"inLanguage":"en-GB"}]},"product_brand":"Garnier","product_price_amount":"6000","product_price_currency":"XOF","og_availability":"instock","product_availability":"instock","product_retailer_item_id":"GRNeaumicellaire","product_condition":"new"},"_links":{"self":[{"href":"https:\/\/labemacosmetics.com\/en\/wp-json\/wp\/v2\/product\/3535","targetHints":{"allow":["GET"]}}],"collection":[{"href":"https:\/\/labemacosmetics.com\/en\/wp-json\/wp\/v2\/product"}],"about":[{"href":"https:\/\/labemacosmetics.com\/en\/wp-json\/wp\/v2\/types\/product"}],"replies":[{"embeddable":true,"href":"https:\/\/labemacosmetics.com\/en\/wp-json\/wp\/v2\/comments?post=3535"}],"version-history":[{"count":0,"href":"https:\/\/labemacosmetics.com\/en\/wp-json\/wp\/v2\/product\/3535\/revisions"}],"wp:featuredmedia":[{"embeddable":true,"href":"https:\/\/labemacosmetics.com\/en\/wp-json\/wp\/v2\/media\/3536"}],"wp:attachment":[{"href":"https:\/\/labemacosmetics.com\/en\/wp-json\/wp\/v2\/media?parent=3535"}],"wp:term":[{"taxonomy":"product_brand","embeddable":true,"href":"https:\/\/labemacosmetics.com\/en\/wp-json\/wp\/v2\/product_brand?post=3535"},{"taxonomy":"product_cat","embeddable":true,"href":"https:\/\/labemacosmetics.com\/en\/wp-json\/wp\/v2\/product_cat?post=3535"},{"taxonomy":"product_tag","embeddable":true,"href":"https:\/\/labemacosmetics.com\/en\/wp-json\/wp\/v2\/product_tag?post=3535"}],"curies":[{"name":"wp","href":"https:\/\/api.w.org\/{rel}","templated":true}]}}