{"id":3383,"date":"2017-11-25T02:29:20","date_gmt":"2017-11-25T02:29:20","guid":{"rendered":"https:\/\/www.labemacosmetics.com\/?post_type=product&#038;p=3383"},"modified":"2025-01-19T12:02:50","modified_gmt":"2025-01-19T11:02:50","slug":"fond-de-teint-fenty-beauty","status":"publish","type":"product","link":"https:\/\/labemacosmetics.com\/en\/product\/fond-de-teint-fenty-beauty\/","title":{"rendered":"FENTY BEAUTY Fond de teint"},"content":{"rendered":"<blockquote><p>Disponible en plusieurs teintes, FENTY BEAUTY fond de teint\u00a0 \u00ab\u00a0Pro Filt&rsquo;r Soft Matte Longwear Foundation\u00a0\u00bb apporte instantan\u00e9ment un fini mat sur une peau lisse et sans pores.<br \/>\nEn effet, avec sa formule sans huile, ce fond de teint a \u00e9t\u00e9 sp\u00e9cialement con\u00e7u pour r\u00e9sister \u00e0 l&rsquo;humidit\u00e9, \u00e0 la transpiration tout en n&rsquo;obstruant pas les pores.<\/p><\/blockquote>\n<h4>Pour quel type de maquillage ?<\/h4>\n<p>Sa texture l\u00e9g\u00e8re longue tenue est invisible sur la peau et vous permet de rester fid\u00e8le \u00e0 vous-m\u00eame.<\/p>\n<p>Fenty Beauty, une marque \u00ab\u00a0qui parle \u00e0 toutes les femmes,\u00a0\u00bb en se focalisant sur une large gamme de carnations traditionnellement difficiles \u00e0 maquiller. La marque identifie des teintes universelles.<\/p>\n<p>Avec un rendu naturel<i>\u00a0\u00ab sans effet pl\u00e2tre \u00bb<\/i>, ce qui arrive souvent avec des fonds de teint mats. Il cache <i>\u00ab les taches d&rsquo;hyperpigmentation \u00bb<\/i> avec un effet <i>\u00ab peau de b\u00e9b\u00e9 \u00bb<\/i>.<\/p>\n<p>Ainsi, vous pouvez donc vous passer de correcteur avec le fond de teint Fenty Beauty si vos taches sont l\u00e9g\u00e8res.<\/p>\n<h4>Comment l&rsquo;utiliser ?<\/h4>\n<p>D&rsquo;abord, pour un meilleur r\u00e9sultat, pr\u00e9parez votre teint avec une base<br \/>\nEnsuite, pour une recouvrance moyenne modulable, appliquez 1 \u00e0 2 pompes du Fond de Teint Longue Tenue sur le dos de votre main. A l&rsquo;aide d&rsquo;un pinceau , faites des points sur le centre de votre visage, puis estompez vers l\u2019ext\u00e9rieur.<br \/>\nPour une recouvrance totale, rajoutez une noisette de produit.<\/p>","protected":false},"excerpt":{"rendered":"<p style=\"text-align: left;\">Disponible en plusieurs teintes, le fond de teint FENTY BEAUTY \u00ab\u00a0Pro Filt&rsquo;r Soft Matte Longwear Foundation\u00a0\u00bb apporte instantan\u00e9ment un fini mat sur une peau lisse et sans pores.<\/p>","protected":false},"featured_media":5483,"comment_status":"closed","ping_status":"closed","template":"","meta":{"om_disable_all_campaigns":false,"_mi_skip_tracking":false,"_monsterinsights_sitenote_active":false,"_monsterinsights_sitenote_note":"","_monsterinsights_sitenote_category":0},"product_brand":[],"product_cat":[127,117,103,108],"product_tag":[362,165,351,352,363,379,380,381,364,365,135,366,367,187,368,382,370,142,155],"class_list":{"0":"post-3383","1":"product","2":"type-product","3":"status-publish","4":"has-post-thumbnail","6":"product_cat-boutique","7":"product_cat-fond-de-teint","8":"product_cat-maquillage","9":"product_cat-teint","10":"product_tag-authentiques","11":"product_tag-beaute","12":"product_tag-cosmetiques","13":"product_tag-couvrance","14":"product_tag-dakar","15":"product_tag-fenty-beauty","16":"product_tag-fond-de-teint-fenty","17":"product_tag-fond-de-teint-rihanna","18":"product_tag-makeup-addict","19":"product_tag-makeup-artist","20":"product_tag-maquillage","21":"product_tag-maquillage-dakar","22":"product_tag-maquillage-pas-cher","23":"product_tag-mat","24":"product_tag-original","25":"product_tag-rihanna","26":"product_tag-senegal","27":"product_tag-teint","28":"product_tag-visage","29":"yith_product_brand-fenty","31":"first","32":"outofstock","33":"sale","34":"shipping-taxable","35":"purchasable","36":"product-type-variable"},"yoast_head":"<!-- This site is optimized with the Yoast SEO Premium plugin v20.8 (Yoast SEO v27.4) - https:\/\/yoast.com\/product\/yoast-seo-premium-wordpress\/ -->\n<title>FENTY BEAUTY Fond de teint | Dakar - S\u00e9n\u00e9gal<\/title>\n<meta name=\"description\" content=\"Disponible en plusieurs teintes, le fond de teint FENTY BEAUTY longue tenue apporte instantan\u00e9ment un fini mat pour une recouvrance moyenne modulable\" \/>\n<meta name=\"robots\" content=\"index, follow, max-snippet:-1, max-image-preview:large, max-video-preview:-1\" \/>\n<link rel=\"canonical\" href=\"https:\/\/labemacosmetics.com\/en\/product\/fond-de-teint-fenty-beauty\/\" \/>\n<meta property=\"og:locale\" content=\"en_GB\" \/>\n<meta property=\"og:type\" content=\"article\" \/>\n<meta property=\"og:title\" content=\"FENTY BEAUTY Fond de teint\" \/>\n<meta property=\"og:description\" content=\"Disponible en plusieurs teintes, le fond de teint FENTY BEAUTY longue tenue apporte instantan\u00e9ment un fini mat pour une recouvrance moyenne modulable\" \/>\n<meta property=\"og:url\" content=\"https:\/\/labemacosmetics.com\/en\/product\/fond-de-teint-fenty-beauty\/\" \/>\n<meta property=\"og:site_name\" content=\"Lab&eacute;ma Cosmetics\" \/>\n<meta property=\"article:publisher\" content=\"http:\/\/www.facebook.com\/labemacosmetics\" \/>\n<meta property=\"article:modified_time\" content=\"2025-01-19T11:02:50+00:00\" \/>\n<meta property=\"og:image\" content=\"https:\/\/labemacosmetics.com\/wp-content\/uploads\/2017\/11\/Fond-de-teint-Fenty.png\" \/>\n\t<meta property=\"og:image:width\" content=\"600\" \/>\n\t<meta property=\"og:image:height\" content=\"726\" \/>\n\t<meta property=\"og:image:type\" content=\"image\/png\" \/>\n<meta name=\"twitter:card\" content=\"summary_large_image\" \/>\n<meta name=\"twitter:site\" content=\"@Labemasn\" \/>\n<meta name=\"twitter:label1\" content=\"Availability\" \/>\n\t<meta name=\"twitter:data1\" content=\"Out of stock\" \/>\n<script type=\"application\/ld+json\" class=\"yoast-schema-graph\">{\"@context\":\"https:\\\/\\\/schema.org\",\"@graph\":[{\"@type\":\"WebPage\",\"@id\":\"https:\\\/\\\/labemacosmetics.com\\\/produit\\\/fond-de-teint-fenty-beauty\\\/\",\"url\":\"https:\\\/\\\/labemacosmetics.com\\\/produit\\\/fond-de-teint-fenty-beauty\\\/\",\"name\":\"FENTY BEAUTY Fond de teint | Dakar - S\u00e9n\u00e9gal\",\"isPartOf\":{\"@id\":\"https:\\\/\\\/labemacosmetics.com\\\/#website\"},\"primaryImageOfPage\":{\"@id\":\"https:\\\/\\\/labemacosmetics.com\\\/produit\\\/fond-de-teint-fenty-beauty\\\/#primaryimage\"},\"image\":{\"@id\":\"https:\\\/\\\/labemacosmetics.com\\\/produit\\\/fond-de-teint-fenty-beauty\\\/#primaryimage\"},\"thumbnailUrl\":\"https:\\\/\\\/labemacosmetics.com\\\/wp-content\\\/uploads\\\/2017\\\/11\\\/Fond-de-teint-Fenty.png\",\"datePublished\":\"2017-11-25T02:29:20+00:00\",\"dateModified\":\"2025-01-19T11:02:50+00:00\",\"description\":\"Disponible en plusieurs teintes, le fond de teint FENTY BEAUTY longue tenue apporte instantan\u00e9ment un fini mat pour une recouvrance moyenne modulable\",\"breadcrumb\":{\"@id\":\"https:\\\/\\\/labemacosmetics.com\\\/produit\\\/fond-de-teint-fenty-beauty\\\/#breadcrumb\"},\"inLanguage\":\"en-GB\",\"potentialAction\":[{\"@type\":\"ReadAction\",\"target\":[\"https:\\\/\\\/labemacosmetics.com\\\/produit\\\/fond-de-teint-fenty-beauty\\\/\"]}]},{\"@type\":\"ImageObject\",\"inLanguage\":\"en-GB\",\"@id\":\"https:\\\/\\\/labemacosmetics.com\\\/produit\\\/fond-de-teint-fenty-beauty\\\/#primaryimage\",\"url\":\"https:\\\/\\\/labemacosmetics.com\\\/wp-content\\\/uploads\\\/2017\\\/11\\\/Fond-de-teint-Fenty.png\",\"contentUrl\":\"https:\\\/\\\/labemacosmetics.com\\\/wp-content\\\/uploads\\\/2017\\\/11\\\/Fond-de-teint-Fenty.png\",\"width\":600,\"height\":726,\"caption\":\"Fond de Teint Fenty Beauty\"},{\"@type\":\"BreadcrumbList\",\"@id\":\"https:\\\/\\\/labemacosmetics.com\\\/produit\\\/fond-de-teint-fenty-beauty\\\/#breadcrumb\",\"itemListElement\":[{\"@type\":\"ListItem\",\"position\":1,\"name\":\"Accueil\",\"item\":\"https:\\\/\\\/labemacosmetics.com\\\/\"},{\"@type\":\"ListItem\",\"position\":2,\"name\":\"Produits\",\"item\":\"https:\\\/\\\/labemacosmetics.com\\\/shop\\\/\"},{\"@type\":\"ListItem\",\"position\":3,\"name\":\"FENTY BEAUTY Fond de teint\"}]},{\"@type\":\"WebSite\",\"@id\":\"https:\\\/\\\/labemacosmetics.com\\\/#website\",\"url\":\"https:\\\/\\\/labemacosmetics.com\\\/\",\"name\":\"Lab&eacute;ma Cosmetics\",\"description\":\"\",\"potentialAction\":[{\"@type\":\"SearchAction\",\"target\":{\"@type\":\"EntryPoint\",\"urlTemplate\":\"https:\\\/\\\/labemacosmetics.com\\\/?s={search_term_string}\"},\"query-input\":{\"@type\":\"PropertyValueSpecification\",\"valueRequired\":true,\"valueName\":\"search_term_string\"}}],\"inLanguage\":\"en-GB\"}]}<\/script>\n<meta property=\"product:brand\" content=\"Fenty Beauty\" \/>\n<meta property=\"og:availability\" content=\"out of stock\" \/>\n<meta property=\"product:availability\" content=\"out of stock\" \/>\n<meta property=\"product:condition\" content=\"new\" \/>\n<!-- \/ Yoast SEO Premium plugin. -->","yoast_head_json":{"title":"FENTY BEAUTY Fond de teint | Dakar - S\u00e9n\u00e9gal","description":"Disponible en plusieurs teintes, le fond de teint FENTY BEAUTY longue tenue apporte instantan\u00e9ment un fini mat pour une recouvrance moyenne modulable","robots":{"index":"index","follow":"follow","max-snippet":"max-snippet:-1","max-image-preview":"max-image-preview:large","max-video-preview":"max-video-preview:-1"},"canonical":"https:\/\/labemacosmetics.com\/en\/product\/fond-de-teint-fenty-beauty\/","og_locale":"en_GB","og_type":"article","og_title":"FENTY BEAUTY Fond de teint","og_description":"Disponible en plusieurs teintes, le fond de teint FENTY BEAUTY longue tenue apporte instantan\u00e9ment un fini mat pour une recouvrance moyenne modulable","og_url":"https:\/\/labemacosmetics.com\/en\/product\/fond-de-teint-fenty-beauty\/","og_site_name":"Lab&eacute;ma Cosmetics","article_publisher":"http:\/\/www.facebook.com\/labemacosmetics","article_modified_time":"2025-01-19T11:02:50+00:00","og_image":[{"width":600,"height":726,"url":"https:\/\/labemacosmetics.com\/wp-content\/uploads\/2017\/11\/Fond-de-teint-Fenty.png","type":"image\/png"}],"twitter_card":"summary_large_image","twitter_site":"@Labemasn","twitter_misc":{"Availability":"Out of stock"},"schema":{"@context":"https:\/\/schema.org","@graph":[{"@type":"WebPage","@id":"https:\/\/labemacosmetics.com\/produit\/fond-de-teint-fenty-beauty\/","url":"https:\/\/labemacosmetics.com\/produit\/fond-de-teint-fenty-beauty\/","name":"FENTY BEAUTY Fond de teint | Dakar - S\u00e9n\u00e9gal","isPartOf":{"@id":"https:\/\/labemacosmetics.com\/#website"},"primaryImageOfPage":{"@id":"https:\/\/labemacosmetics.com\/produit\/fond-de-teint-fenty-beauty\/#primaryimage"},"image":{"@id":"https:\/\/labemacosmetics.com\/produit\/fond-de-teint-fenty-beauty\/#primaryimage"},"thumbnailUrl":"https:\/\/labemacosmetics.com\/wp-content\/uploads\/2017\/11\/Fond-de-teint-Fenty.png","datePublished":"2017-11-25T02:29:20+00:00","dateModified":"2025-01-19T11:02:50+00:00","description":"Disponible en plusieurs teintes, le fond de teint FENTY BEAUTY longue tenue apporte instantan\u00e9ment un fini mat pour une recouvrance moyenne modulable","breadcrumb":{"@id":"https:\/\/labemacosmetics.com\/produit\/fond-de-teint-fenty-beauty\/#breadcrumb"},"inLanguage":"en-GB","potentialAction":[{"@type":"ReadAction","target":["https:\/\/labemacosmetics.com\/produit\/fond-de-teint-fenty-beauty\/"]}]},{"@type":"ImageObject","inLanguage":"en-GB","@id":"https:\/\/labemacosmetics.com\/produit\/fond-de-teint-fenty-beauty\/#primaryimage","url":"https:\/\/labemacosmetics.com\/wp-content\/uploads\/2017\/11\/Fond-de-teint-Fenty.png","contentUrl":"https:\/\/labemacosmetics.com\/wp-content\/uploads\/2017\/11\/Fond-de-teint-Fenty.png","width":600,"height":726,"caption":"Fond de Teint Fenty Beauty"},{"@type":"BreadcrumbList","@id":"https:\/\/labemacosmetics.com\/produit\/fond-de-teint-fenty-beauty\/#breadcrumb","itemListElement":[{"@type":"ListItem","position":1,"name":"Accueil","item":"https:\/\/labemacosmetics.com\/"},{"@type":"ListItem","position":2,"name":"Produits","item":"https:\/\/labemacosmetics.com\/shop\/"},{"@type":"ListItem","position":3,"name":"FENTY BEAUTY Fond de teint"}]},{"@type":"WebSite","@id":"https:\/\/labemacosmetics.com\/#website","url":"https:\/\/labemacosmetics.com\/","name":"Lab&eacute;ma Cosmetics","description":"","potentialAction":[{"@type":"SearchAction","target":{"@type":"EntryPoint","urlTemplate":"https:\/\/labemacosmetics.com\/?s={search_term_string}"},"query-input":{"@type":"PropertyValueSpecification","valueRequired":true,"valueName":"search_term_string"}}],"inLanguage":"en-GB"}]},"product_brand":"Fenty Beauty","og_availability":"out of stock","product_availability":"out of stock","product_condition":"new"},"_links":{"self":[{"href":"https:\/\/labemacosmetics.com\/en\/wp-json\/wp\/v2\/product\/3383","targetHints":{"allow":["GET"]}}],"collection":[{"href":"https:\/\/labemacosmetics.com\/en\/wp-json\/wp\/v2\/product"}],"about":[{"href":"https:\/\/labemacosmetics.com\/en\/wp-json\/wp\/v2\/types\/product"}],"replies":[{"embeddable":true,"href":"https:\/\/labemacosmetics.com\/en\/wp-json\/wp\/v2\/comments?post=3383"}],"version-history":[{"count":1,"href":"https:\/\/labemacosmetics.com\/en\/wp-json\/wp\/v2\/product\/3383\/revisions"}],"predecessor-version":[{"id":9142,"href":"https:\/\/labemacosmetics.com\/en\/wp-json\/wp\/v2\/product\/3383\/revisions\/9142"}],"wp:featuredmedia":[{"embeddable":true,"href":"https:\/\/labemacosmetics.com\/en\/wp-json\/wp\/v2\/media\/5483"}],"wp:attachment":[{"href":"https:\/\/labemacosmetics.com\/en\/wp-json\/wp\/v2\/media?parent=3383"}],"wp:term":[{"taxonomy":"product_brand","embeddable":true,"href":"https:\/\/labemacosmetics.com\/en\/wp-json\/wp\/v2\/product_brand?post=3383"},{"taxonomy":"product_cat","embeddable":true,"href":"https:\/\/labemacosmetics.com\/en\/wp-json\/wp\/v2\/product_cat?post=3383"},{"taxonomy":"product_tag","embeddable":true,"href":"https:\/\/labemacosmetics.com\/en\/wp-json\/wp\/v2\/product_tag?post=3383"}],"curies":[{"name":"wp","href":"https:\/\/api.w.org\/{rel}","templated":true}]}}