{"id":3266,"date":"2017-09-24T23:10:48","date_gmt":"2017-09-24T22:10:48","guid":{"rendered":"https:\/\/www.labemacosmetics.com\/shop\/all-categories\/maquillage\/mascara-smart-color-03\/"},"modified":"2025-07-06T17:14:03","modified_gmt":"2025-07-06T16:14:03","slug":"mascara-smart-color-kiko","status":"publish","type":"product","link":"https:\/\/labemacosmetics.com\/en\/product\/mascara-smart-color-kiko\/","title":{"rendered":"KIKO Mascara Smart Color"},"content":{"rendered":"<h2 class=\"title\">Description mascara Smart Color kiko<\/h2>\n<p>Le Mascara smart color kiko a un effet volume panoramique.<\/p>\n<p>Gr\u00e2ce \u00e0 sa texture \u00e0 la fois cr\u00e9meuse et l\u00e9g\u00e8re, il s&rsquo;applique facilement m\u00eame sur les cils les plus courts, et d\u00e9livre une couleur intense hautement concentr\u00e9e en pigments.<\/p>\n<p>Alors, il peut \u00eatre port\u00e9 seul ou par-dessus une couche de noir, pour parer votre regard d&rsquo;une touche de couleur.<\/p>\n<p>Brosse en fibre en forme de sablier. La parfaite synergie entre \u00e9paisseur, densit\u00e9 et longueur des poils de cette brosse assure un maximum de volume, de longueur et de d\u00e9finition.<\/p>\n<p>Aussi, sur la partie int\u00e9rieure de la brosse, les poils sont les plus courts et permettent de retenir le produit et de garantir un effet imm\u00e9diat sans surcharge. Les poils les plus longs sur l&rsquo;ext\u00e9rieur de la brosse enrobent quant \u00e0 eux chaque cil pour une d\u00e9finition parfaite.<\/p>\n<p>Une application tr\u00e8s agr\u00e9able. Permet d&rsquo;atteindre tous les cils, m\u00eame les plus courts.<\/p>\n<p>Disponible en 6 nouvelles teintes d\u00e9clin\u00e9es en diff\u00e9rents finis :<\/p>\n<ul>\n<li>intense<\/li>\n<li>m\u00e9tallis\u00e9<\/li>\n<li>acr\u00e9.<\/li>\n<\/ul>\n<p>&nbsp;<\/p>","protected":false},"excerpt":{"rendered":"<p>Mascara\u00a0smart color kiko a un effet volume panoramique.<\/p>\n<p>Gr\u00e2ce \u00e0 sa texture \u00e0 la fois cr\u00e9meuse et l\u00e9g\u00e8re, il s&rsquo;applique facilement m\u00eame sur les\u00a0cils\u00a0les plus courts, et d\u00e9livre une couleur intense hautement concentr\u00e9e en pigments.<\/p>","protected":false},"featured_media":5985,"comment_status":"closed","ping_status":"closed","template":"","meta":{"om_disable_all_campaigns":false,"_mi_skip_tracking":false,"_monsterinsights_sitenote_active":false,"_monsterinsights_sitenote_note":"","_monsterinsights_sitenote_category":0},"product_brand":[],"product_cat":[127,103,113,109],"product_tag":[362,165,372,144,351,363,364,365,135,366,367,148,373,374,368,375,240,370,285,376,377,378,162],"class_list":{"0":"post-3266","1":"product","2":"type-product","3":"status-publish","4":"has-post-thumbnail","6":"product_cat-boutique","7":"product_cat-maquillage","8":"product_cat-mascaras","9":"product_cat-yeux","10":"product_tag-authentiques","11":"product_tag-beaute","12":"product_tag-bleu","13":"product_tag-cils","14":"product_tag-cosmetiques","15":"product_tag-dakar","16":"product_tag-makeup-addict","17":"product_tag-makeup-artist","18":"product_tag-maquillage","19":"product_tag-maquillage-dakar","20":"product_tag-maquillage-pas-cher","21":"product_tag-mascara","22":"product_tag-mascara-couleur","23":"product_tag-mauve","24":"product_tag-original","25":"product_tag-plus","26":"product_tag-regard","27":"product_tag-senegal","28":"product_tag-smart-pencil","29":"product_tag-vert","30":"product_tag-volume","31":"product_tag-volume-plus","32":"product_tag-yeux","33":"yith_product_brand-kiko","35":"first","36":"instock","37":"sale","38":"shipping-taxable","39":"purchasable","40":"product-type-variable"},"yoast_head":"<!-- This site is optimized with the Yoast SEO Premium plugin v20.8 (Yoast SEO v27.4) - https:\/\/yoast.com\/product\/yoast-seo-premium-wordpress\/ -->\n<title>Mascara Smart Color kiko - Lab\u00e9ma Cosmetics | Dakar - S\u00e9n\u00e9gal<\/title>\n<meta name=\"description\" content=\"Mascara Smart Color kiko a un effet volume panoramique. Gr\u00e2ce \u00e0 sa texture \u00e0 la fois cr\u00e9meuse et l\u00e9g\u00e8re, il s&#039;applique facilement m\u00eame sur ...\" \/>\n<meta name=\"robots\" content=\"index, follow, max-snippet:-1, max-image-preview:large, max-video-preview:-1\" \/>\n<link rel=\"canonical\" href=\"https:\/\/labemacosmetics.com\/en\/product\/mascara-smart-color-kiko\/\" \/>\n<meta property=\"og:locale\" content=\"en_GB\" \/>\n<meta property=\"og:type\" content=\"article\" \/>\n<meta property=\"og:title\" content=\"KIKO Mascara Smart Color\" \/>\n<meta property=\"og:description\" content=\"Mascara Smart Color kiko a un effet volume panoramique. Gr\u00e2ce \u00e0 sa texture \u00e0 la fois cr\u00e9meuse et l\u00e9g\u00e8re, il s&#039;applique facilement m\u00eame sur ...\" \/>\n<meta property=\"og:url\" content=\"https:\/\/labemacosmetics.com\/en\/product\/mascara-smart-color-kiko\/\" \/>\n<meta property=\"og:site_name\" content=\"Lab&eacute;ma Cosmetics\" \/>\n<meta property=\"article:publisher\" content=\"http:\/\/www.facebook.com\/labemacosmetics\" \/>\n<meta property=\"article:modified_time\" content=\"2025-07-06T16:14:03+00:00\" \/>\n<meta property=\"og:image\" content=\"https:\/\/labemacosmetics.com\/wp-content\/uploads\/2017\/09\/Kiko_Smart_Color_Mascara.png\" \/>\n\t<meta property=\"og:image:width\" content=\"600\" \/>\n\t<meta property=\"og:image:height\" content=\"726\" \/>\n\t<meta property=\"og:image:type\" content=\"image\/png\" \/>\n<meta name=\"twitter:card\" content=\"summary_large_image\" \/>\n<meta name=\"twitter:site\" content=\"@Labemasn\" \/>\n<meta name=\"twitter:label1\" content=\"Availability\" \/>\n\t<meta name=\"twitter:data1\" content=\"In stock\" \/>\n<script type=\"application\/ld+json\" class=\"yoast-schema-graph\">{\"@context\":\"https:\\\/\\\/schema.org\",\"@graph\":[{\"@type\":\"WebPage\",\"@id\":\"https:\\\/\\\/labemacosmetics.com\\\/en\\\/product\\\/mascara-smart-color-kiko\\\/\",\"url\":\"https:\\\/\\\/labemacosmetics.com\\\/en\\\/product\\\/mascara-smart-color-kiko\\\/\",\"name\":\"Mascara Smart Color kiko - Lab\u00e9ma Cosmetics | Dakar - S\u00e9n\u00e9gal\",\"isPartOf\":{\"@id\":\"https:\\\/\\\/labemacosmetics.com\\\/#website\"},\"primaryImageOfPage\":{\"@id\":\"https:\\\/\\\/labemacosmetics.com\\\/en\\\/product\\\/mascara-smart-color-kiko\\\/#primaryimage\"},\"image\":{\"@id\":\"https:\\\/\\\/labemacosmetics.com\\\/en\\\/product\\\/mascara-smart-color-kiko\\\/#primaryimage\"},\"thumbnailUrl\":\"https:\\\/\\\/labemacosmetics.com\\\/wp-content\\\/uploads\\\/2017\\\/09\\\/Kiko_Smart_Color_Mascara.png\",\"datePublished\":\"2017-09-24T22:10:48+00:00\",\"dateModified\":\"2025-07-06T16:14:03+00:00\",\"description\":\"Mascara Smart Color kiko a un effet volume panoramique. Gr\u00e2ce \u00e0 sa texture \u00e0 la fois cr\u00e9meuse et l\u00e9g\u00e8re, il s'applique facilement m\u00eame sur ...\",\"breadcrumb\":{\"@id\":\"https:\\\/\\\/labemacosmetics.com\\\/en\\\/product\\\/mascara-smart-color-kiko\\\/#breadcrumb\"},\"inLanguage\":\"en-GB\",\"potentialAction\":[{\"@type\":\"ReadAction\",\"target\":[\"https:\\\/\\\/labemacosmetics.com\\\/en\\\/product\\\/mascara-smart-color-kiko\\\/\"]}]},{\"@type\":\"ImageObject\",\"inLanguage\":\"en-GB\",\"@id\":\"https:\\\/\\\/labemacosmetics.com\\\/en\\\/product\\\/mascara-smart-color-kiko\\\/#primaryimage\",\"url\":\"https:\\\/\\\/labemacosmetics.com\\\/wp-content\\\/uploads\\\/2017\\\/09\\\/Kiko_Smart_Color_Mascara.png\",\"contentUrl\":\"https:\\\/\\\/labemacosmetics.com\\\/wp-content\\\/uploads\\\/2017\\\/09\\\/Kiko_Smart_Color_Mascara.png\",\"width\":600,\"height\":726},{\"@type\":\"BreadcrumbList\",\"@id\":\"https:\\\/\\\/labemacosmetics.com\\\/en\\\/product\\\/mascara-smart-color-kiko\\\/#breadcrumb\",\"itemListElement\":[{\"@type\":\"ListItem\",\"position\":1,\"name\":\"Accueil\",\"item\":\"https:\\\/\\\/labemacosmetics.com\\\/\"},{\"@type\":\"ListItem\",\"position\":2,\"name\":\"Produits\",\"item\":\"https:\\\/\\\/labemacosmetics.com\\\/shop\\\/\"},{\"@type\":\"ListItem\",\"position\":3,\"name\":\"KIKO Mascara Smart Color\"}]},{\"@type\":\"WebSite\",\"@id\":\"https:\\\/\\\/labemacosmetics.com\\\/#website\",\"url\":\"https:\\\/\\\/labemacosmetics.com\\\/\",\"name\":\"Lab&eacute;ma Cosmetics\",\"description\":\"\",\"potentialAction\":[{\"@type\":\"SearchAction\",\"target\":{\"@type\":\"EntryPoint\",\"urlTemplate\":\"https:\\\/\\\/labemacosmetics.com\\\/?s={search_term_string}\"},\"query-input\":{\"@type\":\"PropertyValueSpecification\",\"valueRequired\":true,\"valueName\":\"search_term_string\"}}],\"inLanguage\":\"en-GB\"}]}<\/script>\n<meta property=\"product:brand\" content=\"Kiko\" \/>\n<meta property=\"og:availability\" content=\"instock\" \/>\n<meta property=\"product:availability\" content=\"instock\" \/>\n<meta property=\"product:retailer_item_id\" content=\"KKMS03\" \/>\n<meta property=\"product:condition\" content=\"new\" \/>\n<!-- \/ Yoast SEO Premium plugin. -->","yoast_head_json":{"title":"Mascara Smart Color kiko - Lab\u00e9ma Cosmetics | Dakar - S\u00e9n\u00e9gal","description":"Mascara Smart Color kiko a un effet volume panoramique. Gr\u00e2ce \u00e0 sa texture \u00e0 la fois cr\u00e9meuse et l\u00e9g\u00e8re, il s'applique facilement m\u00eame sur ...","robots":{"index":"index","follow":"follow","max-snippet":"max-snippet:-1","max-image-preview":"max-image-preview:large","max-video-preview":"max-video-preview:-1"},"canonical":"https:\/\/labemacosmetics.com\/en\/product\/mascara-smart-color-kiko\/","og_locale":"en_GB","og_type":"article","og_title":"KIKO Mascara Smart Color","og_description":"Mascara Smart Color kiko a un effet volume panoramique. Gr\u00e2ce \u00e0 sa texture \u00e0 la fois cr\u00e9meuse et l\u00e9g\u00e8re, il s'applique facilement m\u00eame sur ...","og_url":"https:\/\/labemacosmetics.com\/en\/product\/mascara-smart-color-kiko\/","og_site_name":"Lab&eacute;ma Cosmetics","article_publisher":"http:\/\/www.facebook.com\/labemacosmetics","article_modified_time":"2025-07-06T16:14:03+00:00","og_image":[{"width":600,"height":726,"url":"https:\/\/labemacosmetics.com\/wp-content\/uploads\/2017\/09\/Kiko_Smart_Color_Mascara.png","type":"image\/png"}],"twitter_card":"summary_large_image","twitter_site":"@Labemasn","twitter_misc":{"Availability":"In stock"},"schema":{"@context":"https:\/\/schema.org","@graph":[{"@type":"WebPage","@id":"https:\/\/labemacosmetics.com\/en\/product\/mascara-smart-color-kiko\/","url":"https:\/\/labemacosmetics.com\/en\/product\/mascara-smart-color-kiko\/","name":"Mascara Smart Color kiko - Lab\u00e9ma Cosmetics | Dakar - S\u00e9n\u00e9gal","isPartOf":{"@id":"https:\/\/labemacosmetics.com\/#website"},"primaryImageOfPage":{"@id":"https:\/\/labemacosmetics.com\/en\/product\/mascara-smart-color-kiko\/#primaryimage"},"image":{"@id":"https:\/\/labemacosmetics.com\/en\/product\/mascara-smart-color-kiko\/#primaryimage"},"thumbnailUrl":"https:\/\/labemacosmetics.com\/wp-content\/uploads\/2017\/09\/Kiko_Smart_Color_Mascara.png","datePublished":"2017-09-24T22:10:48+00:00","dateModified":"2025-07-06T16:14:03+00:00","description":"Mascara Smart Color kiko a un effet volume panoramique. Gr\u00e2ce \u00e0 sa texture \u00e0 la fois cr\u00e9meuse et l\u00e9g\u00e8re, il s'applique facilement m\u00eame sur ...","breadcrumb":{"@id":"https:\/\/labemacosmetics.com\/en\/product\/mascara-smart-color-kiko\/#breadcrumb"},"inLanguage":"en-GB","potentialAction":[{"@type":"ReadAction","target":["https:\/\/labemacosmetics.com\/en\/product\/mascara-smart-color-kiko\/"]}]},{"@type":"ImageObject","inLanguage":"en-GB","@id":"https:\/\/labemacosmetics.com\/en\/product\/mascara-smart-color-kiko\/#primaryimage","url":"https:\/\/labemacosmetics.com\/wp-content\/uploads\/2017\/09\/Kiko_Smart_Color_Mascara.png","contentUrl":"https:\/\/labemacosmetics.com\/wp-content\/uploads\/2017\/09\/Kiko_Smart_Color_Mascara.png","width":600,"height":726},{"@type":"BreadcrumbList","@id":"https:\/\/labemacosmetics.com\/en\/product\/mascara-smart-color-kiko\/#breadcrumb","itemListElement":[{"@type":"ListItem","position":1,"name":"Accueil","item":"https:\/\/labemacosmetics.com\/"},{"@type":"ListItem","position":2,"name":"Produits","item":"https:\/\/labemacosmetics.com\/shop\/"},{"@type":"ListItem","position":3,"name":"KIKO Mascara Smart Color"}]},{"@type":"WebSite","@id":"https:\/\/labemacosmetics.com\/#website","url":"https:\/\/labemacosmetics.com\/","name":"Lab&eacute;ma Cosmetics","description":"","potentialAction":[{"@type":"SearchAction","target":{"@type":"EntryPoint","urlTemplate":"https:\/\/labemacosmetics.com\/?s={search_term_string}"},"query-input":{"@type":"PropertyValueSpecification","valueRequired":true,"valueName":"search_term_string"}}],"inLanguage":"en-GB"}]},"product_brand":"Kiko","og_availability":"instock","product_availability":"instock","product_retailer_item_id":"KKMS03","product_condition":"new"},"_links":{"self":[{"href":"https:\/\/labemacosmetics.com\/en\/wp-json\/wp\/v2\/product\/3266","targetHints":{"allow":["GET"]}}],"collection":[{"href":"https:\/\/labemacosmetics.com\/en\/wp-json\/wp\/v2\/product"}],"about":[{"href":"https:\/\/labemacosmetics.com\/en\/wp-json\/wp\/v2\/types\/product"}],"replies":[{"embeddable":true,"href":"https:\/\/labemacosmetics.com\/en\/wp-json\/wp\/v2\/comments?post=3266"}],"version-history":[{"count":0,"href":"https:\/\/labemacosmetics.com\/en\/wp-json\/wp\/v2\/product\/3266\/revisions"}],"wp:featuredmedia":[{"embeddable":true,"href":"https:\/\/labemacosmetics.com\/en\/wp-json\/wp\/v2\/media\/5985"}],"wp:attachment":[{"href":"https:\/\/labemacosmetics.com\/en\/wp-json\/wp\/v2\/media?parent=3266"}],"wp:term":[{"taxonomy":"product_brand","embeddable":true,"href":"https:\/\/labemacosmetics.com\/en\/wp-json\/wp\/v2\/product_brand?post=3266"},{"taxonomy":"product_cat","embeddable":true,"href":"https:\/\/labemacosmetics.com\/en\/wp-json\/wp\/v2\/product_cat?post=3266"},{"taxonomy":"product_tag","embeddable":true,"href":"https:\/\/labemacosmetics.com\/en\/wp-json\/wp\/v2\/product_tag?post=3266"}],"curies":[{"name":"wp","href":"https:\/\/api.w.org\/{rel}","templated":true}]}}