{"id":3260,"date":"2017-09-24T22:43:16","date_gmt":"2017-09-24T21:43:16","guid":{"rendered":"https:\/\/www.labemacosmetics.com\/shop\/all-categories\/maquillage\/rouge-a-levres-matte-velvet-passion-n-312\/"},"modified":"2023-05-22T09:45:51","modified_gmt":"2023-05-22T08:45:51","slug":"rouge-a-levres-matte-velvet-passion-n-312","status":"publish","type":"product","link":"https:\/\/labemacosmetics.com\/en\/product\/rouge-a-levres-matte-velvet-passion-n-312\/","title":{"rendered":"KIKO Rouge \u00e0 l\u00e8vres Matte Velvet Passion n\u00b0 312"},"content":{"rendered":"<h4 class=\"title\">Rouge \u00e0 l\u00e8vres Matte velvet Passion n\u00b0 312<\/h4>\n<p>Rouge \u00e0 l\u00e8vres Matte velvet Passion n\u00b0 312 confortable \u00e0 la couleur mate.<\/p>\n<p>Sa texture, onctueuse et ultra-fondante, offre \u00e0 vos l\u00e8vres un effet mat intense. Son extr\u00eame sensorialit\u00e9 rend encore plus agr\u00e9able l\u2019application et la sensation de confort qui s\u2019ensuit.<\/p>\n<p>En effet, l\u2019application est ultra-fluide, l\u2019effet couleur est imm\u00e9diat. La tenue du rouge \u00e0 l\u00e8vres est longue dur\u00e9e.<\/p>\n<p>Aussi,Velvet Passion Matte Lipstick est mis en valeur par son tube moderne en aluminium mat au logo KK sur le haut. Alors, la fermeture magn\u00e9tique assure une conservation optimale du rouge \u00e0 l\u00e8vres. La pointe carr\u00e9e du raisin vous permet une application facile et rapide.<\/p>\n<p>Velvet Passion Matte Lipstick se d\u00e9cline en vingt teintes adapt\u00e9es \u00e0 chaque type de peau, pour un maquillage des l\u00e8vres toujours impeccable. Vous pouvez assortir les couleurs du rouge \u00e0 l\u00e8vres Velvet Passion Matte Lipstick aux couleurs du crayon Ever Lasting Colour Precision Lip Liner.<\/p>\n<p>&nbsp;<\/p>\n<p>Test\u00e9 sous contr\u00f4le dermatologique.<\/p>\n<p>Sans paraben.<\/p>","protected":false},"excerpt":{"rendered":"<p>Rouge \u00e0 l\u00e8vres\u00a0Matte velvet Passion n\u00b0 312 confortable \u00e0 la couleur mate.<\/p>\n<p>Sa texture, onctueuse et ultra-fondante, offre \u00e0 vos l\u00e8vres un effet mat intense. Son extr\u00eame sensorialit\u00e9 rend encore plus agr\u00e9able l\u2019application et la sensation de confort qui s\u2019ensuit.<\/p>","protected":false},"featured_media":5529,"comment_status":"closed","ping_status":"closed","template":"","meta":{"om_disable_all_campaigns":false,"_mi_skip_tracking":false,"_monsterinsights_sitenote_active":false,"_monsterinsights_sitenote_note":"","_monsterinsights_sitenote_category":0},"product_brand":[],"product_cat":[127,110,103,122],"product_tag":[362,165,351,363,231,364,365,135,366,367,187,368,369,370],"class_list":{"0":"post-3260","1":"product","2":"type-product","3":"status-publish","4":"has-post-thumbnail","6":"product_cat-boutique","7":"product_cat-levres","8":"product_cat-maquillage","9":"product_cat-rouge-a-levres","10":"product_tag-authentiques","11":"product_tag-beaute","12":"product_tag-cosmetiques","13":"product_tag-dakar","14":"product_tag-kiko","15":"product_tag-makeup-addict","16":"product_tag-makeup-artist","17":"product_tag-maquillage","18":"product_tag-maquillage-dakar","19":"product_tag-maquillage-pas-cher","20":"product_tag-mat","21":"product_tag-original","22":"product_tag-rouge-a-levres","23":"product_tag-senegal","24":"yith_product_brand-kiko","26":"first","27":"instock","28":"shipping-taxable","29":"purchasable","30":"product-type-simple"},"yoast_head":"<!-- This site is optimized with the Yoast SEO Premium plugin v20.8 (Yoast SEO v27.4) - https:\/\/yoast.com\/product\/yoast-seo-premium-wordpress\/ -->\n<title>Rouge \u00e0 l\u00e8vres Matte velvet Passion n\u00b0 312 - Lab\u00e9ma Cosmetics | Dakar - S\u00e9n\u00e9gal<\/title>\n<meta name=\"description\" content=\"Rouge \u00e0 l\u00e8vres Matte velvet Passion n\u00b0 312 confortable \u00e0 la couleur mate.. Sa texture, onctueuse et ultra-fondante, offre \u00e0 vos l\u00e8vres...\" \/>\n<meta name=\"robots\" content=\"index, follow, max-snippet:-1, max-image-preview:large, max-video-preview:-1\" \/>\n<link rel=\"canonical\" href=\"https:\/\/labemacosmetics.com\/en\/product\/rouge-a-levres-matte-velvet-passion-n-312\/\" \/>\n<meta property=\"og:locale\" content=\"en_GB\" \/>\n<meta property=\"og:type\" content=\"article\" \/>\n<meta property=\"og:title\" content=\"KIKO Rouge \u00e0 l\u00e8vres Matte Velvet Passion n\u00b0 312\" \/>\n<meta property=\"og:description\" content=\"Rouge \u00e0 l\u00e8vres Matte velvet Passion n\u00b0 312 confortable \u00e0 la couleur mate.. Sa texture, onctueuse et ultra-fondante, offre \u00e0 vos l\u00e8vres...\" \/>\n<meta property=\"og:url\" content=\"https:\/\/labemacosmetics.com\/en\/product\/rouge-a-levres-matte-velvet-passion-n-312\/\" \/>\n<meta property=\"og:site_name\" content=\"Lab&eacute;ma Cosmetics\" \/>\n<meta property=\"article:publisher\" content=\"http:\/\/www.facebook.com\/labemacosmetics\" \/>\n<meta property=\"article:modified_time\" content=\"2023-05-22T08:45:51+00:00\" \/>\n<meta property=\"og:image\" content=\"https:\/\/labemacosmetics.com\/wp-content\/uploads\/2017\/09\/Rouge-a-levres-kiko-312.png\" \/>\n\t<meta property=\"og:image:width\" content=\"600\" \/>\n\t<meta property=\"og:image:height\" content=\"726\" \/>\n\t<meta property=\"og:image:type\" content=\"image\/png\" \/>\n<meta name=\"twitter:card\" content=\"summary_large_image\" \/>\n<meta name=\"twitter:site\" content=\"@Labemasn\" \/>\n<meta name=\"twitter:label1\" content=\"Price\" \/>\n\t<meta name=\"twitter:data1\" content=\"7 500&nbsp;CFA\" \/>\n\t<meta name=\"twitter:label2\" content=\"Availability\" \/>\n\t<meta name=\"twitter:data2\" content=\"In stock\" \/>\n<script type=\"application\/ld+json\" class=\"yoast-schema-graph\">{\"@context\":\"https:\\\/\\\/schema.org\",\"@graph\":[{\"@type\":\"WebPage\",\"@id\":\"https:\\\/\\\/labemacosmetics.com\\\/produit\\\/rouge-a-levres-matte-velvet-passion-n-312\\\/\",\"url\":\"https:\\\/\\\/labemacosmetics.com\\\/produit\\\/rouge-a-levres-matte-velvet-passion-n-312\\\/\",\"name\":\"Rouge \u00e0 l\u00e8vres Matte velvet Passion n\u00b0 312 - Lab\u00e9ma Cosmetics | Dakar - S\u00e9n\u00e9gal\",\"isPartOf\":{\"@id\":\"https:\\\/\\\/labemacosmetics.com\\\/#website\"},\"primaryImageOfPage\":{\"@id\":\"https:\\\/\\\/labemacosmetics.com\\\/produit\\\/rouge-a-levres-matte-velvet-passion-n-312\\\/#primaryimage\"},\"image\":{\"@id\":\"https:\\\/\\\/labemacosmetics.com\\\/produit\\\/rouge-a-levres-matte-velvet-passion-n-312\\\/#primaryimage\"},\"thumbnailUrl\":\"https:\\\/\\\/labemacosmetics.com\\\/wp-content\\\/uploads\\\/2017\\\/09\\\/Rouge-a-levres-kiko-312.png\",\"datePublished\":\"2017-09-24T21:43:16+00:00\",\"dateModified\":\"2023-05-22T08:45:51+00:00\",\"description\":\"Rouge \u00e0 l\u00e8vres Matte velvet Passion n\u00b0 312 confortable \u00e0 la couleur mate.. Sa texture, onctueuse et ultra-fondante, offre \u00e0 vos l\u00e8vres...\",\"breadcrumb\":{\"@id\":\"https:\\\/\\\/labemacosmetics.com\\\/produit\\\/rouge-a-levres-matte-velvet-passion-n-312\\\/#breadcrumb\"},\"inLanguage\":\"en-GB\",\"potentialAction\":[{\"@type\":\"ReadAction\",\"target\":[\"https:\\\/\\\/labemacosmetics.com\\\/produit\\\/rouge-a-levres-matte-velvet-passion-n-312\\\/\"]}]},{\"@type\":\"ImageObject\",\"inLanguage\":\"en-GB\",\"@id\":\"https:\\\/\\\/labemacosmetics.com\\\/produit\\\/rouge-a-levres-matte-velvet-passion-n-312\\\/#primaryimage\",\"url\":\"https:\\\/\\\/labemacosmetics.com\\\/wp-content\\\/uploads\\\/2017\\\/09\\\/Rouge-a-levres-kiko-312.png\",\"contentUrl\":\"https:\\\/\\\/labemacosmetics.com\\\/wp-content\\\/uploads\\\/2017\\\/09\\\/Rouge-a-levres-kiko-312.png\",\"width\":600,\"height\":726,\"caption\":\"Rouge \u00e0 l\u00e8vres mat velvet 312\"},{\"@type\":\"BreadcrumbList\",\"@id\":\"https:\\\/\\\/labemacosmetics.com\\\/produit\\\/rouge-a-levres-matte-velvet-passion-n-312\\\/#breadcrumb\",\"itemListElement\":[{\"@type\":\"ListItem\",\"position\":1,\"name\":\"Accueil\",\"item\":\"https:\\\/\\\/labemacosmetics.com\\\/\"},{\"@type\":\"ListItem\",\"position\":2,\"name\":\"Produits\",\"item\":\"https:\\\/\\\/labemacosmetics.com\\\/shop\\\/\"},{\"@type\":\"ListItem\",\"position\":3,\"name\":\"KIKO Rouge \u00e0 l\u00e8vres Matte Velvet Passion n\u00b0 312\"}]},{\"@type\":\"WebSite\",\"@id\":\"https:\\\/\\\/labemacosmetics.com\\\/#website\",\"url\":\"https:\\\/\\\/labemacosmetics.com\\\/\",\"name\":\"Lab&eacute;ma Cosmetics\",\"description\":\"\",\"potentialAction\":[{\"@type\":\"SearchAction\",\"target\":{\"@type\":\"EntryPoint\",\"urlTemplate\":\"https:\\\/\\\/labemacosmetics.com\\\/?s={search_term_string}\"},\"query-input\":{\"@type\":\"PropertyValueSpecification\",\"valueRequired\":true,\"valueName\":\"search_term_string\"}}],\"inLanguage\":\"en-GB\"}]}<\/script>\n<meta property=\"product:brand\" content=\"Kiko\" \/>\n<meta property=\"product:price:amount\" content=\"7500\" \/>\n<meta property=\"product:price:currency\" content=\"XOF\" \/>\n<meta property=\"og:availability\" content=\"instock\" \/>\n<meta property=\"product:availability\" content=\"instock\" \/>\n<meta property=\"product:retailer_item_id\" content=\"KKVP312\" \/>\n<meta property=\"product:condition\" content=\"new\" \/>\n<!-- \/ Yoast SEO Premium plugin. -->","yoast_head_json":{"title":"Rouge \u00e0 l\u00e8vres Matte velvet Passion n\u00b0 312 - Lab\u00e9ma Cosmetics | Dakar - S\u00e9n\u00e9gal","description":"Rouge \u00e0 l\u00e8vres Matte velvet Passion n\u00b0 312 confortable \u00e0 la couleur mate.. Sa texture, onctueuse et ultra-fondante, offre \u00e0 vos l\u00e8vres...","robots":{"index":"index","follow":"follow","max-snippet":"max-snippet:-1","max-image-preview":"max-image-preview:large","max-video-preview":"max-video-preview:-1"},"canonical":"https:\/\/labemacosmetics.com\/en\/product\/rouge-a-levres-matte-velvet-passion-n-312\/","og_locale":"en_GB","og_type":"article","og_title":"KIKO Rouge \u00e0 l\u00e8vres Matte Velvet Passion n\u00b0 312","og_description":"Rouge \u00e0 l\u00e8vres Matte velvet Passion n\u00b0 312 confortable \u00e0 la couleur mate.. Sa texture, onctueuse et ultra-fondante, offre \u00e0 vos l\u00e8vres...","og_url":"https:\/\/labemacosmetics.com\/en\/product\/rouge-a-levres-matte-velvet-passion-n-312\/","og_site_name":"Lab&eacute;ma Cosmetics","article_publisher":"http:\/\/www.facebook.com\/labemacosmetics","article_modified_time":"2023-05-22T08:45:51+00:00","og_image":[{"width":600,"height":726,"url":"https:\/\/labemacosmetics.com\/wp-content\/uploads\/2017\/09\/Rouge-a-levres-kiko-312.png","type":"image\/png"}],"twitter_card":"summary_large_image","twitter_site":"@Labemasn","twitter_misc":{"Price":"7 500&nbsp;CFA","Availability":"In stock"},"schema":{"@context":"https:\/\/schema.org","@graph":[{"@type":"WebPage","@id":"https:\/\/labemacosmetics.com\/produit\/rouge-a-levres-matte-velvet-passion-n-312\/","url":"https:\/\/labemacosmetics.com\/produit\/rouge-a-levres-matte-velvet-passion-n-312\/","name":"Rouge \u00e0 l\u00e8vres Matte velvet Passion n\u00b0 312 - Lab\u00e9ma Cosmetics | Dakar - S\u00e9n\u00e9gal","isPartOf":{"@id":"https:\/\/labemacosmetics.com\/#website"},"primaryImageOfPage":{"@id":"https:\/\/labemacosmetics.com\/produit\/rouge-a-levres-matte-velvet-passion-n-312\/#primaryimage"},"image":{"@id":"https:\/\/labemacosmetics.com\/produit\/rouge-a-levres-matte-velvet-passion-n-312\/#primaryimage"},"thumbnailUrl":"https:\/\/labemacosmetics.com\/wp-content\/uploads\/2017\/09\/Rouge-a-levres-kiko-312.png","datePublished":"2017-09-24T21:43:16+00:00","dateModified":"2023-05-22T08:45:51+00:00","description":"Rouge \u00e0 l\u00e8vres Matte velvet Passion n\u00b0 312 confortable \u00e0 la couleur mate.. Sa texture, onctueuse et ultra-fondante, offre \u00e0 vos l\u00e8vres...","breadcrumb":{"@id":"https:\/\/labemacosmetics.com\/produit\/rouge-a-levres-matte-velvet-passion-n-312\/#breadcrumb"},"inLanguage":"en-GB","potentialAction":[{"@type":"ReadAction","target":["https:\/\/labemacosmetics.com\/produit\/rouge-a-levres-matte-velvet-passion-n-312\/"]}]},{"@type":"ImageObject","inLanguage":"en-GB","@id":"https:\/\/labemacosmetics.com\/produit\/rouge-a-levres-matte-velvet-passion-n-312\/#primaryimage","url":"https:\/\/labemacosmetics.com\/wp-content\/uploads\/2017\/09\/Rouge-a-levres-kiko-312.png","contentUrl":"https:\/\/labemacosmetics.com\/wp-content\/uploads\/2017\/09\/Rouge-a-levres-kiko-312.png","width":600,"height":726,"caption":"Rouge \u00e0 l\u00e8vres mat velvet 312"},{"@type":"BreadcrumbList","@id":"https:\/\/labemacosmetics.com\/produit\/rouge-a-levres-matte-velvet-passion-n-312\/#breadcrumb","itemListElement":[{"@type":"ListItem","position":1,"name":"Accueil","item":"https:\/\/labemacosmetics.com\/"},{"@type":"ListItem","position":2,"name":"Produits","item":"https:\/\/labemacosmetics.com\/shop\/"},{"@type":"ListItem","position":3,"name":"KIKO Rouge \u00e0 l\u00e8vres Matte Velvet Passion n\u00b0 312"}]},{"@type":"WebSite","@id":"https:\/\/labemacosmetics.com\/#website","url":"https:\/\/labemacosmetics.com\/","name":"Lab&eacute;ma Cosmetics","description":"","potentialAction":[{"@type":"SearchAction","target":{"@type":"EntryPoint","urlTemplate":"https:\/\/labemacosmetics.com\/?s={search_term_string}"},"query-input":{"@type":"PropertyValueSpecification","valueRequired":true,"valueName":"search_term_string"}}],"inLanguage":"en-GB"}]},"product_brand":"Kiko","product_price_amount":"7500","product_price_currency":"XOF","og_availability":"instock","product_availability":"instock","product_retailer_item_id":"KKVP312","product_condition":"new"},"_links":{"self":[{"href":"https:\/\/labemacosmetics.com\/en\/wp-json\/wp\/v2\/product\/3260","targetHints":{"allow":["GET"]}}],"collection":[{"href":"https:\/\/labemacosmetics.com\/en\/wp-json\/wp\/v2\/product"}],"about":[{"href":"https:\/\/labemacosmetics.com\/en\/wp-json\/wp\/v2\/types\/product"}],"replies":[{"embeddable":true,"href":"https:\/\/labemacosmetics.com\/en\/wp-json\/wp\/v2\/comments?post=3260"}],"version-history":[{"count":0,"href":"https:\/\/labemacosmetics.com\/en\/wp-json\/wp\/v2\/product\/3260\/revisions"}],"wp:featuredmedia":[{"embeddable":true,"href":"https:\/\/labemacosmetics.com\/en\/wp-json\/wp\/v2\/media\/5529"}],"wp:attachment":[{"href":"https:\/\/labemacosmetics.com\/en\/wp-json\/wp\/v2\/media?parent=3260"}],"wp:term":[{"taxonomy":"product_brand","embeddable":true,"href":"https:\/\/labemacosmetics.com\/en\/wp-json\/wp\/v2\/product_brand?post=3260"},{"taxonomy":"product_cat","embeddable":true,"href":"https:\/\/labemacosmetics.com\/en\/wp-json\/wp\/v2\/product_cat?post=3260"},{"taxonomy":"product_tag","embeddable":true,"href":"https:\/\/labemacosmetics.com\/en\/wp-json\/wp\/v2\/product_tag?post=3260"}],"curies":[{"name":"wp","href":"https:\/\/api.w.org\/{rel}","templated":true}]}}