{"id":2992,"date":"2017-06-10T13:10:12","date_gmt":"2017-06-10T13:10:12","guid":{"rendered":"https:\/\/www.labemacosmetics.com\/?post_type=product&#038;p=2992"},"modified":"2025-09-27T13:51:11","modified_gmt":"2025-09-27T12:51:11","slug":"facet-loose-powder","status":"publish","type":"product","link":"https:\/\/labemacosmetics.com\/en\/product\/facet-loose-powder\/","title":{"rendered":"FACET Poudre Libre"},"content":{"rendered":"<ul>\n<li>FACET LOOSE POWDER<\/li>\n<\/ul>\n<p id=\"tw-target-text\" class=\"tw-data-text tw-ta tw-text-small\" dir=\"ltr\" data-placeholder=\"Traduction\">La <a href=\"\/en\/product-category\/all-categories\/maquillage\/teint\/poudre\/\">poudre<\/a>\u00a0FACET LOOSE POWDER\u00a0 libre Facet a \u00e9t\u00e9 \u00e9labor\u00e9e \u00e0 partir d\u2019une <a href=\"\/en\/product-category\/all-categories\/maquillage\/teint\/poudre\/\">poudre<\/a> talc broy\u00e9e sur trois niveaux pour une finition parfaite.Ainsi\u00a0 la <a href=\"\/en\/product-category\/all-categories\/maquillage\/teint\/poudre\/\">poudre<\/a> libre s\u2019utilise de pair avec le <a href=\"\/en\/product-category\/all-categories\/maquillage\/teint\/fond-de-teint\/\">fond de teint<\/a> permettant ainsi de prolonger la tenue du <a href=\"\/en\/product-category\/all-categories\/maquillage\/\">maquillage<\/a>. <span lang=\"fr\">Donnez \u00e0 votre teint un fini mat velout\u00e9 qui dure toute la journ\u00e9e. A<\/span><span lang=\"fr\">vec notre s\u00e9lection de poudres libres translucides et teint\u00e9es. D\u00e9couvrez le parfait pour vous.FACET LOOSE POWDER bloque le maquillage pour une longue dur\u00e9e d&rsquo;utilisation.Sans ajouter de poids ou de texture. Ce best-seller cr\u00e9e une finition moderne et mate avec une touche de couverture pure.Alors\u00a0 tandis qu&rsquo;il absorbe l&rsquo;huile et r\u00e9duit la brillance toute la journ\u00e9e. Les pros savent pourquoi c&rsquo;est leur pr\u00e9f\u00e9r\u00e9: la poudre est un peu plus dense qu&rsquo;une poudre moyenne. Donc ce qui permet une application et un m\u00e9lange super doux et uniformes.<\/span><\/p>\n<p><span lang=\"fr\">\u00a0<\/span><\/p>","protected":false},"excerpt":{"rendered":"<p>La <a href=\"\/en\/product-category\/all-categories\/maquillage\/teint\/poudre\/\">poudre<\/a>\u00a0FACET LOOSE POWDER\u00a0 libre Facet a \u00e9t\u00e9 \u00e9labor\u00e9e \u00e0 partir d\u2019une <a href=\"\/en\/product-category\/all-categories\/maquillage\/teint\/poudre\/\">poudre<\/a> talc broy\u00e9e sur trois niveaux pour une finition parfaite.Ainsi\u00a0 la <a href=\"\/en\/product-category\/all-categories\/maquillage\/teint\/poudre\/\">poudre<\/a> libre s\u2019utilise de pair avec le <a href=\"\/en\/product-category\/all-categories\/maquillage\/teint\/fond-de-teint\/\">fond de teint<\/a> permettant ainsi de prolonger la tenue du <a href=\"\/en\/product-category\/all-categories\/maquillage\/\">maquillage<\/a>. <span lang=\"fr\">Donnez \u00e0 votre teint un fini mat velout\u00e9 qui dure toute la journ\u00e9e. <\/span><\/p>","protected":false},"featured_media":3001,"comment_status":"open","ping_status":"closed","template":"","meta":{"om_disable_all_campaigns":false,"_mi_skip_tracking":false,"_monsterinsights_sitenote_active":false,"_monsterinsights_sitenote_note":"","_monsterinsights_sitenote_category":0},"product_brand":[],"product_cat":[127,103,118,108],"product_tag":[],"class_list":{"0":"post-2992","1":"product","2":"type-product","3":"status-publish","4":"has-post-thumbnail","6":"product_cat-boutique","7":"product_cat-maquillage","8":"product_cat-poudre","9":"product_cat-teint","10":"yith_product_brand-facet","12":"first","13":"instock","14":"shipping-taxable","15":"purchasable","16":"product-type-variable"},"yoast_head":"<!-- This site is optimized with the Yoast SEO Premium plugin v20.8 (Yoast SEO v27.4) - https:\/\/yoast.com\/product\/yoast-seo-premium-wordpress\/ -->\n<title>FACET LOOSE POWDER - Labema Cosmetics | Dakar - S\u00e9n\u00e9gal<\/title>\n<meta name=\"description\" content=\"FACET LOOSE POWDER, poudre libre s\u2019utilise de pair avec le fond de teint permettant ainsi de prolonger la tenue du maquillage.\" \/>\n<meta name=\"robots\" content=\"index, follow, max-snippet:-1, max-image-preview:large, max-video-preview:-1\" \/>\n<link rel=\"canonical\" href=\"https:\/\/labemacosmetics.com\/en\/product\/facet-loose-powder\/\" \/>\n<meta property=\"og:locale\" content=\"en_GB\" \/>\n<meta property=\"og:type\" content=\"article\" \/>\n<meta property=\"og:title\" content=\"FACET Poudre Libre\" \/>\n<meta property=\"og:description\" content=\"FACET LOOSE POWDER, poudre libre s\u2019utilise de pair avec le fond de teint permettant ainsi de prolonger la tenue du maquillage.\" \/>\n<meta property=\"og:url\" content=\"https:\/\/labemacosmetics.com\/en\/product\/facet-loose-powder\/\" \/>\n<meta property=\"og:site_name\" content=\"Lab&eacute;ma Cosmetics\" \/>\n<meta property=\"article:publisher\" content=\"http:\/\/www.facebook.com\/labemacosmetics\" \/>\n<meta property=\"article:modified_time\" content=\"2025-09-27T12:51:11+00:00\" \/>\n<meta property=\"og:image\" content=\"https:\/\/labemacosmetics.com\/wp-content\/uploads\/2017\/06\/poudre_libre-mxqdvzjgethcq5i6r4s6xsdxxekz05h7p6scn8rutc-1.jpg\" \/>\n\t<meta property=\"og:image:width\" content=\"600\" \/>\n\t<meta property=\"og:image:height\" content=\"480\" \/>\n\t<meta property=\"og:image:type\" content=\"image\/jpeg\" \/>\n<meta name=\"twitter:card\" content=\"summary_large_image\" \/>\n<meta name=\"twitter:site\" content=\"@Labemasn\" \/>\n<meta name=\"twitter:label1\" content=\"Availability\" \/>\n\t<meta name=\"twitter:data1\" content=\"In stock\" \/>\n<script type=\"application\/ld+json\" class=\"yoast-schema-graph\">{\"@context\":\"https:\\\/\\\/schema.org\",\"@graph\":[{\"@type\":\"WebPage\",\"@id\":\"https:\\\/\\\/labemacosmetics.com\\\/en\\\/product\\\/facet-loose-powder\\\/\",\"url\":\"https:\\\/\\\/labemacosmetics.com\\\/en\\\/product\\\/facet-loose-powder\\\/\",\"name\":\"FACET LOOSE POWDER - Labema Cosmetics | Dakar - S\u00e9n\u00e9gal\",\"isPartOf\":{\"@id\":\"https:\\\/\\\/labemacosmetics.com\\\/#website\"},\"primaryImageOfPage\":{\"@id\":\"https:\\\/\\\/labemacosmetics.com\\\/en\\\/product\\\/facet-loose-powder\\\/#primaryimage\"},\"image\":{\"@id\":\"https:\\\/\\\/labemacosmetics.com\\\/en\\\/product\\\/facet-loose-powder\\\/#primaryimage\"},\"thumbnailUrl\":\"https:\\\/\\\/labemacosmetics.com\\\/wp-content\\\/uploads\\\/2017\\\/06\\\/poudre_libre-mxqdvzjgethcq5i6r4s6xsdxxekz05h7p6scn8rutc-1.jpg\",\"datePublished\":\"2017-06-10T13:10:12+00:00\",\"dateModified\":\"2025-09-27T12:51:11+00:00\",\"description\":\"FACET LOOSE POWDER, poudre libre s\u2019utilise de pair avec le fond de teint permettant ainsi de prolonger la tenue du maquillage.\",\"breadcrumb\":{\"@id\":\"https:\\\/\\\/labemacosmetics.com\\\/en\\\/product\\\/facet-loose-powder\\\/#breadcrumb\"},\"inLanguage\":\"en-GB\",\"potentialAction\":[{\"@type\":\"ReadAction\",\"target\":[\"https:\\\/\\\/labemacosmetics.com\\\/en\\\/product\\\/facet-loose-powder\\\/\"]}]},{\"@type\":\"ImageObject\",\"inLanguage\":\"en-GB\",\"@id\":\"https:\\\/\\\/labemacosmetics.com\\\/en\\\/product\\\/facet-loose-powder\\\/#primaryimage\",\"url\":\"https:\\\/\\\/labemacosmetics.com\\\/wp-content\\\/uploads\\\/2017\\\/06\\\/poudre_libre-mxqdvzjgethcq5i6r4s6xsdxxekz05h7p6scn8rutc-1.jpg\",\"contentUrl\":\"https:\\\/\\\/labemacosmetics.com\\\/wp-content\\\/uploads\\\/2017\\\/06\\\/poudre_libre-mxqdvzjgethcq5i6r4s6xsdxxekz05h7p6scn8rutc-1.jpg\",\"width\":600,\"height\":480,\"caption\":\"FACET LOOSE POWDER\"},{\"@type\":\"BreadcrumbList\",\"@id\":\"https:\\\/\\\/labemacosmetics.com\\\/en\\\/product\\\/facet-loose-powder\\\/#breadcrumb\",\"itemListElement\":[{\"@type\":\"ListItem\",\"position\":1,\"name\":\"Accueil\",\"item\":\"https:\\\/\\\/labemacosmetics.com\\\/\"},{\"@type\":\"ListItem\",\"position\":2,\"name\":\"Produits\",\"item\":\"https:\\\/\\\/labemacosmetics.com\\\/shop\\\/\"},{\"@type\":\"ListItem\",\"position\":3,\"name\":\"FACET Poudre Libre\"}]},{\"@type\":\"WebSite\",\"@id\":\"https:\\\/\\\/labemacosmetics.com\\\/#website\",\"url\":\"https:\\\/\\\/labemacosmetics.com\\\/\",\"name\":\"Lab&eacute;ma Cosmetics\",\"description\":\"\",\"potentialAction\":[{\"@type\":\"SearchAction\",\"target\":{\"@type\":\"EntryPoint\",\"urlTemplate\":\"https:\\\/\\\/labemacosmetics.com\\\/?s={search_term_string}\"},\"query-input\":{\"@type\":\"PropertyValueSpecification\",\"valueRequired\":true,\"valueName\":\"search_term_string\"}}],\"inLanguage\":\"en-GB\"}]}<\/script>\n<meta property=\"product:brand\" content=\"Facet\" \/>\n<meta property=\"og:availability\" content=\"instock\" \/>\n<meta property=\"product:availability\" content=\"instock\" \/>\n<meta property=\"product:condition\" content=\"new\" \/>\n<!-- \/ Yoast SEO Premium plugin. -->","yoast_head_json":{"title":"FACET LOOSE POWDER - Labema Cosmetics | Dakar - S\u00e9n\u00e9gal","description":"FACET LOOSE POWDER, poudre libre s\u2019utilise de pair avec le fond de teint permettant ainsi de prolonger la tenue du maquillage.","robots":{"index":"index","follow":"follow","max-snippet":"max-snippet:-1","max-image-preview":"max-image-preview:large","max-video-preview":"max-video-preview:-1"},"canonical":"https:\/\/labemacosmetics.com\/en\/product\/facet-loose-powder\/","og_locale":"en_GB","og_type":"article","og_title":"FACET Poudre Libre","og_description":"FACET LOOSE POWDER, poudre libre s\u2019utilise de pair avec le fond de teint permettant ainsi de prolonger la tenue du maquillage.","og_url":"https:\/\/labemacosmetics.com\/en\/product\/facet-loose-powder\/","og_site_name":"Lab&eacute;ma Cosmetics","article_publisher":"http:\/\/www.facebook.com\/labemacosmetics","article_modified_time":"2025-09-27T12:51:11+00:00","og_image":[{"width":600,"height":480,"url":"https:\/\/labemacosmetics.com\/wp-content\/uploads\/2017\/06\/poudre_libre-mxqdvzjgethcq5i6r4s6xsdxxekz05h7p6scn8rutc-1.jpg","type":"image\/jpeg"}],"twitter_card":"summary_large_image","twitter_site":"@Labemasn","twitter_misc":{"Availability":"In stock"},"schema":{"@context":"https:\/\/schema.org","@graph":[{"@type":"WebPage","@id":"https:\/\/labemacosmetics.com\/en\/product\/facet-loose-powder\/","url":"https:\/\/labemacosmetics.com\/en\/product\/facet-loose-powder\/","name":"FACET LOOSE POWDER - Labema Cosmetics | Dakar - S\u00e9n\u00e9gal","isPartOf":{"@id":"https:\/\/labemacosmetics.com\/#website"},"primaryImageOfPage":{"@id":"https:\/\/labemacosmetics.com\/en\/product\/facet-loose-powder\/#primaryimage"},"image":{"@id":"https:\/\/labemacosmetics.com\/en\/product\/facet-loose-powder\/#primaryimage"},"thumbnailUrl":"https:\/\/labemacosmetics.com\/wp-content\/uploads\/2017\/06\/poudre_libre-mxqdvzjgethcq5i6r4s6xsdxxekz05h7p6scn8rutc-1.jpg","datePublished":"2017-06-10T13:10:12+00:00","dateModified":"2025-09-27T12:51:11+00:00","description":"FACET LOOSE POWDER, poudre libre s\u2019utilise de pair avec le fond de teint permettant ainsi de prolonger la tenue du maquillage.","breadcrumb":{"@id":"https:\/\/labemacosmetics.com\/en\/product\/facet-loose-powder\/#breadcrumb"},"inLanguage":"en-GB","potentialAction":[{"@type":"ReadAction","target":["https:\/\/labemacosmetics.com\/en\/product\/facet-loose-powder\/"]}]},{"@type":"ImageObject","inLanguage":"en-GB","@id":"https:\/\/labemacosmetics.com\/en\/product\/facet-loose-powder\/#primaryimage","url":"https:\/\/labemacosmetics.com\/wp-content\/uploads\/2017\/06\/poudre_libre-mxqdvzjgethcq5i6r4s6xsdxxekz05h7p6scn8rutc-1.jpg","contentUrl":"https:\/\/labemacosmetics.com\/wp-content\/uploads\/2017\/06\/poudre_libre-mxqdvzjgethcq5i6r4s6xsdxxekz05h7p6scn8rutc-1.jpg","width":600,"height":480,"caption":"FACET LOOSE POWDER"},{"@type":"BreadcrumbList","@id":"https:\/\/labemacosmetics.com\/en\/product\/facet-loose-powder\/#breadcrumb","itemListElement":[{"@type":"ListItem","position":1,"name":"Accueil","item":"https:\/\/labemacosmetics.com\/"},{"@type":"ListItem","position":2,"name":"Produits","item":"https:\/\/labemacosmetics.com\/shop\/"},{"@type":"ListItem","position":3,"name":"FACET Poudre Libre"}]},{"@type":"WebSite","@id":"https:\/\/labemacosmetics.com\/#website","url":"https:\/\/labemacosmetics.com\/","name":"Lab&eacute;ma Cosmetics","description":"","potentialAction":[{"@type":"SearchAction","target":{"@type":"EntryPoint","urlTemplate":"https:\/\/labemacosmetics.com\/?s={search_term_string}"},"query-input":{"@type":"PropertyValueSpecification","valueRequired":true,"valueName":"search_term_string"}}],"inLanguage":"en-GB"}]},"product_brand":"Facet","og_availability":"instock","product_availability":"instock","product_condition":"new"},"_links":{"self":[{"href":"https:\/\/labemacosmetics.com\/en\/wp-json\/wp\/v2\/product\/2992","targetHints":{"allow":["GET"]}}],"collection":[{"href":"https:\/\/labemacosmetics.com\/en\/wp-json\/wp\/v2\/product"}],"about":[{"href":"https:\/\/labemacosmetics.com\/en\/wp-json\/wp\/v2\/types\/product"}],"replies":[{"embeddable":true,"href":"https:\/\/labemacosmetics.com\/en\/wp-json\/wp\/v2\/comments?post=2992"}],"version-history":[{"count":1,"href":"https:\/\/labemacosmetics.com\/en\/wp-json\/wp\/v2\/product\/2992\/revisions"}],"predecessor-version":[{"id":9559,"href":"https:\/\/labemacosmetics.com\/en\/wp-json\/wp\/v2\/product\/2992\/revisions\/9559"}],"wp:featuredmedia":[{"embeddable":true,"href":"https:\/\/labemacosmetics.com\/en\/wp-json\/wp\/v2\/media\/3001"}],"wp:attachment":[{"href":"https:\/\/labemacosmetics.com\/en\/wp-json\/wp\/v2\/media?parent=2992"}],"wp:term":[{"taxonomy":"product_brand","embeddable":true,"href":"https:\/\/labemacosmetics.com\/en\/wp-json\/wp\/v2\/product_brand?post=2992"},{"taxonomy":"product_cat","embeddable":true,"href":"https:\/\/labemacosmetics.com\/en\/wp-json\/wp\/v2\/product_cat?post=2992"},{"taxonomy":"product_tag","embeddable":true,"href":"https:\/\/labemacosmetics.com\/en\/wp-json\/wp\/v2\/product_tag?post=2992"}],"curies":[{"name":"wp","href":"https:\/\/api.w.org\/{rel}","templated":true}]}}