{"id":2986,"date":"2017-06-10T10:39:33","date_gmt":"2017-06-10T10:39:33","guid":{"rendered":"https:\/\/www.labemacosmetics.com\/?post_type=product&#038;p=2986"},"modified":"2023-12-08T15:46:36","modified_gmt":"2023-12-08T14:46:36","slug":"facet-fond-de-teint-stick","status":"publish","type":"product","link":"https:\/\/labemacosmetics.com\/en\/product\/facet-fond-de-teint-stick\/","title":{"rendered":"FACET Fond de Teint Stick"},"content":{"rendered":"<h4>FACET FOND DE TEINT STICK<\/h4>\n<p>Le FACET FOND DE TEINT STICK offre un fini velout\u00e9. Il permet de dissimuler les fines lignes et autres imperfections du visage.Ainsi il laisse une sensation douce et soyeuse sur la peau. De plus, le <a href=\"\/en\/product-category\/all-categories\/maquillage\/teint\/fond-de-teint\/\">fond d<\/a>e<a href=\"\/en\/product-category\/all-categories\/maquillage\/teint\/fond-de-teint\/\"> teint<\/a> stick est pratique et particuli\u00e8rement recommand\u00e9 pour les retouches maquillage.Le fond de teint stick Facet \u00e0 une texture extr\u00eamement couvrante. Donc il absorbe le s\u00e9bum et \u00e9vite ainsi toutes formes de brillances et vous offre un fini velout\u00e9.\u00a0<span class=\"st\"> Base de cr\u00e8me dans un tube facile \u00e0 utilser. Alors cr\u00e9meuse avec une couverture constructible de pure \u00e0 opaque. D&rsquo;ou extrait de racine de gingembre Prot\u00e8ge la peau des agressions ext\u00e9rieures. Appliquer sur tout le visage Lisser avec les doigts ou l&rsquo;applicateur<\/span><\/p>","protected":false},"excerpt":{"rendered":"<p style=\"padding-left: 30px;\">Le fond de teint stick Facet \u00e0 une texture extr\u00eamement couvrante, il absorbe le s\u00e9bum et \u00e9vite ainsi toutes formes de brillances et vous offre un fini velout\u00e9.<\/p>","protected":false},"featured_media":2991,"comment_status":"open","ping_status":"closed","template":"","meta":{"om_disable_all_campaigns":false,"_mi_skip_tracking":false,"_monsterinsights_sitenote_active":false,"_monsterinsights_sitenote_note":"","_monsterinsights_sitenote_category":0},"product_brand":[],"product_cat":[127,117,103,108],"product_tag":[],"class_list":{"0":"post-2986","1":"product","2":"type-product","3":"status-publish","4":"has-post-thumbnail","6":"product_cat-boutique","7":"product_cat-fond-de-teint","8":"product_cat-maquillage","9":"product_cat-teint","10":"yith_product_brand-facet","12":"first","13":"outofstock","14":"shipping-taxable","15":"purchasable","16":"product-type-variable"},"yoast_head":"<!-- This site is optimized with the Yoast SEO Premium plugin v20.8 (Yoast SEO v27.4) - https:\/\/yoast.com\/product\/yoast-seo-premium-wordpress\/ -->\n<title>FACET Fond de Teint Stick - Lab&eacute;ma Cosmetics<\/title>\n<meta name=\"description\" content=\"FACET fond de teint stick offre un fini velout\u00e9.Il permet de dissimuler les fines lignes et autres imperfections du visage\" \/>\n<meta name=\"robots\" content=\"index, follow, max-snippet:-1, max-image-preview:large, max-video-preview:-1\" \/>\n<link rel=\"canonical\" href=\"https:\/\/labemacosmetics.com\/en\/product\/facet-fond-de-teint-stick\/\" \/>\n<meta property=\"og:locale\" content=\"en_GB\" \/>\n<meta property=\"og:type\" content=\"article\" \/>\n<meta property=\"og:title\" content=\"FACET Fond de Teint Stick\" \/>\n<meta property=\"og:description\" content=\"FACET fond de teint stick offre un fini velout\u00e9.Il permet de dissimuler les fines lignes et autres imperfections du visage\" \/>\n<meta property=\"og:url\" content=\"https:\/\/labemacosmetics.com\/en\/product\/facet-fond-de-teint-stick\/\" \/>\n<meta property=\"og:site_name\" content=\"Lab&eacute;ma Cosmetics\" \/>\n<meta property=\"article:publisher\" content=\"http:\/\/www.facebook.com\/labemacosmetics\" \/>\n<meta property=\"article:modified_time\" content=\"2023-12-08T14:46:36+00:00\" \/>\n<meta property=\"og:image\" content=\"https:\/\/labemacosmetics.com\/wp-content\/uploads\/2017\/06\/FACET-fond-de-teint-stick-1.jpg\" \/>\n\t<meta property=\"og:image:width\" content=\"300\" \/>\n\t<meta property=\"og:image:height\" content=\"301\" \/>\n\t<meta property=\"og:image:type\" content=\"image\/jpeg\" \/>\n<meta name=\"twitter:card\" content=\"summary_large_image\" \/>\n<meta name=\"twitter:site\" content=\"@Labemasn\" \/>\n<meta name=\"twitter:label1\" content=\"Availability\" \/>\n\t<meta name=\"twitter:data1\" content=\"Out of stock\" \/>\n<script type=\"application\/ld+json\" class=\"yoast-schema-graph\">{\"@context\":\"https:\\\/\\\/schema.org\",\"@graph\":[{\"@type\":\"WebPage\",\"@id\":\"https:\\\/\\\/labemacosmetics.com\\\/produit\\\/facet-fond-de-teint-stick\\\/\",\"url\":\"https:\\\/\\\/labemacosmetics.com\\\/produit\\\/facet-fond-de-teint-stick\\\/\",\"name\":\"FACET Fond de Teint Stick - Lab&eacute;ma Cosmetics\",\"isPartOf\":{\"@id\":\"https:\\\/\\\/labemacosmetics.com\\\/#website\"},\"primaryImageOfPage\":{\"@id\":\"https:\\\/\\\/labemacosmetics.com\\\/produit\\\/facet-fond-de-teint-stick\\\/#primaryimage\"},\"image\":{\"@id\":\"https:\\\/\\\/labemacosmetics.com\\\/produit\\\/facet-fond-de-teint-stick\\\/#primaryimage\"},\"thumbnailUrl\":\"https:\\\/\\\/labemacosmetics.com\\\/wp-content\\\/uploads\\\/2017\\\/06\\\/FACET-fond-de-teint-stick-1.jpg\",\"datePublished\":\"2017-06-10T10:39:33+00:00\",\"dateModified\":\"2023-12-08T14:46:36+00:00\",\"description\":\"FACET fond de teint stick offre un fini velout\u00e9.Il permet de dissimuler les fines lignes et autres imperfections du visage\",\"breadcrumb\":{\"@id\":\"https:\\\/\\\/labemacosmetics.com\\\/produit\\\/facet-fond-de-teint-stick\\\/#breadcrumb\"},\"inLanguage\":\"en-GB\",\"potentialAction\":[{\"@type\":\"ReadAction\",\"target\":[\"https:\\\/\\\/labemacosmetics.com\\\/produit\\\/facet-fond-de-teint-stick\\\/\"]}]},{\"@type\":\"ImageObject\",\"inLanguage\":\"en-GB\",\"@id\":\"https:\\\/\\\/labemacosmetics.com\\\/produit\\\/facet-fond-de-teint-stick\\\/#primaryimage\",\"url\":\"https:\\\/\\\/labemacosmetics.com\\\/wp-content\\\/uploads\\\/2017\\\/06\\\/FACET-fond-de-teint-stick-1.jpg\",\"contentUrl\":\"https:\\\/\\\/labemacosmetics.com\\\/wp-content\\\/uploads\\\/2017\\\/06\\\/FACET-fond-de-teint-stick-1.jpg\",\"width\":300,\"height\":301,\"caption\":\"FACET FOND DE TEINT STICK\"},{\"@type\":\"BreadcrumbList\",\"@id\":\"https:\\\/\\\/labemacosmetics.com\\\/produit\\\/facet-fond-de-teint-stick\\\/#breadcrumb\",\"itemListElement\":[{\"@type\":\"ListItem\",\"position\":1,\"name\":\"Accueil\",\"item\":\"https:\\\/\\\/labemacosmetics.com\\\/\"},{\"@type\":\"ListItem\",\"position\":2,\"name\":\"Produits\",\"item\":\"https:\\\/\\\/labemacosmetics.com\\\/shop\\\/\"},{\"@type\":\"ListItem\",\"position\":3,\"name\":\"FACET Fond de Teint Stick\"}]},{\"@type\":\"WebSite\",\"@id\":\"https:\\\/\\\/labemacosmetics.com\\\/#website\",\"url\":\"https:\\\/\\\/labemacosmetics.com\\\/\",\"name\":\"Lab&eacute;ma Cosmetics\",\"description\":\"\",\"potentialAction\":[{\"@type\":\"SearchAction\",\"target\":{\"@type\":\"EntryPoint\",\"urlTemplate\":\"https:\\\/\\\/labemacosmetics.com\\\/?s={search_term_string}\"},\"query-input\":{\"@type\":\"PropertyValueSpecification\",\"valueRequired\":true,\"valueName\":\"search_term_string\"}}],\"inLanguage\":\"en-GB\"}]}<\/script>\n<meta property=\"product:brand\" content=\"Facet\" \/>\n<meta property=\"og:availability\" content=\"out of stock\" \/>\n<meta property=\"product:availability\" content=\"out of stock\" \/>\n<meta property=\"product:condition\" content=\"new\" \/>\n<!-- \/ Yoast SEO Premium plugin. -->","yoast_head_json":{"title":"FACET Fond de Teint Stick - Lab&eacute;ma Cosmetics","description":"FACET fond de teint stick offre un fini velout\u00e9.Il permet de dissimuler les fines lignes et autres imperfections du visage","robots":{"index":"index","follow":"follow","max-snippet":"max-snippet:-1","max-image-preview":"max-image-preview:large","max-video-preview":"max-video-preview:-1"},"canonical":"https:\/\/labemacosmetics.com\/en\/product\/facet-fond-de-teint-stick\/","og_locale":"en_GB","og_type":"article","og_title":"FACET Fond de Teint Stick","og_description":"FACET fond de teint stick offre un fini velout\u00e9.Il permet de dissimuler les fines lignes et autres imperfections du visage","og_url":"https:\/\/labemacosmetics.com\/en\/product\/facet-fond-de-teint-stick\/","og_site_name":"Lab&eacute;ma Cosmetics","article_publisher":"http:\/\/www.facebook.com\/labemacosmetics","article_modified_time":"2023-12-08T14:46:36+00:00","og_image":[{"width":300,"height":301,"url":"https:\/\/labemacosmetics.com\/wp-content\/uploads\/2017\/06\/FACET-fond-de-teint-stick-1.jpg","type":"image\/jpeg"}],"twitter_card":"summary_large_image","twitter_site":"@Labemasn","twitter_misc":{"Availability":"Out of stock"},"schema":{"@context":"https:\/\/schema.org","@graph":[{"@type":"WebPage","@id":"https:\/\/labemacosmetics.com\/produit\/facet-fond-de-teint-stick\/","url":"https:\/\/labemacosmetics.com\/produit\/facet-fond-de-teint-stick\/","name":"FACET Fond de Teint Stick - Lab&eacute;ma Cosmetics","isPartOf":{"@id":"https:\/\/labemacosmetics.com\/#website"},"primaryImageOfPage":{"@id":"https:\/\/labemacosmetics.com\/produit\/facet-fond-de-teint-stick\/#primaryimage"},"image":{"@id":"https:\/\/labemacosmetics.com\/produit\/facet-fond-de-teint-stick\/#primaryimage"},"thumbnailUrl":"https:\/\/labemacosmetics.com\/wp-content\/uploads\/2017\/06\/FACET-fond-de-teint-stick-1.jpg","datePublished":"2017-06-10T10:39:33+00:00","dateModified":"2023-12-08T14:46:36+00:00","description":"FACET fond de teint stick offre un fini velout\u00e9.Il permet de dissimuler les fines lignes et autres imperfections du visage","breadcrumb":{"@id":"https:\/\/labemacosmetics.com\/produit\/facet-fond-de-teint-stick\/#breadcrumb"},"inLanguage":"en-GB","potentialAction":[{"@type":"ReadAction","target":["https:\/\/labemacosmetics.com\/produit\/facet-fond-de-teint-stick\/"]}]},{"@type":"ImageObject","inLanguage":"en-GB","@id":"https:\/\/labemacosmetics.com\/produit\/facet-fond-de-teint-stick\/#primaryimage","url":"https:\/\/labemacosmetics.com\/wp-content\/uploads\/2017\/06\/FACET-fond-de-teint-stick-1.jpg","contentUrl":"https:\/\/labemacosmetics.com\/wp-content\/uploads\/2017\/06\/FACET-fond-de-teint-stick-1.jpg","width":300,"height":301,"caption":"FACET FOND DE TEINT STICK"},{"@type":"BreadcrumbList","@id":"https:\/\/labemacosmetics.com\/produit\/facet-fond-de-teint-stick\/#breadcrumb","itemListElement":[{"@type":"ListItem","position":1,"name":"Accueil","item":"https:\/\/labemacosmetics.com\/"},{"@type":"ListItem","position":2,"name":"Produits","item":"https:\/\/labemacosmetics.com\/shop\/"},{"@type":"ListItem","position":3,"name":"FACET Fond de Teint Stick"}]},{"@type":"WebSite","@id":"https:\/\/labemacosmetics.com\/#website","url":"https:\/\/labemacosmetics.com\/","name":"Lab&eacute;ma Cosmetics","description":"","potentialAction":[{"@type":"SearchAction","target":{"@type":"EntryPoint","urlTemplate":"https:\/\/labemacosmetics.com\/?s={search_term_string}"},"query-input":{"@type":"PropertyValueSpecification","valueRequired":true,"valueName":"search_term_string"}}],"inLanguage":"en-GB"}]},"product_brand":"Facet","og_availability":"out of stock","product_availability":"out of stock","product_condition":"new"},"_links":{"self":[{"href":"https:\/\/labemacosmetics.com\/en\/wp-json\/wp\/v2\/product\/2986","targetHints":{"allow":["GET"]}}],"collection":[{"href":"https:\/\/labemacosmetics.com\/en\/wp-json\/wp\/v2\/product"}],"about":[{"href":"https:\/\/labemacosmetics.com\/en\/wp-json\/wp\/v2\/types\/product"}],"replies":[{"embeddable":true,"href":"https:\/\/labemacosmetics.com\/en\/wp-json\/wp\/v2\/comments?post=2986"}],"version-history":[{"count":0,"href":"https:\/\/labemacosmetics.com\/en\/wp-json\/wp\/v2\/product\/2986\/revisions"}],"wp:featuredmedia":[{"embeddable":true,"href":"https:\/\/labemacosmetics.com\/en\/wp-json\/wp\/v2\/media\/2991"}],"wp:attachment":[{"href":"https:\/\/labemacosmetics.com\/en\/wp-json\/wp\/v2\/media?parent=2986"}],"wp:term":[{"taxonomy":"product_brand","embeddable":true,"href":"https:\/\/labemacosmetics.com\/en\/wp-json\/wp\/v2\/product_brand?post=2986"},{"taxonomy":"product_cat","embeddable":true,"href":"https:\/\/labemacosmetics.com\/en\/wp-json\/wp\/v2\/product_cat?post=2986"},{"taxonomy":"product_tag","embeddable":true,"href":"https:\/\/labemacosmetics.com\/en\/wp-json\/wp\/v2\/product_tag?post=2986"}],"curies":[{"name":"wp","href":"https:\/\/api.w.org\/{rel}","templated":true}]}}