{"id":2727,"date":"2017-04-10T22:39:49","date_gmt":"2017-04-10T21:39:49","guid":{"rendered":"https:\/\/www.labemacosmetics.com\/shop\/all-categories\/maquillage\/spray-fixant-copie\/"},"modified":"2024-08-03T00:59:47","modified_gmt":"2024-08-02T23:59:47","slug":"pro-setting-spray-la-girl","status":"publish","type":"product","link":"https:\/\/labemacosmetics.com\/en\/product\/pro-setting-spray-la-girl\/","title":{"rendered":"LA GIRL Fixateur Maquillage"},"content":{"rendered":"<h6>PRO SETTING SPRAY LA GIRL<\/h6>\n<p id=\"tw-target-text\" class=\"tw-data-text tw-ta tw-text-small\" dir=\"ltr\" data-placeholder=\"Traduction\">Vous r\u00eaviez d&rsquo;un spray pour fixer votre maquillage, comme la laque fixe vos cheveux ? Pro Setting Spray LA Girl est une brume de fixation qui prolonge la tenue du maquillage. Matifiante, elle fixe le maquillage, maintient sa fra\u00eecheur tout en emp\u00eachant la peau de briller. A\u00e9rienne et ultra-fine, elle d\u00e9pose un film fixateur invisible qui, une fois sec, fixe le maquillage en toute l\u00e9g\u00e8ret\u00e9. Ainsi il est particuli\u00e8rement adapt\u00e9 pour les peaux grasses. <span lang=\"fr\">Pour conserver cette finition mate du maquillage fra\u00eechement appliqu\u00e9, vaporisez uniform\u00e9ment avec PRO Setting Spray apr\u00e8s le maquillage. Alors les ensembles de formules l\u00e9gers et non collants<\/span><\/p>\n<p>Formul\u00e9 sans parab\u00e8nes et sans parfums.<\/p>\n<p>&nbsp;<\/p>","protected":false},"excerpt":{"rendered":"<p>PRO SETTING SPRAY LA GIRL<br \/>\nVous r\u00eaviez d&rsquo;un spray pour fixer votre maquillage, comme la laque fixe vos cheveux ?<\/p>\n<p>Pro Setting Spray LA Girl est une brume de fixation qui prolonge la tenue du maquillage<\/p>","protected":false},"featured_media":5929,"comment_status":"closed","ping_status":"closed","template":"","meta":{"om_disable_all_campaigns":false,"_mi_skip_tracking":false,"_monsterinsights_sitenote_active":false,"_monsterinsights_sitenote_note":"","_monsterinsights_sitenote_category":0},"product_brand":[],"product_cat":[127,119,103,108],"product_tag":[325,166,269,144,151,322,326,280,323,145,146,147,324,271,140,216,327,149,186],"class_list":{"0":"post-2727","1":"product","2":"type-product","3":"status-publish","4":"has-post-thumbnail","6":"product_cat-boutique","7":"product_cat-fixateur","8":"product_cat-maquillage","9":"product_cat-teint","10":"product_tag-beaty","11":"product_tag-beauty","12":"product_tag-blush","13":"product_tag-cils","14":"product_tag-creme","15":"product_tag-creme-sexy","16":"product_tag-elf","17":"product_tag-eye","18":"product_tag-eyeliner","19":"product_tag-eyes","20":"product_tag-face","21":"product_tag-lips","22":"product_tag-makeup","23":"product_tag-pinceaux","24":"product_tag-poudre","25":"product_tag-sexy","26":"product_tag-shampoing","27":"product_tag-silicone","28":"product_tag-waterproof","29":"yith_product_brand-la-girl","31":"first","32":"instock","33":"shipping-taxable","34":"purchasable","35":"product-type-simple"},"yoast_head":"<!-- This site is optimized with the Yoast SEO Premium plugin v20.8 (Yoast SEO v27.4) - https:\/\/yoast.com\/product\/yoast-seo-premium-wordpress\/ -->\n<title>PRO SETTING SPRAY LA GIRL : Maquillage - Lab\u00e9ma Cosm\u00e9tics<\/title>\n<meta name=\"description\" content=\"PRO SETTING SPRAY LA GIRL Vous r\u00eaviez d&#039;un spray pour fixer votre maquillage, comme la laque fixe vos cheveux ?\" \/>\n<meta name=\"robots\" content=\"index, follow, max-snippet:-1, max-image-preview:large, max-video-preview:-1\" \/>\n<link rel=\"canonical\" href=\"https:\/\/labemacosmetics.com\/en\/product\/pro-setting-spray-la-girl\/\" \/>\n<meta property=\"og:locale\" content=\"en_GB\" \/>\n<meta property=\"og:type\" content=\"article\" \/>\n<meta property=\"og:title\" content=\"LA GIRL Fixateur Maquillage\" \/>\n<meta property=\"og:description\" content=\"PRO SETTING SPRAY LA GIRL Vous r\u00eaviez d&#039;un spray pour fixer votre maquillage, comme la laque fixe vos cheveux ?\" \/>\n<meta property=\"og:url\" content=\"https:\/\/labemacosmetics.com\/en\/product\/pro-setting-spray-la-girl\/\" \/>\n<meta property=\"og:site_name\" content=\"Lab&eacute;ma Cosmetics\" \/>\n<meta property=\"article:publisher\" content=\"http:\/\/www.facebook.com\/labemacosmetics\" \/>\n<meta property=\"article:modified_time\" content=\"2024-08-02T23:59:47+00:00\" \/>\n<meta property=\"og:image\" content=\"https:\/\/labemacosmetics.com\/wp-content\/uploads\/2017\/04\/La-Girl-Fixateur.png\" \/>\n\t<meta property=\"og:image:width\" content=\"600\" \/>\n\t<meta property=\"og:image:height\" content=\"726\" \/>\n\t<meta property=\"og:image:type\" content=\"image\/png\" \/>\n<meta name=\"twitter:card\" content=\"summary_large_image\" \/>\n<meta name=\"twitter:site\" content=\"@Labemasn\" \/>\n<meta name=\"twitter:label1\" content=\"Price\" \/>\n\t<meta name=\"twitter:data1\" content=\"5 000&nbsp;CFA\" \/>\n\t<meta name=\"twitter:label2\" content=\"Availability\" \/>\n\t<meta name=\"twitter:data2\" content=\"In stock\" \/>\n<script type=\"application\/ld+json\" class=\"yoast-schema-graph\">{\"@context\":\"https:\\\/\\\/schema.org\",\"@graph\":[{\"@type\":\"WebPage\",\"@id\":\"https:\\\/\\\/labemacosmetics.com\\\/produit\\\/pro-setting-spray-la-girl\\\/\",\"url\":\"https:\\\/\\\/labemacosmetics.com\\\/produit\\\/pro-setting-spray-la-girl\\\/\",\"name\":\"PRO SETTING SPRAY LA GIRL : Maquillage - Lab\u00e9ma Cosm\u00e9tics\",\"isPartOf\":{\"@id\":\"https:\\\/\\\/labemacosmetics.com\\\/#website\"},\"primaryImageOfPage\":{\"@id\":\"https:\\\/\\\/labemacosmetics.com\\\/produit\\\/pro-setting-spray-la-girl\\\/#primaryimage\"},\"image\":{\"@id\":\"https:\\\/\\\/labemacosmetics.com\\\/produit\\\/pro-setting-spray-la-girl\\\/#primaryimage\"},\"thumbnailUrl\":\"https:\\\/\\\/labemacosmetics.com\\\/wp-content\\\/uploads\\\/2017\\\/04\\\/La-Girl-Fixateur.png\",\"datePublished\":\"2017-04-10T21:39:49+00:00\",\"dateModified\":\"2024-08-02T23:59:47+00:00\",\"description\":\"PRO SETTING SPRAY LA GIRL Vous r\u00eaviez d'un spray pour fixer votre maquillage, comme la laque fixe vos cheveux ?\",\"breadcrumb\":{\"@id\":\"https:\\\/\\\/labemacosmetics.com\\\/produit\\\/pro-setting-spray-la-girl\\\/#breadcrumb\"},\"inLanguage\":\"en-GB\",\"potentialAction\":[{\"@type\":\"ReadAction\",\"target\":[\"https:\\\/\\\/labemacosmetics.com\\\/produit\\\/pro-setting-spray-la-girl\\\/\"]}]},{\"@type\":\"ImageObject\",\"inLanguage\":\"en-GB\",\"@id\":\"https:\\\/\\\/labemacosmetics.com\\\/produit\\\/pro-setting-spray-la-girl\\\/#primaryimage\",\"url\":\"https:\\\/\\\/labemacosmetics.com\\\/wp-content\\\/uploads\\\/2017\\\/04\\\/La-Girl-Fixateur.png\",\"contentUrl\":\"https:\\\/\\\/labemacosmetics.com\\\/wp-content\\\/uploads\\\/2017\\\/04\\\/La-Girl-Fixateur.png\",\"width\":600,\"height\":726,\"caption\":\"Fixateur LA Girl\"},{\"@type\":\"BreadcrumbList\",\"@id\":\"https:\\\/\\\/labemacosmetics.com\\\/produit\\\/pro-setting-spray-la-girl\\\/#breadcrumb\",\"itemListElement\":[{\"@type\":\"ListItem\",\"position\":1,\"name\":\"Accueil\",\"item\":\"https:\\\/\\\/labemacosmetics.com\\\/\"},{\"@type\":\"ListItem\",\"position\":2,\"name\":\"Produits\",\"item\":\"https:\\\/\\\/labemacosmetics.com\\\/shop\\\/\"},{\"@type\":\"ListItem\",\"position\":3,\"name\":\"LA GIRL Fixateur Maquillage\"}]},{\"@type\":\"WebSite\",\"@id\":\"https:\\\/\\\/labemacosmetics.com\\\/#website\",\"url\":\"https:\\\/\\\/labemacosmetics.com\\\/\",\"name\":\"Lab&eacute;ma Cosmetics\",\"description\":\"\",\"potentialAction\":[{\"@type\":\"SearchAction\",\"target\":{\"@type\":\"EntryPoint\",\"urlTemplate\":\"https:\\\/\\\/labemacosmetics.com\\\/?s={search_term_string}\"},\"query-input\":{\"@type\":\"PropertyValueSpecification\",\"valueRequired\":true,\"valueName\":\"search_term_string\"}}],\"inLanguage\":\"en-GB\"}]}<\/script>\n<meta property=\"product:brand\" content=\"LA Girl\" \/>\n<meta property=\"product:price:amount\" content=\"5000\" \/>\n<meta property=\"product:price:currency\" content=\"XOF\" \/>\n<meta property=\"og:availability\" content=\"instock\" \/>\n<meta property=\"product:availability\" content=\"instock\" \/>\n<meta property=\"product:retailer_item_id\" content=\"LASPRAY\" \/>\n<meta property=\"product:condition\" content=\"new\" \/>\n<!-- \/ Yoast SEO Premium plugin. -->","yoast_head_json":{"title":"PRO SETTING SPRAY LA GIRL : Maquillage - Lab\u00e9ma Cosm\u00e9tics","description":"PRO SETTING SPRAY LA GIRL Vous r\u00eaviez d'un spray pour fixer votre maquillage, comme la laque fixe vos cheveux ?","robots":{"index":"index","follow":"follow","max-snippet":"max-snippet:-1","max-image-preview":"max-image-preview:large","max-video-preview":"max-video-preview:-1"},"canonical":"https:\/\/labemacosmetics.com\/en\/product\/pro-setting-spray-la-girl\/","og_locale":"en_GB","og_type":"article","og_title":"LA GIRL Fixateur Maquillage","og_description":"PRO SETTING SPRAY LA GIRL Vous r\u00eaviez d'un spray pour fixer votre maquillage, comme la laque fixe vos cheveux ?","og_url":"https:\/\/labemacosmetics.com\/en\/product\/pro-setting-spray-la-girl\/","og_site_name":"Lab&eacute;ma Cosmetics","article_publisher":"http:\/\/www.facebook.com\/labemacosmetics","article_modified_time":"2024-08-02T23:59:47+00:00","og_image":[{"width":600,"height":726,"url":"https:\/\/labemacosmetics.com\/wp-content\/uploads\/2017\/04\/La-Girl-Fixateur.png","type":"image\/png"}],"twitter_card":"summary_large_image","twitter_site":"@Labemasn","twitter_misc":{"Price":"5 000&nbsp;CFA","Availability":"In stock"},"schema":{"@context":"https:\/\/schema.org","@graph":[{"@type":"WebPage","@id":"https:\/\/labemacosmetics.com\/produit\/pro-setting-spray-la-girl\/","url":"https:\/\/labemacosmetics.com\/produit\/pro-setting-spray-la-girl\/","name":"PRO SETTING SPRAY LA GIRL : Maquillage - Lab\u00e9ma Cosm\u00e9tics","isPartOf":{"@id":"https:\/\/labemacosmetics.com\/#website"},"primaryImageOfPage":{"@id":"https:\/\/labemacosmetics.com\/produit\/pro-setting-spray-la-girl\/#primaryimage"},"image":{"@id":"https:\/\/labemacosmetics.com\/produit\/pro-setting-spray-la-girl\/#primaryimage"},"thumbnailUrl":"https:\/\/labemacosmetics.com\/wp-content\/uploads\/2017\/04\/La-Girl-Fixateur.png","datePublished":"2017-04-10T21:39:49+00:00","dateModified":"2024-08-02T23:59:47+00:00","description":"PRO SETTING SPRAY LA GIRL Vous r\u00eaviez d'un spray pour fixer votre maquillage, comme la laque fixe vos cheveux ?","breadcrumb":{"@id":"https:\/\/labemacosmetics.com\/produit\/pro-setting-spray-la-girl\/#breadcrumb"},"inLanguage":"en-GB","potentialAction":[{"@type":"ReadAction","target":["https:\/\/labemacosmetics.com\/produit\/pro-setting-spray-la-girl\/"]}]},{"@type":"ImageObject","inLanguage":"en-GB","@id":"https:\/\/labemacosmetics.com\/produit\/pro-setting-spray-la-girl\/#primaryimage","url":"https:\/\/labemacosmetics.com\/wp-content\/uploads\/2017\/04\/La-Girl-Fixateur.png","contentUrl":"https:\/\/labemacosmetics.com\/wp-content\/uploads\/2017\/04\/La-Girl-Fixateur.png","width":600,"height":726,"caption":"Fixateur LA Girl"},{"@type":"BreadcrumbList","@id":"https:\/\/labemacosmetics.com\/produit\/pro-setting-spray-la-girl\/#breadcrumb","itemListElement":[{"@type":"ListItem","position":1,"name":"Accueil","item":"https:\/\/labemacosmetics.com\/"},{"@type":"ListItem","position":2,"name":"Produits","item":"https:\/\/labemacosmetics.com\/shop\/"},{"@type":"ListItem","position":3,"name":"LA GIRL Fixateur Maquillage"}]},{"@type":"WebSite","@id":"https:\/\/labemacosmetics.com\/#website","url":"https:\/\/labemacosmetics.com\/","name":"Lab&eacute;ma Cosmetics","description":"","potentialAction":[{"@type":"SearchAction","target":{"@type":"EntryPoint","urlTemplate":"https:\/\/labemacosmetics.com\/?s={search_term_string}"},"query-input":{"@type":"PropertyValueSpecification","valueRequired":true,"valueName":"search_term_string"}}],"inLanguage":"en-GB"}]},"product_brand":"LA Girl","product_price_amount":"5000","product_price_currency":"XOF","og_availability":"instock","product_availability":"instock","product_retailer_item_id":"LASPRAY","product_condition":"new"},"_links":{"self":[{"href":"https:\/\/labemacosmetics.com\/en\/wp-json\/wp\/v2\/product\/2727","targetHints":{"allow":["GET"]}}],"collection":[{"href":"https:\/\/labemacosmetics.com\/en\/wp-json\/wp\/v2\/product"}],"about":[{"href":"https:\/\/labemacosmetics.com\/en\/wp-json\/wp\/v2\/types\/product"}],"replies":[{"embeddable":true,"href":"https:\/\/labemacosmetics.com\/en\/wp-json\/wp\/v2\/comments?post=2727"}],"version-history":[{"count":0,"href":"https:\/\/labemacosmetics.com\/en\/wp-json\/wp\/v2\/product\/2727\/revisions"}],"wp:featuredmedia":[{"embeddable":true,"href":"https:\/\/labemacosmetics.com\/en\/wp-json\/wp\/v2\/media\/5929"}],"wp:attachment":[{"href":"https:\/\/labemacosmetics.com\/en\/wp-json\/wp\/v2\/media?parent=2727"}],"wp:term":[{"taxonomy":"product_brand","embeddable":true,"href":"https:\/\/labemacosmetics.com\/en\/wp-json\/wp\/v2\/product_brand?post=2727"},{"taxonomy":"product_cat","embeddable":true,"href":"https:\/\/labemacosmetics.com\/en\/wp-json\/wp\/v2\/product_cat?post=2727"},{"taxonomy":"product_tag","embeddable":true,"href":"https:\/\/labemacosmetics.com\/en\/wp-json\/wp\/v2\/product_tag?post=2727"}],"curies":[{"name":"wp","href":"https:\/\/api.w.org\/{rel}","templated":true}]}}