{"id":2715,"date":"2017-04-09T11:27:13","date_gmt":"2017-04-09T10:27:13","guid":{"rendered":"https:\/\/www.labemacosmetics.com\/shop\/all-categories\/parfum\/coffret-comme-une-evidence-100ml\/"},"modified":"2023-06-19T09:46:04","modified_gmt":"2023-06-19T08:46:04","slug":"coffret-comme-une-evidence-100ml","status":"publish","type":"product","link":"https:\/\/labemacosmetics.com\/en\/product\/coffret-comme-une-evidence-100ml\/","title":{"rendered":"YVES RCOHER Parfum Comme une Evidence 100ml"},"content":{"rendered":"<h1>coffret comme une evidence 100ml &#8211; L&rsquo;Eau de Parfum 100ml<\/h1>\n<p>La fraicheur raffin\u00e9e de l&rsquo;essence de Bergamote du\u00a0coffret comme une evidence 100ml laisse place au sillage d\u00e9licatement f\u00e9minin de l&rsquo;absolu de Rose Damascena.comme une sensation infinie d\u2019espace : un accord chypr\u00e9 r\u00e9solument modernis\u00e9\u201a chic et intemporel. La fraicheur raffin\u00e9e de l&rsquo;essence de Bergamote laisse place au sillage d\u00e9licatement f\u00e9minin de l&rsquo;absolu de Rose Damascena. L\u2019ombre apaisante de l&rsquo;essence de Patchouli apporte enfin une profonde sensation de pl\u00e9nitude. D\u00e9couvrez cette sensation de douce harmonie, ce moment d&rsquo;exception. Tout commence par l&rsquo;\u00e9motion vert tendre des feuilles de violette \u00e0 peine froiss\u00e9es. Puis la rose, le jasmin et le muguet sauvage s&rsquo;\u00e9panouissent avec aisance dans un coeur floral, caressant et tellement f\u00e9minin. L&rsquo;ensemble repose sur un tapis de mousse et de patchouli, tel une ombre apaisante.<\/p>\n<p>L\u2019ombre apaisante de l&rsquo;essence de Patchouli apporte enfin une profonde sensation de pl\u00e9nitude. \u00bb Annick Menardo\u201a Parfumeur.<\/p>\n<p>&nbsp;<\/p>","protected":false},"excerpt":{"rendered":"<p>Muse des parfumeurs\u201a la Rose Damascena d\u00e9voile un parfum floral ros\u00e9\u201a riche et opulent\u201a \u00e0 la fois \u00e9pic\u00e9\u201a fruit\u00e9 et miell\u00e9.<\/p>","protected":false},"featured_media":5998,"comment_status":"closed","ping_status":"closed","template":"","meta":{"om_disable_all_campaigns":false,"_mi_skip_tracking":false,"_monsterinsights_sitenote_active":false,"_monsterinsights_sitenote_note":"","_monsterinsights_sitenote_category":0},"product_brand":[],"product_cat":[127,1771,1797],"product_tag":[165,166,259,334,335,336,260,261,262,263,244,216,234],"class_list":{"0":"post-2715","1":"product","2":"type-product","3":"status-publish","4":"has-post-thumbnail","6":"product_cat-boutique","7":"product_cat-parfums","8":"product_cat-parfums-femme","9":"product_tag-beaute","10":"product_tag-beauty","11":"product_tag-bonne-odeur","12":"product_tag-coffret","13":"product_tag-comme","14":"product_tag-evidence","15":"product_tag-fragrance","16":"product_tag-odeur","17":"product_tag-parfum","18":"product_tag-parfumerie","19":"product_tag-seduction","20":"product_tag-sexy","21":"product_tag-soin","22":"yith_product_brand-yves-rocher","24":"first","25":"outofstock","26":"sale","27":"shipping-taxable","28":"purchasable","29":"product-type-simple"},"yoast_head":"<!-- This site is optimized with the Yoast SEO Premium plugin v20.8 (Yoast SEO v27.4) - https:\/\/yoast.com\/product\/yoast-seo-premium-wordpress\/ -->\n<title>Comme Une Evidence - L&#039;Eau de Parfum 100ml - Lab\u00e9ma<\/title>\n<meta name=\"description\" content=\"L\u2019ombre apaisante de l&#039;essence de Patchouli apporte enfin une profonde sensation de pl\u00e9nitude et de fraicheur.coffret comme une evidence 100ml\" \/>\n<meta name=\"robots\" content=\"index, follow, max-snippet:-1, max-image-preview:large, max-video-preview:-1\" \/>\n<link rel=\"canonical\" href=\"https:\/\/labemacosmetics.com\/en\/product\/coffret-comme-une-evidence-100ml\/\" \/>\n<meta property=\"og:locale\" content=\"en_GB\" \/>\n<meta property=\"og:type\" content=\"article\" \/>\n<meta property=\"og:title\" content=\"YVES RCOHER Parfum Comme une Evidence 100ml\" \/>\n<meta property=\"og:description\" content=\"L\u2019ombre apaisante de l&#039;essence de Patchouli apporte enfin une profonde sensation de pl\u00e9nitude et de fraicheur.coffret comme une evidence 100ml\" \/>\n<meta property=\"og:url\" content=\"https:\/\/labemacosmetics.com\/en\/product\/coffret-comme-une-evidence-100ml\/\" \/>\n<meta property=\"og:site_name\" content=\"Lab&eacute;ma Cosmetics\" \/>\n<meta property=\"article:publisher\" content=\"http:\/\/www.facebook.com\/labemacosmetics\" \/>\n<meta property=\"article:modified_time\" content=\"2023-06-19T08:46:04+00:00\" \/>\n<meta name=\"twitter:card\" content=\"summary_large_image\" \/>\n<meta name=\"twitter:image\" content=\"https:\/\/labemacosmetics.com\/wp-content\/uploads\/2017\/04\/Comme_une_evidence_parfum.png\" \/>\n<meta name=\"twitter:site\" content=\"@Labemasn\" \/>\n<meta name=\"twitter:label1\" content=\"Price\" \/>\n\t<meta name=\"twitter:data1\" content=\"25 000&nbsp;CFA\" \/>\n\t<meta name=\"twitter:label2\" content=\"Availability\" \/>\n\t<meta name=\"twitter:data2\" content=\"Out of stock\" \/>\n<script type=\"application\/ld+json\" class=\"yoast-schema-graph\">{\"@context\":\"https:\\\/\\\/schema.org\",\"@graph\":[{\"@type\":\"WebPage\",\"@id\":\"https:\\\/\\\/labemacosmetics.com\\\/produit\\\/coffret-comme-une-evidence-100ml\\\/\",\"url\":\"https:\\\/\\\/labemacosmetics.com\\\/produit\\\/coffret-comme-une-evidence-100ml\\\/\",\"name\":\"Comme Une Evidence - L'Eau de Parfum 100ml - Lab\u00e9ma\",\"isPartOf\":{\"@id\":\"https:\\\/\\\/labemacosmetics.com\\\/#website\"},\"primaryImageOfPage\":{\"@id\":\"https:\\\/\\\/labemacosmetics.com\\\/produit\\\/coffret-comme-une-evidence-100ml\\\/#primaryimage\"},\"image\":{\"@id\":\"https:\\\/\\\/labemacosmetics.com\\\/produit\\\/coffret-comme-une-evidence-100ml\\\/#primaryimage\"},\"thumbnailUrl\":\"https:\\\/\\\/labemacosmetics.com\\\/wp-content\\\/uploads\\\/2017\\\/04\\\/Comme_une_evidence_parfum.png\",\"datePublished\":\"2017-04-09T10:27:13+00:00\",\"dateModified\":\"2023-06-19T08:46:04+00:00\",\"description\":\"L\u2019ombre apaisante de l'essence de Patchouli apporte enfin une profonde sensation de pl\u00e9nitude et de fraicheur.coffret comme une evidence 100ml\",\"breadcrumb\":{\"@id\":\"https:\\\/\\\/labemacosmetics.com\\\/produit\\\/coffret-comme-une-evidence-100ml\\\/#breadcrumb\"},\"inLanguage\":\"en-GB\",\"potentialAction\":[{\"@type\":\"ReadAction\",\"target\":[\"https:\\\/\\\/labemacosmetics.com\\\/produit\\\/coffret-comme-une-evidence-100ml\\\/\"]}]},{\"@type\":\"ImageObject\",\"inLanguage\":\"en-GB\",\"@id\":\"https:\\\/\\\/labemacosmetics.com\\\/produit\\\/coffret-comme-une-evidence-100ml\\\/#primaryimage\",\"url\":\"https:\\\/\\\/labemacosmetics.com\\\/wp-content\\\/uploads\\\/2017\\\/04\\\/Comme_une_evidence_parfum.png\",\"contentUrl\":\"https:\\\/\\\/labemacosmetics.com\\\/wp-content\\\/uploads\\\/2017\\\/04\\\/Comme_une_evidence_parfum.png\",\"width\":600,\"height\":726,\"caption\":\"Parfum Comme une evidence Yves rocher\"},{\"@type\":\"BreadcrumbList\",\"@id\":\"https:\\\/\\\/labemacosmetics.com\\\/produit\\\/coffret-comme-une-evidence-100ml\\\/#breadcrumb\",\"itemListElement\":[{\"@type\":\"ListItem\",\"position\":1,\"name\":\"Accueil\",\"item\":\"https:\\\/\\\/labemacosmetics.com\\\/\"},{\"@type\":\"ListItem\",\"position\":2,\"name\":\"Produits\",\"item\":\"https:\\\/\\\/labemacosmetics.com\\\/shop\\\/\"},{\"@type\":\"ListItem\",\"position\":3,\"name\":\"YVES RCOHER Parfum Comme une Evidence 100ml\"}]},{\"@type\":\"WebSite\",\"@id\":\"https:\\\/\\\/labemacosmetics.com\\\/#website\",\"url\":\"https:\\\/\\\/labemacosmetics.com\\\/\",\"name\":\"Lab&eacute;ma Cosmetics\",\"description\":\"\",\"potentialAction\":[{\"@type\":\"SearchAction\",\"target\":{\"@type\":\"EntryPoint\",\"urlTemplate\":\"https:\\\/\\\/labemacosmetics.com\\\/?s={search_term_string}\"},\"query-input\":{\"@type\":\"PropertyValueSpecification\",\"valueRequired\":true,\"valueName\":\"search_term_string\"}}],\"inLanguage\":\"en-GB\"}]}<\/script>\n<meta property=\"product:brand\" content=\"Yves Rocher\" \/>\n<meta property=\"product:price:amount\" content=\"25000\" \/>\n<meta property=\"product:price:currency\" content=\"XOF\" \/>\n<meta property=\"og:availability\" content=\"out of stock\" \/>\n<meta property=\"product:availability\" content=\"out of stock\" \/>\n<meta property=\"product:condition\" content=\"new\" \/>\n<!-- \/ Yoast SEO Premium plugin. -->","yoast_head_json":{"title":"Comme Une Evidence - L'Eau de Parfum 100ml - Lab\u00e9ma","description":"L\u2019ombre apaisante de l'essence de Patchouli apporte enfin une profonde sensation de pl\u00e9nitude et de fraicheur.coffret comme une evidence 100ml","robots":{"index":"index","follow":"follow","max-snippet":"max-snippet:-1","max-image-preview":"max-image-preview:large","max-video-preview":"max-video-preview:-1"},"canonical":"https:\/\/labemacosmetics.com\/en\/product\/coffret-comme-une-evidence-100ml\/","og_locale":"en_GB","og_type":"article","og_title":"YVES RCOHER Parfum Comme une Evidence 100ml","og_description":"L\u2019ombre apaisante de l'essence de Patchouli apporte enfin une profonde sensation de pl\u00e9nitude et de fraicheur.coffret comme une evidence 100ml","og_url":"https:\/\/labemacosmetics.com\/en\/product\/coffret-comme-une-evidence-100ml\/","og_site_name":"Lab&eacute;ma Cosmetics","article_publisher":"http:\/\/www.facebook.com\/labemacosmetics","article_modified_time":"2023-06-19T08:46:04+00:00","twitter_card":"summary_large_image","twitter_image":"https:\/\/labemacosmetics.com\/wp-content\/uploads\/2017\/04\/Comme_une_evidence_parfum.png","twitter_site":"@Labemasn","twitter_misc":{"Price":"25 000&nbsp;CFA","Availability":"Out of stock"},"schema":{"@context":"https:\/\/schema.org","@graph":[{"@type":"WebPage","@id":"https:\/\/labemacosmetics.com\/produit\/coffret-comme-une-evidence-100ml\/","url":"https:\/\/labemacosmetics.com\/produit\/coffret-comme-une-evidence-100ml\/","name":"Comme Une Evidence - L'Eau de Parfum 100ml - Lab\u00e9ma","isPartOf":{"@id":"https:\/\/labemacosmetics.com\/#website"},"primaryImageOfPage":{"@id":"https:\/\/labemacosmetics.com\/produit\/coffret-comme-une-evidence-100ml\/#primaryimage"},"image":{"@id":"https:\/\/labemacosmetics.com\/produit\/coffret-comme-une-evidence-100ml\/#primaryimage"},"thumbnailUrl":"https:\/\/labemacosmetics.com\/wp-content\/uploads\/2017\/04\/Comme_une_evidence_parfum.png","datePublished":"2017-04-09T10:27:13+00:00","dateModified":"2023-06-19T08:46:04+00:00","description":"L\u2019ombre apaisante de l'essence de Patchouli apporte enfin une profonde sensation de pl\u00e9nitude et de fraicheur.coffret comme une evidence 100ml","breadcrumb":{"@id":"https:\/\/labemacosmetics.com\/produit\/coffret-comme-une-evidence-100ml\/#breadcrumb"},"inLanguage":"en-GB","potentialAction":[{"@type":"ReadAction","target":["https:\/\/labemacosmetics.com\/produit\/coffret-comme-une-evidence-100ml\/"]}]},{"@type":"ImageObject","inLanguage":"en-GB","@id":"https:\/\/labemacosmetics.com\/produit\/coffret-comme-une-evidence-100ml\/#primaryimage","url":"https:\/\/labemacosmetics.com\/wp-content\/uploads\/2017\/04\/Comme_une_evidence_parfum.png","contentUrl":"https:\/\/labemacosmetics.com\/wp-content\/uploads\/2017\/04\/Comme_une_evidence_parfum.png","width":600,"height":726,"caption":"Parfum Comme une evidence Yves rocher"},{"@type":"BreadcrumbList","@id":"https:\/\/labemacosmetics.com\/produit\/coffret-comme-une-evidence-100ml\/#breadcrumb","itemListElement":[{"@type":"ListItem","position":1,"name":"Accueil","item":"https:\/\/labemacosmetics.com\/"},{"@type":"ListItem","position":2,"name":"Produits","item":"https:\/\/labemacosmetics.com\/shop\/"},{"@type":"ListItem","position":3,"name":"YVES RCOHER Parfum Comme une Evidence 100ml"}]},{"@type":"WebSite","@id":"https:\/\/labemacosmetics.com\/#website","url":"https:\/\/labemacosmetics.com\/","name":"Lab&eacute;ma Cosmetics","description":"","potentialAction":[{"@type":"SearchAction","target":{"@type":"EntryPoint","urlTemplate":"https:\/\/labemacosmetics.com\/?s={search_term_string}"},"query-input":{"@type":"PropertyValueSpecification","valueRequired":true,"valueName":"search_term_string"}}],"inLanguage":"en-GB"}]},"product_brand":"Yves Rocher","product_price_amount":"25000","product_price_currency":"XOF","og_availability":"out of stock","product_availability":"out of stock","product_condition":"new"},"_links":{"self":[{"href":"https:\/\/labemacosmetics.com\/en\/wp-json\/wp\/v2\/product\/2715","targetHints":{"allow":["GET"]}}],"collection":[{"href":"https:\/\/labemacosmetics.com\/en\/wp-json\/wp\/v2\/product"}],"about":[{"href":"https:\/\/labemacosmetics.com\/en\/wp-json\/wp\/v2\/types\/product"}],"replies":[{"embeddable":true,"href":"https:\/\/labemacosmetics.com\/en\/wp-json\/wp\/v2\/comments?post=2715"}],"version-history":[{"count":2,"href":"https:\/\/labemacosmetics.com\/en\/wp-json\/wp\/v2\/product\/2715\/revisions"}],"predecessor-version":[{"id":9225,"href":"https:\/\/labemacosmetics.com\/en\/wp-json\/wp\/v2\/product\/2715\/revisions\/9225"}],"wp:featuredmedia":[{"embeddable":true,"href":"https:\/\/labemacosmetics.com\/en\/wp-json\/wp\/v2\/media\/5998"}],"wp:attachment":[{"href":"https:\/\/labemacosmetics.com\/en\/wp-json\/wp\/v2\/media?parent=2715"}],"wp:term":[{"taxonomy":"product_brand","embeddable":true,"href":"https:\/\/labemacosmetics.com\/en\/wp-json\/wp\/v2\/product_brand?post=2715"},{"taxonomy":"product_cat","embeddable":true,"href":"https:\/\/labemacosmetics.com\/en\/wp-json\/wp\/v2\/product_cat?post=2715"},{"taxonomy":"product_tag","embeddable":true,"href":"https:\/\/labemacosmetics.com\/en\/wp-json\/wp\/v2\/product_tag?post=2715"}],"curies":[{"name":"wp","href":"https:\/\/api.w.org\/{rel}","templated":true}]}}