{"id":2713,"date":"2017-04-09T11:20:42","date_gmt":"2017-04-09T10:20:42","guid":{"rendered":"https:\/\/www.labemacosmetics.com\/shop\/all-categories\/parfum\/parfum-moment-de-bonheur-50ml\/"},"modified":"2023-06-19T09:46:17","modified_gmt":"2023-06-19T08:46:17","slug":"parfum-moment-de-bonheur-50ml","status":"publish","type":"product","link":"https:\/\/labemacosmetics.com\/en\/product\/parfum-moment-de-bonheur-50ml\/","title":{"rendered":"Yves Rocher Parfum Moment de Bonheur 50ml"},"content":{"rendered":"<h1>Parfum Moment de Bonheur 50ml- L&rsquo;Eau de Parfum 50ml<\/h1>\n<p>Parfum Moment de Bonheur 50ml, un parfum floral-vert ros\u00e9, \u00e9clatant et optimiste pour se sentir f\u00e9minine, heureuse et s\u00fbre de soi.<br \/>\nProfitez de moments de bonheur avec ce parfum qui respire pure joie de vivre. Ainsi, un parfum vert rose et fleuri, radieuse et gai, avec lequel ils se sentent tr\u00e8s f\u00e9minin, heureux et avancent. <span class=\"a-list-item\">Donc choisissez \u00e0 \u00eatre heureux et porter le parfum avec la promesse de la joie. Alors une fragrance f\u00e9minine avec une rafale de notes de t\u00eate de vert et frais qui r\u00e9v\u00e8lent un c\u0153ur floral de rose centifolia. Une qualit\u00e9 d&rsquo;une centaine de p\u00e9tales de rose avec un parfum doux, subtil. Enfin, la base bois\u00e9e avec des notes de c\u00e8dre de patchouli. Ajouter un effet dynamique qui souligne l&rsquo;\u00e9l\u00e9gance de ce parfum.\u00a0<\/span><\/p>\n<p>Mati\u00e8res premi\u00e8res :<br \/>\nEssence de G\u00e9ranium<br \/>\nAbsolu de Rose Centifolia<br \/>\nEssence de C\u00e8dre<\/p>","protected":false},"excerpt":{"rendered":"<p>Un parfum floral-vert ros\u00e9, \u00e9clatant et optimiste pour se sentir f\u00e9minine, heureuse et s\u00fbre de soi.<br \/>\nProfitez de moments de bonheur avec ce parfum qui respire pure joie de vivre.<br \/>\nUn parfum vert rose et fleuri, radieuse et gai, avec lequel ils se sentent tr\u00e8s f\u00e9minin, heureux et avancent.<\/p>","protected":false},"featured_media":6000,"comment_status":"closed","ping_status":"closed","template":"","meta":{"om_disable_all_campaigns":false,"_mi_skip_tracking":false,"_monsterinsights_sitenote_active":false,"_monsterinsights_sitenote_note":"","_monsterinsights_sitenote_category":0},"product_brand":[],"product_cat":[127,1771,1797],"product_tag":[333,165,166,259,334,335,336,260,261,262,263,244,216,234],"class_list":{"0":"post-2713","1":"product","2":"type-product","3":"status-publish","4":"has-post-thumbnail","6":"product_cat-boutique","7":"product_cat-parfums","8":"product_cat-parfums-femme","9":"product_tag-50ml","10":"product_tag-beaute","11":"product_tag-beauty","12":"product_tag-bonne-odeur","13":"product_tag-coffret","14":"product_tag-comme","15":"product_tag-evidence","16":"product_tag-fragrance","17":"product_tag-odeur","18":"product_tag-parfum","19":"product_tag-parfumerie","20":"product_tag-seduction","21":"product_tag-sexy","22":"product_tag-soin","23":"yith_product_brand-yves-rocher","25":"first","26":"outofstock","27":"shipping-taxable","28":"purchasable","29":"product-type-simple"},"yoast_head":"<!-- This site is optimized with the Yoast SEO Premium plugin v20.8 (Yoast SEO v27.4) - https:\/\/yoast.com\/product\/yoast-seo-premium-wordpress\/ -->\n<title>Moment de Bonheur - L&#039;Eau 50ml Yves Rocher - Lab\u00e9ma<\/title>\n<meta name=\"description\" content=\"Parfum Moment de Bonheur 50ml , un parfum floral-vert ros\u00e9, \u00e9clatant et optimiste pour se sentir f\u00e9minine, heureuse et s\u00fbre de soi.\" \/>\n<meta name=\"robots\" content=\"index, follow, max-snippet:-1, max-image-preview:large, max-video-preview:-1\" \/>\n<link rel=\"canonical\" href=\"https:\/\/labemacosmetics.com\/en\/product\/parfum-moment-de-bonheur-50ml\/\" \/>\n<meta property=\"og:locale\" content=\"en_GB\" \/>\n<meta property=\"og:type\" content=\"article\" \/>\n<meta property=\"og:title\" content=\"Yves Rocher Parfum Moment de Bonheur 50ml\" \/>\n<meta property=\"og:description\" content=\"Parfum Moment de Bonheur 50ml , un parfum floral-vert ros\u00e9, \u00e9clatant et optimiste pour se sentir f\u00e9minine, heureuse et s\u00fbre de soi.\" \/>\n<meta property=\"og:url\" content=\"https:\/\/labemacosmetics.com\/en\/product\/parfum-moment-de-bonheur-50ml\/\" \/>\n<meta property=\"og:site_name\" content=\"Lab&eacute;ma Cosmetics\" \/>\n<meta property=\"article:publisher\" content=\"http:\/\/www.facebook.com\/labemacosmetics\" \/>\n<meta property=\"article:modified_time\" content=\"2023-06-19T08:46:17+00:00\" \/>\n<meta name=\"twitter:card\" content=\"summary_large_image\" \/>\n<meta name=\"twitter:image\" content=\"https:\/\/labemacosmetics.com\/wp-content\/uploads\/2017\/04\/Parfum_Moment_Bonheur.png\" \/>\n<meta name=\"twitter:site\" content=\"@Labemasn\" \/>\n<meta name=\"twitter:label1\" content=\"Price\" \/>\n\t<meta name=\"twitter:data1\" content=\"25 000&nbsp;CFA\" \/>\n\t<meta name=\"twitter:label2\" content=\"Availability\" \/>\n\t<meta name=\"twitter:data2\" content=\"Out of stock\" \/>\n<script type=\"application\/ld+json\" class=\"yoast-schema-graph\">{\"@context\":\"https:\\\/\\\/schema.org\",\"@graph\":[{\"@type\":\"WebPage\",\"@id\":\"https:\\\/\\\/labemacosmetics.com\\\/produit\\\/parfum-moment-de-bonheur-50ml\\\/\",\"url\":\"https:\\\/\\\/labemacosmetics.com\\\/produit\\\/parfum-moment-de-bonheur-50ml\\\/\",\"name\":\"Moment de Bonheur - L'Eau 50ml Yves Rocher - Lab\u00e9ma\",\"isPartOf\":{\"@id\":\"https:\\\/\\\/labemacosmetics.com\\\/#website\"},\"primaryImageOfPage\":{\"@id\":\"https:\\\/\\\/labemacosmetics.com\\\/produit\\\/parfum-moment-de-bonheur-50ml\\\/#primaryimage\"},\"image\":{\"@id\":\"https:\\\/\\\/labemacosmetics.com\\\/produit\\\/parfum-moment-de-bonheur-50ml\\\/#primaryimage\"},\"thumbnailUrl\":\"https:\\\/\\\/labemacosmetics.com\\\/wp-content\\\/uploads\\\/2017\\\/04\\\/Parfum_Moment_Bonheur.png\",\"datePublished\":\"2017-04-09T10:20:42+00:00\",\"dateModified\":\"2023-06-19T08:46:17+00:00\",\"description\":\"Parfum Moment de Bonheur 50ml , un parfum floral-vert ros\u00e9, \u00e9clatant et optimiste pour se sentir f\u00e9minine, heureuse et s\u00fbre de soi.\",\"breadcrumb\":{\"@id\":\"https:\\\/\\\/labemacosmetics.com\\\/produit\\\/parfum-moment-de-bonheur-50ml\\\/#breadcrumb\"},\"inLanguage\":\"en-GB\",\"potentialAction\":[{\"@type\":\"ReadAction\",\"target\":[\"https:\\\/\\\/labemacosmetics.com\\\/produit\\\/parfum-moment-de-bonheur-50ml\\\/\"]}]},{\"@type\":\"ImageObject\",\"inLanguage\":\"en-GB\",\"@id\":\"https:\\\/\\\/labemacosmetics.com\\\/produit\\\/parfum-moment-de-bonheur-50ml\\\/#primaryimage\",\"url\":\"https:\\\/\\\/labemacosmetics.com\\\/wp-content\\\/uploads\\\/2017\\\/04\\\/Parfum_Moment_Bonheur.png\",\"contentUrl\":\"https:\\\/\\\/labemacosmetics.com\\\/wp-content\\\/uploads\\\/2017\\\/04\\\/Parfum_Moment_Bonheur.png\",\"width\":600,\"height\":726,\"caption\":\"Parfum Moment de Bonheur\"},{\"@type\":\"BreadcrumbList\",\"@id\":\"https:\\\/\\\/labemacosmetics.com\\\/produit\\\/parfum-moment-de-bonheur-50ml\\\/#breadcrumb\",\"itemListElement\":[{\"@type\":\"ListItem\",\"position\":1,\"name\":\"Accueil\",\"item\":\"https:\\\/\\\/labemacosmetics.com\\\/\"},{\"@type\":\"ListItem\",\"position\":2,\"name\":\"Produits\",\"item\":\"https:\\\/\\\/labemacosmetics.com\\\/shop\\\/\"},{\"@type\":\"ListItem\",\"position\":3,\"name\":\"Yves Rocher Parfum Moment de Bonheur 50ml\"}]},{\"@type\":\"WebSite\",\"@id\":\"https:\\\/\\\/labemacosmetics.com\\\/#website\",\"url\":\"https:\\\/\\\/labemacosmetics.com\\\/\",\"name\":\"Lab&eacute;ma Cosmetics\",\"description\":\"\",\"potentialAction\":[{\"@type\":\"SearchAction\",\"target\":{\"@type\":\"EntryPoint\",\"urlTemplate\":\"https:\\\/\\\/labemacosmetics.com\\\/?s={search_term_string}\"},\"query-input\":{\"@type\":\"PropertyValueSpecification\",\"valueRequired\":true,\"valueName\":\"search_term_string\"}}],\"inLanguage\":\"en-GB\"}]}<\/script>\n<meta property=\"product:brand\" content=\"Yves Rocher\" \/>\n<meta property=\"product:price:amount\" content=\"25000\" \/>\n<meta property=\"product:price:currency\" content=\"XOF\" \/>\n<meta property=\"og:availability\" content=\"out of stock\" \/>\n<meta property=\"product:availability\" content=\"out of stock\" \/>\n<meta property=\"product:condition\" content=\"new\" \/>\n<!-- \/ Yoast SEO Premium plugin. -->","yoast_head_json":{"title":"Moment de Bonheur - L'Eau 50ml Yves Rocher - Lab\u00e9ma","description":"Parfum Moment de Bonheur 50ml , un parfum floral-vert ros\u00e9, \u00e9clatant et optimiste pour se sentir f\u00e9minine, heureuse et s\u00fbre de soi.","robots":{"index":"index","follow":"follow","max-snippet":"max-snippet:-1","max-image-preview":"max-image-preview:large","max-video-preview":"max-video-preview:-1"},"canonical":"https:\/\/labemacosmetics.com\/en\/product\/parfum-moment-de-bonheur-50ml\/","og_locale":"en_GB","og_type":"article","og_title":"Yves Rocher Parfum Moment de Bonheur 50ml","og_description":"Parfum Moment de Bonheur 50ml , un parfum floral-vert ros\u00e9, \u00e9clatant et optimiste pour se sentir f\u00e9minine, heureuse et s\u00fbre de soi.","og_url":"https:\/\/labemacosmetics.com\/en\/product\/parfum-moment-de-bonheur-50ml\/","og_site_name":"Lab&eacute;ma Cosmetics","article_publisher":"http:\/\/www.facebook.com\/labemacosmetics","article_modified_time":"2023-06-19T08:46:17+00:00","twitter_card":"summary_large_image","twitter_image":"https:\/\/labemacosmetics.com\/wp-content\/uploads\/2017\/04\/Parfum_Moment_Bonheur.png","twitter_site":"@Labemasn","twitter_misc":{"Price":"25 000&nbsp;CFA","Availability":"Out of stock"},"schema":{"@context":"https:\/\/schema.org","@graph":[{"@type":"WebPage","@id":"https:\/\/labemacosmetics.com\/produit\/parfum-moment-de-bonheur-50ml\/","url":"https:\/\/labemacosmetics.com\/produit\/parfum-moment-de-bonheur-50ml\/","name":"Moment de Bonheur - L'Eau 50ml Yves Rocher - Lab\u00e9ma","isPartOf":{"@id":"https:\/\/labemacosmetics.com\/#website"},"primaryImageOfPage":{"@id":"https:\/\/labemacosmetics.com\/produit\/parfum-moment-de-bonheur-50ml\/#primaryimage"},"image":{"@id":"https:\/\/labemacosmetics.com\/produit\/parfum-moment-de-bonheur-50ml\/#primaryimage"},"thumbnailUrl":"https:\/\/labemacosmetics.com\/wp-content\/uploads\/2017\/04\/Parfum_Moment_Bonheur.png","datePublished":"2017-04-09T10:20:42+00:00","dateModified":"2023-06-19T08:46:17+00:00","description":"Parfum Moment de Bonheur 50ml , un parfum floral-vert ros\u00e9, \u00e9clatant et optimiste pour se sentir f\u00e9minine, heureuse et s\u00fbre de soi.","breadcrumb":{"@id":"https:\/\/labemacosmetics.com\/produit\/parfum-moment-de-bonheur-50ml\/#breadcrumb"},"inLanguage":"en-GB","potentialAction":[{"@type":"ReadAction","target":["https:\/\/labemacosmetics.com\/produit\/parfum-moment-de-bonheur-50ml\/"]}]},{"@type":"ImageObject","inLanguage":"en-GB","@id":"https:\/\/labemacosmetics.com\/produit\/parfum-moment-de-bonheur-50ml\/#primaryimage","url":"https:\/\/labemacosmetics.com\/wp-content\/uploads\/2017\/04\/Parfum_Moment_Bonheur.png","contentUrl":"https:\/\/labemacosmetics.com\/wp-content\/uploads\/2017\/04\/Parfum_Moment_Bonheur.png","width":600,"height":726,"caption":"Parfum Moment de Bonheur"},{"@type":"BreadcrumbList","@id":"https:\/\/labemacosmetics.com\/produit\/parfum-moment-de-bonheur-50ml\/#breadcrumb","itemListElement":[{"@type":"ListItem","position":1,"name":"Accueil","item":"https:\/\/labemacosmetics.com\/"},{"@type":"ListItem","position":2,"name":"Produits","item":"https:\/\/labemacosmetics.com\/shop\/"},{"@type":"ListItem","position":3,"name":"Yves Rocher Parfum Moment de Bonheur 50ml"}]},{"@type":"WebSite","@id":"https:\/\/labemacosmetics.com\/#website","url":"https:\/\/labemacosmetics.com\/","name":"Lab&eacute;ma Cosmetics","description":"","potentialAction":[{"@type":"SearchAction","target":{"@type":"EntryPoint","urlTemplate":"https:\/\/labemacosmetics.com\/?s={search_term_string}"},"query-input":{"@type":"PropertyValueSpecification","valueRequired":true,"valueName":"search_term_string"}}],"inLanguage":"en-GB"}]},"product_brand":"Yves Rocher","product_price_amount":"25000","product_price_currency":"XOF","og_availability":"out of stock","product_availability":"out of stock","product_condition":"new"},"_links":{"self":[{"href":"https:\/\/labemacosmetics.com\/en\/wp-json\/wp\/v2\/product\/2713","targetHints":{"allow":["GET"]}}],"collection":[{"href":"https:\/\/labemacosmetics.com\/en\/wp-json\/wp\/v2\/product"}],"about":[{"href":"https:\/\/labemacosmetics.com\/en\/wp-json\/wp\/v2\/types\/product"}],"replies":[{"embeddable":true,"href":"https:\/\/labemacosmetics.com\/en\/wp-json\/wp\/v2\/comments?post=2713"}],"version-history":[{"count":2,"href":"https:\/\/labemacosmetics.com\/en\/wp-json\/wp\/v2\/product\/2713\/revisions"}],"predecessor-version":[{"id":9226,"href":"https:\/\/labemacosmetics.com\/en\/wp-json\/wp\/v2\/product\/2713\/revisions\/9226"}],"wp:featuredmedia":[{"embeddable":true,"href":"https:\/\/labemacosmetics.com\/en\/wp-json\/wp\/v2\/media\/6000"}],"wp:attachment":[{"href":"https:\/\/labemacosmetics.com\/en\/wp-json\/wp\/v2\/media?parent=2713"}],"wp:term":[{"taxonomy":"product_brand","embeddable":true,"href":"https:\/\/labemacosmetics.com\/en\/wp-json\/wp\/v2\/product_brand?post=2713"},{"taxonomy":"product_cat","embeddable":true,"href":"https:\/\/labemacosmetics.com\/en\/wp-json\/wp\/v2\/product_cat?post=2713"},{"taxonomy":"product_tag","embeddable":true,"href":"https:\/\/labemacosmetics.com\/en\/wp-json\/wp\/v2\/product_tag?post=2713"}],"curies":[{"name":"wp","href":"https:\/\/api.w.org\/{rel}","templated":true}]}}