{"id":2709,"date":"2017-04-09T11:06:04","date_gmt":"2017-04-09T10:06:04","guid":{"rendered":"https:\/\/www.labemacosmetics.com\/shop\/all-categories\/beauty\/cremes-2-en-1-mains-et-ongles\/"},"modified":"2024-07-06T00:06:53","modified_gmt":"2024-07-05T23:06:53","slug":"cremes-2-en-1-mains-et-ongles","status":"publish","type":"product","link":"https:\/\/labemacosmetics.com\/en\/product\/cremes-2-en-1-mains-et-ongles\/","title":{"rendered":"Cr\u00e8mes 2 en 1 mains et ongles"},"content":{"rendered":"<h1>Cr\u00e8mes 2 en 1 mains et ongles Sublimatrice<\/h1>\n<p>Vos mains et ongles ont besoin d&rsquo;\u00eatre hydrat\u00e9s tout en douceur ?<br \/>\nLa Cr\u00e8me Sublimatrice\u00a0Cr\u00e8mes 2 en 1 mains et ongles apporte beaut\u00e9 et protection \u00e0 vos mains et ongles. Ainsi i\u00a0 d\u00e9alement hydrat\u00e9es, les mains sont sublim\u00e9es jusqu&rsquo;au bout des ongles et retrouvent leur \u00e9clat. Apporte beaut\u00e9 et protection \u00e0 vos mains et ongles des mains plus lisses \u00e0 l&rsquo;\u00e9clat sublim\u00e9. Alors ce soin embellisseur apporte beaut\u00e9 et protection \u00e0 vos mains et ongles. Il hydrate, lisse la peau et il sublime son \u00e9clat. <span class=\"st\">La cr\u00e8me 2 en 1 avec rabat bio d&rsquo;arnica et extrait de gl\u00e4ttendem roses donne de belles mains et ongles. La recherche Yves Rocher a s\u00e9lectionn\u00e9<strong> l&rsquo;Arnica Chamissonis pour ses propri\u00e9t\u00e9s protectrices<\/strong>. Donc l&rsquo;Arnica Chamissonis est cultiv\u00e9 \u00e0 la Gacilly en Agriculture Biologique dans les champs Yves Rocher. Ainsi ce soin embellisseur apporte beaut\u00e9 et protection aux mains et aux ongles. Alors il hydrate, lisse la peau et sublime son \u00e9clat. Ce soin est riche en arnica bio pour prot\u00e9ger les mains des agressions ext\u00e9rieures et en extrait de rose pour lisser\u00a0 la peau et sublimer son \u00e9clat.<\/span><\/p>\n<p>&nbsp;<\/p>","protected":false},"excerpt":{"rendered":"<p>La Cr\u00e8me Sublimatrice 2 en 1 Mains et Ongles apporte beaut\u00e9 et protection \u00e0 vos mains et ongles. Id\u00e9alement hydrat\u00e9es, les mains sont sublim\u00e9es jusqu&rsquo;au bout des ongles et retrouvent leur \u00e9clat. Apporte beaut\u00e9 et protection \u00e0 vos mains et ongles des mains plus lisses \u00e0 l&rsquo;\u00e9clat sublim\u00e9.<\/p>","protected":false},"featured_media":9558,"comment_status":"closed","ping_status":"closed","template":"","meta":{"om_disable_all_campaigns":false,"_mi_skip_tracking":false,"_monsterinsights_sitenote_active":false,"_monsterinsights_sitenote_note":"","_monsterinsights_sitenote_category":0},"product_brand":[],"product_cat":[127,131,525],"product_tag":[275,165,166,259,151,260,331,261,332,262,263,244,216,234,155],"class_list":{"0":"post-2709","1":"product","2":"type-product","3":"status-publish","4":"has-post-thumbnail","6":"product_cat-boutique","7":"product_cat-corps-cheveux","8":"product_cat-soins-mains-et-pieds","9":"product_tag-2-en-1","10":"product_tag-beaute","11":"product_tag-beauty","12":"product_tag-bonne-odeur","13":"product_tag-creme","14":"product_tag-fragrance","15":"product_tag-mains","16":"product_tag-odeur","17":"product_tag-ongles","18":"product_tag-parfum","19":"product_tag-parfumerie","20":"product_tag-seduction","21":"product_tag-sexy","22":"product_tag-soin","23":"product_tag-visage","24":"yith_product_brand-yves-rocher","26":"first","27":"outofstock","28":"sale","29":"shipping-taxable","30":"purchasable","31":"product-type-simple"},"yoast_head":"<!-- This site is optimized with the Yoast SEO Premium plugin v20.8 (Yoast SEO v27.4) - https:\/\/yoast.com\/product\/yoast-seo-premium-wordpress\/ -->\n<title>Cr\u00e8mes 2 en 1 mains et ongles Yves Rocher - Lab\u00e9ma<\/title>\n<meta name=\"description\" content=\"Cr\u00e8mes 2 en 1 mains et ongles apporte protection \u00e0 vos mains et ongles. Id\u00e9alement hydrat\u00e9es, les mains sont sublim\u00e9es jusqu&#039;au ...\" \/>\n<meta name=\"robots\" content=\"index, follow, max-snippet:-1, max-image-preview:large, max-video-preview:-1\" \/>\n<link rel=\"canonical\" href=\"https:\/\/labemacosmetics.com\/en\/product\/cremes-2-en-1-mains-et-ongles\/\" \/>\n<meta property=\"og:locale\" content=\"en_GB\" \/>\n<meta property=\"og:type\" content=\"article\" \/>\n<meta property=\"og:title\" content=\"Cr\u00e8mes 2 en 1 mains et ongles\" \/>\n<meta property=\"og:description\" content=\"Cr\u00e8mes 2 en 1 mains et ongles apporte protection \u00e0 vos mains et ongles. Id\u00e9alement hydrat\u00e9es, les mains sont sublim\u00e9es jusqu&#039;au ...\" \/>\n<meta property=\"og:url\" content=\"https:\/\/labemacosmetics.com\/en\/product\/cremes-2-en-1-mains-et-ongles\/\" \/>\n<meta property=\"og:site_name\" content=\"Lab&eacute;ma Cosmetics\" \/>\n<meta property=\"article:publisher\" content=\"http:\/\/www.facebook.com\/labemacosmetics\" \/>\n<meta property=\"article:modified_time\" content=\"2024-07-05T23:06:53+00:00\" \/>\n<meta name=\"twitter:card\" content=\"summary_large_image\" \/>\n<meta name=\"twitter:image\" content=\"https:\/\/labemacosmetics.com\/wp-content\/uploads\/2017\/04\/telechargement.png\" \/>\n<meta name=\"twitter:site\" content=\"@Labemasn\" \/>\n<meta name=\"twitter:label1\" content=\"Price\" \/>\n\t<meta name=\"twitter:data1\" content=\"2 500&nbsp;CFA\" \/>\n\t<meta name=\"twitter:label2\" content=\"Availability\" \/>\n\t<meta name=\"twitter:data2\" content=\"Out of stock\" \/>\n<script type=\"application\/ld+json\" class=\"yoast-schema-graph\">{\"@context\":\"https:\\\/\\\/schema.org\",\"@graph\":[{\"@type\":\"WebPage\",\"@id\":\"https:\\\/\\\/labemacosmetics.com\\\/en\\\/product\\\/cremes-2-en-1-mains-et-ongles\\\/\",\"url\":\"https:\\\/\\\/labemacosmetics.com\\\/en\\\/product\\\/cremes-2-en-1-mains-et-ongles\\\/\",\"name\":\"Cr\u00e8mes 2 en 1 mains et ongles Yves Rocher - Lab\u00e9ma\",\"isPartOf\":{\"@id\":\"https:\\\/\\\/labemacosmetics.com\\\/#website\"},\"primaryImageOfPage\":{\"@id\":\"https:\\\/\\\/labemacosmetics.com\\\/en\\\/product\\\/cremes-2-en-1-mains-et-ongles\\\/#primaryimage\"},\"image\":{\"@id\":\"https:\\\/\\\/labemacosmetics.com\\\/en\\\/product\\\/cremes-2-en-1-mains-et-ongles\\\/#primaryimage\"},\"thumbnailUrl\":\"https:\\\/\\\/labemacosmetics.com\\\/wp-content\\\/uploads\\\/2017\\\/04\\\/telechargement.png\",\"datePublished\":\"2017-04-09T10:06:04+00:00\",\"dateModified\":\"2024-07-05T23:06:53+00:00\",\"description\":\"Cr\u00e8mes 2 en 1 mains et ongles apporte protection \u00e0 vos mains et ongles. Id\u00e9alement hydrat\u00e9es, les mains sont sublim\u00e9es jusqu'au ...\",\"breadcrumb\":{\"@id\":\"https:\\\/\\\/labemacosmetics.com\\\/en\\\/product\\\/cremes-2-en-1-mains-et-ongles\\\/#breadcrumb\"},\"inLanguage\":\"en-GB\",\"potentialAction\":[{\"@type\":\"ReadAction\",\"target\":[\"https:\\\/\\\/labemacosmetics.com\\\/en\\\/product\\\/cremes-2-en-1-mains-et-ongles\\\/\"]}]},{\"@type\":\"ImageObject\",\"inLanguage\":\"en-GB\",\"@id\":\"https:\\\/\\\/labemacosmetics.com\\\/en\\\/product\\\/cremes-2-en-1-mains-et-ongles\\\/#primaryimage\",\"url\":\"https:\\\/\\\/labemacosmetics.com\\\/wp-content\\\/uploads\\\/2017\\\/04\\\/telechargement.png\",\"contentUrl\":\"https:\\\/\\\/labemacosmetics.com\\\/wp-content\\\/uploads\\\/2017\\\/04\\\/telechargement.png\",\"width\":1000,\"height\":1000},{\"@type\":\"BreadcrumbList\",\"@id\":\"https:\\\/\\\/labemacosmetics.com\\\/en\\\/product\\\/cremes-2-en-1-mains-et-ongles\\\/#breadcrumb\",\"itemListElement\":[{\"@type\":\"ListItem\",\"position\":1,\"name\":\"Accueil\",\"item\":\"https:\\\/\\\/labemacosmetics.com\\\/\"},{\"@type\":\"ListItem\",\"position\":2,\"name\":\"Produits\",\"item\":\"https:\\\/\\\/labemacosmetics.com\\\/shop\\\/\"},{\"@type\":\"ListItem\",\"position\":3,\"name\":\"Cr\u00e8mes 2 en 1 mains et ongles\"}]},{\"@type\":\"WebSite\",\"@id\":\"https:\\\/\\\/labemacosmetics.com\\\/#website\",\"url\":\"https:\\\/\\\/labemacosmetics.com\\\/\",\"name\":\"Lab&eacute;ma Cosmetics\",\"description\":\"\",\"potentialAction\":[{\"@type\":\"SearchAction\",\"target\":{\"@type\":\"EntryPoint\",\"urlTemplate\":\"https:\\\/\\\/labemacosmetics.com\\\/?s={search_term_string}\"},\"query-input\":{\"@type\":\"PropertyValueSpecification\",\"valueRequired\":true,\"valueName\":\"search_term_string\"}}],\"inLanguage\":\"en-GB\"}]}<\/script>\n<meta property=\"product:brand\" content=\"Yves Rocher\" \/>\n<meta property=\"product:price:amount\" content=\"2500\" \/>\n<meta property=\"product:price:currency\" content=\"XOF\" \/>\n<meta property=\"og:availability\" content=\"out of stock\" \/>\n<meta property=\"product:availability\" content=\"out of stock\" \/>\n<meta property=\"product:condition\" content=\"new\" \/>\n<!-- \/ Yoast SEO Premium plugin. -->","yoast_head_json":{"title":"Cr\u00e8mes 2 en 1 mains et ongles Yves Rocher - Lab\u00e9ma","description":"Cr\u00e8mes 2 en 1 mains et ongles apporte protection \u00e0 vos mains et ongles. Id\u00e9alement hydrat\u00e9es, les mains sont sublim\u00e9es jusqu'au ...","robots":{"index":"index","follow":"follow","max-snippet":"max-snippet:-1","max-image-preview":"max-image-preview:large","max-video-preview":"max-video-preview:-1"},"canonical":"https:\/\/labemacosmetics.com\/en\/product\/cremes-2-en-1-mains-et-ongles\/","og_locale":"en_GB","og_type":"article","og_title":"Cr\u00e8mes 2 en 1 mains et ongles","og_description":"Cr\u00e8mes 2 en 1 mains et ongles apporte protection \u00e0 vos mains et ongles. Id\u00e9alement hydrat\u00e9es, les mains sont sublim\u00e9es jusqu'au ...","og_url":"https:\/\/labemacosmetics.com\/en\/product\/cremes-2-en-1-mains-et-ongles\/","og_site_name":"Lab&eacute;ma Cosmetics","article_publisher":"http:\/\/www.facebook.com\/labemacosmetics","article_modified_time":"2024-07-05T23:06:53+00:00","twitter_card":"summary_large_image","twitter_image":"https:\/\/labemacosmetics.com\/wp-content\/uploads\/2017\/04\/telechargement.png","twitter_site":"@Labemasn","twitter_misc":{"Price":"2 500&nbsp;CFA","Availability":"Out of stock"},"schema":{"@context":"https:\/\/schema.org","@graph":[{"@type":"WebPage","@id":"https:\/\/labemacosmetics.com\/en\/product\/cremes-2-en-1-mains-et-ongles\/","url":"https:\/\/labemacosmetics.com\/en\/product\/cremes-2-en-1-mains-et-ongles\/","name":"Cr\u00e8mes 2 en 1 mains et ongles Yves Rocher - Lab\u00e9ma","isPartOf":{"@id":"https:\/\/labemacosmetics.com\/#website"},"primaryImageOfPage":{"@id":"https:\/\/labemacosmetics.com\/en\/product\/cremes-2-en-1-mains-et-ongles\/#primaryimage"},"image":{"@id":"https:\/\/labemacosmetics.com\/en\/product\/cremes-2-en-1-mains-et-ongles\/#primaryimage"},"thumbnailUrl":"https:\/\/labemacosmetics.com\/wp-content\/uploads\/2017\/04\/telechargement.png","datePublished":"2017-04-09T10:06:04+00:00","dateModified":"2024-07-05T23:06:53+00:00","description":"Cr\u00e8mes 2 en 1 mains et ongles apporte protection \u00e0 vos mains et ongles. Id\u00e9alement hydrat\u00e9es, les mains sont sublim\u00e9es jusqu'au ...","breadcrumb":{"@id":"https:\/\/labemacosmetics.com\/en\/product\/cremes-2-en-1-mains-et-ongles\/#breadcrumb"},"inLanguage":"en-GB","potentialAction":[{"@type":"ReadAction","target":["https:\/\/labemacosmetics.com\/en\/product\/cremes-2-en-1-mains-et-ongles\/"]}]},{"@type":"ImageObject","inLanguage":"en-GB","@id":"https:\/\/labemacosmetics.com\/en\/product\/cremes-2-en-1-mains-et-ongles\/#primaryimage","url":"https:\/\/labemacosmetics.com\/wp-content\/uploads\/2017\/04\/telechargement.png","contentUrl":"https:\/\/labemacosmetics.com\/wp-content\/uploads\/2017\/04\/telechargement.png","width":1000,"height":1000},{"@type":"BreadcrumbList","@id":"https:\/\/labemacosmetics.com\/en\/product\/cremes-2-en-1-mains-et-ongles\/#breadcrumb","itemListElement":[{"@type":"ListItem","position":1,"name":"Accueil","item":"https:\/\/labemacosmetics.com\/"},{"@type":"ListItem","position":2,"name":"Produits","item":"https:\/\/labemacosmetics.com\/shop\/"},{"@type":"ListItem","position":3,"name":"Cr\u00e8mes 2 en 1 mains et ongles"}]},{"@type":"WebSite","@id":"https:\/\/labemacosmetics.com\/#website","url":"https:\/\/labemacosmetics.com\/","name":"Lab&eacute;ma Cosmetics","description":"","potentialAction":[{"@type":"SearchAction","target":{"@type":"EntryPoint","urlTemplate":"https:\/\/labemacosmetics.com\/?s={search_term_string}"},"query-input":{"@type":"PropertyValueSpecification","valueRequired":true,"valueName":"search_term_string"}}],"inLanguage":"en-GB"}]},"product_brand":"Yves Rocher","product_price_amount":"2500","product_price_currency":"XOF","og_availability":"out of stock","product_availability":"out of stock","product_condition":"new"},"_links":{"self":[{"href":"https:\/\/labemacosmetics.com\/en\/wp-json\/wp\/v2\/product\/2709","targetHints":{"allow":["GET"]}}],"collection":[{"href":"https:\/\/labemacosmetics.com\/en\/wp-json\/wp\/v2\/product"}],"about":[{"href":"https:\/\/labemacosmetics.com\/en\/wp-json\/wp\/v2\/types\/product"}],"replies":[{"embeddable":true,"href":"https:\/\/labemacosmetics.com\/en\/wp-json\/wp\/v2\/comments?post=2709"}],"version-history":[{"count":1,"href":"https:\/\/labemacosmetics.com\/en\/wp-json\/wp\/v2\/product\/2709\/revisions"}],"predecessor-version":[{"id":9037,"href":"https:\/\/labemacosmetics.com\/en\/wp-json\/wp\/v2\/product\/2709\/revisions\/9037"}],"wp:featuredmedia":[{"embeddable":true,"href":"https:\/\/labemacosmetics.com\/en\/wp-json\/wp\/v2\/media\/9558"}],"wp:attachment":[{"href":"https:\/\/labemacosmetics.com\/en\/wp-json\/wp\/v2\/media?parent=2709"}],"wp:term":[{"taxonomy":"product_brand","embeddable":true,"href":"https:\/\/labemacosmetics.com\/en\/wp-json\/wp\/v2\/product_brand?post=2709"},{"taxonomy":"product_cat","embeddable":true,"href":"https:\/\/labemacosmetics.com\/en\/wp-json\/wp\/v2\/product_cat?post=2709"},{"taxonomy":"product_tag","embeddable":true,"href":"https:\/\/labemacosmetics.com\/en\/wp-json\/wp\/v2\/product_tag?post=2709"}],"curies":[{"name":"wp","href":"https:\/\/api.w.org\/{rel}","templated":true}]}}