{"id":2597,"date":"2017-03-25T10:18:56","date_gmt":"2017-03-25T10:18:56","guid":{"rendered":"https:\/\/www.labemacosmetics.com\/shop\/all-categories\/maquillage\/beauty-brick-eyeshadow-nudes\/"},"modified":"2023-05-21T14:44:57","modified_gmt":"2023-05-21T13:44:57","slug":"beauty-brick-eyeshadow-nudes","status":"publish","type":"product","link":"https:\/\/labemacosmetics.com\/en\/product\/beauty-brick-eyeshadow-nudes\/","title":{"rendered":"LA GIRL Palette Yeux Nudes"},"content":{"rendered":"<h6>description beauty brick eyeshadow nudes<\/h6>\n<p>beauty brick eyeshadow nudes. Quatre magnifiques palette de Fards \u00e0 paupi\u00e8res avec une douzaine de nuances majoritairement pigment\u00e9es. Ainsi allant des looks simples comme NUDE aux plus audacieux, comme NEONS. L.A. Girl&rsquo;s Beauty Brick Eyeshadow Collection vous offre le meilleur de toutes les couleurs. Alors pour vous permettre de cr\u00e9er des looks \u00e9tonnants. Quatre magnifiques doivent avoir des palettes de fards \u00e0 paupi\u00e8res remplis d&rsquo;une douzaine de majorly teintes. Pigment\u00e9es allant de l&rsquo;air super portables comme Nus \u00e0 des regards plus audacieuses comme n\u00e9ons. LA filles Beaut\u00e9 Brique Fard \u00e0 paupi\u00e8res Collection vous donne le meilleur de toutes les couleurs pour vous permettre de cr\u00e9er des looks imprenable. Ainsi La vari\u00e9t\u00e9 des couleurs et des textures dans le Fard \u00e0 paupi\u00e8res Collection Beaut\u00e9 Brique. Alors comprennent chatoyantes et mates nuances captivantes qui font ces palettes tr\u00e8s polyvalent de passer d&rsquo;un look au quotidien pour une nuit. Alors chaque look unique est pr\u00e9sent\u00e9 dans son propre livre brillant de luxe avec une brosse \u00e0 double extr\u00e9mit\u00e9 et le miroir int\u00e9rieur.<\/p>","protected":false},"excerpt":{"rendered":"<p>beauty brick eyeshadow nudes. Quatre magnifiques palette de Fards \u00e0 paupi\u00e8res avec une douzaine de nuances majoritairement pigment\u00e9es. Ainsi allant des looks simples comme NUDE aux plus audacieux, comme NEONS.<\/p>","protected":false},"featured_media":2653,"comment_status":"closed","ping_status":"closed","template":"","meta":{"om_disable_all_campaigns":false,"_mi_skip_tracking":false,"_monsterinsights_sitenote_active":false,"_monsterinsights_sitenote_note":"","_monsterinsights_sitenote_category":0},"product_brand":[],"product_cat":[127,103,114,109],"product_tag":[169,165,330,142],"class_list":{"0":"post-2597","1":"product","2":"type-product","3":"status-publish","4":"has-post-thumbnail","6":"product_cat-boutique","7":"product_cat-maquillage","8":"product_cat-palettes-maquillage","9":"product_cat-yeux","10":"product_tag-base","11":"product_tag-beaute","12":"product_tag-mate","13":"product_tag-teint","14":"yith_product_brand-la-girl","16":"first","17":"instock","18":"shipping-taxable","19":"purchasable","20":"product-type-simple"},"yoast_head":"<!-- This site is optimized with the Yoast SEO Premium plugin v20.8 (Yoast SEO v27.4) - https:\/\/yoast.com\/product\/yoast-seo-premium-wordpress\/ -->\n<title>Beauty brick eyeshadow nudes LA girl - Lab\u00e9ma Cosmetics<\/title>\n<meta name=\"description\" content=\"chaque collection beauty brick eyeshadow nudes paires de deux teintes de fard \u00e0 joues avec une poudre bronzante coordonn\u00e9e et surligneur.\" \/>\n<meta name=\"robots\" content=\"index, follow, max-snippet:-1, max-image-preview:large, max-video-preview:-1\" \/>\n<link rel=\"canonical\" href=\"https:\/\/labemacosmetics.com\/en\/product\/beauty-brick-eyeshadow-nudes\/\" \/>\n<meta property=\"og:locale\" content=\"en_GB\" \/>\n<meta property=\"og:type\" content=\"article\" \/>\n<meta property=\"og:title\" content=\"LA GIRL Palette Yeux Nudes\" \/>\n<meta property=\"og:description\" content=\"chaque collection beauty brick eyeshadow nudes paires de deux teintes de fard \u00e0 joues avec une poudre bronzante coordonn\u00e9e et surligneur.\" \/>\n<meta property=\"og:url\" content=\"https:\/\/labemacosmetics.com\/en\/product\/beauty-brick-eyeshadow-nudes\/\" \/>\n<meta property=\"og:site_name\" content=\"Lab&eacute;ma Cosmetics\" \/>\n<meta property=\"article:publisher\" content=\"http:\/\/www.facebook.com\/labemacosmetics\" \/>\n<meta property=\"article:modified_time\" content=\"2023-05-21T13:44:57+00:00\" \/>\n<meta property=\"og:image\" content=\"https:\/\/labemacosmetics.com\/wp-content\/uploads\/2017\/03\/lag-eyeshadownudes-1.jpg\" \/>\n\t<meta property=\"og:image:width\" content=\"700\" \/>\n\t<meta property=\"og:image:height\" content=\"850\" \/>\n\t<meta property=\"og:image:type\" content=\"image\/jpeg\" \/>\n<meta name=\"twitter:card\" content=\"summary_large_image\" \/>\n<meta name=\"twitter:site\" content=\"@Labemasn\" \/>\n<meta name=\"twitter:label1\" content=\"Price\" \/>\n\t<meta name=\"twitter:data1\" content=\"7 000&nbsp;CFA\" \/>\n\t<meta name=\"twitter:label2\" content=\"Availability\" \/>\n\t<meta name=\"twitter:data2\" content=\"In stock\" \/>\n<script type=\"application\/ld+json\" class=\"yoast-schema-graph\">{\"@context\":\"https:\\\/\\\/schema.org\",\"@graph\":[{\"@type\":\"WebPage\",\"@id\":\"https:\\\/\\\/labemacosmetics.com\\\/en\\\/product\\\/beauty-brick-eyeshadow-nudes\\\/\",\"url\":\"https:\\\/\\\/labemacosmetics.com\\\/en\\\/product\\\/beauty-brick-eyeshadow-nudes\\\/\",\"name\":\"Beauty brick eyeshadow nudes LA girl - Lab\u00e9ma Cosmetics\",\"isPartOf\":{\"@id\":\"https:\\\/\\\/labemacosmetics.com\\\/#website\"},\"primaryImageOfPage\":{\"@id\":\"https:\\\/\\\/labemacosmetics.com\\\/en\\\/product\\\/beauty-brick-eyeshadow-nudes\\\/#primaryimage\"},\"image\":{\"@id\":\"https:\\\/\\\/labemacosmetics.com\\\/en\\\/product\\\/beauty-brick-eyeshadow-nudes\\\/#primaryimage\"},\"thumbnailUrl\":\"https:\\\/\\\/labemacosmetics.com\\\/wp-content\\\/uploads\\\/2017\\\/03\\\/lag-eyeshadownudes-1.jpg\",\"datePublished\":\"2017-03-25T10:18:56+00:00\",\"dateModified\":\"2023-05-21T13:44:57+00:00\",\"description\":\"chaque collection beauty brick eyeshadow nudes paires de deux teintes de fard \u00e0 joues avec une poudre bronzante coordonn\u00e9e et surligneur.\",\"breadcrumb\":{\"@id\":\"https:\\\/\\\/labemacosmetics.com\\\/en\\\/product\\\/beauty-brick-eyeshadow-nudes\\\/#breadcrumb\"},\"inLanguage\":\"en-GB\",\"potentialAction\":[{\"@type\":\"ReadAction\",\"target\":[\"https:\\\/\\\/labemacosmetics.com\\\/en\\\/product\\\/beauty-brick-eyeshadow-nudes\\\/\"]}]},{\"@type\":\"ImageObject\",\"inLanguage\":\"en-GB\",\"@id\":\"https:\\\/\\\/labemacosmetics.com\\\/en\\\/product\\\/beauty-brick-eyeshadow-nudes\\\/#primaryimage\",\"url\":\"https:\\\/\\\/labemacosmetics.com\\\/wp-content\\\/uploads\\\/2017\\\/03\\\/lag-eyeshadownudes-1.jpg\",\"contentUrl\":\"https:\\\/\\\/labemacosmetics.com\\\/wp-content\\\/uploads\\\/2017\\\/03\\\/lag-eyeshadownudes-1.jpg\",\"width\":700,\"height\":850,\"caption\":\"BEAUTY BRICK EYESHADOW NUDES\"},{\"@type\":\"BreadcrumbList\",\"@id\":\"https:\\\/\\\/labemacosmetics.com\\\/en\\\/product\\\/beauty-brick-eyeshadow-nudes\\\/#breadcrumb\",\"itemListElement\":[{\"@type\":\"ListItem\",\"position\":1,\"name\":\"Accueil\",\"item\":\"https:\\\/\\\/labemacosmetics.com\\\/\"},{\"@type\":\"ListItem\",\"position\":2,\"name\":\"Produits\",\"item\":\"https:\\\/\\\/labemacosmetics.com\\\/shop\\\/\"},{\"@type\":\"ListItem\",\"position\":3,\"name\":\"LA GIRL Palette Yeux Nudes\"}]},{\"@type\":\"WebSite\",\"@id\":\"https:\\\/\\\/labemacosmetics.com\\\/#website\",\"url\":\"https:\\\/\\\/labemacosmetics.com\\\/\",\"name\":\"Lab&eacute;ma Cosmetics\",\"description\":\"\",\"potentialAction\":[{\"@type\":\"SearchAction\",\"target\":{\"@type\":\"EntryPoint\",\"urlTemplate\":\"https:\\\/\\\/labemacosmetics.com\\\/?s={search_term_string}\"},\"query-input\":{\"@type\":\"PropertyValueSpecification\",\"valueRequired\":true,\"valueName\":\"search_term_string\"}}],\"inLanguage\":\"en-GB\"}]}<\/script>\n<meta property=\"product:brand\" content=\"LA Girl\" \/>\n<meta property=\"product:price:amount\" content=\"7000\" \/>\n<meta property=\"product:price:currency\" content=\"XOF\" \/>\n<meta property=\"og:availability\" content=\"instock\" \/>\n<meta property=\"product:availability\" content=\"instock\" \/>\n<meta property=\"product:retailer_item_id\" content=\"LAGBLNUDES\" \/>\n<meta property=\"product:condition\" content=\"new\" \/>\n<!-- \/ Yoast SEO Premium plugin. -->","yoast_head_json":{"title":"Beauty brick eyeshadow nudes LA girl - Lab\u00e9ma Cosmetics","description":"chaque collection beauty brick eyeshadow nudes paires de deux teintes de fard \u00e0 joues avec une poudre bronzante coordonn\u00e9e et surligneur.","robots":{"index":"index","follow":"follow","max-snippet":"max-snippet:-1","max-image-preview":"max-image-preview:large","max-video-preview":"max-video-preview:-1"},"canonical":"https:\/\/labemacosmetics.com\/en\/product\/beauty-brick-eyeshadow-nudes\/","og_locale":"en_GB","og_type":"article","og_title":"LA GIRL Palette Yeux Nudes","og_description":"chaque collection beauty brick eyeshadow nudes paires de deux teintes de fard \u00e0 joues avec une poudre bronzante coordonn\u00e9e et surligneur.","og_url":"https:\/\/labemacosmetics.com\/en\/product\/beauty-brick-eyeshadow-nudes\/","og_site_name":"Lab&eacute;ma Cosmetics","article_publisher":"http:\/\/www.facebook.com\/labemacosmetics","article_modified_time":"2023-05-21T13:44:57+00:00","og_image":[{"width":700,"height":850,"url":"https:\/\/labemacosmetics.com\/wp-content\/uploads\/2017\/03\/lag-eyeshadownudes-1.jpg","type":"image\/jpeg"}],"twitter_card":"summary_large_image","twitter_site":"@Labemasn","twitter_misc":{"Price":"7 000&nbsp;CFA","Availability":"In stock"},"schema":{"@context":"https:\/\/schema.org","@graph":[{"@type":"WebPage","@id":"https:\/\/labemacosmetics.com\/en\/product\/beauty-brick-eyeshadow-nudes\/","url":"https:\/\/labemacosmetics.com\/en\/product\/beauty-brick-eyeshadow-nudes\/","name":"Beauty brick eyeshadow nudes LA girl - Lab\u00e9ma Cosmetics","isPartOf":{"@id":"https:\/\/labemacosmetics.com\/#website"},"primaryImageOfPage":{"@id":"https:\/\/labemacosmetics.com\/en\/product\/beauty-brick-eyeshadow-nudes\/#primaryimage"},"image":{"@id":"https:\/\/labemacosmetics.com\/en\/product\/beauty-brick-eyeshadow-nudes\/#primaryimage"},"thumbnailUrl":"https:\/\/labemacosmetics.com\/wp-content\/uploads\/2017\/03\/lag-eyeshadownudes-1.jpg","datePublished":"2017-03-25T10:18:56+00:00","dateModified":"2023-05-21T13:44:57+00:00","description":"chaque collection beauty brick eyeshadow nudes paires de deux teintes de fard \u00e0 joues avec une poudre bronzante coordonn\u00e9e et surligneur.","breadcrumb":{"@id":"https:\/\/labemacosmetics.com\/en\/product\/beauty-brick-eyeshadow-nudes\/#breadcrumb"},"inLanguage":"en-GB","potentialAction":[{"@type":"ReadAction","target":["https:\/\/labemacosmetics.com\/en\/product\/beauty-brick-eyeshadow-nudes\/"]}]},{"@type":"ImageObject","inLanguage":"en-GB","@id":"https:\/\/labemacosmetics.com\/en\/product\/beauty-brick-eyeshadow-nudes\/#primaryimage","url":"https:\/\/labemacosmetics.com\/wp-content\/uploads\/2017\/03\/lag-eyeshadownudes-1.jpg","contentUrl":"https:\/\/labemacosmetics.com\/wp-content\/uploads\/2017\/03\/lag-eyeshadownudes-1.jpg","width":700,"height":850,"caption":"BEAUTY BRICK EYESHADOW NUDES"},{"@type":"BreadcrumbList","@id":"https:\/\/labemacosmetics.com\/en\/product\/beauty-brick-eyeshadow-nudes\/#breadcrumb","itemListElement":[{"@type":"ListItem","position":1,"name":"Accueil","item":"https:\/\/labemacosmetics.com\/"},{"@type":"ListItem","position":2,"name":"Produits","item":"https:\/\/labemacosmetics.com\/shop\/"},{"@type":"ListItem","position":3,"name":"LA GIRL Palette Yeux Nudes"}]},{"@type":"WebSite","@id":"https:\/\/labemacosmetics.com\/#website","url":"https:\/\/labemacosmetics.com\/","name":"Lab&eacute;ma Cosmetics","description":"","potentialAction":[{"@type":"SearchAction","target":{"@type":"EntryPoint","urlTemplate":"https:\/\/labemacosmetics.com\/?s={search_term_string}"},"query-input":{"@type":"PropertyValueSpecification","valueRequired":true,"valueName":"search_term_string"}}],"inLanguage":"en-GB"}]},"product_brand":"LA Girl","product_price_amount":"7000","product_price_currency":"XOF","og_availability":"instock","product_availability":"instock","product_retailer_item_id":"LAGBLNUDES","product_condition":"new"},"_links":{"self":[{"href":"https:\/\/labemacosmetics.com\/en\/wp-json\/wp\/v2\/product\/2597","targetHints":{"allow":["GET"]}}],"collection":[{"href":"https:\/\/labemacosmetics.com\/en\/wp-json\/wp\/v2\/product"}],"about":[{"href":"https:\/\/labemacosmetics.com\/en\/wp-json\/wp\/v2\/types\/product"}],"replies":[{"embeddable":true,"href":"https:\/\/labemacosmetics.com\/en\/wp-json\/wp\/v2\/comments?post=2597"}],"version-history":[{"count":0,"href":"https:\/\/labemacosmetics.com\/en\/wp-json\/wp\/v2\/product\/2597\/revisions"}],"wp:featuredmedia":[{"embeddable":true,"href":"https:\/\/labemacosmetics.com\/en\/wp-json\/wp\/v2\/media\/2653"}],"wp:attachment":[{"href":"https:\/\/labemacosmetics.com\/en\/wp-json\/wp\/v2\/media?parent=2597"}],"wp:term":[{"taxonomy":"product_brand","embeddable":true,"href":"https:\/\/labemacosmetics.com\/en\/wp-json\/wp\/v2\/product_brand?post=2597"},{"taxonomy":"product_cat","embeddable":true,"href":"https:\/\/labemacosmetics.com\/en\/wp-json\/wp\/v2\/product_cat?post=2597"},{"taxonomy":"product_tag","embeddable":true,"href":"https:\/\/labemacosmetics.com\/en\/wp-json\/wp\/v2\/product_tag?post=2597"}],"curies":[{"name":"wp","href":"https:\/\/api.w.org\/{rel}","templated":true}]}}