{"id":2595,"date":"2017-03-25T10:08:45","date_gmt":"2017-03-25T10:08:45","guid":{"rendered":"https:\/\/www.labemacosmetics.com\/?post_type=product&#038;p=2595"},"modified":"2024-08-03T00:59:47","modified_gmt":"2024-08-02T23:59:47","slug":"pro-prep-primer-girl","status":"publish","type":"product","link":"https:\/\/labemacosmetics.com\/en\/product\/pro-prep-primer-girl\/","title":{"rendered":"LA GIRL Base de Teint Pro Prep Primer"},"content":{"rendered":"<h6 dir=\"ltr\" data-placeholder=\"Traduction\">description pro prep primer <span lang=\"fr\">L.A. Girl<\/span><\/h6>\n<p id=\"tw-target-text\" class=\"tw-data-text tw-ta tw-text-small\" dir=\"ltr\" data-placeholder=\"Traduction\"><span lang=\"fr\">L.A. Girl pro prep primer HD L&rsquo;appr\u00eat lissant haute d\u00e9finition pour les visages HD. Ainsi cr\u00e9e un effet magistralement adouci pour le teint. Servant de base id\u00e9ale pour l&rsquo;application du maquillage. Infus\u00e9 avec de la vitamine E qui aime la peau, l&rsquo;appr\u00eat lissant haute d\u00e9finition. PRO prep HD nourrit et revitalise la peau tout en pr\u00e9parant le teint pour cr\u00e9er un maquillage parfait. B\u00e9n\u00e9ficiant d&rsquo;une formule compl\u00e8tement Paraben et sans parfum. Cet \u00e9lixir enchanteur utilise des particules diffusant la lumi\u00e8re pour cr\u00e9er un effet flou pour la peau. Ainsi eradiquant l&rsquo;apparence des imperfections, des ridules et des tons de peau in\u00e9gaux. Donc gr\u00e2ce \u00e0 sa capacit\u00e9 \u00e0 sceller et prot\u00e9ger les pores, l&rsquo;appr\u00eat lissant haute d\u00e9finition PRO.prep HD adoucit magistralement le teint au niveau cellulaire. Donc tout en am\u00e9liorant l&rsquo;effet de maquillage cr\u00e9\u00e9 par la suite. Restant l\u00e9ger et respirant tout au long de la journ\u00e9e. Ainsi cet appr\u00eat \u00e9l\u00e9gant est l&rsquo;ultime \u00e9tape de pr\u00e9-maquillage dans tout r\u00e9gime de beaut\u00e9. Ainsi\u00a0 faisant de ce produit un must absolu pour tous les junkies cosm\u00e9tiques.<\/span><\/p>\n<div id=\"titlediv\">\n<div class=\"inside\">\n<div id=\"edit-slug-box\" class=\"hide-if-no-js\"><\/div>\n<\/div>\n<\/div>\n<div id=\"postdivrich\" class=\"postarea wp-editor-expand\">\n<div id=\"wp-content-wrap\" class=\"wp-core-ui wp-editor-wrap tmce-active has-dfw\">\n<div id=\"wp-content-editor-tools\" class=\"wp-editor-tools hide-if-no-js\">\n<div id=\"wp-content-media-buttons\" class=\"wp-media-buttons\"><\/div>\n<\/div>\n<\/div>\n<\/div>\n<div class=\"wp-editor-tabs\"><\/div>","protected":false},"excerpt":{"rendered":"<p><span lang=\"fr\">L.A. Girl pro prep primer HD L&rsquo;appr\u00eat lissant haute d\u00e9finition pour les visages HD cr\u00e9e un effet magistralement adouci pour le teint, servant de base id\u00e9ale pour l&rsquo;application du maquillage. Infus\u00e9 avec de la vitamine E qui aime la peau, l&rsquo;appr\u00eat lissant haute d\u00e9finition PRO. <\/span><\/p>","protected":false},"featured_media":2596,"comment_status":"closed","ping_status":"closed","template":"","meta":{"om_disable_all_campaigns":false,"_mi_skip_tracking":false,"_monsterinsights_sitenote_active":false,"_monsterinsights_sitenote_note":"","_monsterinsights_sitenote_category":0},"product_brand":[],"product_cat":[116,127,103,108],"product_tag":[169,165,330,142],"class_list":{"0":"post-2595","1":"product","2":"type-product","3":"status-publish","4":"has-post-thumbnail","6":"product_cat-base-maquillage","7":"product_cat-boutique","8":"product_cat-maquillage","9":"product_cat-teint","10":"product_tag-base","11":"product_tag-beaute","12":"product_tag-mate","13":"product_tag-teint","14":"yith_product_brand-la-girl","16":"first","17":"instock","18":"shipping-taxable","19":"purchasable","20":"product-type-simple"},"yoast_head":"<!-- This site is optimized with the Yoast SEO Premium plugin v20.8 (Yoast SEO v27.4) - https:\/\/yoast.com\/product\/yoast-seo-premium-wordpress\/ -->\n<title>Pro prep primer High Definition LA girl - Lab\u00e9ma Cosmetics<\/title>\n<meta name=\"description\" content=\"Pro pro prep primer LA Girl est une brume de fixation qui prolonge la tenue du maquillage. disponible chez Lab\u00e9ma\" \/>\n<meta name=\"robots\" content=\"index, follow, max-snippet:-1, max-image-preview:large, max-video-preview:-1\" \/>\n<link rel=\"canonical\" href=\"https:\/\/labemacosmetics.com\/en\/product\/pro-prep-primer-girl\/\" \/>\n<meta property=\"og:locale\" content=\"en_GB\" \/>\n<meta property=\"og:type\" content=\"article\" \/>\n<meta property=\"og:title\" content=\"LA GIRL Base de Teint Pro Prep Primer\" \/>\n<meta property=\"og:description\" content=\"Pro pro prep primer LA Girl est une brume de fixation qui prolonge la tenue du maquillage. disponible chez Lab\u00e9ma\" \/>\n<meta property=\"og:url\" content=\"https:\/\/labemacosmetics.com\/en\/product\/pro-prep-primer-girl\/\" \/>\n<meta property=\"og:site_name\" content=\"Lab&eacute;ma Cosmetics\" \/>\n<meta property=\"article:publisher\" content=\"http:\/\/www.facebook.com\/labemacosmetics\" \/>\n<meta property=\"article:modified_time\" content=\"2024-08-02T23:59:47+00:00\" \/>\n<meta property=\"og:image\" content=\"https:\/\/labemacosmetics.com\/wp-content\/uploads\/2017\/03\/proprep-1.jpg\" \/>\n\t<meta property=\"og:image:width\" content=\"600\" \/>\n\t<meta property=\"og:image:height\" content=\"600\" \/>\n\t<meta property=\"og:image:type\" content=\"image\/jpeg\" \/>\n<meta name=\"twitter:card\" content=\"summary_large_image\" \/>\n<meta name=\"twitter:site\" content=\"@Labemasn\" \/>\n<meta name=\"twitter:label1\" content=\"Price\" \/>\n\t<meta name=\"twitter:data1\" content=\"5 000&nbsp;CFA\" \/>\n\t<meta name=\"twitter:label2\" content=\"Availability\" \/>\n\t<meta name=\"twitter:data2\" content=\"In stock\" \/>\n<script type=\"application\/ld+json\" class=\"yoast-schema-graph\">{\"@context\":\"https:\\\/\\\/schema.org\",\"@graph\":[{\"@type\":\"WebPage\",\"@id\":\"https:\\\/\\\/labemacosmetics.com\\\/produit\\\/pro-prep-primer-girl\\\/\",\"url\":\"https:\\\/\\\/labemacosmetics.com\\\/produit\\\/pro-prep-primer-girl\\\/\",\"name\":\"Pro prep primer High Definition LA girl - Lab\u00e9ma Cosmetics\",\"isPartOf\":{\"@id\":\"https:\\\/\\\/labemacosmetics.com\\\/#website\"},\"primaryImageOfPage\":{\"@id\":\"https:\\\/\\\/labemacosmetics.com\\\/produit\\\/pro-prep-primer-girl\\\/#primaryimage\"},\"image\":{\"@id\":\"https:\\\/\\\/labemacosmetics.com\\\/produit\\\/pro-prep-primer-girl\\\/#primaryimage\"},\"thumbnailUrl\":\"https:\\\/\\\/labemacosmetics.com\\\/wp-content\\\/uploads\\\/2017\\\/03\\\/proprep-1.jpg\",\"datePublished\":\"2017-03-25T10:08:45+00:00\",\"dateModified\":\"2024-08-02T23:59:47+00:00\",\"description\":\"Pro pro prep primer LA Girl est une brume de fixation qui prolonge la tenue du maquillage. disponible chez Lab\u00e9ma\",\"breadcrumb\":{\"@id\":\"https:\\\/\\\/labemacosmetics.com\\\/produit\\\/pro-prep-primer-girl\\\/#breadcrumb\"},\"inLanguage\":\"en-GB\",\"potentialAction\":[{\"@type\":\"ReadAction\",\"target\":[\"https:\\\/\\\/labemacosmetics.com\\\/produit\\\/pro-prep-primer-girl\\\/\"]}]},{\"@type\":\"ImageObject\",\"inLanguage\":\"en-GB\",\"@id\":\"https:\\\/\\\/labemacosmetics.com\\\/produit\\\/pro-prep-primer-girl\\\/#primaryimage\",\"url\":\"https:\\\/\\\/labemacosmetics.com\\\/wp-content\\\/uploads\\\/2017\\\/03\\\/proprep-1.jpg\",\"contentUrl\":\"https:\\\/\\\/labemacosmetics.com\\\/wp-content\\\/uploads\\\/2017\\\/03\\\/proprep-1.jpg\",\"width\":600,\"height\":600,\"caption\":\"pro prep primer\"},{\"@type\":\"BreadcrumbList\",\"@id\":\"https:\\\/\\\/labemacosmetics.com\\\/produit\\\/pro-prep-primer-girl\\\/#breadcrumb\",\"itemListElement\":[{\"@type\":\"ListItem\",\"position\":1,\"name\":\"Accueil\",\"item\":\"https:\\\/\\\/labemacosmetics.com\\\/\"},{\"@type\":\"ListItem\",\"position\":2,\"name\":\"Produits\",\"item\":\"https:\\\/\\\/labemacosmetics.com\\\/shop\\\/\"},{\"@type\":\"ListItem\",\"position\":3,\"name\":\"LA GIRL Base de Teint Pro Prep Primer\"}]},{\"@type\":\"WebSite\",\"@id\":\"https:\\\/\\\/labemacosmetics.com\\\/#website\",\"url\":\"https:\\\/\\\/labemacosmetics.com\\\/\",\"name\":\"Lab&eacute;ma Cosmetics\",\"description\":\"\",\"potentialAction\":[{\"@type\":\"SearchAction\",\"target\":{\"@type\":\"EntryPoint\",\"urlTemplate\":\"https:\\\/\\\/labemacosmetics.com\\\/?s={search_term_string}\"},\"query-input\":{\"@type\":\"PropertyValueSpecification\",\"valueRequired\":true,\"valueName\":\"search_term_string\"}}],\"inLanguage\":\"en-GB\"}]}<\/script>\n<meta property=\"product:brand\" content=\"LA Girl\" \/>\n<meta property=\"product:price:amount\" content=\"5000\" \/>\n<meta property=\"product:price:currency\" content=\"XOF\" \/>\n<meta property=\"og:availability\" content=\"instock\" \/>\n<meta property=\"product:availability\" content=\"instock\" \/>\n<meta property=\"product:retailer_item_id\" content=\"LAGFP\" \/>\n<meta property=\"product:condition\" content=\"new\" \/>\n<!-- \/ Yoast SEO Premium plugin. -->","yoast_head_json":{"title":"Pro prep primer High Definition LA girl - Lab\u00e9ma Cosmetics","description":"Pro pro prep primer LA Girl est une brume de fixation qui prolonge la tenue du maquillage. disponible chez Lab\u00e9ma","robots":{"index":"index","follow":"follow","max-snippet":"max-snippet:-1","max-image-preview":"max-image-preview:large","max-video-preview":"max-video-preview:-1"},"canonical":"https:\/\/labemacosmetics.com\/en\/product\/pro-prep-primer-girl\/","og_locale":"en_GB","og_type":"article","og_title":"LA GIRL Base de Teint Pro Prep Primer","og_description":"Pro pro prep primer LA Girl est une brume de fixation qui prolonge la tenue du maquillage. disponible chez Lab\u00e9ma","og_url":"https:\/\/labemacosmetics.com\/en\/product\/pro-prep-primer-girl\/","og_site_name":"Lab&eacute;ma Cosmetics","article_publisher":"http:\/\/www.facebook.com\/labemacosmetics","article_modified_time":"2024-08-02T23:59:47+00:00","og_image":[{"width":600,"height":600,"url":"https:\/\/labemacosmetics.com\/wp-content\/uploads\/2017\/03\/proprep-1.jpg","type":"image\/jpeg"}],"twitter_card":"summary_large_image","twitter_site":"@Labemasn","twitter_misc":{"Price":"5 000&nbsp;CFA","Availability":"In stock"},"schema":{"@context":"https:\/\/schema.org","@graph":[{"@type":"WebPage","@id":"https:\/\/labemacosmetics.com\/produit\/pro-prep-primer-girl\/","url":"https:\/\/labemacosmetics.com\/produit\/pro-prep-primer-girl\/","name":"Pro prep primer High Definition LA girl - Lab\u00e9ma Cosmetics","isPartOf":{"@id":"https:\/\/labemacosmetics.com\/#website"},"primaryImageOfPage":{"@id":"https:\/\/labemacosmetics.com\/produit\/pro-prep-primer-girl\/#primaryimage"},"image":{"@id":"https:\/\/labemacosmetics.com\/produit\/pro-prep-primer-girl\/#primaryimage"},"thumbnailUrl":"https:\/\/labemacosmetics.com\/wp-content\/uploads\/2017\/03\/proprep-1.jpg","datePublished":"2017-03-25T10:08:45+00:00","dateModified":"2024-08-02T23:59:47+00:00","description":"Pro pro prep primer LA Girl est une brume de fixation qui prolonge la tenue du maquillage. disponible chez Lab\u00e9ma","breadcrumb":{"@id":"https:\/\/labemacosmetics.com\/produit\/pro-prep-primer-girl\/#breadcrumb"},"inLanguage":"en-GB","potentialAction":[{"@type":"ReadAction","target":["https:\/\/labemacosmetics.com\/produit\/pro-prep-primer-girl\/"]}]},{"@type":"ImageObject","inLanguage":"en-GB","@id":"https:\/\/labemacosmetics.com\/produit\/pro-prep-primer-girl\/#primaryimage","url":"https:\/\/labemacosmetics.com\/wp-content\/uploads\/2017\/03\/proprep-1.jpg","contentUrl":"https:\/\/labemacosmetics.com\/wp-content\/uploads\/2017\/03\/proprep-1.jpg","width":600,"height":600,"caption":"pro prep primer"},{"@type":"BreadcrumbList","@id":"https:\/\/labemacosmetics.com\/produit\/pro-prep-primer-girl\/#breadcrumb","itemListElement":[{"@type":"ListItem","position":1,"name":"Accueil","item":"https:\/\/labemacosmetics.com\/"},{"@type":"ListItem","position":2,"name":"Produits","item":"https:\/\/labemacosmetics.com\/shop\/"},{"@type":"ListItem","position":3,"name":"LA GIRL Base de Teint Pro Prep Primer"}]},{"@type":"WebSite","@id":"https:\/\/labemacosmetics.com\/#website","url":"https:\/\/labemacosmetics.com\/","name":"Lab&eacute;ma Cosmetics","description":"","potentialAction":[{"@type":"SearchAction","target":{"@type":"EntryPoint","urlTemplate":"https:\/\/labemacosmetics.com\/?s={search_term_string}"},"query-input":{"@type":"PropertyValueSpecification","valueRequired":true,"valueName":"search_term_string"}}],"inLanguage":"en-GB"}]},"product_brand":"LA Girl","product_price_amount":"5000","product_price_currency":"XOF","og_availability":"instock","product_availability":"instock","product_retailer_item_id":"LAGFP","product_condition":"new"},"_links":{"self":[{"href":"https:\/\/labemacosmetics.com\/en\/wp-json\/wp\/v2\/product\/2595","targetHints":{"allow":["GET"]}}],"collection":[{"href":"https:\/\/labemacosmetics.com\/en\/wp-json\/wp\/v2\/product"}],"about":[{"href":"https:\/\/labemacosmetics.com\/en\/wp-json\/wp\/v2\/types\/product"}],"replies":[{"embeddable":true,"href":"https:\/\/labemacosmetics.com\/en\/wp-json\/wp\/v2\/comments?post=2595"}],"version-history":[{"count":0,"href":"https:\/\/labemacosmetics.com\/en\/wp-json\/wp\/v2\/product\/2595\/revisions"}],"wp:featuredmedia":[{"embeddable":true,"href":"https:\/\/labemacosmetics.com\/en\/wp-json\/wp\/v2\/media\/2596"}],"wp:attachment":[{"href":"https:\/\/labemacosmetics.com\/en\/wp-json\/wp\/v2\/media?parent=2595"}],"wp:term":[{"taxonomy":"product_brand","embeddable":true,"href":"https:\/\/labemacosmetics.com\/en\/wp-json\/wp\/v2\/product_brand?post=2595"},{"taxonomy":"product_cat","embeddable":true,"href":"https:\/\/labemacosmetics.com\/en\/wp-json\/wp\/v2\/product_cat?post=2595"},{"taxonomy":"product_tag","embeddable":true,"href":"https:\/\/labemacosmetics.com\/en\/wp-json\/wp\/v2\/product_tag?post=2595"}],"curies":[{"name":"wp","href":"https:\/\/api.w.org\/{rel}","templated":true}]}}