{"id":2522,"date":"2017-03-25T02:24:48","date_gmt":"2017-03-25T02:24:48","guid":{"rendered":"https:\/\/www.labemacosmetics.com\/shop\/all-categories\/maquillage\/plush-gel-lipstick-breakup-rupture\/"},"modified":"2023-05-21T14:47:44","modified_gmt":"2023-05-21T13:47:44","slug":"plush-gel-lipstick-breakup-rupture","status":"publish","type":"product","link":"https:\/\/labemacosmetics.com\/en\/product\/plush-gel-lipstick-breakup-rupture\/","title":{"rendered":"NYX Rouge \u00e0 L\u00e8vres Plush Gel Lipstick &#8211; Breakup"},"content":{"rendered":"<h6>description Plush Gel Lipstick (Breakup \/ Rupture)<\/h6>\n<p>Avec Plush Gel Lipstick (Breakup \/ Rupture), mettez votre bouche en valeur d\u2019un coup de rouge \u00e0 l\u00e8vres soyeux. Disponible en 1 nuances absolument \u00e9clatantes, ce rouge \u00e0 l\u00e8vres est \u00e0 la fois ultra-doux et brillant comme un gloss. Impr\u00e9gnez vos l\u00e8vres de couleur pour un look instantan\u00e9ment soign\u00e9. Envie d\u2019un fini plus audacieux ? Oh, oui ! Passez-le une deuxi\u00e8me fois sur vos l\u00e8vres pour deux fois plus de couleur. Ainsi u<span class=\"notranslate\"><span class=\"a-list-item\">n rouge \u00e0 l\u00e8vres brillant avec une couverture l\u00e9g\u00e8re \u00e0 moyenne.<\/span><\/span><span class=\"notranslate\"> Alors l<span class=\"a-list-item\">e rouge \u00e0 l\u00e8vres en gel moelleux laisse les l\u00e8vres avec une touche de couleur et de brillance. Donc<\/span><\/span><span class=\"notranslate\"> l<span class=\"a-list-item\">a couverture est compl\u00e8tement constructible!<\/span><\/span> <span class=\"notranslate\"> <span class=\"a-list-item\">Glissez le rouge \u00e0 l\u00e8vres une fois pour une finition pure ou deux fois pour un ton plus vif.<\/span><\/span><span class=\"notranslate\"> <span class=\"a-list-item\">Porter ce lippie seul ou l&rsquo;appliquer sur un rouge \u00e0 l\u00e8vres correspondant pour une l\u00e8vre polie.<\/span><\/span><\/p>\n<p>&nbsp;<\/p>\n<div id=\"titlediv\">\n<div class=\"inside\">\n<div id=\"edit-slug-box\" class=\"hide-if-no-js\"><\/div>\n<\/div>\n<\/div>\n<div id=\"postdivrich\" class=\"postarea wp-editor-expand\">\n<div id=\"wp-content-wrap\" class=\"wp-core-ui wp-editor-wrap tmce-active has-dfw\">\n<div id=\"wp-content-editor-tools\" class=\"wp-editor-tools hide-if-no-js\">\n<div id=\"wp-content-media-buttons\" class=\"wp-media-buttons\"><\/div>\n<\/div>\n<\/div>\n<\/div>\n<div class=\"wp-editor-tabs\"><\/div>","protected":false},"excerpt":{"rendered":"<p>Enfilez quelque chose de sexy avec Lip Lingerie After Hours \/ Bar Clandestin, le nouveau rouge \u00e0 l\u00e8vres liquide luxueux au somptueux fini mat. Il se d\u00e9cline dans une palette de teintes impr\u00e9gn\u00e9es de couleurs que nous connaissons et adorons d\u00e9j\u00e0.<\/p>","protected":false},"featured_media":5612,"comment_status":"closed","ping_status":"closed","template":"","meta":{"om_disable_all_campaigns":false,"_mi_skip_tracking":false,"_monsterinsights_sitenote_active":false,"_monsterinsights_sitenote_note":"","_monsterinsights_sitenote_category":0},"product_brand":[],"product_cat":[127,110,103,122],"product_tag":[166,209,257,298,242,258,158,195,301,213,147,159,135,178,236,302,299,215,216],"class_list":{"0":"post-2522","1":"product","2":"type-product","3":"status-publish","4":"has-post-thumbnail","6":"product_cat-boutique","7":"product_cat-levres","8":"product_cat-maquillage","9":"product_cat-rouge-a-levres","10":"product_tag-beauty","11":"product_tag-bordure","12":"product_tag-clandestin","13":"product_tag-gel","14":"product_tag-grain","15":"product_tag-hours","16":"product_tag-levre","17":"product_tag-levres","18":"product_tag-liner","19":"product_tag-lip","20":"product_tag-lips","21":"product_tag-lipstick","22":"product_tag-maquillage","23":"product_tag-nude","24":"product_tag-nyx","25":"product_tag-petillantes","26":"product_tag-push","27":"product_tag-rouge","28":"product_tag-sexy","29":"yith_product_brand-nyx","31":"first","32":"instock","33":"shipping-taxable","34":"purchasable","35":"product-type-simple"},"yoast_head":"<!-- This site is optimized with the Yoast SEO Premium plugin v20.8 (Yoast SEO v27.4) - https:\/\/yoast.com\/product\/yoast-seo-premium-wordpress\/ -->\n<title>Plush Gel Lipstick (Breakup \/ Rupture) - Lab\u00e9ma Cosmetics<\/title>\n<meta name=\"description\" content=\"Mettez votre bouche en valeur avec le nouveau Plush Gel Lipstick (Breakup \/ Rupture) - un rouge \u00e0 l\u00e8vres brillant et soyant.\" \/>\n<meta name=\"robots\" content=\"index, follow, max-snippet:-1, max-image-preview:large, max-video-preview:-1\" \/>\n<link rel=\"canonical\" href=\"https:\/\/labemacosmetics.com\/en\/product\/plush-gel-lipstick-breakup-rupture\/\" \/>\n<meta property=\"og:locale\" content=\"en_GB\" \/>\n<meta property=\"og:type\" content=\"article\" \/>\n<meta property=\"og:title\" content=\"NYX Rouge \u00e0 L\u00e8vres Plush Gel Lipstick - Breakup\" \/>\n<meta property=\"og:description\" content=\"Mettez votre bouche en valeur avec le nouveau Plush Gel Lipstick (Breakup \/ Rupture) - un rouge \u00e0 l\u00e8vres brillant et soyant.\" \/>\n<meta property=\"og:url\" content=\"https:\/\/labemacosmetics.com\/en\/product\/plush-gel-lipstick-breakup-rupture\/\" \/>\n<meta property=\"og:site_name\" content=\"Lab&eacute;ma Cosmetics\" \/>\n<meta property=\"article:publisher\" content=\"http:\/\/www.facebook.com\/labemacosmetics\" \/>\n<meta property=\"article:modified_time\" content=\"2023-05-21T13:47:44+00:00\" \/>\n<meta property=\"og:image\" content=\"https:\/\/labemacosmetics.com\/wp-content\/uploads\/2017\/03\/Nyx_Lipstick_breakup.png\" \/>\n\t<meta property=\"og:image:width\" content=\"600\" \/>\n\t<meta property=\"og:image:height\" content=\"726\" \/>\n\t<meta property=\"og:image:type\" content=\"image\/png\" \/>\n<meta name=\"twitter:card\" content=\"summary_large_image\" \/>\n<meta name=\"twitter:site\" content=\"@Labemasn\" \/>\n<meta name=\"twitter:label1\" content=\"Price\" \/>\n\t<meta name=\"twitter:data1\" content=\"6 500&nbsp;CFA\" \/>\n\t<meta name=\"twitter:label2\" content=\"Availability\" \/>\n\t<meta name=\"twitter:data2\" content=\"In stock\" \/>\n<script type=\"application\/ld+json\" class=\"yoast-schema-graph\">{\"@context\":\"https:\\\/\\\/schema.org\",\"@graph\":[{\"@type\":\"WebPage\",\"@id\":\"https:\\\/\\\/labemacosmetics.com\\\/produit\\\/plush-gel-lipstick-breakup-rupture\\\/\",\"url\":\"https:\\\/\\\/labemacosmetics.com\\\/produit\\\/plush-gel-lipstick-breakup-rupture\\\/\",\"name\":\"Plush Gel Lipstick (Breakup \\\/ Rupture) - Lab\u00e9ma Cosmetics\",\"isPartOf\":{\"@id\":\"https:\\\/\\\/labemacosmetics.com\\\/#website\"},\"primaryImageOfPage\":{\"@id\":\"https:\\\/\\\/labemacosmetics.com\\\/produit\\\/plush-gel-lipstick-breakup-rupture\\\/#primaryimage\"},\"image\":{\"@id\":\"https:\\\/\\\/labemacosmetics.com\\\/produit\\\/plush-gel-lipstick-breakup-rupture\\\/#primaryimage\"},\"thumbnailUrl\":\"https:\\\/\\\/labemacosmetics.com\\\/wp-content\\\/uploads\\\/2017\\\/03\\\/Nyx_Lipstick_breakup.png\",\"datePublished\":\"2017-03-25T02:24:48+00:00\",\"dateModified\":\"2023-05-21T13:47:44+00:00\",\"description\":\"Mettez votre bouche en valeur avec le nouveau Plush Gel Lipstick (Breakup \\\/ Rupture) - un rouge \u00e0 l\u00e8vres brillant et soyant.\",\"breadcrumb\":{\"@id\":\"https:\\\/\\\/labemacosmetics.com\\\/produit\\\/plush-gel-lipstick-breakup-rupture\\\/#breadcrumb\"},\"inLanguage\":\"en-GB\",\"potentialAction\":[{\"@type\":\"ReadAction\",\"target\":[\"https:\\\/\\\/labemacosmetics.com\\\/produit\\\/plush-gel-lipstick-breakup-rupture\\\/\"]}]},{\"@type\":\"ImageObject\",\"inLanguage\":\"en-GB\",\"@id\":\"https:\\\/\\\/labemacosmetics.com\\\/produit\\\/plush-gel-lipstick-breakup-rupture\\\/#primaryimage\",\"url\":\"https:\\\/\\\/labemacosmetics.com\\\/wp-content\\\/uploads\\\/2017\\\/03\\\/Nyx_Lipstick_breakup.png\",\"contentUrl\":\"https:\\\/\\\/labemacosmetics.com\\\/wp-content\\\/uploads\\\/2017\\\/03\\\/Nyx_Lipstick_breakup.png\",\"width\":600,\"height\":726,\"caption\":\"Nyx lipstick breakup\"},{\"@type\":\"BreadcrumbList\",\"@id\":\"https:\\\/\\\/labemacosmetics.com\\\/produit\\\/plush-gel-lipstick-breakup-rupture\\\/#breadcrumb\",\"itemListElement\":[{\"@type\":\"ListItem\",\"position\":1,\"name\":\"Accueil\",\"item\":\"https:\\\/\\\/labemacosmetics.com\\\/\"},{\"@type\":\"ListItem\",\"position\":2,\"name\":\"Produits\",\"item\":\"https:\\\/\\\/labemacosmetics.com\\\/shop\\\/\"},{\"@type\":\"ListItem\",\"position\":3,\"name\":\"NYX Rouge \u00e0 L\u00e8vres Plush Gel Lipstick &#8211; Breakup\"}]},{\"@type\":\"WebSite\",\"@id\":\"https:\\\/\\\/labemacosmetics.com\\\/#website\",\"url\":\"https:\\\/\\\/labemacosmetics.com\\\/\",\"name\":\"Lab&eacute;ma Cosmetics\",\"description\":\"\",\"potentialAction\":[{\"@type\":\"SearchAction\",\"target\":{\"@type\":\"EntryPoint\",\"urlTemplate\":\"https:\\\/\\\/labemacosmetics.com\\\/?s={search_term_string}\"},\"query-input\":{\"@type\":\"PropertyValueSpecification\",\"valueRequired\":true,\"valueName\":\"search_term_string\"}}],\"inLanguage\":\"en-GB\"}]}<\/script>\n<meta property=\"product:brand\" content=\"Nyx\" \/>\n<meta property=\"product:price:amount\" content=\"6500\" \/>\n<meta property=\"product:price:currency\" content=\"XOF\" \/>\n<meta property=\"og:availability\" content=\"instock\" \/>\n<meta property=\"product:availability\" content=\"instock\" \/>\n<meta property=\"product:retailer_item_id\" content=\"NXPGLS03\" \/>\n<meta property=\"product:condition\" content=\"new\" \/>\n<!-- \/ Yoast SEO Premium plugin. -->","yoast_head_json":{"title":"Plush Gel Lipstick (Breakup \/ Rupture) - Lab\u00e9ma Cosmetics","description":"Mettez votre bouche en valeur avec le nouveau Plush Gel Lipstick (Breakup \/ Rupture) - un rouge \u00e0 l\u00e8vres brillant et soyant.","robots":{"index":"index","follow":"follow","max-snippet":"max-snippet:-1","max-image-preview":"max-image-preview:large","max-video-preview":"max-video-preview:-1"},"canonical":"https:\/\/labemacosmetics.com\/en\/product\/plush-gel-lipstick-breakup-rupture\/","og_locale":"en_GB","og_type":"article","og_title":"NYX Rouge \u00e0 L\u00e8vres Plush Gel Lipstick - Breakup","og_description":"Mettez votre bouche en valeur avec le nouveau Plush Gel Lipstick (Breakup \/ Rupture) - un rouge \u00e0 l\u00e8vres brillant et soyant.","og_url":"https:\/\/labemacosmetics.com\/en\/product\/plush-gel-lipstick-breakup-rupture\/","og_site_name":"Lab&eacute;ma Cosmetics","article_publisher":"http:\/\/www.facebook.com\/labemacosmetics","article_modified_time":"2023-05-21T13:47:44+00:00","og_image":[{"width":600,"height":726,"url":"https:\/\/labemacosmetics.com\/wp-content\/uploads\/2017\/03\/Nyx_Lipstick_breakup.png","type":"image\/png"}],"twitter_card":"summary_large_image","twitter_site":"@Labemasn","twitter_misc":{"Price":"6 500&nbsp;CFA","Availability":"In stock"},"schema":{"@context":"https:\/\/schema.org","@graph":[{"@type":"WebPage","@id":"https:\/\/labemacosmetics.com\/produit\/plush-gel-lipstick-breakup-rupture\/","url":"https:\/\/labemacosmetics.com\/produit\/plush-gel-lipstick-breakup-rupture\/","name":"Plush Gel Lipstick (Breakup \/ Rupture) - Lab\u00e9ma Cosmetics","isPartOf":{"@id":"https:\/\/labemacosmetics.com\/#website"},"primaryImageOfPage":{"@id":"https:\/\/labemacosmetics.com\/produit\/plush-gel-lipstick-breakup-rupture\/#primaryimage"},"image":{"@id":"https:\/\/labemacosmetics.com\/produit\/plush-gel-lipstick-breakup-rupture\/#primaryimage"},"thumbnailUrl":"https:\/\/labemacosmetics.com\/wp-content\/uploads\/2017\/03\/Nyx_Lipstick_breakup.png","datePublished":"2017-03-25T02:24:48+00:00","dateModified":"2023-05-21T13:47:44+00:00","description":"Mettez votre bouche en valeur avec le nouveau Plush Gel Lipstick (Breakup \/ Rupture) - un rouge \u00e0 l\u00e8vres brillant et soyant.","breadcrumb":{"@id":"https:\/\/labemacosmetics.com\/produit\/plush-gel-lipstick-breakup-rupture\/#breadcrumb"},"inLanguage":"en-GB","potentialAction":[{"@type":"ReadAction","target":["https:\/\/labemacosmetics.com\/produit\/plush-gel-lipstick-breakup-rupture\/"]}]},{"@type":"ImageObject","inLanguage":"en-GB","@id":"https:\/\/labemacosmetics.com\/produit\/plush-gel-lipstick-breakup-rupture\/#primaryimage","url":"https:\/\/labemacosmetics.com\/wp-content\/uploads\/2017\/03\/Nyx_Lipstick_breakup.png","contentUrl":"https:\/\/labemacosmetics.com\/wp-content\/uploads\/2017\/03\/Nyx_Lipstick_breakup.png","width":600,"height":726,"caption":"Nyx lipstick breakup"},{"@type":"BreadcrumbList","@id":"https:\/\/labemacosmetics.com\/produit\/plush-gel-lipstick-breakup-rupture\/#breadcrumb","itemListElement":[{"@type":"ListItem","position":1,"name":"Accueil","item":"https:\/\/labemacosmetics.com\/"},{"@type":"ListItem","position":2,"name":"Produits","item":"https:\/\/labemacosmetics.com\/shop\/"},{"@type":"ListItem","position":3,"name":"NYX Rouge \u00e0 L\u00e8vres Plush Gel Lipstick &#8211; Breakup"}]},{"@type":"WebSite","@id":"https:\/\/labemacosmetics.com\/#website","url":"https:\/\/labemacosmetics.com\/","name":"Lab&eacute;ma Cosmetics","description":"","potentialAction":[{"@type":"SearchAction","target":{"@type":"EntryPoint","urlTemplate":"https:\/\/labemacosmetics.com\/?s={search_term_string}"},"query-input":{"@type":"PropertyValueSpecification","valueRequired":true,"valueName":"search_term_string"}}],"inLanguage":"en-GB"}]},"product_brand":"Nyx","product_price_amount":"6500","product_price_currency":"XOF","og_availability":"instock","product_availability":"instock","product_retailer_item_id":"NXPGLS03","product_condition":"new"},"_links":{"self":[{"href":"https:\/\/labemacosmetics.com\/en\/wp-json\/wp\/v2\/product\/2522","targetHints":{"allow":["GET"]}}],"collection":[{"href":"https:\/\/labemacosmetics.com\/en\/wp-json\/wp\/v2\/product"}],"about":[{"href":"https:\/\/labemacosmetics.com\/en\/wp-json\/wp\/v2\/types\/product"}],"replies":[{"embeddable":true,"href":"https:\/\/labemacosmetics.com\/en\/wp-json\/wp\/v2\/comments?post=2522"}],"version-history":[{"count":0,"href":"https:\/\/labemacosmetics.com\/en\/wp-json\/wp\/v2\/product\/2522\/revisions"}],"wp:featuredmedia":[{"embeddable":true,"href":"https:\/\/labemacosmetics.com\/en\/wp-json\/wp\/v2\/media\/5612"}],"wp:attachment":[{"href":"https:\/\/labemacosmetics.com\/en\/wp-json\/wp\/v2\/media?parent=2522"}],"wp:term":[{"taxonomy":"product_brand","embeddable":true,"href":"https:\/\/labemacosmetics.com\/en\/wp-json\/wp\/v2\/product_brand?post=2522"},{"taxonomy":"product_cat","embeddable":true,"href":"https:\/\/labemacosmetics.com\/en\/wp-json\/wp\/v2\/product_cat?post=2522"},{"taxonomy":"product_tag","embeddable":true,"href":"https:\/\/labemacosmetics.com\/en\/wp-json\/wp\/v2\/product_tag?post=2522"}],"curies":[{"name":"wp","href":"https:\/\/api.w.org\/{rel}","templated":true}]}}