{"id":2497,"date":"2017-03-25T01:30:06","date_gmt":"2017-03-25T00:30:06","guid":{"rendered":"https:\/\/www.labemacosmetics.com\/shop\/all-categories\/maquillage\/pro-conceal-hd-concealer\/"},"modified":"2023-05-21T14:48:16","modified_gmt":"2023-05-21T13:48:16","slug":"hd-pro-concealer-l-a-girl","status":"publish","type":"product","link":"https:\/\/labemacosmetics.com\/en\/product\/hd-pro-concealer-l-a-girl\/","title":{"rendered":"LA Girl HD Pro Concealer  anti-cernes\/correcteur"},"content":{"rendered":"<h6 style=\"text-align: left;\">HD Pro Concealer L.A Girl<\/h6>\n<p>HD Pro Concealer L.A Girl est un anti-cernes\/correcteur \u00e0 la couvrance parfaite. Il estompe les cernes, imperfections et rougeurs tout en illumiant le regard. La couvrance est irr\u00e9prochable et intensifiable \u00e0 souhait. Ainsi la mati\u00e8re s\u2019applique et s\u2019\u00e9tale facilement gr\u00e2ce \u00e0 son applicateur-pinceau int\u00e9gr\u00e9. Alors choisissez une couleur ou un ou deux tons plus clair que votre teint. Appliquer sur une peau propre sans maquillage avec un pinceau ou du bout des doigts pour obtenir des mailleurs r\u00e9sultats. Top avec une poudre libre pour finaliser le maintien du maquillage. Donc essayez le m\u00e9lange d&rsquo;un couple de nuan\u00e7es ensemble pour un match parfait. Cette anti-cernes multitache est parfait pour un contouring.\u00a0La couvrance est irr\u00e9prochable et intensifiable \u00e0 souhait. Ainsi la <span id=\"edit-slug-buttons\"><\/span><\/p>\n<div id=\"titlediv\">\n<div class=\"inside\">\n<div id=\"edit-slug-box\" class=\"hide-if-no-js\"><\/div>\n<\/div>\n<\/div>\n<div id=\"postdivrich\" class=\"postarea wp-editor-expand\">\n<div id=\"wp-content-wrap\" class=\"wp-core-ui wp-editor-wrap tmce-active has-dfw\">\n<div id=\"wp-content-editor-tools\" class=\"wp-editor-tools hide-if-no-js\">\n<div id=\"wp-content-media-buttons\" class=\"wp-media-buttons\"><\/div>\n<\/div>\n<\/div>\n<\/div>\n<div class=\"wp-editor-tabs\"><\/div>","protected":false},"excerpt":{"rendered":"<p>HD Pro Concealer L.A Girl est un anti-cernes\/correcteur \u00e0 la couvrance parfaite. Il estompe les cernes, imperfections et rougeurs tout en illumiant le regard. La couvrance est irr\u00e9prochable et intensifiable \u00e0 souhait.<\/p>","protected":false},"featured_media":2536,"comment_status":"closed","ping_status":"closed","template":"","meta":{"om_disable_all_campaigns":false,"_mi_skip_tracking":false,"_monsterinsights_sitenote_active":false,"_monsterinsights_sitenote_note":"","_monsterinsights_sitenote_category":0},"product_brand":[],"product_cat":[120,127,103,108],"product_tag":[222,300,209,257,316,298,242,258,158,195,301,213,147,159,135,178,236,302,299,215,216],"class_list":{"0":"post-2497","1":"product","2":"type-product","3":"status-publish","4":"has-post-thumbnail","6":"product_cat-anticernes","7":"product_cat-boutique","8":"product_cat-maquillage","9":"product_cat-teint","10":"product_tag-anti-cernes","11":"product_tag-bloom","12":"product_tag-bordure","13":"product_tag-clandestin","14":"product_tag-correcteur","15":"product_tag-gel","16":"product_tag-grain","17":"product_tag-hours","18":"product_tag-levre","19":"product_tag-levres","20":"product_tag-liner","21":"product_tag-lip","22":"product_tag-lips","23":"product_tag-lipstick","24":"product_tag-maquillage","25":"product_tag-nude","26":"product_tag-nyx","27":"product_tag-petillantes","28":"product_tag-push","29":"product_tag-rouge","30":"product_tag-sexy","31":"yith_product_brand-la-girl","33":"first","34":"outofstock","35":"sale","36":"shipping-taxable","37":"purchasable","38":"product-type-variable"},"yoast_head":"<!-- This site is optimized with the Yoast SEO Premium plugin v20.8 (Yoast SEO v27.4) - https:\/\/yoast.com\/product\/yoast-seo-premium-wordpress\/ -->\n<title>HD Pro Concealer L.A Girl - Lab\u00e9ma Cosmetics<\/title>\n<meta name=\"description\" content=\"Le c\u00e9l\u00e8bre HD Pro Concealer L.A Girl est un anti-cernes\/correcteur \u00e0 la couvrance parfaite. Il estompe les cernes, imperfections et rougeurs\" \/>\n<meta name=\"robots\" content=\"index, follow, max-snippet:-1, max-image-preview:large, max-video-preview:-1\" \/>\n<link rel=\"canonical\" href=\"https:\/\/labemacosmetics.com\/en\/product\/hd-pro-concealer-l-a-girl\/\" \/>\n<meta property=\"og:locale\" content=\"en_GB\" \/>\n<meta property=\"og:type\" content=\"article\" \/>\n<meta property=\"og:title\" content=\"LA Girl HD Pro Concealer anti-cernes\/correcteur\" \/>\n<meta property=\"og:description\" content=\"Le c\u00e9l\u00e8bre HD Pro Concealer L.A Girl est un anti-cernes\/correcteur \u00e0 la couvrance parfaite. Il estompe les cernes, imperfections et rougeurs\" \/>\n<meta property=\"og:url\" content=\"https:\/\/labemacosmetics.com\/en\/product\/hd-pro-concealer-l-a-girl\/\" \/>\n<meta property=\"og:site_name\" content=\"Lab&eacute;ma Cosmetics\" \/>\n<meta property=\"article:publisher\" content=\"http:\/\/www.facebook.com\/labemacosmetics\" \/>\n<meta property=\"article:modified_time\" content=\"2023-05-21T13:48:16+00:00\" \/>\n<meta property=\"og:image\" content=\"https:\/\/labemacosmetics.com\/wp-content\/uploads\/2017\/03\/concealer-1-1.png\" \/>\n\t<meta property=\"og:image:width\" content=\"442\" \/>\n\t<meta property=\"og:image:height\" content=\"528\" \/>\n\t<meta property=\"og:image:type\" content=\"image\/png\" \/>\n<meta name=\"twitter:card\" content=\"summary_large_image\" \/>\n<meta name=\"twitter:site\" content=\"@Labemasn\" \/>\n<meta name=\"twitter:label1\" content=\"Availability\" \/>\n\t<meta name=\"twitter:data1\" content=\"Out of stock\" \/>\n<script type=\"application\/ld+json\" class=\"yoast-schema-graph\">{\"@context\":\"https:\\\/\\\/schema.org\",\"@graph\":[{\"@type\":\"WebPage\",\"@id\":\"https:\\\/\\\/labemacosmetics.com\\\/produit\\\/hd-pro-concealer-l-a-girl\\\/\",\"url\":\"https:\\\/\\\/labemacosmetics.com\\\/produit\\\/hd-pro-concealer-l-a-girl\\\/\",\"name\":\"HD Pro Concealer L.A Girl - Lab\u00e9ma Cosmetics\",\"isPartOf\":{\"@id\":\"https:\\\/\\\/labemacosmetics.com\\\/#website\"},\"primaryImageOfPage\":{\"@id\":\"https:\\\/\\\/labemacosmetics.com\\\/produit\\\/hd-pro-concealer-l-a-girl\\\/#primaryimage\"},\"image\":{\"@id\":\"https:\\\/\\\/labemacosmetics.com\\\/produit\\\/hd-pro-concealer-l-a-girl\\\/#primaryimage\"},\"thumbnailUrl\":\"https:\\\/\\\/labemacosmetics.com\\\/wp-content\\\/uploads\\\/2017\\\/03\\\/concealer-1-1.png\",\"datePublished\":\"2017-03-25T00:30:06+00:00\",\"dateModified\":\"2023-05-21T13:48:16+00:00\",\"description\":\"Le c\u00e9l\u00e8bre HD Pro Concealer L.A Girl est un anti-cernes\\\/correcteur \u00e0 la couvrance parfaite. Il estompe les cernes, imperfections et rougeurs\",\"breadcrumb\":{\"@id\":\"https:\\\/\\\/labemacosmetics.com\\\/produit\\\/hd-pro-concealer-l-a-girl\\\/#breadcrumb\"},\"inLanguage\":\"en-GB\",\"potentialAction\":[{\"@type\":\"ReadAction\",\"target\":[\"https:\\\/\\\/labemacosmetics.com\\\/produit\\\/hd-pro-concealer-l-a-girl\\\/\"]}]},{\"@type\":\"ImageObject\",\"inLanguage\":\"en-GB\",\"@id\":\"https:\\\/\\\/labemacosmetics.com\\\/produit\\\/hd-pro-concealer-l-a-girl\\\/#primaryimage\",\"url\":\"https:\\\/\\\/labemacosmetics.com\\\/wp-content\\\/uploads\\\/2017\\\/03\\\/concealer-1-1.png\",\"contentUrl\":\"https:\\\/\\\/labemacosmetics.com\\\/wp-content\\\/uploads\\\/2017\\\/03\\\/concealer-1-1.png\",\"width\":442,\"height\":528,\"caption\":\"HD Pro Concealer L.A Girl\"},{\"@type\":\"BreadcrumbList\",\"@id\":\"https:\\\/\\\/labemacosmetics.com\\\/produit\\\/hd-pro-concealer-l-a-girl\\\/#breadcrumb\",\"itemListElement\":[{\"@type\":\"ListItem\",\"position\":1,\"name\":\"Accueil\",\"item\":\"https:\\\/\\\/labemacosmetics.com\\\/\"},{\"@type\":\"ListItem\",\"position\":2,\"name\":\"Produits\",\"item\":\"https:\\\/\\\/labemacosmetics.com\\\/shop\\\/\"},{\"@type\":\"ListItem\",\"position\":3,\"name\":\"LA Girl HD Pro Concealer anti-cernes\\\/correcteur\"}]},{\"@type\":\"WebSite\",\"@id\":\"https:\\\/\\\/labemacosmetics.com\\\/#website\",\"url\":\"https:\\\/\\\/labemacosmetics.com\\\/\",\"name\":\"Lab&eacute;ma Cosmetics\",\"description\":\"\",\"potentialAction\":[{\"@type\":\"SearchAction\",\"target\":{\"@type\":\"EntryPoint\",\"urlTemplate\":\"https:\\\/\\\/labemacosmetics.com\\\/?s={search_term_string}\"},\"query-input\":{\"@type\":\"PropertyValueSpecification\",\"valueRequired\":true,\"valueName\":\"search_term_string\"}}],\"inLanguage\":\"en-GB\"}]}<\/script>\n<meta property=\"product:brand\" content=\"LA Girl\" \/>\n<meta property=\"og:availability\" content=\"out of stock\" \/>\n<meta property=\"product:availability\" content=\"out of stock\" \/>\n<meta property=\"product:condition\" content=\"new\" \/>\n<!-- \/ Yoast SEO Premium plugin. -->","yoast_head_json":{"title":"HD Pro Concealer L.A Girl - Lab\u00e9ma Cosmetics","description":"Le c\u00e9l\u00e8bre HD Pro Concealer L.A Girl est un anti-cernes\/correcteur \u00e0 la couvrance parfaite. Il estompe les cernes, imperfections et rougeurs","robots":{"index":"index","follow":"follow","max-snippet":"max-snippet:-1","max-image-preview":"max-image-preview:large","max-video-preview":"max-video-preview:-1"},"canonical":"https:\/\/labemacosmetics.com\/en\/product\/hd-pro-concealer-l-a-girl\/","og_locale":"en_GB","og_type":"article","og_title":"LA Girl HD Pro Concealer anti-cernes\/correcteur","og_description":"Le c\u00e9l\u00e8bre HD Pro Concealer L.A Girl est un anti-cernes\/correcteur \u00e0 la couvrance parfaite. Il estompe les cernes, imperfections et rougeurs","og_url":"https:\/\/labemacosmetics.com\/en\/product\/hd-pro-concealer-l-a-girl\/","og_site_name":"Lab&eacute;ma Cosmetics","article_publisher":"http:\/\/www.facebook.com\/labemacosmetics","article_modified_time":"2023-05-21T13:48:16+00:00","og_image":[{"width":442,"height":528,"url":"https:\/\/labemacosmetics.com\/wp-content\/uploads\/2017\/03\/concealer-1-1.png","type":"image\/png"}],"twitter_card":"summary_large_image","twitter_site":"@Labemasn","twitter_misc":{"Availability":"Out of stock"},"schema":{"@context":"https:\/\/schema.org","@graph":[{"@type":"WebPage","@id":"https:\/\/labemacosmetics.com\/produit\/hd-pro-concealer-l-a-girl\/","url":"https:\/\/labemacosmetics.com\/produit\/hd-pro-concealer-l-a-girl\/","name":"HD Pro Concealer L.A Girl - Lab\u00e9ma Cosmetics","isPartOf":{"@id":"https:\/\/labemacosmetics.com\/#website"},"primaryImageOfPage":{"@id":"https:\/\/labemacosmetics.com\/produit\/hd-pro-concealer-l-a-girl\/#primaryimage"},"image":{"@id":"https:\/\/labemacosmetics.com\/produit\/hd-pro-concealer-l-a-girl\/#primaryimage"},"thumbnailUrl":"https:\/\/labemacosmetics.com\/wp-content\/uploads\/2017\/03\/concealer-1-1.png","datePublished":"2017-03-25T00:30:06+00:00","dateModified":"2023-05-21T13:48:16+00:00","description":"Le c\u00e9l\u00e8bre HD Pro Concealer L.A Girl est un anti-cernes\/correcteur \u00e0 la couvrance parfaite. Il estompe les cernes, imperfections et rougeurs","breadcrumb":{"@id":"https:\/\/labemacosmetics.com\/produit\/hd-pro-concealer-l-a-girl\/#breadcrumb"},"inLanguage":"en-GB","potentialAction":[{"@type":"ReadAction","target":["https:\/\/labemacosmetics.com\/produit\/hd-pro-concealer-l-a-girl\/"]}]},{"@type":"ImageObject","inLanguage":"en-GB","@id":"https:\/\/labemacosmetics.com\/produit\/hd-pro-concealer-l-a-girl\/#primaryimage","url":"https:\/\/labemacosmetics.com\/wp-content\/uploads\/2017\/03\/concealer-1-1.png","contentUrl":"https:\/\/labemacosmetics.com\/wp-content\/uploads\/2017\/03\/concealer-1-1.png","width":442,"height":528,"caption":"HD Pro Concealer L.A Girl"},{"@type":"BreadcrumbList","@id":"https:\/\/labemacosmetics.com\/produit\/hd-pro-concealer-l-a-girl\/#breadcrumb","itemListElement":[{"@type":"ListItem","position":1,"name":"Accueil","item":"https:\/\/labemacosmetics.com\/"},{"@type":"ListItem","position":2,"name":"Produits","item":"https:\/\/labemacosmetics.com\/shop\/"},{"@type":"ListItem","position":3,"name":"LA Girl HD Pro Concealer anti-cernes\/correcteur"}]},{"@type":"WebSite","@id":"https:\/\/labemacosmetics.com\/#website","url":"https:\/\/labemacosmetics.com\/","name":"Lab&eacute;ma Cosmetics","description":"","potentialAction":[{"@type":"SearchAction","target":{"@type":"EntryPoint","urlTemplate":"https:\/\/labemacosmetics.com\/?s={search_term_string}"},"query-input":{"@type":"PropertyValueSpecification","valueRequired":true,"valueName":"search_term_string"}}],"inLanguage":"en-GB"}]},"product_brand":"LA Girl","og_availability":"out of stock","product_availability":"out of stock","product_condition":"new"},"_links":{"self":[{"href":"https:\/\/labemacosmetics.com\/en\/wp-json\/wp\/v2\/product\/2497","targetHints":{"allow":["GET"]}}],"collection":[{"href":"https:\/\/labemacosmetics.com\/en\/wp-json\/wp\/v2\/product"}],"about":[{"href":"https:\/\/labemacosmetics.com\/en\/wp-json\/wp\/v2\/types\/product"}],"replies":[{"embeddable":true,"href":"https:\/\/labemacosmetics.com\/en\/wp-json\/wp\/v2\/comments?post=2497"}],"version-history":[{"count":0,"href":"https:\/\/labemacosmetics.com\/en\/wp-json\/wp\/v2\/product\/2497\/revisions"}],"wp:featuredmedia":[{"embeddable":true,"href":"https:\/\/labemacosmetics.com\/en\/wp-json\/wp\/v2\/media\/2536"}],"wp:attachment":[{"href":"https:\/\/labemacosmetics.com\/en\/wp-json\/wp\/v2\/media?parent=2497"}],"wp:term":[{"taxonomy":"product_brand","embeddable":true,"href":"https:\/\/labemacosmetics.com\/en\/wp-json\/wp\/v2\/product_brand?post=2497"},{"taxonomy":"product_cat","embeddable":true,"href":"https:\/\/labemacosmetics.com\/en\/wp-json\/wp\/v2\/product_cat?post=2497"},{"taxonomy":"product_tag","embeddable":true,"href":"https:\/\/labemacosmetics.com\/en\/wp-json\/wp\/v2\/product_tag?post=2497"}],"curies":[{"name":"wp","href":"https:\/\/api.w.org\/{rel}","templated":true}]}}