{"id":2496,"date":"2017-03-25T01:29:31","date_gmt":"2017-03-25T00:29:31","guid":{"rendered":"https:\/\/www.labemacosmetics.com\/shop\/all-categories\/maquillage\/palette-de-fards-a-paupieres-love-in-paris\/"},"modified":"2023-05-21T14:48:42","modified_gmt":"2023-05-21T13:48:42","slug":"palette-de-fards-a-paupieres-love-in-paris","status":"publish","type":"product","link":"https:\/\/labemacosmetics.com\/en\/product\/palette-de-fards-a-paupieres-love-in-paris\/","title":{"rendered":"Palette Fard \u00e0 Paupi\u00e8res Love in Paris"},"content":{"rendered":"<h6>description de la PALETTE DE FARDS \u00c0 PAUPI\u00c8RES LOVE IN PARIS<\/h6>\n<p>Toutes les lumi\u00e8res de Paris se refl\u00e8teront dans vos yeux ! Augmentez votre pouvoir de s\u00e9duction gr\u00e2ce \u00e0 ces somptueuses palettes haute-couture pr\u00e9sentant 9 nuances de la PALETTE DE FARDS \u00c0 PAUPI\u00c8RES LOVE IN PARIS d\u2019ombres \u00e0 paupi\u00e8res richement pigment\u00e9es et un double applicateur pour les retouches de derni\u00e8re minute. Ces jolies petites bo\u00eetes compactes mettent tous les looks haute-couture \u00e0 port\u00e9e de votre main.\u00a0 <span class=\"st\">Utilisez cette <em>palette<\/em> de 9 nuances pour faire scintiller vos yeux autant que la ville lumi\u00e8re. Elle les mettra en valeur gr\u00e2ce \u00e0 ses couleurs haute couture. Bo\u00eetier muni d&rsquo;un applicateur double embout mousse.<\/span><\/p>\n<p><span id=\"sample-permalink\"><\/span> \u200e<span id=\"edit-slug-buttons\"><\/span><\/p>","protected":false},"excerpt":{"rendered":"<p>Utilisez cette palette de 9 nuances de la PALETTE DE FARDS \u00c0 PAUPI\u00c8RES LOVE IN PARIS pour faire scintiller vos yeux autant que la ville lumi\u00e8re. Elle les mettra en valeur gr\u00e2ce \u00e0 ses couleurs haute couture richement pigment\u00e9es.\u00a0Leur texture soyeuse et l&rsquo;applicateur double embout facilitera l&rsquo;application et les retouches.<\/p>","protected":false},"featured_media":5670,"comment_status":"closed","ping_status":"closed","template":"","meta":{"om_disable_all_campaigns":false,"_mi_skip_tracking":false,"_monsterinsights_sitenote_active":false,"_monsterinsights_sitenote_note":"","_monsterinsights_sitenote_category":0},"product_brand":[],"product_cat":[127,103,114,109],"product_tag":[166,209,257,309,313,298,314,307,135,178,236,179,315,180,215,216],"class_list":{"0":"post-2496","1":"product","2":"type-product","3":"status-publish","4":"has-post-thumbnail","6":"product_cat-boutique","7":"product_cat-maquillage","8":"product_cat-palettes-maquillage","9":"product_cat-yeux","10":"product_tag-beauty","11":"product_tag-bordure","12":"product_tag-clandestin","13":"product_tag-fads","14":"product_tag-fards","15":"product_tag-gel","16":"product_tag-love","17":"product_tag-made","18":"product_tag-maquillage","19":"product_tag-nude","20":"product_tag-nyx","21":"product_tag-palette","22":"product_tag-paris","23":"product_tag-paupiere","24":"product_tag-rouge","25":"product_tag-sexy","26":"yith_product_brand-nyx","28":"first","29":"instock","30":"sale","31":"shipping-taxable","32":"purchasable","33":"product-type-simple"},"yoast_head":"<!-- This site is optimized with the Yoast SEO Premium plugin v20.8 (Yoast SEO v27.4) - https:\/\/yoast.com\/product\/yoast-seo-premium-wordpress\/ -->\n<title>PALETTE DE FARDS \u00c0 PAUPI\u00c8RES LOVE IN PARIS - Lab\u00e9ma Cosmetics<\/title>\n<meta name=\"description\" content=\"D\u00e9couvrez la palette d&#039;ombres \u00e0 paupi\u00e8re Love In Paris Eye Shadow Palette. Sublimez vos yeux avec ses 9 nuances de couleurs.\" \/>\n<meta name=\"robots\" content=\"index, follow, max-snippet:-1, max-image-preview:large, max-video-preview:-1\" \/>\n<link rel=\"canonical\" href=\"https:\/\/labemacosmetics.com\/en\/product\/palette-de-fards-a-paupieres-love-in-paris\/\" \/>\n<meta property=\"og:locale\" content=\"en_GB\" \/>\n<meta property=\"og:type\" content=\"article\" \/>\n<meta property=\"og:title\" content=\"Palette Fard \u00e0 Paupi\u00e8res Love in Paris\" \/>\n<meta property=\"og:description\" content=\"D\u00e9couvrez la palette d&#039;ombres \u00e0 paupi\u00e8re Love In Paris Eye Shadow Palette. Sublimez vos yeux avec ses 9 nuances de couleurs.\" \/>\n<meta property=\"og:url\" content=\"https:\/\/labemacosmetics.com\/en\/product\/palette-de-fards-a-paupieres-love-in-paris\/\" \/>\n<meta property=\"og:site_name\" content=\"Lab&eacute;ma Cosmetics\" \/>\n<meta property=\"article:publisher\" content=\"http:\/\/www.facebook.com\/labemacosmetics\" \/>\n<meta property=\"article:modified_time\" content=\"2023-05-21T13:48:42+00:00\" \/>\n<meta property=\"og:image\" content=\"https:\/\/labemacosmetics.com\/wp-content\/uploads\/2017\/03\/Nyx_Love_In_Paris.png\" \/>\n\t<meta property=\"og:image:width\" content=\"600\" \/>\n\t<meta property=\"og:image:height\" content=\"726\" \/>\n\t<meta property=\"og:image:type\" content=\"image\/png\" \/>\n<meta name=\"twitter:card\" content=\"summary_large_image\" \/>\n<meta name=\"twitter:site\" content=\"@Labemasn\" \/>\n<meta name=\"twitter:label1\" content=\"Price\" \/>\n\t<meta name=\"twitter:data1\" content=\"5 000&nbsp;CFA\" \/>\n\t<meta name=\"twitter:label2\" content=\"Availability\" \/>\n\t<meta name=\"twitter:data2\" content=\"In stock\" \/>\n<script type=\"application\/ld+json\" class=\"yoast-schema-graph\">{\"@context\":\"https:\\\/\\\/schema.org\",\"@graph\":[{\"@type\":\"WebPage\",\"@id\":\"https:\\\/\\\/labemacosmetics.com\\\/produit\\\/palette-de-fards-a-paupieres-love-in-paris\\\/\",\"url\":\"https:\\\/\\\/labemacosmetics.com\\\/produit\\\/palette-de-fards-a-paupieres-love-in-paris\\\/\",\"name\":\"PALETTE DE FARDS \u00c0 PAUPI\u00c8RES LOVE IN PARIS - Lab\u00e9ma Cosmetics\",\"isPartOf\":{\"@id\":\"https:\\\/\\\/labemacosmetics.com\\\/#website\"},\"primaryImageOfPage\":{\"@id\":\"https:\\\/\\\/labemacosmetics.com\\\/produit\\\/palette-de-fards-a-paupieres-love-in-paris\\\/#primaryimage\"},\"image\":{\"@id\":\"https:\\\/\\\/labemacosmetics.com\\\/produit\\\/palette-de-fards-a-paupieres-love-in-paris\\\/#primaryimage\"},\"thumbnailUrl\":\"https:\\\/\\\/labemacosmetics.com\\\/wp-content\\\/uploads\\\/2017\\\/03\\\/Nyx_Love_In_Paris.png\",\"datePublished\":\"2017-03-25T00:29:31+00:00\",\"dateModified\":\"2023-05-21T13:48:42+00:00\",\"description\":\"D\u00e9couvrez la palette d'ombres \u00e0 paupi\u00e8re Love In Paris Eye Shadow Palette. Sublimez vos yeux avec ses 9 nuances de couleurs.\",\"breadcrumb\":{\"@id\":\"https:\\\/\\\/labemacosmetics.com\\\/produit\\\/palette-de-fards-a-paupieres-love-in-paris\\\/#breadcrumb\"},\"inLanguage\":\"en-GB\",\"potentialAction\":[{\"@type\":\"ReadAction\",\"target\":[\"https:\\\/\\\/labemacosmetics.com\\\/produit\\\/palette-de-fards-a-paupieres-love-in-paris\\\/\"]}]},{\"@type\":\"ImageObject\",\"inLanguage\":\"en-GB\",\"@id\":\"https:\\\/\\\/labemacosmetics.com\\\/produit\\\/palette-de-fards-a-paupieres-love-in-paris\\\/#primaryimage\",\"url\":\"https:\\\/\\\/labemacosmetics.com\\\/wp-content\\\/uploads\\\/2017\\\/03\\\/Nyx_Love_In_Paris.png\",\"contentUrl\":\"https:\\\/\\\/labemacosmetics.com\\\/wp-content\\\/uploads\\\/2017\\\/03\\\/Nyx_Love_In_Paris.png\",\"width\":600,\"height\":726,\"caption\":\"Nyx palette fard Love in Paris\"},{\"@type\":\"BreadcrumbList\",\"@id\":\"https:\\\/\\\/labemacosmetics.com\\\/produit\\\/palette-de-fards-a-paupieres-love-in-paris\\\/#breadcrumb\",\"itemListElement\":[{\"@type\":\"ListItem\",\"position\":1,\"name\":\"Accueil\",\"item\":\"https:\\\/\\\/labemacosmetics.com\\\/\"},{\"@type\":\"ListItem\",\"position\":2,\"name\":\"Produits\",\"item\":\"https:\\\/\\\/labemacosmetics.com\\\/shop\\\/\"},{\"@type\":\"ListItem\",\"position\":3,\"name\":\"Palette Fard \u00e0 Paupi\u00e8res Love in Paris\"}]},{\"@type\":\"WebSite\",\"@id\":\"https:\\\/\\\/labemacosmetics.com\\\/#website\",\"url\":\"https:\\\/\\\/labemacosmetics.com\\\/\",\"name\":\"Lab&eacute;ma Cosmetics\",\"description\":\"\",\"potentialAction\":[{\"@type\":\"SearchAction\",\"target\":{\"@type\":\"EntryPoint\",\"urlTemplate\":\"https:\\\/\\\/labemacosmetics.com\\\/?s={search_term_string}\"},\"query-input\":{\"@type\":\"PropertyValueSpecification\",\"valueRequired\":true,\"valueName\":\"search_term_string\"}}],\"inLanguage\":\"en-GB\"}]}<\/script>\n<meta property=\"product:brand\" content=\"Nyx\" \/>\n<meta property=\"product:price:amount\" content=\"5000\" \/>\n<meta property=\"product:price:currency\" content=\"XOF\" \/>\n<meta property=\"og:availability\" content=\"instock\" \/>\n<meta property=\"product:availability\" content=\"instock\" \/>\n<meta property=\"product:retailer_item_id\" content=\"NXLIP04\" \/>\n<meta property=\"product:condition\" content=\"new\" \/>\n<!-- \/ Yoast SEO Premium plugin. -->","yoast_head_json":{"title":"PALETTE DE FARDS \u00c0 PAUPI\u00c8RES LOVE IN PARIS - Lab\u00e9ma Cosmetics","description":"D\u00e9couvrez la palette d'ombres \u00e0 paupi\u00e8re Love In Paris Eye Shadow Palette. Sublimez vos yeux avec ses 9 nuances de couleurs.","robots":{"index":"index","follow":"follow","max-snippet":"max-snippet:-1","max-image-preview":"max-image-preview:large","max-video-preview":"max-video-preview:-1"},"canonical":"https:\/\/labemacosmetics.com\/en\/product\/palette-de-fards-a-paupieres-love-in-paris\/","og_locale":"en_GB","og_type":"article","og_title":"Palette Fard \u00e0 Paupi\u00e8res Love in Paris","og_description":"D\u00e9couvrez la palette d'ombres \u00e0 paupi\u00e8re Love In Paris Eye Shadow Palette. Sublimez vos yeux avec ses 9 nuances de couleurs.","og_url":"https:\/\/labemacosmetics.com\/en\/product\/palette-de-fards-a-paupieres-love-in-paris\/","og_site_name":"Lab&eacute;ma Cosmetics","article_publisher":"http:\/\/www.facebook.com\/labemacosmetics","article_modified_time":"2023-05-21T13:48:42+00:00","og_image":[{"width":600,"height":726,"url":"https:\/\/labemacosmetics.com\/wp-content\/uploads\/2017\/03\/Nyx_Love_In_Paris.png","type":"image\/png"}],"twitter_card":"summary_large_image","twitter_site":"@Labemasn","twitter_misc":{"Price":"5 000&nbsp;CFA","Availability":"In stock"},"schema":{"@context":"https:\/\/schema.org","@graph":[{"@type":"WebPage","@id":"https:\/\/labemacosmetics.com\/produit\/palette-de-fards-a-paupieres-love-in-paris\/","url":"https:\/\/labemacosmetics.com\/produit\/palette-de-fards-a-paupieres-love-in-paris\/","name":"PALETTE DE FARDS \u00c0 PAUPI\u00c8RES LOVE IN PARIS - Lab\u00e9ma Cosmetics","isPartOf":{"@id":"https:\/\/labemacosmetics.com\/#website"},"primaryImageOfPage":{"@id":"https:\/\/labemacosmetics.com\/produit\/palette-de-fards-a-paupieres-love-in-paris\/#primaryimage"},"image":{"@id":"https:\/\/labemacosmetics.com\/produit\/palette-de-fards-a-paupieres-love-in-paris\/#primaryimage"},"thumbnailUrl":"https:\/\/labemacosmetics.com\/wp-content\/uploads\/2017\/03\/Nyx_Love_In_Paris.png","datePublished":"2017-03-25T00:29:31+00:00","dateModified":"2023-05-21T13:48:42+00:00","description":"D\u00e9couvrez la palette d'ombres \u00e0 paupi\u00e8re Love In Paris Eye Shadow Palette. Sublimez vos yeux avec ses 9 nuances de couleurs.","breadcrumb":{"@id":"https:\/\/labemacosmetics.com\/produit\/palette-de-fards-a-paupieres-love-in-paris\/#breadcrumb"},"inLanguage":"en-GB","potentialAction":[{"@type":"ReadAction","target":["https:\/\/labemacosmetics.com\/produit\/palette-de-fards-a-paupieres-love-in-paris\/"]}]},{"@type":"ImageObject","inLanguage":"en-GB","@id":"https:\/\/labemacosmetics.com\/produit\/palette-de-fards-a-paupieres-love-in-paris\/#primaryimage","url":"https:\/\/labemacosmetics.com\/wp-content\/uploads\/2017\/03\/Nyx_Love_In_Paris.png","contentUrl":"https:\/\/labemacosmetics.com\/wp-content\/uploads\/2017\/03\/Nyx_Love_In_Paris.png","width":600,"height":726,"caption":"Nyx palette fard Love in Paris"},{"@type":"BreadcrumbList","@id":"https:\/\/labemacosmetics.com\/produit\/palette-de-fards-a-paupieres-love-in-paris\/#breadcrumb","itemListElement":[{"@type":"ListItem","position":1,"name":"Accueil","item":"https:\/\/labemacosmetics.com\/"},{"@type":"ListItem","position":2,"name":"Produits","item":"https:\/\/labemacosmetics.com\/shop\/"},{"@type":"ListItem","position":3,"name":"Palette Fard \u00e0 Paupi\u00e8res Love in Paris"}]},{"@type":"WebSite","@id":"https:\/\/labemacosmetics.com\/#website","url":"https:\/\/labemacosmetics.com\/","name":"Lab&eacute;ma Cosmetics","description":"","potentialAction":[{"@type":"SearchAction","target":{"@type":"EntryPoint","urlTemplate":"https:\/\/labemacosmetics.com\/?s={search_term_string}"},"query-input":{"@type":"PropertyValueSpecification","valueRequired":true,"valueName":"search_term_string"}}],"inLanguage":"en-GB"}]},"product_brand":"Nyx","product_price_amount":"5000","product_price_currency":"XOF","og_availability":"instock","product_availability":"instock","product_retailer_item_id":"NXLIP04","product_condition":"new"},"_links":{"self":[{"href":"https:\/\/labemacosmetics.com\/en\/wp-json\/wp\/v2\/product\/2496","targetHints":{"allow":["GET"]}}],"collection":[{"href":"https:\/\/labemacosmetics.com\/en\/wp-json\/wp\/v2\/product"}],"about":[{"href":"https:\/\/labemacosmetics.com\/en\/wp-json\/wp\/v2\/types\/product"}],"replies":[{"embeddable":true,"href":"https:\/\/labemacosmetics.com\/en\/wp-json\/wp\/v2\/comments?post=2496"}],"version-history":[{"count":0,"href":"https:\/\/labemacosmetics.com\/en\/wp-json\/wp\/v2\/product\/2496\/revisions"}],"wp:featuredmedia":[{"embeddable":true,"href":"https:\/\/labemacosmetics.com\/en\/wp-json\/wp\/v2\/media\/5670"}],"wp:attachment":[{"href":"https:\/\/labemacosmetics.com\/en\/wp-json\/wp\/v2\/media?parent=2496"}],"wp:term":[{"taxonomy":"product_brand","embeddable":true,"href":"https:\/\/labemacosmetics.com\/en\/wp-json\/wp\/v2\/product_brand?post=2496"},{"taxonomy":"product_cat","embeddable":true,"href":"https:\/\/labemacosmetics.com\/en\/wp-json\/wp\/v2\/product_cat?post=2496"},{"taxonomy":"product_tag","embeddable":true,"href":"https:\/\/labemacosmetics.com\/en\/wp-json\/wp\/v2\/product_tag?post=2496"}],"curies":[{"name":"wp","href":"https:\/\/api.w.org\/{rel}","templated":true}]}}