{"id":2466,"date":"2017-03-24T22:39:20","date_gmt":"2017-03-24T22:39:20","guid":{"rendered":"https:\/\/www.labemacosmetics.com\/shop\/all-categories\/maquillage\/slim-lip-liner-pumpkin-citrouille\/"},"modified":"2023-07-06T16:42:15","modified_gmt":"2023-07-06T15:42:15","slug":"slim-lip-liner-pumpkin-citrouille","status":"publish","type":"product","link":"https:\/\/labemacosmetics.com\/en\/product\/slim-lip-liner-pumpkin-citrouille\/","title":{"rendered":"NYX Crayon \u00e0 L\u00e8vres &#8211; Pumpkin"},"content":{"rendered":"<div class=\"scroll-pane\">\n<div class=\"jspContainer\">\n<div class=\"jspPane\">\n<div class=\"product_detail_description product_section_content\">\n<h6>description Slim Lip Liner (Pumpkin) NYX cosm\u00e9tics<\/h6>\n<p id=\"tw-target-text\" class=\"tw-data-text tw-ta tw-text-small\" dir=\"ltr\" data-placeholder=\"Traduction\">Slim Lip Liner (Pumpkin). Alors aff\u00fbt\u00e9s, nos crayons \u00e0 l\u00e8vres sont disponibles en plusieurs vari\u00e9t\u00e9s de nuances, d&rsquo;Auburn \u00e0 orange, en passant par le rouge \u00e9lectrique. Cette formule cr\u00e9meuse longue tenue de crayon \u00e0 l\u00e8vres. Ainsi l<span lang=\"fr\">es crayons \u00e0 l\u00e8vres minces, garnis, mais jamais prim\u00e9s, sont offerts dans une vari\u00e9t\u00e9 de teintes vives &#8211; de l&rsquo;auburn \u00e0 l&rsquo;orange et au rouge. Donc la formule de ligneur \u00e0 l\u00e8vres longue tenue au beurre s&rsquo;allonge facilement et r\u00e9siste aux saignements.<\/span><\/p>\n<p>Ainsi il s&rsquo;applique sans effort et r\u00e9siste aux bavures.<\/p>\n<div class=\"oSioSc\">\n<div id=\"tw-target\">\n<div id=\"tw-target-text-container\" class=\"tw-ta-container tw-nfl\">\n<p id=\"tw-target-text\" class=\"tw-data-text tw-ta tw-text-small\" dir=\"ltr\" data-placeholder=\"Traduction\"><span lang=\"fr\">Isost\u00e9arate de sorbitan, st\u00e9arate d&rsquo;isoc\u00e9tyle, trim\u00e9thicone de ph\u00e9nyle, poly\u00e9thyl\u00e8ne, cire d&rsquo;Euphorbia Cerifera (Candelilla), insecte apaisant Butyrospermum Parkii (beurre de karit\u00e9), cire d&rsquo;abeille, huile de graine de SimmondsiaChinensis (Jojoba), Caprylic \/ Capri Triglyc\u00e9ride, Nylon-12, Octyldod\u00e9canol, diisost\u00e9arate de polyglyc\u00e9ryl-2 , Silice, CoperniciaCerifera (Carnauba) Cire, Hydrog\u00e9n\u00e9e, Huile de coco, Tocoph\u00e9rol, Copolym\u00e8re VP \/ Hexad\u00e9c\u00e8ne, St\u00e9aralkonium Hectorite,<\/span><\/p>\n<\/div>\n<\/div>\n<\/div>\n<div id=\"titlediv\">\n<div class=\"inside\">\n<div id=\"edit-slug-box\" class=\"hide-if-no-js\"><\/div>\n<\/div>\n<\/div>\n<div id=\"postdivrich\" class=\"postarea wp-editor-expand\">\n<div id=\"wp-content-wrap\" class=\"wp-core-ui wp-editor-wrap tmce-active has-dfw\">\n<div id=\"wp-content-editor-tools\" class=\"wp-editor-tools hide-if-no-js\">\n<div id=\"wp-content-media-buttons\" class=\"wp-media-buttons\"><\/div>\n<\/div>\n<\/div>\n<\/div>\n<div class=\"wp-editor-tabs\"><\/div>\n<\/div>\n<\/div>\n<\/div>\n<\/div>","protected":false},"excerpt":{"rendered":"<p>Fins et aff\u00fbt\u00e9s, nos crayons \u00e0 l\u00e8vres sont disponibles en plusieurs vari\u00e9t\u00e9s de nuances, d&rsquo;Auburn \u00e0 orange, en passant par le rouge \u00e9lectrique.<\/p>\n<p>Cette formule cr\u00e9meuse longue tenue de crayon \u00e0 l\u00e8vres s&rsquo;applique sans effort et r\u00e9siste aux bavures.<\/p>","protected":false},"featured_media":5672,"comment_status":"closed","ping_status":"closed","template":"","meta":{"om_disable_all_campaigns":false,"_mi_skip_tracking":false,"_monsterinsights_sitenote_active":false,"_monsterinsights_sitenote_note":"","_monsterinsights_sitenote_category":0},"product_brand":[],"product_cat":[127,121,110,103],"product_tag":[166,209,303,257,304,298,242,258,158,195,301,213,147,159,135,178,236,302,305,299,215,216,306],"class_list":{"0":"post-2466","1":"product","2":"type-product","3":"status-publish","4":"has-post-thumbnail","6":"product_cat-boutique","7":"product_cat-crayon-levres","8":"product_cat-levres","9":"product_cat-maquillage","10":"product_tag-beauty","11":"product_tag-bordure","12":"product_tag-citrouille","13":"product_tag-clandestin","14":"product_tag-espresso","15":"product_tag-gel","16":"product_tag-grain","17":"product_tag-hours","18":"product_tag-levre","19":"product_tag-levres","20":"product_tag-liner","21":"product_tag-lip","22":"product_tag-lips","23":"product_tag-lipstick","24":"product_tag-maquillage","25":"product_tag-nude","26":"product_tag-nyx","27":"product_tag-petillantes","28":"product_tag-pumpkin","29":"product_tag-push","30":"product_tag-rouge","31":"product_tag-sexy","32":"product_tag-slim","33":"yith_product_brand-nyx","35":"first","36":"outofstock","37":"sale","38":"shipping-taxable","39":"purchasable","40":"product-type-simple"},"yoast_head":"<!-- This site is optimized with the Yoast SEO Premium plugin v20.8 (Yoast SEO v27.4) - https:\/\/yoast.com\/product\/yoast-seo-premium-wordpress\/ -->\n<title>Slim Lip Liner (Pumpkin) NYX cosm\u00e9tics - Lab\u00e9ma Cosmetics<\/title>\n<meta name=\"description\" content=\"D\u00e9couvrez Slim Lip Liner (Pumpkin) NYX cosm\u00e9tics, le crayon \u00e0 l\u00e8vres cr\u00e9meux qui s&#039;applique facilement. Dessinez vos l\u00e8vres sans effort.\" \/>\n<meta name=\"robots\" content=\"index, follow, max-snippet:-1, max-image-preview:large, max-video-preview:-1\" \/>\n<link rel=\"canonical\" href=\"https:\/\/labemacosmetics.com\/en\/product\/slim-lip-liner-pumpkin-citrouille\/\" \/>\n<meta property=\"og:locale\" content=\"en_GB\" \/>\n<meta property=\"og:type\" content=\"article\" \/>\n<meta property=\"og:title\" content=\"NYX Crayon \u00e0 L\u00e8vres - Pumpkin\" \/>\n<meta property=\"og:description\" content=\"D\u00e9couvrez Slim Lip Liner (Pumpkin) NYX cosm\u00e9tics, le crayon \u00e0 l\u00e8vres cr\u00e9meux qui s&#039;applique facilement. Dessinez vos l\u00e8vres sans effort.\" \/>\n<meta property=\"og:url\" content=\"https:\/\/labemacosmetics.com\/en\/product\/slim-lip-liner-pumpkin-citrouille\/\" \/>\n<meta property=\"og:site_name\" content=\"Lab&eacute;ma Cosmetics\" \/>\n<meta property=\"article:publisher\" content=\"http:\/\/www.facebook.com\/labemacosmetics\" \/>\n<meta property=\"article:modified_time\" content=\"2023-07-06T15:42:15+00:00\" \/>\n<meta property=\"og:image\" content=\"https:\/\/labemacosmetics.com\/wp-content\/uploads\/2017\/03\/Slim-Lip-liner-Pumpkin.png\" \/>\n\t<meta property=\"og:image:width\" content=\"600\" \/>\n\t<meta property=\"og:image:height\" content=\"726\" \/>\n\t<meta property=\"og:image:type\" content=\"image\/png\" \/>\n<meta name=\"twitter:card\" content=\"summary_large_image\" \/>\n<meta name=\"twitter:site\" content=\"@Labemasn\" \/>\n<meta name=\"twitter:label1\" content=\"Price\" \/>\n\t<meta name=\"twitter:data1\" content=\"1 500&nbsp;CFA\" \/>\n\t<meta name=\"twitter:label2\" content=\"Availability\" \/>\n\t<meta name=\"twitter:data2\" content=\"Out of stock\" \/>\n<script type=\"application\/ld+json\" class=\"yoast-schema-graph\">{\"@context\":\"https:\\\/\\\/schema.org\",\"@graph\":[{\"@type\":\"WebPage\",\"@id\":\"https:\\\/\\\/labemacosmetics.com\\\/produit\\\/slim-lip-liner-pumpkin-citrouille\\\/\",\"url\":\"https:\\\/\\\/labemacosmetics.com\\\/produit\\\/slim-lip-liner-pumpkin-citrouille\\\/\",\"name\":\"Slim Lip Liner (Pumpkin) NYX cosm\u00e9tics - Lab\u00e9ma Cosmetics\",\"isPartOf\":{\"@id\":\"https:\\\/\\\/labemacosmetics.com\\\/#website\"},\"primaryImageOfPage\":{\"@id\":\"https:\\\/\\\/labemacosmetics.com\\\/produit\\\/slim-lip-liner-pumpkin-citrouille\\\/#primaryimage\"},\"image\":{\"@id\":\"https:\\\/\\\/labemacosmetics.com\\\/produit\\\/slim-lip-liner-pumpkin-citrouille\\\/#primaryimage\"},\"thumbnailUrl\":\"https:\\\/\\\/labemacosmetics.com\\\/wp-content\\\/uploads\\\/2017\\\/03\\\/Slim-Lip-liner-Pumpkin.png\",\"datePublished\":\"2017-03-24T22:39:20+00:00\",\"dateModified\":\"2023-07-06T15:42:15+00:00\",\"description\":\"D\u00e9couvrez Slim Lip Liner (Pumpkin) NYX cosm\u00e9tics, le crayon \u00e0 l\u00e8vres cr\u00e9meux qui s'applique facilement. Dessinez vos l\u00e8vres sans effort.\",\"breadcrumb\":{\"@id\":\"https:\\\/\\\/labemacosmetics.com\\\/produit\\\/slim-lip-liner-pumpkin-citrouille\\\/#breadcrumb\"},\"inLanguage\":\"en-GB\",\"potentialAction\":[{\"@type\":\"ReadAction\",\"target\":[\"https:\\\/\\\/labemacosmetics.com\\\/produit\\\/slim-lip-liner-pumpkin-citrouille\\\/\"]}]},{\"@type\":\"ImageObject\",\"inLanguage\":\"en-GB\",\"@id\":\"https:\\\/\\\/labemacosmetics.com\\\/produit\\\/slim-lip-liner-pumpkin-citrouille\\\/#primaryimage\",\"url\":\"https:\\\/\\\/labemacosmetics.com\\\/wp-content\\\/uploads\\\/2017\\\/03\\\/Slim-Lip-liner-Pumpkin.png\",\"contentUrl\":\"https:\\\/\\\/labemacosmetics.com\\\/wp-content\\\/uploads\\\/2017\\\/03\\\/Slim-Lip-liner-Pumpkin.png\",\"width\":600,\"height\":726,\"caption\":\"Slim Lip Liner Pumpkin\"},{\"@type\":\"BreadcrumbList\",\"@id\":\"https:\\\/\\\/labemacosmetics.com\\\/produit\\\/slim-lip-liner-pumpkin-citrouille\\\/#breadcrumb\",\"itemListElement\":[{\"@type\":\"ListItem\",\"position\":1,\"name\":\"Accueil\",\"item\":\"https:\\\/\\\/labemacosmetics.com\\\/\"},{\"@type\":\"ListItem\",\"position\":2,\"name\":\"Produits\",\"item\":\"https:\\\/\\\/labemacosmetics.com\\\/shop\\\/\"},{\"@type\":\"ListItem\",\"position\":3,\"name\":\"NYX Crayon \u00e0 L\u00e8vres &#8211; Pumpkin\"}]},{\"@type\":\"WebSite\",\"@id\":\"https:\\\/\\\/labemacosmetics.com\\\/#website\",\"url\":\"https:\\\/\\\/labemacosmetics.com\\\/\",\"name\":\"Lab&eacute;ma Cosmetics\",\"description\":\"\",\"potentialAction\":[{\"@type\":\"SearchAction\",\"target\":{\"@type\":\"EntryPoint\",\"urlTemplate\":\"https:\\\/\\\/labemacosmetics.com\\\/?s={search_term_string}\"},\"query-input\":{\"@type\":\"PropertyValueSpecification\",\"valueRequired\":true,\"valueName\":\"search_term_string\"}}],\"inLanguage\":\"en-GB\"}]}<\/script>\n<meta property=\"product:brand\" content=\"Nyx\" \/>\n<meta property=\"product:price:amount\" content=\"1500\" \/>\n<meta property=\"product:price:currency\" content=\"XOF\" \/>\n<meta property=\"og:availability\" content=\"out of stock\" \/>\n<meta property=\"product:availability\" content=\"out of stock\" \/>\n<meta property=\"product:retailer_item_id\" content=\"NXSPL852\" \/>\n<meta property=\"product:condition\" content=\"new\" \/>\n<!-- \/ Yoast SEO Premium plugin. -->","yoast_head_json":{"title":"Slim Lip Liner (Pumpkin) NYX cosm\u00e9tics - Lab\u00e9ma Cosmetics","description":"D\u00e9couvrez Slim Lip Liner (Pumpkin) NYX cosm\u00e9tics, le crayon \u00e0 l\u00e8vres cr\u00e9meux qui s'applique facilement. Dessinez vos l\u00e8vres sans effort.","robots":{"index":"index","follow":"follow","max-snippet":"max-snippet:-1","max-image-preview":"max-image-preview:large","max-video-preview":"max-video-preview:-1"},"canonical":"https:\/\/labemacosmetics.com\/en\/product\/slim-lip-liner-pumpkin-citrouille\/","og_locale":"en_GB","og_type":"article","og_title":"NYX Crayon \u00e0 L\u00e8vres - Pumpkin","og_description":"D\u00e9couvrez Slim Lip Liner (Pumpkin) NYX cosm\u00e9tics, le crayon \u00e0 l\u00e8vres cr\u00e9meux qui s'applique facilement. Dessinez vos l\u00e8vres sans effort.","og_url":"https:\/\/labemacosmetics.com\/en\/product\/slim-lip-liner-pumpkin-citrouille\/","og_site_name":"Lab&eacute;ma Cosmetics","article_publisher":"http:\/\/www.facebook.com\/labemacosmetics","article_modified_time":"2023-07-06T15:42:15+00:00","og_image":[{"width":600,"height":726,"url":"https:\/\/labemacosmetics.com\/wp-content\/uploads\/2017\/03\/Slim-Lip-liner-Pumpkin.png","type":"image\/png"}],"twitter_card":"summary_large_image","twitter_site":"@Labemasn","twitter_misc":{"Price":"1 500&nbsp;CFA","Availability":"Out of stock"},"schema":{"@context":"https:\/\/schema.org","@graph":[{"@type":"WebPage","@id":"https:\/\/labemacosmetics.com\/produit\/slim-lip-liner-pumpkin-citrouille\/","url":"https:\/\/labemacosmetics.com\/produit\/slim-lip-liner-pumpkin-citrouille\/","name":"Slim Lip Liner (Pumpkin) NYX cosm\u00e9tics - Lab\u00e9ma Cosmetics","isPartOf":{"@id":"https:\/\/labemacosmetics.com\/#website"},"primaryImageOfPage":{"@id":"https:\/\/labemacosmetics.com\/produit\/slim-lip-liner-pumpkin-citrouille\/#primaryimage"},"image":{"@id":"https:\/\/labemacosmetics.com\/produit\/slim-lip-liner-pumpkin-citrouille\/#primaryimage"},"thumbnailUrl":"https:\/\/labemacosmetics.com\/wp-content\/uploads\/2017\/03\/Slim-Lip-liner-Pumpkin.png","datePublished":"2017-03-24T22:39:20+00:00","dateModified":"2023-07-06T15:42:15+00:00","description":"D\u00e9couvrez Slim Lip Liner (Pumpkin) NYX cosm\u00e9tics, le crayon \u00e0 l\u00e8vres cr\u00e9meux qui s'applique facilement. Dessinez vos l\u00e8vres sans effort.","breadcrumb":{"@id":"https:\/\/labemacosmetics.com\/produit\/slim-lip-liner-pumpkin-citrouille\/#breadcrumb"},"inLanguage":"en-GB","potentialAction":[{"@type":"ReadAction","target":["https:\/\/labemacosmetics.com\/produit\/slim-lip-liner-pumpkin-citrouille\/"]}]},{"@type":"ImageObject","inLanguage":"en-GB","@id":"https:\/\/labemacosmetics.com\/produit\/slim-lip-liner-pumpkin-citrouille\/#primaryimage","url":"https:\/\/labemacosmetics.com\/wp-content\/uploads\/2017\/03\/Slim-Lip-liner-Pumpkin.png","contentUrl":"https:\/\/labemacosmetics.com\/wp-content\/uploads\/2017\/03\/Slim-Lip-liner-Pumpkin.png","width":600,"height":726,"caption":"Slim Lip Liner Pumpkin"},{"@type":"BreadcrumbList","@id":"https:\/\/labemacosmetics.com\/produit\/slim-lip-liner-pumpkin-citrouille\/#breadcrumb","itemListElement":[{"@type":"ListItem","position":1,"name":"Accueil","item":"https:\/\/labemacosmetics.com\/"},{"@type":"ListItem","position":2,"name":"Produits","item":"https:\/\/labemacosmetics.com\/shop\/"},{"@type":"ListItem","position":3,"name":"NYX Crayon \u00e0 L\u00e8vres &#8211; Pumpkin"}]},{"@type":"WebSite","@id":"https:\/\/labemacosmetics.com\/#website","url":"https:\/\/labemacosmetics.com\/","name":"Lab&eacute;ma Cosmetics","description":"","potentialAction":[{"@type":"SearchAction","target":{"@type":"EntryPoint","urlTemplate":"https:\/\/labemacosmetics.com\/?s={search_term_string}"},"query-input":{"@type":"PropertyValueSpecification","valueRequired":true,"valueName":"search_term_string"}}],"inLanguage":"en-GB"}]},"product_brand":"Nyx","product_price_amount":"1500","product_price_currency":"XOF","og_availability":"out of stock","product_availability":"out of stock","product_retailer_item_id":"NXSPL852","product_condition":"new"},"_links":{"self":[{"href":"https:\/\/labemacosmetics.com\/en\/wp-json\/wp\/v2\/product\/2466","targetHints":{"allow":["GET"]}}],"collection":[{"href":"https:\/\/labemacosmetics.com\/en\/wp-json\/wp\/v2\/product"}],"about":[{"href":"https:\/\/labemacosmetics.com\/en\/wp-json\/wp\/v2\/types\/product"}],"replies":[{"embeddable":true,"href":"https:\/\/labemacosmetics.com\/en\/wp-json\/wp\/v2\/comments?post=2466"}],"version-history":[{"count":1,"href":"https:\/\/labemacosmetics.com\/en\/wp-json\/wp\/v2\/product\/2466\/revisions"}],"predecessor-version":[{"id":9351,"href":"https:\/\/labemacosmetics.com\/en\/wp-json\/wp\/v2\/product\/2466\/revisions\/9351"}],"wp:featuredmedia":[{"embeddable":true,"href":"https:\/\/labemacosmetics.com\/en\/wp-json\/wp\/v2\/media\/5672"}],"wp:attachment":[{"href":"https:\/\/labemacosmetics.com\/en\/wp-json\/wp\/v2\/media?parent=2466"}],"wp:term":[{"taxonomy":"product_brand","embeddable":true,"href":"https:\/\/labemacosmetics.com\/en\/wp-json\/wp\/v2\/product_brand?post=2466"},{"taxonomy":"product_cat","embeddable":true,"href":"https:\/\/labemacosmetics.com\/en\/wp-json\/wp\/v2\/product_cat?post=2466"},{"taxonomy":"product_tag","embeddable":true,"href":"https:\/\/labemacosmetics.com\/en\/wp-json\/wp\/v2\/product_tag?post=2466"}],"curies":[{"name":"wp","href":"https:\/\/api.w.org\/{rel}","templated":true}]}}