{"id":2458,"date":"2017-03-24T21:47:25","date_gmt":"2017-03-24T20:47:25","guid":{"rendered":"https:\/\/www.labemacosmetics.com\/shop\/all-categories\/maquillage\/plush-gel-lipstick-sacred-mix-melange-sacre\/"},"modified":"2023-05-21T14:50:19","modified_gmt":"2023-05-21T13:50:19","slug":"plush-gel-lipstick-sacred-mix","status":"publish","type":"product","link":"https:\/\/labemacosmetics.com\/en\/product\/plush-gel-lipstick-sacred-mix\/","title":{"rendered":"NYX Rouge \u00e0 L\u00e8vres Gel Lipstick &#8211; Sacred Mix"},"content":{"rendered":"<h6>description Plush Gel Lipstick (Sacred Mix)<\/h6>\n<p>Avec Plush Gel Lipstick (Sacred Mix) , mettez votre bouche en valeur d\u2019un coup de rouge \u00e0 l\u00e8vres soyeux. Disponible en 4 nuances absolument \u00e9clatantes, ce rouge \u00e0 l\u00e8vres est \u00e0 la fois ultra-doux et brillant comme un gloss. Ainsi j<span lang=\"fr\">ouez votre moue avec un coup soyeux du rouge \u00e0 l\u00e8vres en peluche de NYX Cosmetics. Alors disponible dans des nuances totalement vibrantes, cette lippie rassemble une sensation oh-so-douce et la brillance \u00e9lev\u00e9e d&rsquo;un lustre. Donc trempez les l\u00e8vres dans un lavage de couleur pour un look instantan\u00e9ment poli chaque fois que vous avez envie d&rsquo;une retouche rapide. Vous voulez une finition plus audacieuse? (Oui, s&rsquo;il vous pla\u00eet!) Un deuxi\u00e8me coup est deux fois plus agr\u00e9able. <\/span>Impr\u00e9gnez vos l\u00e8vres de couleur pour un look instantan\u00e9ment soign\u00e9.<br \/>\nEnvie d\u2019un fini plus audacieux ? Oh, oui ! Passez-le une deuxi\u00e8me fois sur vos l\u00e8vres pour deux fois plus de couleur.<\/p>\n<div id=\"titlediv\">\n<div class=\"inside\">\n<div id=\"edit-slug-box\" class=\"hide-if-no-js\"><\/div>\n<\/div>\n<\/div>\n<div id=\"postdivrich\" class=\"postarea wp-editor-expand\">\n<div id=\"wp-content-wrap\" class=\"wp-core-ui wp-editor-wrap tmce-active has-dfw\">\n<div id=\"wp-content-editor-tools\" class=\"wp-editor-tools hide-if-no-js\">\n<div id=\"wp-content-media-buttons\" class=\"wp-media-buttons\"><\/div>\n<\/div>\n<\/div>\n<\/div>\n<div class=\"wp-editor-tabs\"><\/div>","protected":false},"excerpt":{"rendered":"<p>Enfilez quelque chose de sexy avec Lip Lingerie After Hours \/ Bar Clandestin, le nouveau rouge \u00e0 l\u00e8vres liquide luxueux au somptueux fini mat. Il se d\u00e9cline dans une palette de teintes impr\u00e9gn\u00e9es de couleurs que nous connaissons et adorons d\u00e9j\u00e0.<\/p>","protected":false},"featured_media":5620,"comment_status":"closed","ping_status":"closed","template":"","meta":{"om_disable_all_campaigns":false,"_mi_skip_tracking":false,"_monsterinsights_sitenote_active":false,"_monsterinsights_sitenote_note":"","_monsterinsights_sitenote_category":0},"product_brand":[],"product_cat":[127,110,103,122],"product_tag":[208,209,210,211,167,257,298,242,258,158,195,213,147,159,214,135,178,236,299,215,216,217],"class_list":{"0":"post-2458","1":"product","2":"type-product","3":"status-publish","4":"has-post-thumbnail","6":"product_cat-boutique","7":"product_cat-levres","8":"product_cat-maquillage","9":"product_cat-rouge-a-levres","10":"product_tag-beige","11":"product_tag-bordure","12":"product_tag-brun","13":"product_tag-canelle","14":"product_tag-chocolat","15":"product_tag-clandestin","16":"product_tag-gel","17":"product_tag-grain","18":"product_tag-hours","19":"product_tag-levre","20":"product_tag-levres","21":"product_tag-lip","22":"product_tag-lips","23":"product_tag-lipstick","24":"product_tag-liquide","25":"product_tag-maquillage","26":"product_tag-nude","27":"product_tag-nyx","28":"product_tag-push","29":"product_tag-rouge","30":"product_tag-sexy","31":"product_tag-teinte","32":"yith_product_brand-nyx","34":"first","35":"instock","36":"sale","37":"shipping-taxable","38":"purchasable","39":"product-type-simple"},"yoast_head":"<!-- This site is optimized with the Yoast SEO Premium plugin v20.8 (Yoast SEO v27.4) - https:\/\/yoast.com\/product\/yoast-seo-premium-wordpress\/ -->\n<title>Plush Gel Lipstick (Sacred Mix) - Lab\u00e9ma Cosmetics<\/title>\n<meta name=\"description\" content=\"Mettez votre bouche en valeur avec le nouveau Plush Gel Lipstick (Sacred Mix) de NYX - un rouge \u00e0 l\u00e8vres tr\u00e8s brillant...\" \/>\n<meta name=\"robots\" content=\"index, follow, max-snippet:-1, max-image-preview:large, max-video-preview:-1\" \/>\n<link rel=\"canonical\" href=\"https:\/\/labemacosmetics.com\/en\/product\/plush-gel-lipstick-sacred-mix\/\" \/>\n<meta property=\"og:locale\" content=\"en_GB\" \/>\n<meta property=\"og:type\" content=\"article\" \/>\n<meta property=\"og:title\" content=\"NYX Rouge \u00e0 L\u00e8vres Gel Lipstick - Sacred Mix\" \/>\n<meta property=\"og:description\" content=\"Mettez votre bouche en valeur avec le nouveau Plush Gel Lipstick (Sacred Mix) de NYX - un rouge \u00e0 l\u00e8vres tr\u00e8s brillant...\" \/>\n<meta property=\"og:url\" content=\"https:\/\/labemacosmetics.com\/en\/product\/plush-gel-lipstick-sacred-mix\/\" \/>\n<meta property=\"og:site_name\" content=\"Lab&eacute;ma Cosmetics\" \/>\n<meta property=\"article:publisher\" content=\"http:\/\/www.facebook.com\/labemacosmetics\" \/>\n<meta property=\"article:modified_time\" content=\"2023-05-21T13:50:19+00:00\" \/>\n<meta property=\"og:image\" content=\"https:\/\/labemacosmetics.com\/wp-content\/uploads\/2017\/03\/Nyx_Lipstick_Sacred_Mix.png\" \/>\n\t<meta property=\"og:image:width\" content=\"600\" \/>\n\t<meta property=\"og:image:height\" content=\"726\" \/>\n\t<meta property=\"og:image:type\" content=\"image\/png\" \/>\n<meta name=\"twitter:card\" content=\"summary_large_image\" \/>\n<meta name=\"twitter:site\" content=\"@Labemasn\" \/>\n<meta name=\"twitter:label1\" content=\"Price\" \/>\n\t<meta name=\"twitter:data1\" content=\"4 000&nbsp;CFA\" \/>\n\t<meta name=\"twitter:label2\" content=\"Availability\" \/>\n\t<meta name=\"twitter:data2\" content=\"In stock\" \/>\n<script type=\"application\/ld+json\" class=\"yoast-schema-graph\">{\"@context\":\"https:\\\/\\\/schema.org\",\"@graph\":[{\"@type\":\"WebPage\",\"@id\":\"https:\\\/\\\/labemacosmetics.com\\\/en\\\/product\\\/plush-gel-lipstick-sacred-mix\\\/\",\"url\":\"https:\\\/\\\/labemacosmetics.com\\\/en\\\/product\\\/plush-gel-lipstick-sacred-mix\\\/\",\"name\":\"Plush Gel Lipstick (Sacred Mix) - Lab\u00e9ma Cosmetics\",\"isPartOf\":{\"@id\":\"https:\\\/\\\/labemacosmetics.com\\\/#website\"},\"primaryImageOfPage\":{\"@id\":\"https:\\\/\\\/labemacosmetics.com\\\/en\\\/product\\\/plush-gel-lipstick-sacred-mix\\\/#primaryimage\"},\"image\":{\"@id\":\"https:\\\/\\\/labemacosmetics.com\\\/en\\\/product\\\/plush-gel-lipstick-sacred-mix\\\/#primaryimage\"},\"thumbnailUrl\":\"https:\\\/\\\/labemacosmetics.com\\\/wp-content\\\/uploads\\\/2017\\\/03\\\/Nyx_Lipstick_Sacred_Mix.png\",\"datePublished\":\"2017-03-24T20:47:25+00:00\",\"dateModified\":\"2023-05-21T13:50:19+00:00\",\"description\":\"Mettez votre bouche en valeur avec le nouveau Plush Gel Lipstick (Sacred Mix) de NYX - un rouge \u00e0 l\u00e8vres tr\u00e8s brillant...\",\"breadcrumb\":{\"@id\":\"https:\\\/\\\/labemacosmetics.com\\\/en\\\/product\\\/plush-gel-lipstick-sacred-mix\\\/#breadcrumb\"},\"inLanguage\":\"en-GB\",\"potentialAction\":[{\"@type\":\"ReadAction\",\"target\":[\"https:\\\/\\\/labemacosmetics.com\\\/en\\\/product\\\/plush-gel-lipstick-sacred-mix\\\/\"]}]},{\"@type\":\"ImageObject\",\"inLanguage\":\"en-GB\",\"@id\":\"https:\\\/\\\/labemacosmetics.com\\\/en\\\/product\\\/plush-gel-lipstick-sacred-mix\\\/#primaryimage\",\"url\":\"https:\\\/\\\/labemacosmetics.com\\\/wp-content\\\/uploads\\\/2017\\\/03\\\/Nyx_Lipstick_Sacred_Mix.png\",\"contentUrl\":\"https:\\\/\\\/labemacosmetics.com\\\/wp-content\\\/uploads\\\/2017\\\/03\\\/Nyx_Lipstick_Sacred_Mix.png\",\"width\":600,\"height\":726,\"caption\":\"Nyx Lipstick Sacred Mix\"},{\"@type\":\"BreadcrumbList\",\"@id\":\"https:\\\/\\\/labemacosmetics.com\\\/en\\\/product\\\/plush-gel-lipstick-sacred-mix\\\/#breadcrumb\",\"itemListElement\":[{\"@type\":\"ListItem\",\"position\":1,\"name\":\"Accueil\",\"item\":\"https:\\\/\\\/labemacosmetics.com\\\/\"},{\"@type\":\"ListItem\",\"position\":2,\"name\":\"Produits\",\"item\":\"https:\\\/\\\/labemacosmetics.com\\\/shop\\\/\"},{\"@type\":\"ListItem\",\"position\":3,\"name\":\"NYX Rouge \u00e0 L\u00e8vres Gel Lipstick &#8211; Sacred Mix\"}]},{\"@type\":\"WebSite\",\"@id\":\"https:\\\/\\\/labemacosmetics.com\\\/#website\",\"url\":\"https:\\\/\\\/labemacosmetics.com\\\/\",\"name\":\"Lab&eacute;ma Cosmetics\",\"description\":\"\",\"potentialAction\":[{\"@type\":\"SearchAction\",\"target\":{\"@type\":\"EntryPoint\",\"urlTemplate\":\"https:\\\/\\\/labemacosmetics.com\\\/?s={search_term_string}\"},\"query-input\":{\"@type\":\"PropertyValueSpecification\",\"valueRequired\":true,\"valueName\":\"search_term_string\"}}],\"inLanguage\":\"en-GB\"}]}<\/script>\n<meta property=\"product:brand\" content=\"Nyx\" \/>\n<meta property=\"product:price:amount\" content=\"4000\" \/>\n<meta property=\"product:price:currency\" content=\"XOF\" \/>\n<meta property=\"og:availability\" content=\"instock\" \/>\n<meta property=\"product:availability\" content=\"instock\" \/>\n<meta property=\"product:retailer_item_id\" content=\"NXPGLS01\" \/>\n<meta property=\"product:condition\" content=\"new\" \/>\n<!-- \/ Yoast SEO Premium plugin. -->","yoast_head_json":{"title":"Plush Gel Lipstick (Sacred Mix) - Lab\u00e9ma Cosmetics","description":"Mettez votre bouche en valeur avec le nouveau Plush Gel Lipstick (Sacred Mix) de NYX - un rouge \u00e0 l\u00e8vres tr\u00e8s brillant...","robots":{"index":"index","follow":"follow","max-snippet":"max-snippet:-1","max-image-preview":"max-image-preview:large","max-video-preview":"max-video-preview:-1"},"canonical":"https:\/\/labemacosmetics.com\/en\/product\/plush-gel-lipstick-sacred-mix\/","og_locale":"en_GB","og_type":"article","og_title":"NYX Rouge \u00e0 L\u00e8vres Gel Lipstick - Sacred Mix","og_description":"Mettez votre bouche en valeur avec le nouveau Plush Gel Lipstick (Sacred Mix) de NYX - un rouge \u00e0 l\u00e8vres tr\u00e8s brillant...","og_url":"https:\/\/labemacosmetics.com\/en\/product\/plush-gel-lipstick-sacred-mix\/","og_site_name":"Lab&eacute;ma Cosmetics","article_publisher":"http:\/\/www.facebook.com\/labemacosmetics","article_modified_time":"2023-05-21T13:50:19+00:00","og_image":[{"width":600,"height":726,"url":"https:\/\/labemacosmetics.com\/wp-content\/uploads\/2017\/03\/Nyx_Lipstick_Sacred_Mix.png","type":"image\/png"}],"twitter_card":"summary_large_image","twitter_site":"@Labemasn","twitter_misc":{"Price":"4 000&nbsp;CFA","Availability":"In stock"},"schema":{"@context":"https:\/\/schema.org","@graph":[{"@type":"WebPage","@id":"https:\/\/labemacosmetics.com\/en\/product\/plush-gel-lipstick-sacred-mix\/","url":"https:\/\/labemacosmetics.com\/en\/product\/plush-gel-lipstick-sacred-mix\/","name":"Plush Gel Lipstick (Sacred Mix) - Lab\u00e9ma Cosmetics","isPartOf":{"@id":"https:\/\/labemacosmetics.com\/#website"},"primaryImageOfPage":{"@id":"https:\/\/labemacosmetics.com\/en\/product\/plush-gel-lipstick-sacred-mix\/#primaryimage"},"image":{"@id":"https:\/\/labemacosmetics.com\/en\/product\/plush-gel-lipstick-sacred-mix\/#primaryimage"},"thumbnailUrl":"https:\/\/labemacosmetics.com\/wp-content\/uploads\/2017\/03\/Nyx_Lipstick_Sacred_Mix.png","datePublished":"2017-03-24T20:47:25+00:00","dateModified":"2023-05-21T13:50:19+00:00","description":"Mettez votre bouche en valeur avec le nouveau Plush Gel Lipstick (Sacred Mix) de NYX - un rouge \u00e0 l\u00e8vres tr\u00e8s brillant...","breadcrumb":{"@id":"https:\/\/labemacosmetics.com\/en\/product\/plush-gel-lipstick-sacred-mix\/#breadcrumb"},"inLanguage":"en-GB","potentialAction":[{"@type":"ReadAction","target":["https:\/\/labemacosmetics.com\/en\/product\/plush-gel-lipstick-sacred-mix\/"]}]},{"@type":"ImageObject","inLanguage":"en-GB","@id":"https:\/\/labemacosmetics.com\/en\/product\/plush-gel-lipstick-sacred-mix\/#primaryimage","url":"https:\/\/labemacosmetics.com\/wp-content\/uploads\/2017\/03\/Nyx_Lipstick_Sacred_Mix.png","contentUrl":"https:\/\/labemacosmetics.com\/wp-content\/uploads\/2017\/03\/Nyx_Lipstick_Sacred_Mix.png","width":600,"height":726,"caption":"Nyx Lipstick Sacred Mix"},{"@type":"BreadcrumbList","@id":"https:\/\/labemacosmetics.com\/en\/product\/plush-gel-lipstick-sacred-mix\/#breadcrumb","itemListElement":[{"@type":"ListItem","position":1,"name":"Accueil","item":"https:\/\/labemacosmetics.com\/"},{"@type":"ListItem","position":2,"name":"Produits","item":"https:\/\/labemacosmetics.com\/shop\/"},{"@type":"ListItem","position":3,"name":"NYX Rouge \u00e0 L\u00e8vres Gel Lipstick &#8211; Sacred Mix"}]},{"@type":"WebSite","@id":"https:\/\/labemacosmetics.com\/#website","url":"https:\/\/labemacosmetics.com\/","name":"Lab&eacute;ma Cosmetics","description":"","potentialAction":[{"@type":"SearchAction","target":{"@type":"EntryPoint","urlTemplate":"https:\/\/labemacosmetics.com\/?s={search_term_string}"},"query-input":{"@type":"PropertyValueSpecification","valueRequired":true,"valueName":"search_term_string"}}],"inLanguage":"en-GB"}]},"product_brand":"Nyx","product_price_amount":"4000","product_price_currency":"XOF","og_availability":"instock","product_availability":"instock","product_retailer_item_id":"NXPGLS01","product_condition":"new"},"_links":{"self":[{"href":"https:\/\/labemacosmetics.com\/en\/wp-json\/wp\/v2\/product\/2458","targetHints":{"allow":["GET"]}}],"collection":[{"href":"https:\/\/labemacosmetics.com\/en\/wp-json\/wp\/v2\/product"}],"about":[{"href":"https:\/\/labemacosmetics.com\/en\/wp-json\/wp\/v2\/types\/product"}],"replies":[{"embeddable":true,"href":"https:\/\/labemacosmetics.com\/en\/wp-json\/wp\/v2\/comments?post=2458"}],"version-history":[{"count":0,"href":"https:\/\/labemacosmetics.com\/en\/wp-json\/wp\/v2\/product\/2458\/revisions"}],"wp:featuredmedia":[{"embeddable":true,"href":"https:\/\/labemacosmetics.com\/en\/wp-json\/wp\/v2\/media\/5620"}],"wp:attachment":[{"href":"https:\/\/labemacosmetics.com\/en\/wp-json\/wp\/v2\/media?parent=2458"}],"wp:term":[{"taxonomy":"product_brand","embeddable":true,"href":"https:\/\/labemacosmetics.com\/en\/wp-json\/wp\/v2\/product_brand?post=2458"},{"taxonomy":"product_cat","embeddable":true,"href":"https:\/\/labemacosmetics.com\/en\/wp-json\/wp\/v2\/product_cat?post=2458"},{"taxonomy":"product_tag","embeddable":true,"href":"https:\/\/labemacosmetics.com\/en\/wp-json\/wp\/v2\/product_tag?post=2458"}],"curies":[{"name":"wp","href":"https:\/\/api.w.org\/{rel}","templated":true}]}}