{"id":2443,"date":"2017-03-24T20:48:44","date_gmt":"2017-03-24T20:48:44","guid":{"rendered":"https:\/\/www.labemacosmetics.com\/shop\/all-categories\/maquillage\/radiant-fusion-baked-powder-cocoa\/"},"modified":"2025-03-25T22:01:05","modified_gmt":"2025-03-25T22:01:05","slug":"radiant-fusion-baked-powder-cocoa","status":"publish","type":"product","link":"https:\/\/labemacosmetics.com\/en\/product\/radiant-fusion-baked-powder-cocoa\/","title":{"rendered":"KIKO Poudre Radiant Fusion Cocoa 06"},"content":{"rendered":"<h6>RADIANT FUSION RADIANT FUSION BAKED POWDER cocoa<\/h6>\n<p>Poudre cuite min\u00e9rale au fini lumineux avec pigments micronis\u00e9s et extraits min\u00e9raux pr\u00e9cieux, pour une peau lisse et radieuse. Ainsi sa formule est enrichie en vitamine E et huile d&rsquo;argan aux propri\u00e9t\u00e9s nourrissantes et protectrices.\u00a0 Donc Lors de l&rsquo;application, la couleur glisse avec l\u00e9g\u00e8ret\u00e9 et s&rsquo;estompe tr\u00e8s facilement. Donc la texture est soyeuse et a\u00e9rienne. La formule cuite rehausse la puret\u00e9 des teintes, garantissant un rendu des couleurs homog\u00e8ne. La poudre se pr\u00e9sente dans un \u00e9crin moderne gris acier, portant le logo KK grav\u00e9 sur le couvercle. Et puis le bo\u00eetier \u00e0 fermeture magn\u00e9tique est \u00e9quip\u00e9 d&rsquo;un miroir int\u00e9rieur.<\/p>\n<p>Test\u00e9 sous contr\u00f4le dermatologique.<\/p>\n<p>Sans paraben.<\/p>\n<p>Non com\u00e9dog\u00e8ne.<\/p>","protected":false},"excerpt":{"rendered":"<p>RADIANT FUSION BAKED POWDER cocoa<br \/>\nPoudre cuite min\u00e9rale au fini lumineux avec pigments micronis\u00e9s et extraits min\u00e9raux pr\u00e9cieux, pour une peau lisse et radieuse. Sa formule est enrichie en vitamine E et huile d&rsquo;argan aux propri\u00e9t\u00e9s nourrissantes et protectrices.<\/p>","protected":false},"featured_media":2444,"comment_status":"closed","ping_status":"closed","template":"","meta":{"om_disable_all_campaigns":false,"_mi_skip_tracking":false,"_monsterinsights_sitenote_active":false,"_monsterinsights_sitenote_note":"","_monsterinsights_sitenote_category":0},"product_brand":[],"product_cat":[127,103,118,108],"product_tag":[289,290,286,291,287,284,288,140],"class_list":{"0":"post-2443","1":"product","2":"type-product","3":"status-publish","4":"has-post-thumbnail","6":"product_cat-boutique","7":"product_cat-maquillage","8":"product_cat-poudre","9":"product_cat-teint","10":"product_tag-baked","11":"product_tag-cocoa","12":"product_tag-colour-bronzer","13":"product_tag-fusion","14":"product_tag-harmonic","15":"product_tag-make-up","16":"product_tag-natural","17":"product_tag-poudre","18":"yith_product_brand-kiko","20":"first","21":"outofstock","22":"sale","23":"shipping-taxable","24":"purchasable","25":"product-type-simple"},"yoast_head":"<!-- This site is optimized with the Yoast SEO Premium plugin v20.8 (Yoast SEO v27.4) - https:\/\/yoast.com\/product\/yoast-seo-premium-wordpress\/ -->\n<title>RADIANT FUSION BAKED POWDER cocoa cuite<\/title>\n<meta name=\"description\" content=\"RADIANT FUSION BAKED POWDER cocoa. D\u00e9couvrez en ligne Radiant Fusion, la poudre compacte cuite de KIKO au rendu lumineux ..\" \/>\n<meta name=\"robots\" content=\"index, follow, max-snippet:-1, max-image-preview:large, max-video-preview:-1\" \/>\n<link rel=\"canonical\" href=\"https:\/\/labemacosmetics.com\/en\/product\/radiant-fusion-baked-powder-cocoa\/\" \/>\n<meta property=\"og:locale\" content=\"en_GB\" \/>\n<meta property=\"og:type\" content=\"article\" \/>\n<meta property=\"og:title\" content=\"KIKO Poudre Radiant Fusion Cocoa 06\" \/>\n<meta property=\"og:description\" content=\"RADIANT FUSION BAKED POWDER cocoa. D\u00e9couvrez en ligne Radiant Fusion, la poudre compacte cuite de KIKO au rendu lumineux ..\" \/>\n<meta property=\"og:url\" content=\"https:\/\/labemacosmetics.com\/en\/product\/radiant-fusion-baked-powder-cocoa\/\" \/>\n<meta property=\"og:site_name\" content=\"Lab&eacute;ma Cosmetics\" \/>\n<meta property=\"article:publisher\" content=\"http:\/\/www.facebook.com\/labemacosmetics\" \/>\n<meta property=\"article:modified_time\" content=\"2025-03-25T22:01:05+00:00\" \/>\n<meta property=\"og:image\" content=\"https:\/\/labemacosmetics.com\/wp-content\/uploads\/2017\/03\/KM0010300500633principale_390Wx390H-1.jpg\" \/>\n\t<meta property=\"og:image:width\" content=\"390\" \/>\n\t<meta property=\"og:image:height\" content=\"390\" \/>\n\t<meta property=\"og:image:type\" content=\"image\/jpeg\" \/>\n<meta name=\"twitter:card\" content=\"summary_large_image\" \/>\n<meta name=\"twitter:site\" content=\"@Labemasn\" \/>\n<meta name=\"twitter:label1\" content=\"Price\" \/>\n\t<meta name=\"twitter:data1\" content=\"10 000&nbsp;CFA\" \/>\n\t<meta name=\"twitter:label2\" content=\"Availability\" \/>\n\t<meta name=\"twitter:data2\" content=\"Out of stock\" \/>\n<script type=\"application\/ld+json\" class=\"yoast-schema-graph\">{\"@context\":\"https:\\\/\\\/schema.org\",\"@graph\":[{\"@type\":\"WebPage\",\"@id\":\"https:\\\/\\\/labemacosmetics.com\\\/en\\\/product\\\/radiant-fusion-baked-powder-cocoa\\\/\",\"url\":\"https:\\\/\\\/labemacosmetics.com\\\/en\\\/product\\\/radiant-fusion-baked-powder-cocoa\\\/\",\"name\":\"RADIANT FUSION BAKED POWDER cocoa cuite\",\"isPartOf\":{\"@id\":\"https:\\\/\\\/labemacosmetics.com\\\/#website\"},\"primaryImageOfPage\":{\"@id\":\"https:\\\/\\\/labemacosmetics.com\\\/en\\\/product\\\/radiant-fusion-baked-powder-cocoa\\\/#primaryimage\"},\"image\":{\"@id\":\"https:\\\/\\\/labemacosmetics.com\\\/en\\\/product\\\/radiant-fusion-baked-powder-cocoa\\\/#primaryimage\"},\"thumbnailUrl\":\"https:\\\/\\\/labemacosmetics.com\\\/wp-content\\\/uploads\\\/2017\\\/03\\\/KM0010300500633principale_390Wx390H-1.jpg\",\"datePublished\":\"2017-03-24T20:48:44+00:00\",\"dateModified\":\"2025-03-25T22:01:05+00:00\",\"description\":\"RADIANT FUSION BAKED POWDER cocoa. D\u00e9couvrez en ligne Radiant Fusion, la poudre compacte cuite de KIKO au rendu lumineux ..\",\"breadcrumb\":{\"@id\":\"https:\\\/\\\/labemacosmetics.com\\\/en\\\/product\\\/radiant-fusion-baked-powder-cocoa\\\/#breadcrumb\"},\"inLanguage\":\"en-GB\",\"potentialAction\":[{\"@type\":\"ReadAction\",\"target\":[\"https:\\\/\\\/labemacosmetics.com\\\/en\\\/product\\\/radiant-fusion-baked-powder-cocoa\\\/\"]}]},{\"@type\":\"ImageObject\",\"inLanguage\":\"en-GB\",\"@id\":\"https:\\\/\\\/labemacosmetics.com\\\/en\\\/product\\\/radiant-fusion-baked-powder-cocoa\\\/#primaryimage\",\"url\":\"https:\\\/\\\/labemacosmetics.com\\\/wp-content\\\/uploads\\\/2017\\\/03\\\/KM0010300500633principale_390Wx390H-1.jpg\",\"contentUrl\":\"https:\\\/\\\/labemacosmetics.com\\\/wp-content\\\/uploads\\\/2017\\\/03\\\/KM0010300500633principale_390Wx390H-1.jpg\",\"width\":390,\"height\":390,\"caption\":\"RADIANT FUSION Baked powder 06\"},{\"@type\":\"BreadcrumbList\",\"@id\":\"https:\\\/\\\/labemacosmetics.com\\\/en\\\/product\\\/radiant-fusion-baked-powder-cocoa\\\/#breadcrumb\",\"itemListElement\":[{\"@type\":\"ListItem\",\"position\":1,\"name\":\"Accueil\",\"item\":\"https:\\\/\\\/labemacosmetics.com\\\/\"},{\"@type\":\"ListItem\",\"position\":2,\"name\":\"Produits\",\"item\":\"https:\\\/\\\/labemacosmetics.com\\\/shop\\\/\"},{\"@type\":\"ListItem\",\"position\":3,\"name\":\"KIKO Poudre Radiant Fusion Cocoa 06\"}]},{\"@type\":\"WebSite\",\"@id\":\"https:\\\/\\\/labemacosmetics.com\\\/#website\",\"url\":\"https:\\\/\\\/labemacosmetics.com\\\/\",\"name\":\"Lab&eacute;ma Cosmetics\",\"description\":\"\",\"potentialAction\":[{\"@type\":\"SearchAction\",\"target\":{\"@type\":\"EntryPoint\",\"urlTemplate\":\"https:\\\/\\\/labemacosmetics.com\\\/?s={search_term_string}\"},\"query-input\":{\"@type\":\"PropertyValueSpecification\",\"valueRequired\":true,\"valueName\":\"search_term_string\"}}],\"inLanguage\":\"en-GB\"}]}<\/script>\n<meta property=\"product:brand\" content=\"Kiko\" \/>\n<meta property=\"product:price:amount\" content=\"10000\" \/>\n<meta property=\"product:price:currency\" content=\"XOF\" \/>\n<meta property=\"og:availability\" content=\"out of stock\" \/>\n<meta property=\"product:availability\" content=\"out of stock\" \/>\n<meta property=\"product:retailer_item_id\" content=\"KM53485019\" \/>\n<meta property=\"product:condition\" content=\"new\" \/>\n<!-- \/ Yoast SEO Premium plugin. -->","yoast_head_json":{"title":"RADIANT FUSION BAKED POWDER cocoa cuite","description":"RADIANT FUSION BAKED POWDER cocoa. D\u00e9couvrez en ligne Radiant Fusion, la poudre compacte cuite de KIKO au rendu lumineux ..","robots":{"index":"index","follow":"follow","max-snippet":"max-snippet:-1","max-image-preview":"max-image-preview:large","max-video-preview":"max-video-preview:-1"},"canonical":"https:\/\/labemacosmetics.com\/en\/product\/radiant-fusion-baked-powder-cocoa\/","og_locale":"en_GB","og_type":"article","og_title":"KIKO Poudre Radiant Fusion Cocoa 06","og_description":"RADIANT FUSION BAKED POWDER cocoa. D\u00e9couvrez en ligne Radiant Fusion, la poudre compacte cuite de KIKO au rendu lumineux ..","og_url":"https:\/\/labemacosmetics.com\/en\/product\/radiant-fusion-baked-powder-cocoa\/","og_site_name":"Lab&eacute;ma Cosmetics","article_publisher":"http:\/\/www.facebook.com\/labemacosmetics","article_modified_time":"2025-03-25T22:01:05+00:00","og_image":[{"width":390,"height":390,"url":"https:\/\/labemacosmetics.com\/wp-content\/uploads\/2017\/03\/KM0010300500633principale_390Wx390H-1.jpg","type":"image\/jpeg"}],"twitter_card":"summary_large_image","twitter_site":"@Labemasn","twitter_misc":{"Price":"10 000&nbsp;CFA","Availability":"Out of stock"},"schema":{"@context":"https:\/\/schema.org","@graph":[{"@type":"WebPage","@id":"https:\/\/labemacosmetics.com\/en\/product\/radiant-fusion-baked-powder-cocoa\/","url":"https:\/\/labemacosmetics.com\/en\/product\/radiant-fusion-baked-powder-cocoa\/","name":"RADIANT FUSION BAKED POWDER cocoa cuite","isPartOf":{"@id":"https:\/\/labemacosmetics.com\/#website"},"primaryImageOfPage":{"@id":"https:\/\/labemacosmetics.com\/en\/product\/radiant-fusion-baked-powder-cocoa\/#primaryimage"},"image":{"@id":"https:\/\/labemacosmetics.com\/en\/product\/radiant-fusion-baked-powder-cocoa\/#primaryimage"},"thumbnailUrl":"https:\/\/labemacosmetics.com\/wp-content\/uploads\/2017\/03\/KM0010300500633principale_390Wx390H-1.jpg","datePublished":"2017-03-24T20:48:44+00:00","dateModified":"2025-03-25T22:01:05+00:00","description":"RADIANT FUSION BAKED POWDER cocoa. D\u00e9couvrez en ligne Radiant Fusion, la poudre compacte cuite de KIKO au rendu lumineux ..","breadcrumb":{"@id":"https:\/\/labemacosmetics.com\/en\/product\/radiant-fusion-baked-powder-cocoa\/#breadcrumb"},"inLanguage":"en-GB","potentialAction":[{"@type":"ReadAction","target":["https:\/\/labemacosmetics.com\/en\/product\/radiant-fusion-baked-powder-cocoa\/"]}]},{"@type":"ImageObject","inLanguage":"en-GB","@id":"https:\/\/labemacosmetics.com\/en\/product\/radiant-fusion-baked-powder-cocoa\/#primaryimage","url":"https:\/\/labemacosmetics.com\/wp-content\/uploads\/2017\/03\/KM0010300500633principale_390Wx390H-1.jpg","contentUrl":"https:\/\/labemacosmetics.com\/wp-content\/uploads\/2017\/03\/KM0010300500633principale_390Wx390H-1.jpg","width":390,"height":390,"caption":"RADIANT FUSION Baked powder 06"},{"@type":"BreadcrumbList","@id":"https:\/\/labemacosmetics.com\/en\/product\/radiant-fusion-baked-powder-cocoa\/#breadcrumb","itemListElement":[{"@type":"ListItem","position":1,"name":"Accueil","item":"https:\/\/labemacosmetics.com\/"},{"@type":"ListItem","position":2,"name":"Produits","item":"https:\/\/labemacosmetics.com\/shop\/"},{"@type":"ListItem","position":3,"name":"KIKO Poudre Radiant Fusion Cocoa 06"}]},{"@type":"WebSite","@id":"https:\/\/labemacosmetics.com\/#website","url":"https:\/\/labemacosmetics.com\/","name":"Lab&eacute;ma Cosmetics","description":"","potentialAction":[{"@type":"SearchAction","target":{"@type":"EntryPoint","urlTemplate":"https:\/\/labemacosmetics.com\/?s={search_term_string}"},"query-input":{"@type":"PropertyValueSpecification","valueRequired":true,"valueName":"search_term_string"}}],"inLanguage":"en-GB"}]},"product_brand":"Kiko","product_price_amount":"10000","product_price_currency":"XOF","og_availability":"out of stock","product_availability":"out of stock","product_retailer_item_id":"KM53485019","product_condition":"new"},"_links":{"self":[{"href":"https:\/\/labemacosmetics.com\/en\/wp-json\/wp\/v2\/product\/2443","targetHints":{"allow":["GET"]}}],"collection":[{"href":"https:\/\/labemacosmetics.com\/en\/wp-json\/wp\/v2\/product"}],"about":[{"href":"https:\/\/labemacosmetics.com\/en\/wp-json\/wp\/v2\/types\/product"}],"replies":[{"embeddable":true,"href":"https:\/\/labemacosmetics.com\/en\/wp-json\/wp\/v2\/comments?post=2443"}],"version-history":[{"count":1,"href":"https:\/\/labemacosmetics.com\/en\/wp-json\/wp\/v2\/product\/2443\/revisions"}],"predecessor-version":[{"id":9057,"href":"https:\/\/labemacosmetics.com\/en\/wp-json\/wp\/v2\/product\/2443\/revisions\/9057"}],"wp:featuredmedia":[{"embeddable":true,"href":"https:\/\/labemacosmetics.com\/en\/wp-json\/wp\/v2\/media\/2444"}],"wp:attachment":[{"href":"https:\/\/labemacosmetics.com\/en\/wp-json\/wp\/v2\/media?parent=2443"}],"wp:term":[{"taxonomy":"product_brand","embeddable":true,"href":"https:\/\/labemacosmetics.com\/en\/wp-json\/wp\/v2\/product_brand?post=2443"},{"taxonomy":"product_cat","embeddable":true,"href":"https:\/\/labemacosmetics.com\/en\/wp-json\/wp\/v2\/product_cat?post=2443"},{"taxonomy":"product_tag","embeddable":true,"href":"https:\/\/labemacosmetics.com\/en\/wp-json\/wp\/v2\/product_tag?post=2443"}],"curies":[{"name":"wp","href":"https:\/\/api.w.org\/{rel}","templated":true}]}}