{"id":2437,"date":"2017-03-24T20:27:21","date_gmt":"2017-03-24T20:27:21","guid":{"rendered":"https:\/\/www.labemacosmetics.com\/shop\/all-categories\/maquillage\/smart-eye-pencil-808-indigo-blue\/"},"modified":"2025-04-10T03:25:38","modified_gmt":"2025-04-10T02:25:38","slug":"smart-eye-pencil-blue-808-indigo-blue","status":"publish","type":"product","link":"https:\/\/labemacosmetics.com\/en\/product\/smart-eye-pencil-blue-808-indigo-blue\/","title":{"rendered":"KIKO Crayon Smart Eye pencil 808 Indigo Blue"},"content":{"rendered":"<h6>description Smart Eye Pencil Blue<\/h6>\n<p>Smart Eye Pencil Blue est un Crayon contour des yeux en bois. Ainsi Sa texture cr\u00e9meuse et agr\u00e9able garantit un trait intense tr\u00e8s couvrant et facile \u00e0 estomper. Donc Gr\u00e2ce \u00e0 la composition innovante de sa mine.Alors Smart Eye Pencil permet de dessiner des traits fins, pr\u00e9cis et longue tenue. Ainsi Sa mine tendre glisse facilement le long de la racine des cils.<br \/>\nTr\u00e8s facile \u00e0 estomper, ce crayon est parfait pour cr\u00e9er un look frais et color\u00e9. R\u00e9sultat : Les teintes brillantes illuminent le regard pour un look p\u00e9tillant et facile \u00e0 cr\u00e9er. Le trait reste fid\u00e8le longtemps.<br \/>\nSans parab\u00e8nes.<br \/>\nDisponible en 16 couleurs.<\/p>\n<p>Test\u00e9 ophtalmologiquement.<\/p>\n<p>Sans parab\u00e8nes.<\/p>","protected":false},"excerpt":{"rendered":"<p>Crayon contour des yeux en bois.<\/p>\n<p>Sa texture cr\u00e9meuse et agr\u00e9able garantit un trait intense tr\u00e8s couvrant et facile \u00e0 estomper.<\/p>","protected":false},"featured_media":2438,"comment_status":"open","ping_status":"closed","template":"","meta":{"om_disable_all_campaigns":false,"_mi_skip_tracking":false,"_monsterinsights_sitenote_active":false,"_monsterinsights_sitenote_note":"","_monsterinsights_sitenote_category":0},"product_brand":[],"product_cat":[127,112,103,109],"product_tag":[280,281,282,283,284,135,285,162],"class_list":{"0":"post-2437","1":"product","2":"type-product","3":"status-publish","4":"has-post-thumbnail","6":"product_cat-boutique","7":"product_cat-crayons","8":"product_cat-maquillage","9":"product_cat-yeux","10":"product_tag-eye","11":"product_tag-eye-pencil","12":"product_tag-eye-pencil-indigo","13":"product_tag-indigo","14":"product_tag-make-up","15":"product_tag-maquillage","16":"product_tag-smart-pencil","17":"product_tag-yeux","18":"yith_product_brand-kiko","20":"first","21":"instock","22":"shipping-taxable","23":"purchasable","24":"product-type-simple"},"yoast_head":"<!-- This site is optimized with the Yoast SEO Premium plugin v20.8 (Yoast SEO v27.4) - https:\/\/yoast.com\/product\/yoast-seo-premium-wordpress\/ -->\n<title>Crayon KIKO contour des yeux : Smart Eye Pencil Blue<\/title>\n<meta name=\"description\" content=\"Smart Eye Pencil Blue. Un crayon yeux qui ombre le contour de l&#039;\u0153il d&#039;une couleur intense, facile \u00e0 travailler avec une gomme ...\" \/>\n<meta name=\"robots\" content=\"index, follow, max-snippet:-1, max-image-preview:large, max-video-preview:-1\" \/>\n<link rel=\"canonical\" href=\"https:\/\/labemacosmetics.com\/en\/product\/smart-eye-pencil-blue-808-indigo-blue\/\" \/>\n<meta property=\"og:locale\" content=\"en_GB\" \/>\n<meta property=\"og:type\" content=\"article\" \/>\n<meta property=\"og:title\" content=\"KIKO Crayon Smart Eye pencil 808 Indigo Blue\" \/>\n<meta property=\"og:description\" content=\"Smart Eye Pencil Blue. Un crayon yeux qui ombre le contour de l&#039;\u0153il d&#039;une couleur intense, facile \u00e0 travailler avec une gomme ...\" \/>\n<meta property=\"og:url\" content=\"https:\/\/labemacosmetics.com\/en\/product\/smart-eye-pencil-blue-808-indigo-blue\/\" \/>\n<meta property=\"og:site_name\" content=\"Lab&eacute;ma Cosmetics\" \/>\n<meta property=\"article:publisher\" content=\"http:\/\/www.facebook.com\/labemacosmetics\" \/>\n<meta property=\"article:modified_time\" content=\"2025-04-10T02:25:38+00:00\" \/>\n<meta property=\"og:image\" content=\"https:\/\/labemacosmetics.com\/wp-content\/uploads\/2017\/03\/KM0030301580921principale_390Wx390H-1.jpg\" \/>\n\t<meta property=\"og:image:width\" content=\"390\" \/>\n\t<meta property=\"og:image:height\" content=\"390\" \/>\n\t<meta property=\"og:image:type\" content=\"image\/jpeg\" \/>\n<meta name=\"twitter:card\" content=\"summary_large_image\" \/>\n<meta name=\"twitter:site\" content=\"@Labemasn\" \/>\n<meta name=\"twitter:label1\" content=\"Price\" \/>\n\t<meta name=\"twitter:data1\" content=\"2 500&nbsp;CFA\" \/>\n\t<meta name=\"twitter:label2\" content=\"Availability\" \/>\n\t<meta name=\"twitter:data2\" content=\"In stock\" \/>\n<script type=\"application\/ld+json\" class=\"yoast-schema-graph\">{\"@context\":\"https:\\\/\\\/schema.org\",\"@graph\":[{\"@type\":\"WebPage\",\"@id\":\"https:\\\/\\\/labemacosmetics.com\\\/produit\\\/smart-eye-pencil-blue-808-indigo-blue\\\/\",\"url\":\"https:\\\/\\\/labemacosmetics.com\\\/produit\\\/smart-eye-pencil-blue-808-indigo-blue\\\/\",\"name\":\"Crayon KIKO contour des yeux : Smart Eye Pencil Blue\",\"isPartOf\":{\"@id\":\"https:\\\/\\\/labemacosmetics.com\\\/#website\"},\"primaryImageOfPage\":{\"@id\":\"https:\\\/\\\/labemacosmetics.com\\\/produit\\\/smart-eye-pencil-blue-808-indigo-blue\\\/#primaryimage\"},\"image\":{\"@id\":\"https:\\\/\\\/labemacosmetics.com\\\/produit\\\/smart-eye-pencil-blue-808-indigo-blue\\\/#primaryimage\"},\"thumbnailUrl\":\"https:\\\/\\\/labemacosmetics.com\\\/wp-content\\\/uploads\\\/2017\\\/03\\\/KM0030301580921principale_390Wx390H-1.jpg\",\"datePublished\":\"2017-03-24T20:27:21+00:00\",\"dateModified\":\"2025-04-10T02:25:38+00:00\",\"description\":\"Smart Eye Pencil Blue. Un crayon yeux qui ombre le contour de l'\u0153il d'une couleur intense, facile \u00e0 travailler avec une gomme ...\",\"breadcrumb\":{\"@id\":\"https:\\\/\\\/labemacosmetics.com\\\/produit\\\/smart-eye-pencil-blue-808-indigo-blue\\\/#breadcrumb\"},\"inLanguage\":\"en-GB\",\"potentialAction\":[{\"@type\":\"ReadAction\",\"target\":[\"https:\\\/\\\/labemacosmetics.com\\\/produit\\\/smart-eye-pencil-blue-808-indigo-blue\\\/\"]}]},{\"@type\":\"ImageObject\",\"inLanguage\":\"en-GB\",\"@id\":\"https:\\\/\\\/labemacosmetics.com\\\/produit\\\/smart-eye-pencil-blue-808-indigo-blue\\\/#primaryimage\",\"url\":\"https:\\\/\\\/labemacosmetics.com\\\/wp-content\\\/uploads\\\/2017\\\/03\\\/KM0030301580921principale_390Wx390H-1.jpg\",\"contentUrl\":\"https:\\\/\\\/labemacosmetics.com\\\/wp-content\\\/uploads\\\/2017\\\/03\\\/KM0030301580921principale_390Wx390H-1.jpg\",\"width\":390,\"height\":390,\"caption\":\"SMART EYE PENCIL 809\"},{\"@type\":\"BreadcrumbList\",\"@id\":\"https:\\\/\\\/labemacosmetics.com\\\/produit\\\/smart-eye-pencil-blue-808-indigo-blue\\\/#breadcrumb\",\"itemListElement\":[{\"@type\":\"ListItem\",\"position\":1,\"name\":\"Accueil\",\"item\":\"https:\\\/\\\/labemacosmetics.com\\\/\"},{\"@type\":\"ListItem\",\"position\":2,\"name\":\"Produits\",\"item\":\"https:\\\/\\\/labemacosmetics.com\\\/shop\\\/\"},{\"@type\":\"ListItem\",\"position\":3,\"name\":\"KIKO Crayon Smart Eye pencil 808 Indigo Blue\"}]},{\"@type\":\"WebSite\",\"@id\":\"https:\\\/\\\/labemacosmetics.com\\\/#website\",\"url\":\"https:\\\/\\\/labemacosmetics.com\\\/\",\"name\":\"Lab&eacute;ma Cosmetics\",\"description\":\"\",\"potentialAction\":[{\"@type\":\"SearchAction\",\"target\":{\"@type\":\"EntryPoint\",\"urlTemplate\":\"https:\\\/\\\/labemacosmetics.com\\\/?s={search_term_string}\"},\"query-input\":{\"@type\":\"PropertyValueSpecification\",\"valueRequired\":true,\"valueName\":\"search_term_string\"}}],\"inLanguage\":\"en-GB\"}]}<\/script>\n<meta property=\"product:brand\" content=\"Kiko\" \/>\n<meta property=\"product:price:amount\" content=\"2500\" \/>\n<meta property=\"product:price:currency\" content=\"XOF\" \/>\n<meta property=\"og:availability\" content=\"instock\" \/>\n<meta property=\"product:availability\" content=\"instock\" \/>\n<meta property=\"product:retailer_item_id\" content=\"KM50321\" \/>\n<meta property=\"product:condition\" content=\"new\" \/>\n<!-- \/ Yoast SEO Premium plugin. -->","yoast_head_json":{"title":"Crayon KIKO contour des yeux : Smart Eye Pencil Blue","description":"Smart Eye Pencil Blue. Un crayon yeux qui ombre le contour de l'\u0153il d'une couleur intense, facile \u00e0 travailler avec une gomme ...","robots":{"index":"index","follow":"follow","max-snippet":"max-snippet:-1","max-image-preview":"max-image-preview:large","max-video-preview":"max-video-preview:-1"},"canonical":"https:\/\/labemacosmetics.com\/en\/product\/smart-eye-pencil-blue-808-indigo-blue\/","og_locale":"en_GB","og_type":"article","og_title":"KIKO Crayon Smart Eye pencil 808 Indigo Blue","og_description":"Smart Eye Pencil Blue. Un crayon yeux qui ombre le contour de l'\u0153il d'une couleur intense, facile \u00e0 travailler avec une gomme ...","og_url":"https:\/\/labemacosmetics.com\/en\/product\/smart-eye-pencil-blue-808-indigo-blue\/","og_site_name":"Lab&eacute;ma Cosmetics","article_publisher":"http:\/\/www.facebook.com\/labemacosmetics","article_modified_time":"2025-04-10T02:25:38+00:00","og_image":[{"width":390,"height":390,"url":"https:\/\/labemacosmetics.com\/wp-content\/uploads\/2017\/03\/KM0030301580921principale_390Wx390H-1.jpg","type":"image\/jpeg"}],"twitter_card":"summary_large_image","twitter_site":"@Labemasn","twitter_misc":{"Price":"2 500&nbsp;CFA","Availability":"In stock"},"schema":{"@context":"https:\/\/schema.org","@graph":[{"@type":"WebPage","@id":"https:\/\/labemacosmetics.com\/produit\/smart-eye-pencil-blue-808-indigo-blue\/","url":"https:\/\/labemacosmetics.com\/produit\/smart-eye-pencil-blue-808-indigo-blue\/","name":"Crayon KIKO contour des yeux : Smart Eye Pencil Blue","isPartOf":{"@id":"https:\/\/labemacosmetics.com\/#website"},"primaryImageOfPage":{"@id":"https:\/\/labemacosmetics.com\/produit\/smart-eye-pencil-blue-808-indigo-blue\/#primaryimage"},"image":{"@id":"https:\/\/labemacosmetics.com\/produit\/smart-eye-pencil-blue-808-indigo-blue\/#primaryimage"},"thumbnailUrl":"https:\/\/labemacosmetics.com\/wp-content\/uploads\/2017\/03\/KM0030301580921principale_390Wx390H-1.jpg","datePublished":"2017-03-24T20:27:21+00:00","dateModified":"2025-04-10T02:25:38+00:00","description":"Smart Eye Pencil Blue. Un crayon yeux qui ombre le contour de l'\u0153il d'une couleur intense, facile \u00e0 travailler avec une gomme ...","breadcrumb":{"@id":"https:\/\/labemacosmetics.com\/produit\/smart-eye-pencil-blue-808-indigo-blue\/#breadcrumb"},"inLanguage":"en-GB","potentialAction":[{"@type":"ReadAction","target":["https:\/\/labemacosmetics.com\/produit\/smart-eye-pencil-blue-808-indigo-blue\/"]}]},{"@type":"ImageObject","inLanguage":"en-GB","@id":"https:\/\/labemacosmetics.com\/produit\/smart-eye-pencil-blue-808-indigo-blue\/#primaryimage","url":"https:\/\/labemacosmetics.com\/wp-content\/uploads\/2017\/03\/KM0030301580921principale_390Wx390H-1.jpg","contentUrl":"https:\/\/labemacosmetics.com\/wp-content\/uploads\/2017\/03\/KM0030301580921principale_390Wx390H-1.jpg","width":390,"height":390,"caption":"SMART EYE PENCIL 809"},{"@type":"BreadcrumbList","@id":"https:\/\/labemacosmetics.com\/produit\/smart-eye-pencil-blue-808-indigo-blue\/#breadcrumb","itemListElement":[{"@type":"ListItem","position":1,"name":"Accueil","item":"https:\/\/labemacosmetics.com\/"},{"@type":"ListItem","position":2,"name":"Produits","item":"https:\/\/labemacosmetics.com\/shop\/"},{"@type":"ListItem","position":3,"name":"KIKO Crayon Smart Eye pencil 808 Indigo Blue"}]},{"@type":"WebSite","@id":"https:\/\/labemacosmetics.com\/#website","url":"https:\/\/labemacosmetics.com\/","name":"Lab&eacute;ma Cosmetics","description":"","potentialAction":[{"@type":"SearchAction","target":{"@type":"EntryPoint","urlTemplate":"https:\/\/labemacosmetics.com\/?s={search_term_string}"},"query-input":{"@type":"PropertyValueSpecification","valueRequired":true,"valueName":"search_term_string"}}],"inLanguage":"en-GB"}]},"product_brand":"Kiko","product_price_amount":"2500","product_price_currency":"XOF","og_availability":"instock","product_availability":"instock","product_retailer_item_id":"KM50321","product_condition":"new"},"_links":{"self":[{"href":"https:\/\/labemacosmetics.com\/en\/wp-json\/wp\/v2\/product\/2437","targetHints":{"allow":["GET"]}}],"collection":[{"href":"https:\/\/labemacosmetics.com\/en\/wp-json\/wp\/v2\/product"}],"about":[{"href":"https:\/\/labemacosmetics.com\/en\/wp-json\/wp\/v2\/types\/product"}],"replies":[{"embeddable":true,"href":"https:\/\/labemacosmetics.com\/en\/wp-json\/wp\/v2\/comments?post=2437"}],"version-history":[{"count":0,"href":"https:\/\/labemacosmetics.com\/en\/wp-json\/wp\/v2\/product\/2437\/revisions"}],"wp:featuredmedia":[{"embeddable":true,"href":"https:\/\/labemacosmetics.com\/en\/wp-json\/wp\/v2\/media\/2438"}],"wp:attachment":[{"href":"https:\/\/labemacosmetics.com\/en\/wp-json\/wp\/v2\/media?parent=2437"}],"wp:term":[{"taxonomy":"product_brand","embeddable":true,"href":"https:\/\/labemacosmetics.com\/en\/wp-json\/wp\/v2\/product_brand?post=2437"},{"taxonomy":"product_cat","embeddable":true,"href":"https:\/\/labemacosmetics.com\/en\/wp-json\/wp\/v2\/product_cat?post=2437"},{"taxonomy":"product_tag","embeddable":true,"href":"https:\/\/labemacosmetics.com\/en\/wp-json\/wp\/v2\/product_tag?post=2437"}],"curies":[{"name":"wp","href":"https:\/\/api.w.org\/{rel}","templated":true}]}}