{"id":115,"date":"2013-06-07T11:27:38","date_gmt":"2013-06-07T10:27:38","guid":{"rendered":"http:\/\/demo2.woothemes.com\/woocommerce\/?post_type=product&#038;p=73"},"modified":"2023-08-04T10:10:03","modified_gmt":"2023-08-04T09:10:03","slug":"kiko-mate-face-base","status":"publish","type":"product","link":"https:\/\/labemacosmetics.com\/en\/product\/kiko-mate-face-base\/","title":{"rendered":"KIKO Base de Teint Matifiante"},"content":{"rendered":"<h6>Description de la base de teint matte absorbante<\/h6>\n<p>Kiko Mate Face Base de teint matifiante et unifiante. La Poudre matte absorbante est id\u00e9ale pour les peaux mixtes \u00e0 grasses qui ont tendance \u00e0 briller au cours de la journ\u00e9e.Ainsi sa formule contient des poudres absorbantes \u00e0 action soft focus aidant \u00e0 camoufler les imperfections de votre peau et les zones brillantes de votre visage. Alors am\u00e9liore l\u2019application et la tenue du fond de teint. Sa texture transparente p\u00e9n\u00e8tre aussi\u00a0 facilement et apporte \u00e0 votre teint un aspect mat lisse longue dur\u00e9e. Le produit se dose en toute simplicit\u00e9 gr\u00e2ce au tube pratique \u00e9quip\u00e9 d\u2019un embout ophtalmique. Le packaging est mis en valeur par le logo KK grav\u00e9 sur le bouchon au fini gris acier \u00e9l\u00e9gant.<span id=\"sample-permalink\"><\/span><\/p>\n<p>Test\u00e9 sous contr\u00f4le dermatologique. Non com\u00e9dog\u00e8ne. Sans paraben.<\/p>","protected":false},"excerpt":{"rendered":"<p class=\"longdesc\">Base de teint matifiante et unifiante : matifie et camoufle les imperfections de la peau. \u00a0La Poudre matte absorbante est id\u00e9ale pour les peaux mixtes.<\/p>","protected":false},"featured_media":5923,"comment_status":"closed","ping_status":"closed","template":"","meta":{"om_disable_all_campaigns":false,"_mi_skip_tracking":false,"_monsterinsights_sitenote_active":false,"_monsterinsights_sitenote_note":"","_monsterinsights_sitenote_category":0},"product_brand":[],"product_cat":[116,127,103,108],"product_tag":[201,169,202,203,146,135,189,204,205,137,168,142,206,155],"class_list":{"0":"post-115","1":"product","2":"type-product","3":"status-publish","4":"has-post-thumbnail","6":"product_cat-base-maquillage","7":"product_cat-boutique","8":"product_cat-maquillage","9":"product_cat-teint","10":"product_tag-absorbant","11":"product_tag-base","12":"product_tag-brillante","13":"product_tag-comedogene","14":"product_tag-face","15":"product_tag-maquillage","16":"product_tag-matte","17":"product_tag-paraben","18":"product_tag-parabene","19":"product_tag-peau","20":"product_tag-skin","21":"product_tag-teint","22":"product_tag-transparent","23":"product_tag-visage","24":"yith_product_brand-kiko","26":"first","27":"outofstock","28":"shipping-taxable","29":"purchasable","30":"product-type-simple"},"yoast_head":"<!-- This site is optimized with the Yoast SEO Premium plugin v20.8 (Yoast SEO v27.4) - https:\/\/yoast.com\/product\/yoast-seo-premium-wordpress\/ -->\n<title>Kiko KIKO Base de Teint Matifiante - Lab&eacute;ma Cosmetics | Dakar<\/title>\n<meta name=\"description\" content=\"Kiko Mate Face Base est id\u00e9ale pour les peaux mixtes \u00e0 grasses qui ont tendance \u00e0 briller au cours de la journ\u00e9e.\" \/>\n<meta name=\"robots\" content=\"index, follow, max-snippet:-1, max-image-preview:large, max-video-preview:-1\" \/>\n<link rel=\"canonical\" href=\"https:\/\/labemacosmetics.com\/en\/product\/kiko-mate-face-base\/\" \/>\n<meta property=\"og:locale\" content=\"en_GB\" \/>\n<meta property=\"og:type\" content=\"article\" \/>\n<meta property=\"og:title\" content=\"KIKO Base de Teint Matifiante\" \/>\n<meta property=\"og:description\" content=\"Kiko Mate Face Base est id\u00e9ale pour les peaux mixtes \u00e0 grasses qui ont tendance \u00e0 briller au cours de la journ\u00e9e.\" \/>\n<meta property=\"og:url\" content=\"https:\/\/labemacosmetics.com\/en\/product\/kiko-mate-face-base\/\" \/>\n<meta property=\"og:site_name\" content=\"Lab&eacute;ma Cosmetics\" \/>\n<meta property=\"article:publisher\" content=\"http:\/\/www.facebook.com\/labemacosmetics\" \/>\n<meta property=\"article:modified_time\" content=\"2023-08-04T09:10:03+00:00\" \/>\n<meta property=\"og:image\" content=\"https:\/\/labemacosmetics.com\/wp-content\/uploads\/2013\/06\/Kiko_Mate_face_base.png\" \/>\n\t<meta property=\"og:image:width\" content=\"600\" \/>\n\t<meta property=\"og:image:height\" content=\"726\" \/>\n\t<meta property=\"og:image:type\" content=\"image\/png\" \/>\n<meta name=\"twitter:card\" content=\"summary_large_image\" \/>\n<meta name=\"twitter:site\" content=\"@Labemasn\" \/>\n<meta name=\"twitter:label1\" content=\"Price\" \/>\n\t<meta name=\"twitter:data1\" content=\"8 000&nbsp;CFA\" \/>\n\t<meta name=\"twitter:label2\" content=\"Availability\" \/>\n\t<meta name=\"twitter:data2\" content=\"Out of stock\" \/>\n<script type=\"application\/ld+json\" class=\"yoast-schema-graph\">{\"@context\":\"https:\\\/\\\/schema.org\",\"@graph\":[{\"@type\":\"WebPage\",\"@id\":\"https:\\\/\\\/labemacosmetics.com\\\/produit\\\/kiko-mate-face-base\\\/\",\"url\":\"https:\\\/\\\/labemacosmetics.com\\\/produit\\\/kiko-mate-face-base\\\/\",\"name\":\"Kiko KIKO Base de Teint Matifiante - Lab&eacute;ma Cosmetics | Dakar\",\"isPartOf\":{\"@id\":\"https:\\\/\\\/labemacosmetics.com\\\/#website\"},\"primaryImageOfPage\":{\"@id\":\"https:\\\/\\\/labemacosmetics.com\\\/produit\\\/kiko-mate-face-base\\\/#primaryimage\"},\"image\":{\"@id\":\"https:\\\/\\\/labemacosmetics.com\\\/produit\\\/kiko-mate-face-base\\\/#primaryimage\"},\"thumbnailUrl\":\"https:\\\/\\\/labemacosmetics.com\\\/wp-content\\\/uploads\\\/2013\\\/06\\\/Kiko_Mate_face_base.png\",\"datePublished\":\"2013-06-07T10:27:38+00:00\",\"dateModified\":\"2023-08-04T09:10:03+00:00\",\"description\":\"Kiko Mate Face Base est id\u00e9ale pour les peaux mixtes \u00e0 grasses qui ont tendance \u00e0 briller au cours de la journ\u00e9e.\",\"breadcrumb\":{\"@id\":\"https:\\\/\\\/labemacosmetics.com\\\/produit\\\/kiko-mate-face-base\\\/#breadcrumb\"},\"inLanguage\":\"en-GB\",\"potentialAction\":[{\"@type\":\"ReadAction\",\"target\":[\"https:\\\/\\\/labemacosmetics.com\\\/produit\\\/kiko-mate-face-base\\\/\"]}]},{\"@type\":\"ImageObject\",\"inLanguage\":\"en-GB\",\"@id\":\"https:\\\/\\\/labemacosmetics.com\\\/produit\\\/kiko-mate-face-base\\\/#primaryimage\",\"url\":\"https:\\\/\\\/labemacosmetics.com\\\/wp-content\\\/uploads\\\/2013\\\/06\\\/Kiko_Mate_face_base.png\",\"contentUrl\":\"https:\\\/\\\/labemacosmetics.com\\\/wp-content\\\/uploads\\\/2013\\\/06\\\/Kiko_Mate_face_base.png\",\"width\":600,\"height\":726,\"caption\":\"Kiko Mate Face Base\"},{\"@type\":\"BreadcrumbList\",\"@id\":\"https:\\\/\\\/labemacosmetics.com\\\/produit\\\/kiko-mate-face-base\\\/#breadcrumb\",\"itemListElement\":[{\"@type\":\"ListItem\",\"position\":1,\"name\":\"Accueil\",\"item\":\"https:\\\/\\\/labemacosmetics.com\\\/\"},{\"@type\":\"ListItem\",\"position\":2,\"name\":\"Produits\",\"item\":\"https:\\\/\\\/labemacosmetics.com\\\/shop\\\/\"},{\"@type\":\"ListItem\",\"position\":3,\"name\":\"KIKO Base de Teint Matifiante\"}]},{\"@type\":\"WebSite\",\"@id\":\"https:\\\/\\\/labemacosmetics.com\\\/#website\",\"url\":\"https:\\\/\\\/labemacosmetics.com\\\/\",\"name\":\"Lab&eacute;ma Cosmetics\",\"description\":\"\",\"potentialAction\":[{\"@type\":\"SearchAction\",\"target\":{\"@type\":\"EntryPoint\",\"urlTemplate\":\"https:\\\/\\\/labemacosmetics.com\\\/?s={search_term_string}\"},\"query-input\":{\"@type\":\"PropertyValueSpecification\",\"valueRequired\":true,\"valueName\":\"search_term_string\"}}],\"inLanguage\":\"en-GB\"}]}<\/script>\n<meta property=\"product:brand\" content=\"Kiko\" \/>\n<meta property=\"product:price:amount\" content=\"8000\" \/>\n<meta property=\"product:price:currency\" content=\"XOF\" \/>\n<meta property=\"og:availability\" content=\"out of stock\" \/>\n<meta property=\"product:availability\" content=\"out of stock\" \/>\n<meta property=\"product:retailer_item_id\" content=\"KM61442004\" \/>\n<meta property=\"product:condition\" content=\"new\" \/>\n<!-- \/ Yoast SEO Premium plugin. -->","yoast_head_json":{"title":"Kiko KIKO Base de Teint Matifiante - Lab&eacute;ma Cosmetics | Dakar","description":"Kiko Mate Face Base est id\u00e9ale pour les peaux mixtes \u00e0 grasses qui ont tendance \u00e0 briller au cours de la journ\u00e9e.","robots":{"index":"index","follow":"follow","max-snippet":"max-snippet:-1","max-image-preview":"max-image-preview:large","max-video-preview":"max-video-preview:-1"},"canonical":"https:\/\/labemacosmetics.com\/en\/product\/kiko-mate-face-base\/","og_locale":"en_GB","og_type":"article","og_title":"KIKO Base de Teint Matifiante","og_description":"Kiko Mate Face Base est id\u00e9ale pour les peaux mixtes \u00e0 grasses qui ont tendance \u00e0 briller au cours de la journ\u00e9e.","og_url":"https:\/\/labemacosmetics.com\/en\/product\/kiko-mate-face-base\/","og_site_name":"Lab&eacute;ma Cosmetics","article_publisher":"http:\/\/www.facebook.com\/labemacosmetics","article_modified_time":"2023-08-04T09:10:03+00:00","og_image":[{"width":600,"height":726,"url":"https:\/\/labemacosmetics.com\/wp-content\/uploads\/2013\/06\/Kiko_Mate_face_base.png","type":"image\/png"}],"twitter_card":"summary_large_image","twitter_site":"@Labemasn","twitter_misc":{"Price":"8 000&nbsp;CFA","Availability":"Out of stock"},"schema":{"@context":"https:\/\/schema.org","@graph":[{"@type":"WebPage","@id":"https:\/\/labemacosmetics.com\/produit\/kiko-mate-face-base\/","url":"https:\/\/labemacosmetics.com\/produit\/kiko-mate-face-base\/","name":"Kiko KIKO Base de Teint Matifiante - Lab&eacute;ma Cosmetics | Dakar","isPartOf":{"@id":"https:\/\/labemacosmetics.com\/#website"},"primaryImageOfPage":{"@id":"https:\/\/labemacosmetics.com\/produit\/kiko-mate-face-base\/#primaryimage"},"image":{"@id":"https:\/\/labemacosmetics.com\/produit\/kiko-mate-face-base\/#primaryimage"},"thumbnailUrl":"https:\/\/labemacosmetics.com\/wp-content\/uploads\/2013\/06\/Kiko_Mate_face_base.png","datePublished":"2013-06-07T10:27:38+00:00","dateModified":"2023-08-04T09:10:03+00:00","description":"Kiko Mate Face Base est id\u00e9ale pour les peaux mixtes \u00e0 grasses qui ont tendance \u00e0 briller au cours de la journ\u00e9e.","breadcrumb":{"@id":"https:\/\/labemacosmetics.com\/produit\/kiko-mate-face-base\/#breadcrumb"},"inLanguage":"en-GB","potentialAction":[{"@type":"ReadAction","target":["https:\/\/labemacosmetics.com\/produit\/kiko-mate-face-base\/"]}]},{"@type":"ImageObject","inLanguage":"en-GB","@id":"https:\/\/labemacosmetics.com\/produit\/kiko-mate-face-base\/#primaryimage","url":"https:\/\/labemacosmetics.com\/wp-content\/uploads\/2013\/06\/Kiko_Mate_face_base.png","contentUrl":"https:\/\/labemacosmetics.com\/wp-content\/uploads\/2013\/06\/Kiko_Mate_face_base.png","width":600,"height":726,"caption":"Kiko Mate Face Base"},{"@type":"BreadcrumbList","@id":"https:\/\/labemacosmetics.com\/produit\/kiko-mate-face-base\/#breadcrumb","itemListElement":[{"@type":"ListItem","position":1,"name":"Accueil","item":"https:\/\/labemacosmetics.com\/"},{"@type":"ListItem","position":2,"name":"Produits","item":"https:\/\/labemacosmetics.com\/shop\/"},{"@type":"ListItem","position":3,"name":"KIKO Base de Teint Matifiante"}]},{"@type":"WebSite","@id":"https:\/\/labemacosmetics.com\/#website","url":"https:\/\/labemacosmetics.com\/","name":"Lab&eacute;ma Cosmetics","description":"","potentialAction":[{"@type":"SearchAction","target":{"@type":"EntryPoint","urlTemplate":"https:\/\/labemacosmetics.com\/?s={search_term_string}"},"query-input":{"@type":"PropertyValueSpecification","valueRequired":true,"valueName":"search_term_string"}}],"inLanguage":"en-GB"}]},"product_brand":"Kiko","product_price_amount":"8000","product_price_currency":"XOF","og_availability":"out of stock","product_availability":"out of stock","product_retailer_item_id":"KM61442004","product_condition":"new"},"_links":{"self":[{"href":"https:\/\/labemacosmetics.com\/en\/wp-json\/wp\/v2\/product\/115","targetHints":{"allow":["GET"]}}],"collection":[{"href":"https:\/\/labemacosmetics.com\/en\/wp-json\/wp\/v2\/product"}],"about":[{"href":"https:\/\/labemacosmetics.com\/en\/wp-json\/wp\/v2\/types\/product"}],"replies":[{"embeddable":true,"href":"https:\/\/labemacosmetics.com\/en\/wp-json\/wp\/v2\/comments?post=115"}],"version-history":[{"count":0,"href":"https:\/\/labemacosmetics.com\/en\/wp-json\/wp\/v2\/product\/115\/revisions"}],"wp:featuredmedia":[{"embeddable":true,"href":"https:\/\/labemacosmetics.com\/en\/wp-json\/wp\/v2\/media\/5923"}],"wp:attachment":[{"href":"https:\/\/labemacosmetics.com\/en\/wp-json\/wp\/v2\/media?parent=115"}],"wp:term":[{"taxonomy":"product_brand","embeddable":true,"href":"https:\/\/labemacosmetics.com\/en\/wp-json\/wp\/v2\/product_brand?post=115"},{"taxonomy":"product_cat","embeddable":true,"href":"https:\/\/labemacosmetics.com\/en\/wp-json\/wp\/v2\/product_cat?post=115"},{"taxonomy":"product_tag","embeddable":true,"href":"https:\/\/labemacosmetics.com\/en\/wp-json\/wp\/v2\/product_tag?post=115"}],"curies":[{"name":"wp","href":"https:\/\/api.w.org\/{rel}","templated":true}]}}