{"id":106,"date":"2013-06-07T10:53:15","date_gmt":"2013-06-07T09:53:15","guid":{"rendered":"http:\/\/demo2.woothemes.com\/woocommerce\/?post_type=product&#038;p=37"},"modified":"2023-11-10T19:11:16","modified_gmt":"2023-11-10T18:11:16","slug":"eyeliner-yves-rocher","status":"publish","type":"product","link":"https:\/\/labemacosmetics.com\/en\/product\/eyeliner-yves-rocher\/","title":{"rendered":"Yves Rocher Eyeliner Noir"},"content":{"rendered":"<p>L\u2019 eyeliner Yves Rocher Couleurs Nature aux couleurs intenses et au trac\u00e9 haute pr\u00e9cision pour un regard parfaitement dessin\u00e9. Ainsi il soulign\u00e9 et intensifi\u00e9 le regard.<br \/>\nIl dispose\u00a0 d&rsquo;une pointe tr\u00e8s fine qui lui permet alors d&rsquo;obtenir un trac\u00e9 net et pr\u00e9cis.<br \/>\nCouleur intense\u201a trac\u00e9 haute pr\u00e9cision. tr\u00e8s facile \u00e0 appliquer il donne un joli regard sans avoir recours \u00e0 une seule retouche dans la journ\u00e9e ! Se d\u00e9maquille en un \u00e9clair.Une texture fluide et couvrante, une nouvelle pointe souple, fine et pr\u00e9cise, pour un trac\u00e9 homog\u00e8ne et r\u00e9gulier.<br \/>\nDes nouvelles couleurs intenses, \u00e9l\u00e9gantes et intemporelles pour un regard parfaitement soulign\u00e9.<\/p>\n<div id=\"titlediv\">\n<div class=\"inside\">\n<div id=\"edit-slug-box\" class=\"hide-if-no-js\"><\/div>\n<\/div>\n<\/div>\n<div id=\"postdivrich\" class=\"postarea wp-editor-expand\">\n<div id=\"wp-content-wrap\" class=\"wp-core-ui wp-editor-wrap tmce-active has-dfw\">\n<div id=\"wp-content-editor-tools\" class=\"wp-editor-tools hide-if-no-js\">\n<div id=\"wp-content-media-buttons\" class=\"wp-media-buttons\"><\/div>\n<\/div>\n<\/div>\n<\/div>\n<div class=\"wp-editor-tabs\"><\/div>\n<div id=\"wp-content-editor-tools\" class=\"wp-editor-tools hide-if-no-js\"><\/div>\n<section class=\"product_advice\">\n<article>\n<h2>Application eyeliner Yves Rocher<\/h2>\n<p>Appliquez du coin interne vers le coin externe de l&rsquo;\u0153il.<\/p>\n<\/article>\n<\/section>","protected":false},"excerpt":{"rendered":"<p>L\u2019 Eyeliner Yves Rocher couleurs Nature aux couleurs intenses et au trac\u00e9 haute pr\u00e9cision pour un regard parfaitement dessin\u00e9\u201a soulign\u00e9 et intensifi\u00e9.<\/p>","protected":false},"featured_media":6055,"comment_status":"closed","ping_status":"closed","template":"","meta":{"om_disable_all_campaigns":false,"_mi_skip_tracking":false,"_monsterinsights_sitenote_active":false,"_monsterinsights_sitenote_note":"","_monsterinsights_sitenote_category":0},"product_brand":[],"product_cat":[127,111,103,109],"product_tag":[],"class_list":{"0":"post-106","1":"product","2":"type-product","3":"status-publish","4":"has-post-thumbnail","6":"product_cat-boutique","7":"product_cat-eyeliner","8":"product_cat-maquillage","9":"product_cat-yeux","10":"yith_product_brand-yves-rocher","12":"first","13":"outofstock","14":"sale","15":"shipping-taxable","16":"purchasable","17":"product-type-simple"},"yoast_head":"<!-- This site is optimized with the Yoast SEO Premium plugin v20.8 (Yoast SEO v27.4) - https:\/\/yoast.com\/product\/yoast-seo-premium-wordpress\/ -->\n<title>Eyeliner Yves Rocher - Lab\u00e9ma Cosmetics | Dakar - S\u00e9n\u00e9gal<\/title>\n<meta name=\"description\" content=\"L\u2019 eyeliner Yves Rocher Couleurs Nature aux couleurs intenses et au trac\u00e9 haute pr\u00e9cision pour un regard parfaitement.\" \/>\n<meta name=\"robots\" content=\"index, follow, max-snippet:-1, max-image-preview:large, max-video-preview:-1\" \/>\n<link rel=\"canonical\" href=\"https:\/\/labemacosmetics.com\/en\/product\/eyeliner-yves-rocher\/\" \/>\n<meta property=\"og:locale\" content=\"en_GB\" \/>\n<meta property=\"og:type\" content=\"article\" \/>\n<meta property=\"og:title\" content=\"Yves Rocher Eyeliner Noir\" \/>\n<meta property=\"og:description\" content=\"L\u2019 eyeliner Yves Rocher Couleurs Nature aux couleurs intenses et au trac\u00e9 haute pr\u00e9cision pour un regard parfaitement.\" \/>\n<meta property=\"og:url\" content=\"https:\/\/labemacosmetics.com\/en\/product\/eyeliner-yves-rocher\/\" \/>\n<meta property=\"og:site_name\" content=\"Lab&eacute;ma Cosmetics\" \/>\n<meta property=\"article:publisher\" content=\"http:\/\/www.facebook.com\/labemacosmetics\" \/>\n<meta property=\"article:modified_time\" content=\"2023-11-10T18:11:16+00:00\" \/>\n<meta property=\"og:image\" content=\"https:\/\/labemacosmetics.com\/wp-content\/uploads\/2013\/06\/Eyeliner_noir.png\" \/>\n\t<meta property=\"og:image:width\" content=\"600\" \/>\n\t<meta property=\"og:image:height\" content=\"726\" \/>\n\t<meta property=\"og:image:type\" content=\"image\/png\" \/>\n<meta name=\"twitter:card\" content=\"summary_large_image\" \/>\n<meta name=\"twitter:site\" content=\"@Labemasn\" \/>\n<meta name=\"twitter:label1\" content=\"Price\" \/>\n\t<meta name=\"twitter:data1\" content=\"5 000&nbsp;CFA\" \/>\n\t<meta name=\"twitter:label2\" content=\"Availability\" \/>\n\t<meta name=\"twitter:data2\" content=\"Out of stock\" \/>\n<script type=\"application\/ld+json\" class=\"yoast-schema-graph\">{\"@context\":\"https:\\\/\\\/schema.org\",\"@graph\":[{\"@type\":\"WebPage\",\"@id\":\"https:\\\/\\\/labemacosmetics.com\\\/en\\\/product\\\/eyeliner-yves-rocher\\\/\",\"url\":\"https:\\\/\\\/labemacosmetics.com\\\/en\\\/product\\\/eyeliner-yves-rocher\\\/\",\"name\":\"Eyeliner Yves Rocher - Lab\u00e9ma Cosmetics | Dakar - S\u00e9n\u00e9gal\",\"isPartOf\":{\"@id\":\"https:\\\/\\\/labemacosmetics.com\\\/#website\"},\"primaryImageOfPage\":{\"@id\":\"https:\\\/\\\/labemacosmetics.com\\\/en\\\/product\\\/eyeliner-yves-rocher\\\/#primaryimage\"},\"image\":{\"@id\":\"https:\\\/\\\/labemacosmetics.com\\\/en\\\/product\\\/eyeliner-yves-rocher\\\/#primaryimage\"},\"thumbnailUrl\":\"https:\\\/\\\/labemacosmetics.com\\\/wp-content\\\/uploads\\\/2013\\\/06\\\/Eyeliner_noir.png\",\"datePublished\":\"2013-06-07T09:53:15+00:00\",\"dateModified\":\"2023-11-10T18:11:16+00:00\",\"description\":\"L\u2019 eyeliner Yves Rocher Couleurs Nature aux couleurs intenses et au trac\u00e9 haute pr\u00e9cision pour un regard parfaitement.\",\"breadcrumb\":{\"@id\":\"https:\\\/\\\/labemacosmetics.com\\\/en\\\/product\\\/eyeliner-yves-rocher\\\/#breadcrumb\"},\"inLanguage\":\"en-GB\",\"potentialAction\":[{\"@type\":\"ReadAction\",\"target\":[\"https:\\\/\\\/labemacosmetics.com\\\/en\\\/product\\\/eyeliner-yves-rocher\\\/\"]}]},{\"@type\":\"ImageObject\",\"inLanguage\":\"en-GB\",\"@id\":\"https:\\\/\\\/labemacosmetics.com\\\/en\\\/product\\\/eyeliner-yves-rocher\\\/#primaryimage\",\"url\":\"https:\\\/\\\/labemacosmetics.com\\\/wp-content\\\/uploads\\\/2013\\\/06\\\/Eyeliner_noir.png\",\"contentUrl\":\"https:\\\/\\\/labemacosmetics.com\\\/wp-content\\\/uploads\\\/2013\\\/06\\\/Eyeliner_noir.png\",\"width\":600,\"height\":726,\"caption\":\"Eyeliner noir\"},{\"@type\":\"BreadcrumbList\",\"@id\":\"https:\\\/\\\/labemacosmetics.com\\\/en\\\/product\\\/eyeliner-yves-rocher\\\/#breadcrumb\",\"itemListElement\":[{\"@type\":\"ListItem\",\"position\":1,\"name\":\"Accueil\",\"item\":\"https:\\\/\\\/labemacosmetics.com\\\/\"},{\"@type\":\"ListItem\",\"position\":2,\"name\":\"Produits\",\"item\":\"https:\\\/\\\/labemacosmetics.com\\\/shop\\\/\"},{\"@type\":\"ListItem\",\"position\":3,\"name\":\"Yves Rocher Eyeliner Noir\"}]},{\"@type\":\"WebSite\",\"@id\":\"https:\\\/\\\/labemacosmetics.com\\\/#website\",\"url\":\"https:\\\/\\\/labemacosmetics.com\\\/\",\"name\":\"Lab&eacute;ma Cosmetics\",\"description\":\"\",\"potentialAction\":[{\"@type\":\"SearchAction\",\"target\":{\"@type\":\"EntryPoint\",\"urlTemplate\":\"https:\\\/\\\/labemacosmetics.com\\\/?s={search_term_string}\"},\"query-input\":{\"@type\":\"PropertyValueSpecification\",\"valueRequired\":true,\"valueName\":\"search_term_string\"}}],\"inLanguage\":\"en-GB\"}]}<\/script>\n<meta property=\"product:brand\" content=\"Yves Rocher\" \/>\n<meta property=\"product:price:amount\" content=\"5000\" \/>\n<meta property=\"product:price:currency\" content=\"XOF\" \/>\n<meta property=\"og:availability\" content=\"out of stock\" \/>\n<meta property=\"product:availability\" content=\"out of stock\" \/>\n<meta property=\"product:retailer_item_id\" content=\"YVR65050\" \/>\n<meta property=\"product:condition\" content=\"new\" \/>\n<!-- \/ Yoast SEO Premium plugin. -->","yoast_head_json":{"title":"Eyeliner Yves Rocher - Lab\u00e9ma Cosmetics | Dakar - S\u00e9n\u00e9gal","description":"L\u2019 eyeliner Yves Rocher Couleurs Nature aux couleurs intenses et au trac\u00e9 haute pr\u00e9cision pour un regard parfaitement.","robots":{"index":"index","follow":"follow","max-snippet":"max-snippet:-1","max-image-preview":"max-image-preview:large","max-video-preview":"max-video-preview:-1"},"canonical":"https:\/\/labemacosmetics.com\/en\/product\/eyeliner-yves-rocher\/","og_locale":"en_GB","og_type":"article","og_title":"Yves Rocher Eyeliner Noir","og_description":"L\u2019 eyeliner Yves Rocher Couleurs Nature aux couleurs intenses et au trac\u00e9 haute pr\u00e9cision pour un regard parfaitement.","og_url":"https:\/\/labemacosmetics.com\/en\/product\/eyeliner-yves-rocher\/","og_site_name":"Lab&eacute;ma Cosmetics","article_publisher":"http:\/\/www.facebook.com\/labemacosmetics","article_modified_time":"2023-11-10T18:11:16+00:00","og_image":[{"width":600,"height":726,"url":"https:\/\/labemacosmetics.com\/wp-content\/uploads\/2013\/06\/Eyeliner_noir.png","type":"image\/png"}],"twitter_card":"summary_large_image","twitter_site":"@Labemasn","twitter_misc":{"Price":"5 000&nbsp;CFA","Availability":"Out of stock"},"schema":{"@context":"https:\/\/schema.org","@graph":[{"@type":"WebPage","@id":"https:\/\/labemacosmetics.com\/en\/product\/eyeliner-yves-rocher\/","url":"https:\/\/labemacosmetics.com\/en\/product\/eyeliner-yves-rocher\/","name":"Eyeliner Yves Rocher - Lab\u00e9ma Cosmetics | Dakar - S\u00e9n\u00e9gal","isPartOf":{"@id":"https:\/\/labemacosmetics.com\/#website"},"primaryImageOfPage":{"@id":"https:\/\/labemacosmetics.com\/en\/product\/eyeliner-yves-rocher\/#primaryimage"},"image":{"@id":"https:\/\/labemacosmetics.com\/en\/product\/eyeliner-yves-rocher\/#primaryimage"},"thumbnailUrl":"https:\/\/labemacosmetics.com\/wp-content\/uploads\/2013\/06\/Eyeliner_noir.png","datePublished":"2013-06-07T09:53:15+00:00","dateModified":"2023-11-10T18:11:16+00:00","description":"L\u2019 eyeliner Yves Rocher Couleurs Nature aux couleurs intenses et au trac\u00e9 haute pr\u00e9cision pour un regard parfaitement.","breadcrumb":{"@id":"https:\/\/labemacosmetics.com\/en\/product\/eyeliner-yves-rocher\/#breadcrumb"},"inLanguage":"en-GB","potentialAction":[{"@type":"ReadAction","target":["https:\/\/labemacosmetics.com\/en\/product\/eyeliner-yves-rocher\/"]}]},{"@type":"ImageObject","inLanguage":"en-GB","@id":"https:\/\/labemacosmetics.com\/en\/product\/eyeliner-yves-rocher\/#primaryimage","url":"https:\/\/labemacosmetics.com\/wp-content\/uploads\/2013\/06\/Eyeliner_noir.png","contentUrl":"https:\/\/labemacosmetics.com\/wp-content\/uploads\/2013\/06\/Eyeliner_noir.png","width":600,"height":726,"caption":"Eyeliner noir"},{"@type":"BreadcrumbList","@id":"https:\/\/labemacosmetics.com\/en\/product\/eyeliner-yves-rocher\/#breadcrumb","itemListElement":[{"@type":"ListItem","position":1,"name":"Accueil","item":"https:\/\/labemacosmetics.com\/"},{"@type":"ListItem","position":2,"name":"Produits","item":"https:\/\/labemacosmetics.com\/shop\/"},{"@type":"ListItem","position":3,"name":"Yves Rocher Eyeliner Noir"}]},{"@type":"WebSite","@id":"https:\/\/labemacosmetics.com\/#website","url":"https:\/\/labemacosmetics.com\/","name":"Lab&eacute;ma Cosmetics","description":"","potentialAction":[{"@type":"SearchAction","target":{"@type":"EntryPoint","urlTemplate":"https:\/\/labemacosmetics.com\/?s={search_term_string}"},"query-input":{"@type":"PropertyValueSpecification","valueRequired":true,"valueName":"search_term_string"}}],"inLanguage":"en-GB"}]},"product_brand":"Yves Rocher","product_price_amount":"5000","product_price_currency":"XOF","og_availability":"out of stock","product_availability":"out of stock","product_retailer_item_id":"YVR65050","product_condition":"new"},"_links":{"self":[{"href":"https:\/\/labemacosmetics.com\/en\/wp-json\/wp\/v2\/product\/106","targetHints":{"allow":["GET"]}}],"collection":[{"href":"https:\/\/labemacosmetics.com\/en\/wp-json\/wp\/v2\/product"}],"about":[{"href":"https:\/\/labemacosmetics.com\/en\/wp-json\/wp\/v2\/types\/product"}],"replies":[{"embeddable":true,"href":"https:\/\/labemacosmetics.com\/en\/wp-json\/wp\/v2\/comments?post=106"}],"version-history":[{"count":1,"href":"https:\/\/labemacosmetics.com\/en\/wp-json\/wp\/v2\/product\/106\/revisions"}],"predecessor-version":[{"id":9510,"href":"https:\/\/labemacosmetics.com\/en\/wp-json\/wp\/v2\/product\/106\/revisions\/9510"}],"wp:featuredmedia":[{"embeddable":true,"href":"https:\/\/labemacosmetics.com\/en\/wp-json\/wp\/v2\/media\/6055"}],"wp:attachment":[{"href":"https:\/\/labemacosmetics.com\/en\/wp-json\/wp\/v2\/media?parent=106"}],"wp:term":[{"taxonomy":"product_brand","embeddable":true,"href":"https:\/\/labemacosmetics.com\/en\/wp-json\/wp\/v2\/product_brand?post=106"},{"taxonomy":"product_cat","embeddable":true,"href":"https:\/\/labemacosmetics.com\/en\/wp-json\/wp\/v2\/product_cat?post=106"},{"taxonomy":"product_tag","embeddable":true,"href":"https:\/\/labemacosmetics.com\/en\/wp-json\/wp\/v2\/product_tag?post=106"}],"curies":[{"name":"wp","href":"https:\/\/api.w.org\/{rel}","templated":true}]}}