{"id":103,"date":"2013-06-07T10:46:01","date_gmt":"2013-06-07T09:46:01","guid":{"rendered":"http:\/\/demo2.woothemes.com\/woocommerce\/?post_type=product&#038;p=22"},"modified":"2024-08-24T14:44:07","modified_gmt":"2024-08-24T13:44:07","slug":"poudre-fit-me-gemey-maybelline-350-caramel","status":"publish","type":"product","link":"https:\/\/labemacosmetics.com\/en\/product\/poudre-fit-me-gemey-maybelline-350-caramel\/","title":{"rendered":"MAYBELLINE Poudre Fit Me &#8211; 350 Caramel"},"content":{"rendered":"<p>Couvrance naturelle la poudre Fit Me Gemey Maybelline laissant la peau telle qu&rsquo;elle doit \u00eatre : fra\u00eeche, a\u00e9r\u00e9e, sans d\u00e9faut. Ainsi la base transparente et les pigments a\u00e9riens laissent transpara\u00eetre le relief naturel de la peau. Associe naturellement le maquillage et lisse la texture de la peau. Sans huile, sans cire, sans tracas.Cette poudre respirante fixe\u00a0 alors le maquillage et lisse la texture de la peau. Se m\u00e9lange parfaitement et laisse une finition parfaite.S&rsquo;accorde de ce fait\u00a0 parfaitement \u00e0 votre nuance de peau. S&rsquo;applique ainsi sans trace.<\/p>\n<p>Test\u00e9 dermatologiquement.<br \/>\nTest\u00e9 contre les allergies.<br \/>\nBon pour tous les types de peau.<br \/>\nConvient pour les peaux sensibles.<br \/>\nSans parfum.<\/p>\n<p>Laisse la peau respirer.<\/p>\n<p>&nbsp;<\/p>\n<h2>Conseil d&rsquo;application de la poudre Fit Me Gemey Maybelline<\/h2>\n<p>Appliquez le produit sur le front, le nez, les joues de m\u00eame que le menton \u00e0 l&rsquo;aide de petits coups vers le bas. Par etape :<\/p>\n<p>\u00c9tape 1. \u00c0 l&rsquo;aide de l&rsquo;applicateur \u00e9ponge, appliquez sur le front, le nez, les joues et le menton.<br \/>\n\u00c9tape 2. M\u00e9langer tout en utilisant des coups doux vers le bas.<\/p>","protected":false},"excerpt":{"rendered":"<p>Couvrance naturelle laissant la peau telle qu&rsquo;elle doit \u00eatre : fra\u00eeche, a\u00e9r\u00e9e, sans d\u00e9faut. La base transparente et les pigments a\u00e9riens laissent transpara\u00eetre le relief naturel de la peau. Sans huile, sans cire, sans tracas.<\/p>","protected":false},"featured_media":5892,"comment_status":"closed","ping_status":"closed","template":"","meta":{"om_disable_all_campaigns":false,"_mi_skip_tracking":false,"_monsterinsights_sitenote_active":false,"_monsterinsights_sitenote_note":"","_monsterinsights_sitenote_category":0},"product_brand":[],"product_cat":[127,103,118,108],"product_tag":[169,165,135,170,171,172,137,140,142],"class_list":{"0":"post-103","1":"product","2":"type-product","3":"status-publish","4":"has-post-thumbnail","6":"product_cat-boutique","7":"product_cat-maquillage","8":"product_cat-poudre","9":"product_cat-teint","10":"product_tag-base","11":"product_tag-beaute","12":"product_tag-maquillage","13":"product_tag-maybelline","14":"product_tag-naturelle","15":"product_tag-nuance","16":"product_tag-peau","17":"product_tag-poudre","18":"product_tag-teint","19":"yith_product_brand-maybelline","21":"first","22":"outofstock","23":"shipping-taxable","24":"purchasable","25":"product-type-simple"},"yoast_head":"<!-- This site is optimized with the Yoast SEO Premium plugin v20.8 (Yoast SEO v27.4) - https:\/\/yoast.com\/product\/yoast-seo-premium-wordpress\/ -->\n<title>Poudre Fit Me Gemey Maybelline 350 caramel- Lab\u00e9ma Cosmetics | Dakar - S\u00e9n\u00e9gal<\/title>\n<meta name=\"description\" content=\"Couvrance naturelle, la poudre Fit Me Gemey Maybelline laissant la peau telle qu&#039;elle doit \u00eatre : fra\u00eeche, a\u00e9r\u00e9e, sans d\u00e9faut.\" \/>\n<meta name=\"robots\" content=\"index, follow, max-snippet:-1, max-image-preview:large, max-video-preview:-1\" \/>\n<link rel=\"canonical\" href=\"https:\/\/labemacosmetics.com\/en\/product\/poudre-fit-me-gemey-maybelline-350-caramel\/\" \/>\n<meta property=\"og:locale\" content=\"en_GB\" \/>\n<meta property=\"og:type\" content=\"article\" \/>\n<meta property=\"og:title\" content=\"MAYBELLINE Poudre Fit Me - 350 Caramel\" \/>\n<meta property=\"og:description\" content=\"Couvrance naturelle, la poudre Fit Me Gemey Maybelline laissant la peau telle qu&#039;elle doit \u00eatre : fra\u00eeche, a\u00e9r\u00e9e, sans d\u00e9faut.\" \/>\n<meta property=\"og:url\" content=\"https:\/\/labemacosmetics.com\/en\/product\/poudre-fit-me-gemey-maybelline-350-caramel\/\" \/>\n<meta property=\"og:site_name\" content=\"Lab&eacute;ma Cosmetics\" \/>\n<meta property=\"article:publisher\" content=\"http:\/\/www.facebook.com\/labemacosmetics\" \/>\n<meta property=\"article:modified_time\" content=\"2024-08-24T13:44:07+00:00\" \/>\n<meta property=\"og:image\" content=\"https:\/\/labemacosmetics.com\/wp-content\/uploads\/2013\/06\/Poudre-Fit-Me-250.png\" \/>\n\t<meta property=\"og:image:width\" content=\"600\" \/>\n\t<meta property=\"og:image:height\" content=\"726\" \/>\n\t<meta property=\"og:image:type\" content=\"image\/png\" \/>\n<meta name=\"twitter:card\" content=\"summary_large_image\" \/>\n<meta name=\"twitter:site\" content=\"@Labemasn\" \/>\n<meta name=\"twitter:label1\" content=\"Price\" \/>\n\t<meta name=\"twitter:data1\" content=\"7 000&nbsp;CFA\" \/>\n\t<meta name=\"twitter:label2\" content=\"Availability\" \/>\n\t<meta name=\"twitter:data2\" content=\"Out of stock\" \/>\n<script type=\"application\/ld+json\" class=\"yoast-schema-graph\">{\"@context\":\"https:\\\/\\\/schema.org\",\"@graph\":[{\"@type\":\"WebPage\",\"@id\":\"https:\\\/\\\/labemacosmetics.com\\\/en\\\/product\\\/poudre-fit-me-gemey-maybelline-350-caramel\\\/\",\"url\":\"https:\\\/\\\/labemacosmetics.com\\\/en\\\/product\\\/poudre-fit-me-gemey-maybelline-350-caramel\\\/\",\"name\":\"Poudre Fit Me Gemey Maybelline 350 caramel- Lab\u00e9ma Cosmetics | Dakar - S\u00e9n\u00e9gal\",\"isPartOf\":{\"@id\":\"https:\\\/\\\/labemacosmetics.com\\\/#website\"},\"primaryImageOfPage\":{\"@id\":\"https:\\\/\\\/labemacosmetics.com\\\/en\\\/product\\\/poudre-fit-me-gemey-maybelline-350-caramel\\\/#primaryimage\"},\"image\":{\"@id\":\"https:\\\/\\\/labemacosmetics.com\\\/en\\\/product\\\/poudre-fit-me-gemey-maybelline-350-caramel\\\/#primaryimage\"},\"thumbnailUrl\":\"https:\\\/\\\/labemacosmetics.com\\\/wp-content\\\/uploads\\\/2013\\\/06\\\/Poudre-Fit-Me-250.png\",\"datePublished\":\"2013-06-07T09:46:01+00:00\",\"dateModified\":\"2024-08-24T13:44:07+00:00\",\"description\":\"Couvrance naturelle, la poudre Fit Me Gemey Maybelline laissant la peau telle qu'elle doit \u00eatre : fra\u00eeche, a\u00e9r\u00e9e, sans d\u00e9faut.\",\"breadcrumb\":{\"@id\":\"https:\\\/\\\/labemacosmetics.com\\\/en\\\/product\\\/poudre-fit-me-gemey-maybelline-350-caramel\\\/#breadcrumb\"},\"inLanguage\":\"en-GB\",\"potentialAction\":[{\"@type\":\"ReadAction\",\"target\":[\"https:\\\/\\\/labemacosmetics.com\\\/en\\\/product\\\/poudre-fit-me-gemey-maybelline-350-caramel\\\/\"]}]},{\"@type\":\"ImageObject\",\"inLanguage\":\"en-GB\",\"@id\":\"https:\\\/\\\/labemacosmetics.com\\\/en\\\/product\\\/poudre-fit-me-gemey-maybelline-350-caramel\\\/#primaryimage\",\"url\":\"https:\\\/\\\/labemacosmetics.com\\\/wp-content\\\/uploads\\\/2013\\\/06\\\/Poudre-Fit-Me-250.png\",\"contentUrl\":\"https:\\\/\\\/labemacosmetics.com\\\/wp-content\\\/uploads\\\/2013\\\/06\\\/Poudre-Fit-Me-250.png\",\"width\":600,\"height\":726,\"caption\":\"Poudre Fit me 350\"},{\"@type\":\"BreadcrumbList\",\"@id\":\"https:\\\/\\\/labemacosmetics.com\\\/en\\\/product\\\/poudre-fit-me-gemey-maybelline-350-caramel\\\/#breadcrumb\",\"itemListElement\":[{\"@type\":\"ListItem\",\"position\":1,\"name\":\"Accueil\",\"item\":\"https:\\\/\\\/labemacosmetics.com\\\/\"},{\"@type\":\"ListItem\",\"position\":2,\"name\":\"Produits\",\"item\":\"https:\\\/\\\/labemacosmetics.com\\\/shop\\\/\"},{\"@type\":\"ListItem\",\"position\":3,\"name\":\"MAYBELLINE Poudre Fit Me &#8211; 350 Caramel\"}]},{\"@type\":\"WebSite\",\"@id\":\"https:\\\/\\\/labemacosmetics.com\\\/#website\",\"url\":\"https:\\\/\\\/labemacosmetics.com\\\/\",\"name\":\"Lab&eacute;ma Cosmetics\",\"description\":\"\",\"potentialAction\":[{\"@type\":\"SearchAction\",\"target\":{\"@type\":\"EntryPoint\",\"urlTemplate\":\"https:\\\/\\\/labemacosmetics.com\\\/?s={search_term_string}\"},\"query-input\":{\"@type\":\"PropertyValueSpecification\",\"valueRequired\":true,\"valueName\":\"search_term_string\"}}],\"inLanguage\":\"en-GB\"}]}<\/script>\n<meta property=\"product:brand\" content=\"Maybelline\" \/>\n<meta property=\"product:price:amount\" content=\"7000\" \/>\n<meta property=\"product:price:currency\" content=\"XOF\" \/>\n<meta property=\"og:availability\" content=\"out of stock\" \/>\n<meta property=\"product:availability\" content=\"out of stock\" \/>\n<meta property=\"product:retailer_item_id\" content=\"ML26M020\" \/>\n<meta property=\"product:condition\" content=\"new\" \/>\n<!-- \/ Yoast SEO Premium plugin. -->","yoast_head_json":{"title":"Poudre Fit Me Gemey Maybelline 350 caramel- Lab\u00e9ma Cosmetics | Dakar - S\u00e9n\u00e9gal","description":"Couvrance naturelle, la poudre Fit Me Gemey Maybelline laissant la peau telle qu'elle doit \u00eatre : fra\u00eeche, a\u00e9r\u00e9e, sans d\u00e9faut.","robots":{"index":"index","follow":"follow","max-snippet":"max-snippet:-1","max-image-preview":"max-image-preview:large","max-video-preview":"max-video-preview:-1"},"canonical":"https:\/\/labemacosmetics.com\/en\/product\/poudre-fit-me-gemey-maybelline-350-caramel\/","og_locale":"en_GB","og_type":"article","og_title":"MAYBELLINE Poudre Fit Me - 350 Caramel","og_description":"Couvrance naturelle, la poudre Fit Me Gemey Maybelline laissant la peau telle qu'elle doit \u00eatre : fra\u00eeche, a\u00e9r\u00e9e, sans d\u00e9faut.","og_url":"https:\/\/labemacosmetics.com\/en\/product\/poudre-fit-me-gemey-maybelline-350-caramel\/","og_site_name":"Lab&eacute;ma Cosmetics","article_publisher":"http:\/\/www.facebook.com\/labemacosmetics","article_modified_time":"2024-08-24T13:44:07+00:00","og_image":[{"width":600,"height":726,"url":"https:\/\/labemacosmetics.com\/wp-content\/uploads\/2013\/06\/Poudre-Fit-Me-250.png","type":"image\/png"}],"twitter_card":"summary_large_image","twitter_site":"@Labemasn","twitter_misc":{"Price":"7 000&nbsp;CFA","Availability":"Out of stock"},"schema":{"@context":"https:\/\/schema.org","@graph":[{"@type":"WebPage","@id":"https:\/\/labemacosmetics.com\/en\/product\/poudre-fit-me-gemey-maybelline-350-caramel\/","url":"https:\/\/labemacosmetics.com\/en\/product\/poudre-fit-me-gemey-maybelline-350-caramel\/","name":"Poudre Fit Me Gemey Maybelline 350 caramel- Lab\u00e9ma Cosmetics | Dakar - S\u00e9n\u00e9gal","isPartOf":{"@id":"https:\/\/labemacosmetics.com\/#website"},"primaryImageOfPage":{"@id":"https:\/\/labemacosmetics.com\/en\/product\/poudre-fit-me-gemey-maybelline-350-caramel\/#primaryimage"},"image":{"@id":"https:\/\/labemacosmetics.com\/en\/product\/poudre-fit-me-gemey-maybelline-350-caramel\/#primaryimage"},"thumbnailUrl":"https:\/\/labemacosmetics.com\/wp-content\/uploads\/2013\/06\/Poudre-Fit-Me-250.png","datePublished":"2013-06-07T09:46:01+00:00","dateModified":"2024-08-24T13:44:07+00:00","description":"Couvrance naturelle, la poudre Fit Me Gemey Maybelline laissant la peau telle qu'elle doit \u00eatre : fra\u00eeche, a\u00e9r\u00e9e, sans d\u00e9faut.","breadcrumb":{"@id":"https:\/\/labemacosmetics.com\/en\/product\/poudre-fit-me-gemey-maybelline-350-caramel\/#breadcrumb"},"inLanguage":"en-GB","potentialAction":[{"@type":"ReadAction","target":["https:\/\/labemacosmetics.com\/en\/product\/poudre-fit-me-gemey-maybelline-350-caramel\/"]}]},{"@type":"ImageObject","inLanguage":"en-GB","@id":"https:\/\/labemacosmetics.com\/en\/product\/poudre-fit-me-gemey-maybelline-350-caramel\/#primaryimage","url":"https:\/\/labemacosmetics.com\/wp-content\/uploads\/2013\/06\/Poudre-Fit-Me-250.png","contentUrl":"https:\/\/labemacosmetics.com\/wp-content\/uploads\/2013\/06\/Poudre-Fit-Me-250.png","width":600,"height":726,"caption":"Poudre Fit me 350"},{"@type":"BreadcrumbList","@id":"https:\/\/labemacosmetics.com\/en\/product\/poudre-fit-me-gemey-maybelline-350-caramel\/#breadcrumb","itemListElement":[{"@type":"ListItem","position":1,"name":"Accueil","item":"https:\/\/labemacosmetics.com\/"},{"@type":"ListItem","position":2,"name":"Produits","item":"https:\/\/labemacosmetics.com\/shop\/"},{"@type":"ListItem","position":3,"name":"MAYBELLINE Poudre Fit Me &#8211; 350 Caramel"}]},{"@type":"WebSite","@id":"https:\/\/labemacosmetics.com\/#website","url":"https:\/\/labemacosmetics.com\/","name":"Lab&eacute;ma Cosmetics","description":"","potentialAction":[{"@type":"SearchAction","target":{"@type":"EntryPoint","urlTemplate":"https:\/\/labemacosmetics.com\/?s={search_term_string}"},"query-input":{"@type":"PropertyValueSpecification","valueRequired":true,"valueName":"search_term_string"}}],"inLanguage":"en-GB"}]},"product_brand":"Maybelline","product_price_amount":"7000","product_price_currency":"XOF","og_availability":"out of stock","product_availability":"out of stock","product_retailer_item_id":"ML26M020","product_condition":"new"},"_links":{"self":[{"href":"https:\/\/labemacosmetics.com\/en\/wp-json\/wp\/v2\/product\/103","targetHints":{"allow":["GET"]}}],"collection":[{"href":"https:\/\/labemacosmetics.com\/en\/wp-json\/wp\/v2\/product"}],"about":[{"href":"https:\/\/labemacosmetics.com\/en\/wp-json\/wp\/v2\/types\/product"}],"replies":[{"embeddable":true,"href":"https:\/\/labemacosmetics.com\/en\/wp-json\/wp\/v2\/comments?post=103"}],"version-history":[{"count":0,"href":"https:\/\/labemacosmetics.com\/en\/wp-json\/wp\/v2\/product\/103\/revisions"}],"wp:featuredmedia":[{"embeddable":true,"href":"https:\/\/labemacosmetics.com\/en\/wp-json\/wp\/v2\/media\/5892"}],"wp:attachment":[{"href":"https:\/\/labemacosmetics.com\/en\/wp-json\/wp\/v2\/media?parent=103"}],"wp:term":[{"taxonomy":"product_brand","embeddable":true,"href":"https:\/\/labemacosmetics.com\/en\/wp-json\/wp\/v2\/product_brand?post=103"},{"taxonomy":"product_cat","embeddable":true,"href":"https:\/\/labemacosmetics.com\/en\/wp-json\/wp\/v2\/product_cat?post=103"},{"taxonomy":"product_tag","embeddable":true,"href":"https:\/\/labemacosmetics.com\/en\/wp-json\/wp\/v2\/product_tag?post=103"}],"curies":[{"name":"wp","href":"https:\/\/api.w.org\/{rel}","templated":true}]}}