{"id":8187,"date":"2023-05-19T15:40:59","date_gmt":"2023-05-19T14:40:59","guid":{"rendered":"https:\/\/labemacosmetics.com\/?page_id=8187"},"modified":"2023-05-19T16:06:47","modified_gmt":"2023-05-19T15:06:47","slug":"politique-de-livraison","status":"publish","type":"page","link":"https:\/\/labemacosmetics.com\/en\/politique-de-livraison\/","title":{"rendered":"Politique de Livraison"},"content":{"rendered":"<div data-elementor-type=\"wp-page\" data-elementor-id=\"8187\" class=\"elementor elementor-8187\" data-elementor-post-type=\"page\">\n\t\t\t\t<div class=\"elementor-element elementor-element-b664123 e-con-full e-flex e-con e-parent\" data-id=\"b664123\" data-element_type=\"container\" data-e-type=\"container\" data-settings=\"{&quot;background_background&quot;:&quot;gradient&quot;}\">\n\t\t<div class=\"elementor-element elementor-element-6c2c287 e-flex e-con-boxed e-con e-parent\" data-id=\"6c2c287\" data-element_type=\"container\" data-e-type=\"container\">\n\t\t\t\t\t<div class=\"e-con-inner\">\n\t\t\t\t<div class=\"elementor-element elementor-element-ed0b566 elementor-widget elementor-widget-heading\" data-id=\"ed0b566\" data-element_type=\"widget\" data-e-type=\"widget\" data-widget_type=\"heading.default\">\n\t\t\t\t<div class=\"elementor-widget-container\">\n\t\t\t\t\t<h1 class=\"elementor-heading-title elementor-size-default\">Politique de Livraison<\/h1>\t\t\t\t<\/div>\n\t\t\t\t<\/div>\n\t\t\t\t\t<\/div>\n\t\t\t\t<\/div>\n\t\t\t\t<\/div>\n\t\t<div class=\"elementor-element elementor-element-304ca5f e-flex e-con-boxed e-con e-parent\" data-id=\"304ca5f\" data-element_type=\"container\" data-e-type=\"container\">\n\t\t\t\t\t<div class=\"e-con-inner\">\n\t\t\t\t<div class=\"elementor-element elementor-element-67e9d89 elementor-widget elementor-widget-heading\" data-id=\"67e9d89\" data-element_type=\"widget\" data-e-type=\"widget\" data-widget_type=\"heading.default\">\n\t\t\t\t<div class=\"elementor-widget-container\">\n\t\t\t\t\t<h2 class=\"elementor-heading-title elementor-size-default\">1. Zone de Livraison<\/h2>\t\t\t\t<\/div>\n\t\t\t\t<\/div>\n\t\t\t\t<div class=\"elementor-element elementor-element-b55c023 elementor-widget elementor-widget-text-editor\" data-id=\"b55c023\" data-element_type=\"widget\" data-e-type=\"widget\" data-widget_type=\"text-editor.default\">\n\t\t\t\t<div class=\"elementor-widget-container\">\n\t\t\t\t\t\t\t\t\t<p>Nous proposons la livraison de nos produits cosm\u00e9tiques dans tout le S\u00e9n\u00e9gal, \u00e0 Dakar et dans toutes les r\u00e9gions. Une livraison hors de ce pays n&rsquo;est pas possible pour le moment<\/p>\t\t\t\t\t\t\t\t<\/div>\n\t\t\t\t<\/div>\n\t\t\t\t\t<\/div>\n\t\t\t\t<\/div>\n\t\t<div class=\"elementor-element elementor-element-e2cf629 e-flex e-con-boxed e-con e-parent\" data-id=\"e2cf629\" data-element_type=\"container\" data-e-type=\"container\">\n\t\t\t\t\t<div class=\"e-con-inner\">\n\t\t\t\t<div class=\"elementor-element elementor-element-4c55b76 elementor-widget elementor-widget-heading\" data-id=\"4c55b76\" data-element_type=\"widget\" data-e-type=\"widget\" data-widget_type=\"heading.default\">\n\t\t\t\t<div class=\"elementor-widget-container\">\n\t\t\t\t\t<h2 class=\"elementor-heading-title elementor-size-default\">2. Frais de Livraison <\/h2>\t\t\t\t<\/div>\n\t\t\t\t<\/div>\n\t\t\t\t<div class=\"elementor-element elementor-element-55d2c1f elementor-widget elementor-widget-text-editor\" data-id=\"55d2c1f\" data-element_type=\"widget\" data-e-type=\"widget\" data-widget_type=\"text-editor.default\">\n\t\t\t\t<div class=\"elementor-widget-container\">\n\t\t\t\t\t\t\t\t\t<p>Les frais de livraison sont calcul\u00e9s en fonction de la zone de livraison et du poids total de la commande. Les frais exacts seront indiqu\u00e9s lors de la validation de votre commande. Nous nous effor\u00e7ons de maintenir des frais de livraison abordables et comp\u00e9titifs. Voici un tableau r\u00e9capitulatif des prix en fonction de votre zone de livraison.\u00a0<\/p><table dir=\"ltr\" border=\"1\" cellspacing=\"0\" cellpadding=\"0\"><colgroup><col width=\"83\" \/><col width=\"118\" \/><col width=\"511\" \/><col width=\"89\" \/><\/colgroup><tbody><tr><td>\u00a0<\/td><td data-sheets-value=\"{&quot;1&quot;:2,&quot;2&quot;:&quot;Num\u00e9ro Zone&quot;}\">Num\u00e9ro Zone<\/td><td data-sheets-value=\"{&quot;1&quot;:2,&quot;2&quot;:&quot;Zones desservies&quot;}\">Zones desservies<\/td><td data-sheets-value=\"{&quot;1&quot;:2,&quot;2&quot;:&quot;Prix FCFA&quot;}\">Prix FCFA<\/td><\/tr><tr><td colspan=\"1\" rowspan=\"5\" data-sheets-value=\"{&quot;1&quot;:2,&quot;2&quot;:&quot;Dakar&quot;}\"><div>Dakar<\/div><\/td><td data-sheets-value=\"{&quot;1&quot;:2,&quot;2&quot;:&quot;Zone 1&quot;}\">Zone 1<\/td><td data-sheets-value=\"{&quot;1&quot;:2,&quot;2&quot;:&quot;Fann, Point E, HLM, SICAP, Grand Dakar, Mermoz, Castor, M\u00e9dina, Fass, Colobane&quot;}\">Fann, Point E, HLM, SICAP, Grand Dakar, Mermoz, Castor, M\u00e9dina, Fass, Colobane<\/td><td data-sheets-value=\"{&quot;1&quot;:3,&quot;3&quot;:1500}\">1500<\/td><\/tr><tr><td data-sheets-value=\"{&quot;1&quot;:2,&quot;2&quot;:&quot;Zone 2&quot;}\">Zone 2<\/td><td data-sheets-value=\"{&quot;1&quot;:2,&quot;2&quot;:&quot;Plateau, Ouakam, Foire, Sipres, HLM Grand Yoff &quot;}\">Plateau, Ouakam, Foire, Sipres, HLM Grand Yoff<\/td><td data-sheets-value=\"{&quot;1&quot;:3,&quot;3&quot;:2000}\">2000<\/td><\/tr><tr><td data-sheets-value=\"{&quot;1&quot;:2,&quot;2&quot;:&quot;Zone 3&quot;}\">Zone 3<\/td><td data-sheets-value=\"{&quot;1&quot;:2,&quot;2&quot;:&quot;\u00a0Almadies, Ngor, Mamelles, Yoff, Parcelles Assainies, Pattes d'Oies, Hann Mariste&quot;}\">\u00a0Almadies, Ngor, Mamelles, Yoff, Parcelles Assainies, Pattes d&rsquo;Oies, Hann Mariste<\/td><td data-sheets-value=\"{&quot;1&quot;:3,&quot;3&quot;:2500}\">2500<\/td><\/tr><tr><td data-sheets-value=\"{&quot;1&quot;:2,&quot;2&quot;:&quot;Zone 4&quot;}\">Zone 4<\/td><td data-sheets-value=\"{&quot;1&quot;:2,&quot;2&quot;:&quot;Gu\u00e9dj\u00e9waye, Camb\u00e9r\u00e8ne, Golf, Pikine&quot;}\">Gu\u00e9dj\u00e9waye, Camb\u00e9r\u00e8ne, Golf, Pikine<\/td><td data-sheets-value=\"{&quot;1&quot;:3,&quot;3&quot;:3500}\">3500<\/td><\/tr><tr><td data-sheets-value=\"{&quot;1&quot;:2,&quot;2&quot;:&quot;Zone 5&quot;}\">Zone 5<\/td><td data-sheets-value=\"{&quot;1&quot;:2,&quot;2&quot;:&quot;Mbao, Rufisque, Keur Massar&quot;}\">Mbao, Rufisque, Keur Massar<\/td><td data-sheets-value=\"{&quot;1&quot;:3,&quot;3&quot;:4000}\">4000<\/td><\/tr><tr><td colspan=\"1\" rowspan=\"8\" data-sheets-value=\"{&quot;1&quot;:2,&quot;2&quot;:&quot;R\u00e9gions&quot;}\"><div>R\u00e9gions<\/div><\/td><td data-sheets-value=\"{&quot;1&quot;:2,&quot;2&quot;:&quot;REGION 1&quot;}\">REGION 1<\/td><td data-sheets-value=\"{&quot;1&quot;:2,&quot;2&quot;:&quot;Mbour, Saly, Thies, DIASS, Tivaoune&quot;}\">Mbour, Saly, Thies, DIASS, Tivaoune<\/td><td data-sheets-value=\"{&quot;1&quot;:3,&quot;3&quot;:5000}\">5000<\/td><\/tr><tr><td data-sheets-value=\"{&quot;1&quot;:2,&quot;2&quot;:&quot;REGION2&quot;}\">REGION2<\/td><td data-sheets-value=\"{&quot;1&quot;:2,&quot;2&quot;:&quot;Bambey, Fatick, Mboro, Diourbel, Kaolack, Kebemer, Mbacke, Touba&quot;}\">Bambey, Fatick, Mboro, Diourbel, Kaolack, Kebemer, Mbacke, Touba<\/td><td data-sheets-value=\"{&quot;1&quot;:3,&quot;3&quot;:6000}\">6000<\/td><\/tr><tr><td data-sheets-value=\"{&quot;1&quot;:2,&quot;2&quot;:&quot;REGION 3&quot;}\">REGION 3<\/td><td data-sheets-value=\"{&quot;1&quot;:2,&quot;2&quot;:&quot;LOUGA, Nioro,Saint Louis, Kaffrine, Dara&quot;}\">LOUGA, Nioro,Saint Louis, Kaffrine, Dara<\/td><td data-sheets-value=\"{&quot;1&quot;:3,&quot;3&quot;:7000}\">7000<\/td><\/tr><tr><td data-sheets-value=\"{&quot;1&quot;:2,&quot;2&quot;:&quot;REGION 4 &quot;}\">REGION 4<\/td><td data-sheets-value=\"{&quot;1&quot;:2,&quot;2&quot;:&quot;Linguere,Richard Toll, Dagana, &quot;}\">Linguere,Richard Toll, Dagana,<\/td><td data-sheets-value=\"{&quot;1&quot;:3,&quot;3&quot;:8000}\">8000<\/td><\/tr><tr><td data-sheets-value=\"{&quot;1&quot;:2,&quot;2&quot;:&quot;REGION 5&quot;}\">REGION 5<\/td><td data-sheets-value=\"{&quot;1&quot;:2,&quot;2&quot;:&quot;KOLDA,PODOR,SEDHIOU, ZIGUINCHOR, BIGNONA, TAMBACOUNDA&quot;}\">KOLDA,PODOR,SEDHIOU, ZIGUINCHOR, BIGNONA, TAMBACOUNDA<\/td><td data-sheets-value=\"{&quot;1&quot;:3,&quot;3&quot;:9000}\">9000<\/td><\/tr><tr><td data-sheets-value=\"{&quot;1&quot;:2,&quot;2&quot;:&quot;REGION 6&quot;}\">REGION 6<\/td><td data-sheets-value=\"{&quot;1&quot;:2,&quot;2&quot;:&quot;MATAM, VELINGARA, OUROSSOGUI&quot;}\">MATAM, VELINGARA, OUROSSOGUI<\/td><td data-sheets-value=\"{&quot;1&quot;:3,&quot;3&quot;:10000}\">10000<\/td><\/tr><tr><td data-sheets-value=\"{&quot;1&quot;:2,&quot;2&quot;:&quot;REGION 7&quot;}\">REGION 7<\/td><td data-sheets-value=\"{&quot;1&quot;:2,&quot;2&quot;:&quot;BAKEL, KIDIRA&quot;}\">BAKEL, KIDIRA<\/td><td data-sheets-value=\"{&quot;1&quot;:3,&quot;3&quot;:11000}\">11000<\/td><\/tr><tr><td data-sheets-value=\"{&quot;1&quot;:2,&quot;2&quot;:&quot;REGION 8&quot;}\">REGION 8<\/td><td data-sheets-value=\"{&quot;1&quot;:2,&quot;2&quot;:&quot;KEDOUGOU&quot;}\">KEDOUGOU<\/td><td data-sheets-value=\"{&quot;1&quot;:3,&quot;3&quot;:12000}\">12000<\/td><\/tr><\/tbody><\/table>\t\t\t\t\t\t\t\t<\/div>\n\t\t\t\t<\/div>\n\t\t\t\t\t<\/div>\n\t\t\t\t<\/div>\n\t\t<div class=\"elementor-element elementor-element-378b45a e-flex e-con-boxed e-con e-parent\" data-id=\"378b45a\" data-element_type=\"container\" data-e-type=\"container\">\n\t\t\t\t\t<div class=\"e-con-inner\">\n\t\t\t\t<div class=\"elementor-element elementor-element-5c03cdd elementor-widget elementor-widget-heading\" data-id=\"5c03cdd\" data-element_type=\"widget\" data-e-type=\"widget\" data-widget_type=\"heading.default\">\n\t\t\t\t<div class=\"elementor-widget-container\">\n\t\t\t\t\t<h2 class=\"elementor-heading-title elementor-size-default\">3. D\u00e9lais de Livraison<\/h2>\t\t\t\t<\/div>\n\t\t\t\t<\/div>\n\t\t\t\t<div class=\"elementor-element elementor-element-815361d elementor-widget elementor-widget-text-editor\" data-id=\"815361d\" data-element_type=\"widget\" data-e-type=\"widget\" data-widget_type=\"text-editor.default\">\n\t\t\t\t<div class=\"elementor-widget-container\">\n\t\t\t\t\t\t\t\t\t<p>Nous faisons de notre mieux pour livrer votre commande dans les 24h, suite \u00e0 la confirmation de prise en charge pour les colis \u00e0 Dakar et en 72h dans les r\u00e9gions. Veuillez noter que les d\u00e9lais de livraison peuvent varier en fonction des conditions et des circonstances exceptionnelles.<br \/><br \/><\/p>\t\t\t\t\t\t\t\t<\/div>\n\t\t\t\t<\/div>\n\t\t\t\t\t<\/div>\n\t\t\t\t<\/div>\n\t\t<div class=\"elementor-element elementor-element-0dac947 e-flex e-con-boxed e-con e-parent\" data-id=\"0dac947\" data-element_type=\"container\" data-e-type=\"container\">\n\t\t\t\t\t<div class=\"e-con-inner\">\n\t\t\t\t<div class=\"elementor-element elementor-element-534c1e1 elementor-widget elementor-widget-heading\" data-id=\"534c1e1\" data-element_type=\"widget\" data-e-type=\"widget\" data-widget_type=\"heading.default\">\n\t\t\t\t<div class=\"elementor-widget-container\">\n\t\t\t\t\t<h2 class=\"elementor-heading-title elementor-size-default\">4. Suivi de Commande<\/h2>\t\t\t\t<\/div>\n\t\t\t\t<\/div>\n\t\t\t\t<div class=\"elementor-element elementor-element-3cda16c elementor-widget elementor-widget-text-editor\" data-id=\"3cda16c\" data-element_type=\"widget\" data-e-type=\"widget\" data-widget_type=\"text-editor.default\">\n\t\t\t\t<div class=\"elementor-widget-container\">\n\t\t\t\t\t\t\t\t\t<p>D\u00e8s que votre commande est pr\u00e9par\u00e9e, notre service de livraison vous contactera pour organiser la livraison.\u00a0 Assurez vous de fournir un num\u00e9ro de t\u00e9l\u00e9phone valide lors de la passation de votre commande.<\/p>\t\t\t\t\t\t\t\t<\/div>\n\t\t\t\t<\/div>\n\t\t\t\t\t<\/div>\n\t\t\t\t<\/div>\n\t\t<div class=\"elementor-element elementor-element-f2341de e-flex e-con-boxed e-con e-parent\" data-id=\"f2341de\" data-element_type=\"container\" data-e-type=\"container\">\n\t\t\t\t\t<div class=\"e-con-inner\">\n\t\t\t\t<div class=\"elementor-element elementor-element-0f7f4f3 elementor-widget elementor-widget-heading\" data-id=\"0f7f4f3\" data-element_type=\"widget\" data-e-type=\"widget\" data-widget_type=\"heading.default\">\n\t\t\t\t<div class=\"elementor-widget-container\">\n\t\t\t\t\t<h2 class=\"elementor-heading-title elementor-size-default\">5. R\u00e9ception de la Commande <\/h2>\t\t\t\t<\/div>\n\t\t\t\t<\/div>\n\t\t\t\t<div class=\"elementor-element elementor-element-fca1540 elementor-widget elementor-widget-text-editor\" data-id=\"fca1540\" data-element_type=\"widget\" data-e-type=\"widget\" data-widget_type=\"text-editor.default\">\n\t\t\t\t<div class=\"elementor-widget-container\">\n\t\t\t\t\t\t\t\t\t<p>\u00c0 la r\u00e9ception de votre commande, veuillez v\u00e9rifier soigneusement les articles pour vous assurer qu&rsquo;ils sont conformes \u00e0 votre commande et en bon \u00e9tat. Si vous constatez des probl\u00e8mes ou des dommages, veuillez nous contacter dans les 48 heures suivant la r\u00e9ception pour que nous puissions r\u00e9soudre le probl\u00e8me rapidement.<\/p>\t\t\t\t\t\t\t\t<\/div>\n\t\t\t\t<\/div>\n\t\t\t\t\t<\/div>\n\t\t\t\t<\/div>\n\t\t<div class=\"elementor-element elementor-element-ff226d1 e-flex e-con-boxed e-con e-parent\" data-id=\"ff226d1\" data-element_type=\"container\" data-e-type=\"container\">\n\t\t\t\t\t<div class=\"e-con-inner\">\n\t\t\t\t<div class=\"elementor-element elementor-element-cd7eea3 elementor-widget elementor-widget-heading\" data-id=\"cd7eea3\" data-element_type=\"widget\" data-e-type=\"widget\" data-widget_type=\"heading.default\">\n\t\t\t\t<div class=\"elementor-widget-container\">\n\t\t\t\t\t<h2 class=\"elementor-heading-title elementor-size-default\">6. Absence lors de la Livraison<\/h2>\t\t\t\t<\/div>\n\t\t\t\t<\/div>\n\t\t\t\t<div class=\"elementor-element elementor-element-5a96bad elementor-widget elementor-widget-text-editor\" data-id=\"5a96bad\" data-element_type=\"widget\" data-e-type=\"widget\" data-widget_type=\"text-editor.default\">\n\t\t\t\t<div class=\"elementor-widget-container\">\n\t\t\t\t\t\t\t\t\t<p>Si vous n&rsquo;\u00eates pas disponible pour recevoir votre commande, notre transporteur tentera de vous contacter pour convenir d&rsquo;une nouvelle date de livraison. Si les tentatives de livraison \u00e9chouent \u00e0 plusieurs reprises, votre colis sera retourn\u00e9 \u00e0 notre entrep\u00f4t. Dans ce cas, veuillez nous contacter pour organiser une nouvelle livraison, sous r\u00e9serve de frais suppl\u00e9mentaires \u00e9ventuels.<\/p>\t\t\t\t\t\t\t\t<\/div>\n\t\t\t\t<\/div>\n\t\t\t\t\t<\/div>\n\t\t\t\t<\/div>\n\t\t<div class=\"elementor-element elementor-element-2335737 e-flex e-con-boxed e-con e-parent\" data-id=\"2335737\" data-element_type=\"container\" data-e-type=\"container\">\n\t\t\t\t\t<div class=\"e-con-inner\">\n\t\t\t\t<div class=\"elementor-element elementor-element-1f181ab elementor-widget elementor-widget-heading\" data-id=\"1f181ab\" data-element_type=\"widget\" data-e-type=\"widget\" data-widget_type=\"heading.default\">\n\t\t\t\t<div class=\"elementor-widget-container\">\n\t\t\t\t\t<h2 class=\"elementor-heading-title elementor-size-default\">7. Retard de Livraison<\/h2>\t\t\t\t<\/div>\n\t\t\t\t<\/div>\n\t\t\t\t<div class=\"elementor-element elementor-element-a760b93 elementor-widget elementor-widget-text-editor\" data-id=\"a760b93\" data-element_type=\"widget\" data-e-type=\"widget\" data-widget_type=\"text-editor.default\">\n\t\t\t\t<div class=\"elementor-widget-container\">\n\t\t\t\t\t\t\t\t\t<p>Bien que nous nous efforcions de respecter les d\u00e9lais de livraison mentionn\u00e9s, il peut y avoir des circonstances ind\u00e9pendantes de notre volont\u00e9 qui entra\u00eenent des retards. Si vous rencontrez un retard dans la livraison de votre commande, veuillez nous contacter et nous ferons de notre mieux pour r\u00e9soudre la situation rapidement.<\/p>\t\t\t\t\t\t\t\t<\/div>\n\t\t\t\t<\/div>\n\t\t\t\t\t<\/div>\n\t\t\t\t<\/div>\n\t\t<div class=\"elementor-element elementor-element-9e2ead7 e-flex e-con-boxed e-con e-parent\" data-id=\"9e2ead7\" data-element_type=\"container\" data-e-type=\"container\">\n\t\t\t\t\t<div class=\"e-con-inner\">\n\t\t\t\t<div class=\"elementor-element elementor-element-e04fbe5 elementor-widget elementor-widget-text-editor\" data-id=\"e04fbe5\" data-element_type=\"widget\" data-e-type=\"widget\" data-widget_type=\"text-editor.default\">\n\t\t\t\t<div class=\"elementor-widget-container\">\n\t\t\t\t\t\t\t\t\t<p>Nous nous engageons \u00e0 fournir un service de livraison fiable et s\u00e9curis\u00e9 pour assurer que vous recevez vos produits cosm\u00e9tiques pr\u00e9f\u00e9r\u00e9s dans les meilleurs d\u00e9lais. Si vous avez des questions suppl\u00e9mentaires concernant notre politique de livraison, n&rsquo;h\u00e9sitez pas \u00e0 <a href=\"https:\/\/labemacosmetics.com\/en\/contact\/\">nous contacter<\/a>. Nous serons ravis de vous aider.<\/p>\t\t\t\t\t\t\t\t<\/div>\n\t\t\t\t<\/div>\n\t\t\t\t\t<\/div>\n\t\t\t\t<\/div>\n\t\t\t\t<\/div>","protected":false},"excerpt":{"rendered":"<p>Politique de Livraison 1. Zone de Livraison Nous proposons la livraison de nos produits cosm\u00e9tiques dans tout le S\u00e9n\u00e9gal, \u00e0 Dakar et dans toutes les r\u00e9gions. Une livraison hors de ce pays n&rsquo;est pas possible pour le moment 2. Frais de Livraison Les frais de livraison sont calcul\u00e9s en fonction de la zone de livraison [&hellip;]<\/p>\n","protected":false},"author":3,"featured_media":0,"parent":0,"menu_order":0,"comment_status":"closed","ping_status":"closed","template":"","meta":{"om_disable_all_campaigns":false,"_mi_skip_tracking":false,"_monsterinsights_sitenote_active":false,"_monsterinsights_sitenote_note":"","_monsterinsights_sitenote_category":0,"footnotes":""},"class_list":["post-8187","page","type-page","status-publish","hentry"],"yoast_head":"<!-- This site is optimized with the Yoast SEO Premium plugin v20.8 (Yoast SEO v27.4) - https:\/\/yoast.com\/product\/yoast-seo-premium-wordpress\/ -->\n<title>Politique de Livraison - Lab&eacute;ma Cosmetics<\/title>\n<meta name=\"robots\" content=\"index, follow, max-snippet:-1, max-image-preview:large, max-video-preview:-1\" \/>\n<link rel=\"canonical\" href=\"https:\/\/labemacosmetics.com\/en\/politique-de-livraison\/\" \/>\n<meta property=\"og:locale\" content=\"en_GB\" \/>\n<meta property=\"og:type\" content=\"article\" \/>\n<meta property=\"og:title\" content=\"Politique de Livraison\" \/>\n<meta property=\"og:description\" content=\"Politique de Livraison 1. Zone de Livraison Nous proposons la livraison de nos produits cosm\u00e9tiques dans tout le S\u00e9n\u00e9gal, \u00e0 Dakar et dans toutes les r\u00e9gions. Une livraison hors de ce pays n&rsquo;est pas possible pour le moment 2. Frais de Livraison Les frais de livraison sont calcul\u00e9s en fonction de la zone de livraison [&hellip;]\" \/>\n<meta property=\"og:url\" content=\"https:\/\/labemacosmetics.com\/en\/politique-de-livraison\/\" \/>\n<meta property=\"og:site_name\" content=\"Lab&eacute;ma Cosmetics\" \/>\n<meta property=\"article:publisher\" content=\"http:\/\/www.facebook.com\/labemacosmetics\" \/>\n<meta property=\"article:modified_time\" content=\"2023-05-19T15:06:47+00:00\" \/>\n<meta name=\"twitter:card\" content=\"summary_large_image\" \/>\n<meta name=\"twitter:site\" content=\"@Labemasn\" \/>\n<meta name=\"twitter:label1\" content=\"Estimated reading time\" \/>\n\t<meta name=\"twitter:data1\" content=\"3 minutes\" \/>\n<script type=\"application\/ld+json\" class=\"yoast-schema-graph\">{\"@context\":\"https:\\\/\\\/schema.org\",\"@graph\":[{\"@type\":\"WebPage\",\"@id\":\"https:\\\/\\\/labemacosmetics.com\\\/politique-de-livraison\\\/\",\"url\":\"https:\\\/\\\/labemacosmetics.com\\\/politique-de-livraison\\\/\",\"name\":\"Politique de Livraison - Lab&eacute;ma Cosmetics\",\"isPartOf\":{\"@id\":\"https:\\\/\\\/labemacosmetics.com\\\/#website\"},\"datePublished\":\"2023-05-19T14:40:59+00:00\",\"dateModified\":\"2023-05-19T15:06:47+00:00\",\"breadcrumb\":{\"@id\":\"https:\\\/\\\/labemacosmetics.com\\\/politique-de-livraison\\\/#breadcrumb\"},\"inLanguage\":\"en-GB\",\"potentialAction\":[{\"@type\":\"ReadAction\",\"target\":[\"https:\\\/\\\/labemacosmetics.com\\\/politique-de-livraison\\\/\"]}]},{\"@type\":\"BreadcrumbList\",\"@id\":\"https:\\\/\\\/labemacosmetics.com\\\/politique-de-livraison\\\/#breadcrumb\",\"itemListElement\":[{\"@type\":\"ListItem\",\"position\":1,\"name\":\"Accueil\",\"item\":\"https:\\\/\\\/labemacosmetics.com\\\/\"},{\"@type\":\"ListItem\",\"position\":2,\"name\":\"Politique de Livraison\"}]},{\"@type\":\"WebSite\",\"@id\":\"https:\\\/\\\/labemacosmetics.com\\\/#website\",\"url\":\"https:\\\/\\\/labemacosmetics.com\\\/\",\"name\":\"Lab&eacute;ma Cosmetics\",\"description\":\"\",\"potentialAction\":[{\"@type\":\"SearchAction\",\"target\":{\"@type\":\"EntryPoint\",\"urlTemplate\":\"https:\\\/\\\/labemacosmetics.com\\\/?s={search_term_string}\"},\"query-input\":{\"@type\":\"PropertyValueSpecification\",\"valueRequired\":true,\"valueName\":\"search_term_string\"}}],\"inLanguage\":\"en-GB\"}]}<\/script>\n<!-- \/ Yoast SEO Premium plugin. -->","yoast_head_json":{"title":"Politique de Livraison - Lab&eacute;ma Cosmetics","robots":{"index":"index","follow":"follow","max-snippet":"max-snippet:-1","max-image-preview":"max-image-preview:large","max-video-preview":"max-video-preview:-1"},"canonical":"https:\/\/labemacosmetics.com\/en\/politique-de-livraison\/","og_locale":"en_GB","og_type":"article","og_title":"Politique de Livraison","og_description":"Politique de Livraison 1. Zone de Livraison Nous proposons la livraison de nos produits cosm\u00e9tiques dans tout le S\u00e9n\u00e9gal, \u00e0 Dakar et dans toutes les r\u00e9gions. Une livraison hors de ce pays n&rsquo;est pas possible pour le moment 2. Frais de Livraison Les frais de livraison sont calcul\u00e9s en fonction de la zone de livraison [&hellip;]","og_url":"https:\/\/labemacosmetics.com\/en\/politique-de-livraison\/","og_site_name":"Lab&eacute;ma Cosmetics","article_publisher":"http:\/\/www.facebook.com\/labemacosmetics","article_modified_time":"2023-05-19T15:06:47+00:00","twitter_card":"summary_large_image","twitter_site":"@Labemasn","twitter_misc":{"Estimated reading time":"3 minutes"},"schema":{"@context":"https:\/\/schema.org","@graph":[{"@type":"WebPage","@id":"https:\/\/labemacosmetics.com\/politique-de-livraison\/","url":"https:\/\/labemacosmetics.com\/politique-de-livraison\/","name":"Politique de Livraison - Lab&eacute;ma Cosmetics","isPartOf":{"@id":"https:\/\/labemacosmetics.com\/#website"},"datePublished":"2023-05-19T14:40:59+00:00","dateModified":"2023-05-19T15:06:47+00:00","breadcrumb":{"@id":"https:\/\/labemacosmetics.com\/politique-de-livraison\/#breadcrumb"},"inLanguage":"en-GB","potentialAction":[{"@type":"ReadAction","target":["https:\/\/labemacosmetics.com\/politique-de-livraison\/"]}]},{"@type":"BreadcrumbList","@id":"https:\/\/labemacosmetics.com\/politique-de-livraison\/#breadcrumb","itemListElement":[{"@type":"ListItem","position":1,"name":"Accueil","item":"https:\/\/labemacosmetics.com\/"},{"@type":"ListItem","position":2,"name":"Politique de Livraison"}]},{"@type":"WebSite","@id":"https:\/\/labemacosmetics.com\/#website","url":"https:\/\/labemacosmetics.com\/","name":"Lab&eacute;ma Cosmetics","description":"","potentialAction":[{"@type":"SearchAction","target":{"@type":"EntryPoint","urlTemplate":"https:\/\/labemacosmetics.com\/?s={search_term_string}"},"query-input":{"@type":"PropertyValueSpecification","valueRequired":true,"valueName":"search_term_string"}}],"inLanguage":"en-GB"}]}},"_links":{"self":[{"href":"https:\/\/labemacosmetics.com\/en\/wp-json\/wp\/v2\/pages\/8187","targetHints":{"allow":["GET"]}}],"collection":[{"href":"https:\/\/labemacosmetics.com\/en\/wp-json\/wp\/v2\/pages"}],"about":[{"href":"https:\/\/labemacosmetics.com\/en\/wp-json\/wp\/v2\/types\/page"}],"author":[{"embeddable":true,"href":"https:\/\/labemacosmetics.com\/en\/wp-json\/wp\/v2\/users\/3"}],"replies":[{"embeddable":true,"href":"https:\/\/labemacosmetics.com\/en\/wp-json\/wp\/v2\/comments?post=8187"}],"version-history":[{"count":0,"href":"https:\/\/labemacosmetics.com\/en\/wp-json\/wp\/v2\/pages\/8187\/revisions"}],"wp:attachment":[{"href":"https:\/\/labemacosmetics.com\/en\/wp-json\/wp\/v2\/media?parent=8187"}],"curies":[{"name":"wp","href":"https:\/\/api.w.org\/{rel}","templated":true}]}}